{"id":7346,"date":"2023-04-03T13:57:35","date_gmt":"2023-04-03T11:57:35","guid":{"rendered":"https:\/\/fertilityport.com\/glavna-strana-novo\/"},"modified":"2024-06-24T19:55:17","modified_gmt":"2024-06-24T17:55:17","slug":"glavna-strana-novo","status":"publish","type":"page","link":"https:\/\/fertilityport.com\/hr\/","title":{"rendered":"Glavna strana &#8211; NOVO"},"content":{"rendered":"<p>[et_pb_section fb_built=&#8221;1&#8243; module_class=&#8221;welcome_new&#8221; _builder_version=&#8221;4.16&#8243; _module_preset=&#8221;default&#8221; global_colors_info=&#8221;{}&#8221;][et_pb_row column_structure=&#8221;1_2,1_2&#8243; _builder_version=&#8221;4.16&#8243; _module_preset=&#8221;default&#8221; global_colors_info=&#8221;{}&#8221;][et_pb_column type=&#8221;1_2&#8243; _builder_version=&#8221;4.16&#8243; _module_preset=&#8221;default&#8221; global_colors_info=&#8221;{}&#8221;][et_pb_text _builder_version=&#8221;4.20.2&#8243; _module_preset=&#8221;default&#8221; global_colors_info=&#8221;{}&#8221;]<\/p>\n<h1>Centar za vantjelesnu oplodnju u Pragu<\/h1>\n<p>[\/et_pb_text][et_pb_text _builder_version=&#8221;4.16&#8243; _module_preset=&#8221;default&#8221; text_orientation=&#8221;center&#8221; global_colors_info=&#8221;{}&#8221;]<\/p>\n<p>Tim smo vrhunskih stru\u010dnjaka u podru\u010dju vantjelesne oplodnje. Na\u0161 prioritet je individualan pristup, obiteljska atmosfera, nikakve liste \u010dekanja i maksimalan uspjeh na putu do \u017eeljene bebe.<\/p>\n<p>[\/et_pb_text][et_pb_text _builder_version=&#8221;4.16&#8243; _module_preset=&#8221;default&#8221; text_font=&#8221;Dancing Script||||||||&#8221; text_text_color=&#8221;#a55d68&#8243; text_font_size=&#8221;24px&#8221; text_orientation=&#8221;center&#8221; global_colors_info=&#8221;{}&#8221;]<\/p>\n<p>Pomo\u0107i \u0107emo vam da postanete obitelj&#8230;<\/p>\n<p>[\/et_pb_text][\/et_pb_column][et_pb_column type=&#8221;1_2&#8243; _builder_version=&#8221;4.16&#8243; _module_preset=&#8221;default&#8221; global_colors_info=&#8221;{}&#8221;][\/et_pb_column][\/et_pb_row][\/et_pb_section][et_pb_section fb_built=&#8221;1&#8243; _builder_version=&#8221;4.20.2&#8243; _module_preset=&#8221;default&#8221; custom_margin=&#8221;||-20px|||&#8221; custom_padding=&#8221;||24px|||&#8221; locked=&#8221;off&#8221; global_colors_info=&#8221;{}&#8221;][et_pb_row column_structure=&#8221;1_4,3_4&#8243; _builder_version=&#8221;4.16&#8243; global_colors_info=&#8221;{}&#8221;][et_pb_column type=&#8221;1_4&#8243; _builder_version=&#8221;4.16&#8243; global_colors_info=&#8221;{}&#8221;][\/et_pb_column][et_pb_column type=&#8221;3_4&#8243; _builder_version=&#8221;4.16&#8243; global_colors_info=&#8221;{}&#8221;][et_pb_text module_class=&#8221;c_blurb&#8221; _builder_version=&#8221;4.20.2&#8243; global_colors_info=&#8221;{}&#8221; custom_padding=&#8221;||0px|||&#8221;]<\/p>\n<h2><span>Kontaktirajte na\u0161u koordinatoricu Milicu<\/span><\/h2>\n<p><span>e-mail:<\/span><a href=\"mailto:rathausova@fertilityport.com\"><span>\u00a0<\/span>vukadinovic@fertilityport.com<\/a><br \/><span>tel.: +420 778 710 976<\/span><\/p>\n<p>[\/et_pb_text][\/et_pb_column][\/et_pb_row][\/et_pb_section][et_pb_section fb_built=&#8221;1&#8243; module_class=&#8221;special_offer&#8221; _builder_version=&#8221;4.16&#8243; _module_preset=&#8221;default&#8221; custom_padding=&#8221;||||false|false&#8221; locked=&#8221;off&#8221; global_colors_info=&#8221;{}&#8221;][et_pb_row column_structure=&#8221;1_2,1_2&#8243; use_custom_gutter=&#8221;on&#8221; gutter_width=&#8221;2&#8243; make_equal=&#8221;on&#8221; module_class=&#8221;special_offer__second_row&#8221; _builder_version=&#8221;4.20.2&#8243; _module_preset=&#8221;default&#8221; min_height=&#8221;305.4px&#8221; custom_margin=&#8221;90px|auto|-57px|auto||&#8221; custom_padding=&#8221;|0px||0px||&#8221; global_colors_info=&#8221;{}&#8221;][et_pb_column type=&#8221;1_2&#8243; _builder_version=&#8221;4.16&#8243; _module_preset=&#8221;default&#8221; global_colors_info=&#8221;{}&#8221;][et_pb_blurb title=&#8221;Zaka\u017eite svoj termin&#8221; image=&#8221;https:\/\/fertilityport.com\/wp-content\/uploads\/2021\/06\/pregnant.svg&#8221; module_class=&#8221;special_offer__cta special_offer__cta&#8211;border special_offer__cta&#8211;first&#8221; _builder_version=&#8221;4.20.2&#8243; _module_preset=&#8221;default&#8221; header_level=&#8221;h3&#8243; text_orientation=&#8221;center&#8221; min_height=&#8221;299.2px&#8221; custom_padding=&#8221;||0px|||&#8221; animation=&#8221;off&#8221; global_colors_info=&#8221;{}&#8221;]<\/p>\n<p><a href=\"https:\/\/fertilityport.com\/hr\/kontakt\/\"><\/a>Hteo bih provjeriti svoju plodnost<\/p>\n<div><a class=\"btn btn--purple\" href=\"https:\/\/fertilityport.com\/hr\/kontakt\/\">Kontakt<\/a><\/div>\n<p>[\/et_pb_blurb][\/et_pb_column][et_pb_column type=&#8221;1_2&#8243; _builder_version=&#8221;4.16&#8243; _module_preset=&#8221;default&#8221; global_colors_info=&#8221;{}&#8221;][et_pb_blurb title=&#8221;Zale\u0111ivanje genetskog materijala&#8221; image=&#8221;https:\/\/fertilityport.com\/wp-content\/uploads\/2021\/06\/sperm.svg&#8221; module_class=&#8221;special_offer__cta&#8221; _builder_version=&#8221;4.16&#8243; _module_preset=&#8221;default&#8221; header_level=&#8221;h3&#8243; text_orientation=&#8221;center&#8221; min_height=&#8221;201.4px&#8221; custom_padding=&#8221;||96px|||&#8221; animation=&#8221;off&#8221; global_colors_info=&#8221;{}&#8221;]<\/p>\n<p>O\u010duvanje plodnosti \/ \u017delim zalediti jane stanice \/ spermu<\/p>\n<div><a class=\"btn btn--purple\" href=\"https:\/\/fertilityport.com\/social-freezing\/\">Vi\u0161e informacija<\/a><\/div>\n<p>[\/et_pb_blurb][\/et_pb_column][\/et_pb_row][\/et_pb_section][et_pb_section fb_built=&#8221;1&#8243; _builder_version=&#8221;4.16&#8243; _module_preset=&#8221;default&#8221; background_image=&#8221;https:\/\/fertilityport.com\/wp-content\/uploads\/2020\/03\/socket.jpg&#8221; global_colors_info=&#8221;{}&#8221;][et_pb_row column_structure=&#8221;1_3,1_3,1_3&#8243; _builder_version=&#8221;4.16&#8243; _module_preset=&#8221;default&#8221; global_colors_info=&#8221;{}&#8221;][et_pb_column type=&#8221;1_3&#8243; _builder_version=&#8221;4.16&#8243; _module_preset=&#8221;default&#8221; global_colors_info=&#8221;{}&#8221;][et_pb_blurb title=&#8221;100%&#8221; image=&#8221;https:\/\/fertilityport.com\/wp-content\/uploads\/2021\/06\/doctor.svg&#8221; module_class=&#8221;box_of&#8221; _builder_version=&#8221;4.16&#8243; _module_preset=&#8221;default&#8221; header_level=&#8221;h3&#8243; text_orientation=&#8221;center&#8221; animation=&#8221;off&#8221; global_colors_info=&#8221;{}&#8221;]<\/p>\n<p>Individualna nega<\/p>\n<p>[\/et_pb_blurb][\/et_pb_column][et_pb_column type=&#8221;1_3&#8243; _builder_version=&#8221;4.16&#8243; _module_preset=&#8221;default&#8221; global_colors_info=&#8221;{}&#8221;][et_pb_blurb title=&#8221;2021&#8243; image=&#8221;https:\/\/fertilityport.com\/wp-content\/uploads\/2021\/06\/ultrasound.svg&#8221; module_class=&#8221;box_of&#8221; _builder_version=&#8221;4.16&#8243; _module_preset=&#8221;default&#8221; header_level=&#8221;h3&#8243; text_orientation=&#8221;center&#8221; animation=&#8221;off&#8221; global_colors_info=&#8221;{}&#8221;]<\/p>\n<p>Najnovija tehnologija potrebna za ispravnu dijagnozu<\/p>\n<p>[\/et_pb_blurb][\/et_pb_column][et_pb_column type=&#8221;1_3&#8243; _builder_version=&#8221;4.16&#8243; _module_preset=&#8221;default&#8221; global_colors_info=&#8221;{}&#8221;][et_pb_blurb title=&#8221;1000+&#8221; image=&#8221;https:\/\/fertilityport.com\/wp-content\/uploads\/2021\/06\/pregnant.svg&#8221; module_class=&#8221;box_of&#8221; _builder_version=&#8221;4.16&#8243; _module_preset=&#8221;default&#8221; header_level=&#8221;h3&#8243; text_orientation=&#8221;center&#8221; animation=&#8221;off&#8221; global_colors_info=&#8221;{}&#8221;]<\/p>\n<p>zadovoljni pacijenti svake godine<\/p>\n<p>[\/et_pb_blurb][\/et_pb_column][\/et_pb_row][\/et_pb_section][et_pb_section fb_built=&#8221;1&#8243; fullwidth=&#8221;on&#8221; _builder_version=&#8221;4.16&#8243; background_enable_color=&#8221;off&#8221; background_image=&#8221;https:\/\/fertilityport.com\/wp-content\/uploads\/2021\/09\/DSC08491-scaled.jpg&#8221; background_enable_video_mp4=&#8221;off&#8221; global_colors_info=&#8221;{}&#8221;][et_pb_fullwidth_slider show_arrows=&#8221;off&#8221; show_pagination=&#8221;off&#8221; module_class=&#8221;sec_video&#8221; _builder_version=&#8221;4.16&#8243; background_enable_color=&#8221;off&#8221; background_enable_video_mp4=&#8221;off&#8221; background_video_pause_outside_viewport=&#8221;off&#8221; animation_style=&#8221;fade&#8221; animation_duration=&#8221;0ms&#8221; auto=&#8221;on&#8221; auto_speed=&#8221;5000&#8243; auto_ignore_hover=&#8221;on&#8221; global_colors_info=&#8221;{}&#8221;][et_pb_slide heading=&#8221;obiteljski centar&#8221; use_bg_overlay=&#8221;off&#8221; _builder_version=&#8221;4.16&#8243; background_color=&#8221;rgba(212,164,169,0.5)&#8221; background_enable_color=&#8221;on&#8221; custom_padding=&#8221;300px||300px||false|false&#8221; custom_padding_tablet=&#8221;150px||150px||false|false&#8221; custom_padding_phone=&#8221;&#8221; custom_padding_last_edited=&#8221;on|tablet&#8221; global_colors_info=&#8221;{}&#8221; sticky_transition=&#8221;on&#8221;][\/et_pb_slide][et_pb_slide heading=&#8221;Jedna od vode\u0107ih IVF klinika u \u010ce\u0161koj&#8221; use_bg_overlay=&#8221;off&#8221; _builder_version=&#8221;4.16&#8243; background_color=&#8221;rgba(212,164,169,0.5)&#8221; background_enable_color=&#8221;on&#8221; custom_padding=&#8221;300px||300px||false|false&#8221; custom_padding_tablet=&#8221;150px||150px||false|false&#8221; custom_padding_phone=&#8221;&#8221; custom_padding_last_edited=&#8221;on|tablet&#8221; global_colors_info=&#8221;{}&#8221; sticky_transition=&#8221;on&#8221;][\/et_pb_slide][et_pb_slide heading=&#8221;Komunikacija na raznim jezicima&#8221; use_bg_overlay=&#8221;off&#8221; _builder_version=&#8221;4.16&#8243; background_color=&#8221;rgba(212,164,169,0.5)&#8221; background_enable_color=&#8221;on&#8221; custom_padding=&#8221;300px||300px||false|false&#8221; custom_padding_tablet=&#8221;150px||150px||false|false&#8221; custom_padding_phone=&#8221;&#8221; custom_padding_last_edited=&#8221;on|tablet&#8221; global_colors_info=&#8221;{}&#8221; sticky_transition=&#8221;on&#8221;][\/et_pb_slide][et_pb_slide heading=&#8221;Lije\u010dnici i embriolozi sa 15 godina iskustva&#8221; use_bg_overlay=&#8221;off&#8221; _builder_version=&#8221;4.16&#8243; background_color=&#8221;rgba(212,164,169,0.5)&#8221; background_enable_color=&#8221;on&#8221; custom_padding=&#8221;300px||300px||false|false&#8221; custom_padding_tablet=&#8221;150px||150px||false|false&#8221; custom_padding_phone=&#8221;&#8221; custom_padding_last_edited=&#8221;on|tablet&#8221; global_colors_info=&#8221;{}&#8221; sticky_transition=&#8221;on&#8221;][\/et_pb_slide][\/et_pb_fullwidth_slider][\/et_pb_section][et_pb_section fb_built=&#8221;1&#8243; _builder_version=&#8221;4.16&#8243; _module_preset=&#8221;default&#8221; custom_padding=&#8221;||26px|||&#8221; global_colors_info=&#8221;{}&#8221;][et_pb_row column_structure=&#8221;1_2,1_2&#8243; make_equal=&#8221;on&#8221; _builder_version=&#8221;4.16&#8243; _module_preset=&#8221;default&#8221; custom_padding=&#8221;||0px|||&#8221; global_colors_info=&#8221;{}&#8221;][et_pb_column type=&#8221;1_2&#8243; module_class=&#8221;center-flex&#8221; _builder_version=&#8221;4.16&#8243; _module_preset=&#8221;default&#8221; global_colors_info=&#8221;{}&#8221;][et_pb_blurb title=&#8221;Pro\u010ditajte uspje\u0161ne pri\u010de na\u0161ih pacijenata&#8221; module_class=&#8221;blurb&#8211;right&#8221; _builder_version=&#8221;4.16&#8243; _module_preset=&#8221;default&#8221; header_level=&#8221;h2&#8243; animation=&#8221;off&#8221; global_colors_info=&#8221;{}&#8221;]<\/p>\n<p><a class=\"btn btn--purple\" href=\"https:\/\/fertilityport.com\/testimonials\/\">Sve preporuke<\/a><\/p>\n<p>[\/et_pb_blurb][\/et_pb_column][et_pb_column type=&#8221;1_2&#8243; _builder_version=&#8221;4.16&#8243; _module_preset=&#8221;default&#8221; global_colors_info=&#8221;{}&#8221;][et_pb_testimonial quote_icon=&#8221;off&#8221; module_class=&#8221;cref&#8221; _builder_version=&#8221;4.16&#8243; _module_preset=&#8221;default&#8221; min_height=&#8221;489px&#8221; custom_padding=&#8221;||0px|||&#8221; global_colors_info=&#8221;{}&#8221;]<\/p>\n<p><span class=\"Y2IQFc\">S klinikom FertlityPort je bilo zaista sjajno komunicirati. <\/span>Razgovarali smo s dr. Stepanom, koji je bio vrlo ohrabruju\u0107i i prijatan, te je odgovorio na sva na\u0161a pitanja tijekom konzultacija. Dana je bila na\u0161a medicinska sestra i bila je apsolutno briljantna. Bila je puna razumijevanja, ljubazna i uvijek tu ako smo trebali ne\u0161to provjeriti. \u010cak nam je rezervirala taksi do i od klinike. Nakratko smo se susreli s embriologom, koji se \u010dinio divnim. Zbog svih ovih dragih ljudi sve je izgledalo lak\u0161e. Klinika je bila vrlo u\u010dinkovita, jer je cijeli proces bio vrlo brz i nije bilo gubljenja vremena i \u010dekanja. Bilo bi nam drago preporu\u010diti FertilityPort svima koji razmi\u0161ljaju o lije\u010denju. Jedina stvar koju bih promijenio je da ne vi\u0111am druge parove na recepciji, ali ne znam bi li to bilo mogu\u0107e provesti.<\/p>\n<p>&nbsp;<\/p>\n<p style=\"text-align: right;\">\u00a0<\/p>\n<p>&nbsp;<\/p>\n<p style=\"text-align: right;\"><strong>A., Irska<\/strong><\/p>\n<p>[\/et_pb_testimonial][\/et_pb_column][\/et_pb_row][\/et_pb_section][et_pb_section fb_built=&#8221;1&#8243; module_class=&#8221;metody&#8221; _builder_version=&#8221;4.16&#8243; _module_preset=&#8221;default&#8221; custom_padding=&#8221;0px||0px|||&#8221; global_colors_info=&#8221;{}&#8221;][et_pb_row column_structure=&#8221;1_2,1_2&#8243; make_equal=&#8221;on&#8221; module_class=&#8221;metody__row&#8221; _builder_version=&#8221;4.16&#8243; _module_preset=&#8221;default&#8221; global_colors_info=&#8221;{}&#8221;][et_pb_column type=&#8221;1_2&#8243; module_class=&#8221;left-flex&#8221; _builder_version=&#8221;4.16&#8243; _module_preset=&#8221;default&#8221; global_colors_info=&#8221;{}&#8221;][et_pb_blurb title=&#8221;Specijalne laboratorijske metode&#8221; url=&#8221;https:\/\/fertilityport.com\/methods-and-techniques\/&#8221; image=&#8221;https:\/\/fertilityport.com\/wp-content\/uploads\/2021\/06\/comp-white.png&#8221; icon_placement=&#8221;left&#8221; module_class=&#8221;icon&#8221; _builder_version=&#8221;4.16&#8243; _module_preset=&#8221;default&#8221; header_level=&#8221;h2&#8243; header_font=&#8221;|700|||||||&#8221; header_font_size=&#8221;22px&#8221; background_layout=&#8221;dark&#8221; animation=&#8221;off&#8221; global_colors_info=&#8221;{}&#8221;][\/et_pb_blurb][\/et_pb_column][et_pb_column type=&#8221;1_2&#8243; module_class=&#8221;left-flex&#8221; _builder_version=&#8221;4.16&#8243; _module_preset=&#8221;default&#8221; global_colors_info=&#8221;{}&#8221;][et_pb_text module_class=&#8221;link&#8211;right&#8221; _builder_version=&#8221;4.16&#8243; _module_preset=&#8221;default&#8221; text_line_height=&#8221;1.9em&#8221; text_orientation=&#8221;center&#8221; background_layout=&#8221;dark&#8221; link_option_url=&#8221;https:\/\/fertilityport.com\/methods-and-techniques\/&#8221; global_colors_info=&#8221;{}&#8221;]<\/p>\n<p><span class=\"Y2IQFc\">koje koristimo su jedne od najefikasnijih i najsuvremenijih u \u010ce\u0161koj<\/span><\/p>\n<p>[\/et_pb_text][\/et_pb_column][\/et_pb_row][\/et_pb_section]<\/p>\n","protected":false},"excerpt":{"rendered":"<p>Centar za vantjelesnu oplodnju u PraguTim smo vrhunskih stru\u010dnjaka u podru\u010dju vantjelesne oplodnje. Na\u0161 prioritet je individualan pristup, obiteljska atmosfera, nikakve liste \u010dekanja i maksimalan uspjeh na putu do \u017eeljene bebe.Pomo\u0107i \u0107emo vam da postanete obitelj&#8230;Kontaktirajte na\u0161u koordinatoricu Milicu e-mail:\u00a0vukadinovic@fertilityport.comtel.: +420 778 710 976Hteo bih provjeriti svoju plodnost KontaktO\u010duvanje plodnosti \/ \u017delim zalediti jane stanice [&hellip;]<\/p>\n","protected":false},"author":1,"featured_media":0,"parent":0,"menu_order":0,"comment_status":"closed","ping_status":"closed","template":"","meta":{"_acf_changed":false,"_et_pb_use_builder":"on","_et_pb_old_content":"","_et_gb_content_width":"","footnotes":""},"class_list":["post-7346","page","type-page","status-publish","hentry"],"acf":[],"yoast_head":"<!-- This site is optimized with the Yoast SEO plugin v27.2 - https:\/\/yoast.com\/product\/yoast-seo-wordpress\/ -->\n<title>Centar za vantjelesnu oplodnju | FertilityPort Prague - ovdje po\u010dinje \u017eivot<\/title>\n<meta name=\"description\" content=\"Kako bi smanjili stres povezan s tretmanom, svi \u010dlanovi tima daju sve od sebe kako bi prona\u0161li individualno rje\u0161enje za Va\u0161 problem.\" \/>\n<meta name=\"robots\" content=\"index, follow, max-snippet:-1, max-image-preview:large, max-video-preview:-1\" \/>\n<link rel=\"canonical\" href=\"https:\/\/fertilityport.com\/hr\/\" \/>\n<meta property=\"og:locale\" content=\"hr_HR\" \/>\n<meta property=\"og:type\" content=\"article\" \/>\n<meta property=\"og:title\" content=\"Centar za vantjelesnu oplodnju | FertilityPort Prague - ovdje po\u010dinje \u017eivot\" \/>\n<meta property=\"og:description\" content=\"Kako bi smanjili stres povezan s tretmanom, svi \u010dlanovi tima daju sve od sebe kako bi prona\u0161li individualno rje\u0161enje za Va\u0161 problem.\" \/>\n<meta property=\"og:url\" content=\"https:\/\/fertilityport.com\/hr\/\" \/>\n<meta property=\"og:site_name\" content=\"FertilityPort Prague\" \/>\n<meta property=\"article:modified_time\" content=\"2024-06-24T17:55:17+00:00\" \/>\n<meta name=\"twitter:card\" content=\"summary_large_image\" \/>\n<meta name=\"twitter:label1\" content=\"Procijenjeno vrijeme \u010ditanja\" \/>\n\t<meta name=\"twitter:data1\" content=\"7 minuta\" \/>\n<script type=\"application\/ld+json\" class=\"yoast-schema-graph\">{\"@context\":\"https:\/\/schema.org\",\"@graph\":[{\"@type\":\"WebPage\",\"@id\":\"https:\/\/fertilityport.com\/hr\/\",\"url\":\"https:\/\/fertilityport.com\/hr\/\",\"name\":\"Centar za vantjelesnu oplodnju | FertilityPort Prague - ovdje po\u010dinje \u017eivot\",\"isPartOf\":{\"@id\":\"https:\/\/fertilityport.com\/#website\"},\"datePublished\":\"2023-04-03T11:57:35+00:00\",\"dateModified\":\"2024-06-24T17:55:17+00:00\",\"description\":\"Kako bi smanjili stres povezan s tretmanom, svi \u010dlanovi tima daju sve od sebe kako bi prona\u0161li individualno rje\u0161enje za Va\u0161 problem.\",\"breadcrumb\":{\"@id\":\"https:\/\/fertilityport.com\/hr\/#breadcrumb\"},\"inLanguage\":\"hr\",\"potentialAction\":[{\"@type\":\"ReadAction\",\"target\":[\"https:\/\/fertilityport.com\/hr\/\"]}]},{\"@type\":\"BreadcrumbList\",\"@id\":\"https:\/\/fertilityport.com\/hr\/#breadcrumb\",\"itemListElement\":[{\"@type\":\"ListItem\",\"position\":1,\"name\":\"Home\",\"item\":\"https:\/\/fertilityport.com\/hr\/\"},{\"@type\":\"ListItem\",\"position\":2,\"name\":\"Glavna strana &#8211; NOVO\"}]},{\"@type\":\"WebSite\",\"@id\":\"https:\/\/fertilityport.com\/#website\",\"url\":\"https:\/\/fertilityport.com\/\",\"name\":\"FertilityPort Prague\",\"description\":\"\",\"potentialAction\":[{\"@type\":\"SearchAction\",\"target\":{\"@type\":\"EntryPoint\",\"urlTemplate\":\"https:\/\/fertilityport.com\/?s={search_term_string}\"},\"query-input\":{\"@type\":\"PropertyValueSpecification\",\"valueRequired\":true,\"valueName\":\"search_term_string\"}}],\"inLanguage\":\"hr\"}]}<\/script>\n<!-- \/ Yoast SEO plugin. -->","yoast_head_json":{"title":"Centar za vantjelesnu oplodnju | FertilityPort Prague - ovdje po\u010dinje \u017eivot","description":"Kako bi smanjili stres povezan s tretmanom, svi \u010dlanovi tima daju sve od sebe kako bi prona\u0161li individualno rje\u0161enje za Va\u0161 problem.","robots":{"index":"index","follow":"follow","max-snippet":"max-snippet:-1","max-image-preview":"max-image-preview:large","max-video-preview":"max-video-preview:-1"},"canonical":"https:\/\/fertilityport.com\/hr\/","og_locale":"hr_HR","og_type":"article","og_title":"Centar za vantjelesnu oplodnju | FertilityPort Prague - ovdje po\u010dinje \u017eivot","og_description":"Kako bi smanjili stres povezan s tretmanom, svi \u010dlanovi tima daju sve od sebe kako bi prona\u0161li individualno rje\u0161enje za Va\u0161 problem.","og_url":"https:\/\/fertilityport.com\/hr\/","og_site_name":"FertilityPort Prague","article_modified_time":"2024-06-24T17:55:17+00:00","twitter_card":"summary_large_image","twitter_misc":{"Procijenjeno vrijeme \u010ditanja":"7 minuta"},"schema":{"@context":"https:\/\/schema.org","@graph":[{"@type":"WebPage","@id":"https:\/\/fertilityport.com\/hr\/","url":"https:\/\/fertilityport.com\/hr\/","name":"Centar za vantjelesnu oplodnju | FertilityPort Prague - ovdje po\u010dinje \u017eivot","isPartOf":{"@id":"https:\/\/fertilityport.com\/#website"},"datePublished":"2023-04-03T11:57:35+00:00","dateModified":"2024-06-24T17:55:17+00:00","description":"Kako bi smanjili stres povezan s tretmanom, svi \u010dlanovi tima daju sve od sebe kako bi prona\u0161li individualno rje\u0161enje za Va\u0161 problem.","breadcrumb":{"@id":"https:\/\/fertilityport.com\/hr\/#breadcrumb"},"inLanguage":"hr","potentialAction":[{"@type":"ReadAction","target":["https:\/\/fertilityport.com\/hr\/"]}]},{"@type":"BreadcrumbList","@id":"https:\/\/fertilityport.com\/hr\/#breadcrumb","itemListElement":[{"@type":"ListItem","position":1,"name":"Home","item":"https:\/\/fertilityport.com\/hr\/"},{"@type":"ListItem","position":2,"name":"Glavna strana &#8211; NOVO"}]},{"@type":"WebSite","@id":"https:\/\/fertilityport.com\/#website","url":"https:\/\/fertilityport.com\/","name":"FertilityPort Prague","description":"","potentialAction":[{"@type":"SearchAction","target":{"@type":"EntryPoint","urlTemplate":"https:\/\/fertilityport.com\/?s={search_term_string}"},"query-input":{"@type":"PropertyValueSpecification","valueRequired":true,"valueName":"search_term_string"}}],"inLanguage":"hr"}]}},"_links":{"self":[{"href":"https:\/\/fertilityport.com\/hr\/wp-json\/wp\/v2\/pages\/7346","targetHints":{"allow":["GET"]}}],"collection":[{"href":"https:\/\/fertilityport.com\/hr\/wp-json\/wp\/v2\/pages"}],"about":[{"href":"https:\/\/fertilityport.com\/hr\/wp-json\/wp\/v2\/types\/page"}],"author":[{"embeddable":true,"href":"https:\/\/fertilityport.com\/hr\/wp-json\/wp\/v2\/users\/1"}],"replies":[{"embeddable":true,"href":"https:\/\/fertilityport.com\/hr\/wp-json\/wp\/v2\/comments?post=7346"}],"version-history":[{"count":20,"href":"https:\/\/fertilityport.com\/hr\/wp-json\/wp\/v2\/pages\/7346\/revisions"}],"predecessor-version":[{"id":7727,"href":"https:\/\/fertilityport.com\/hr\/wp-json\/wp\/v2\/pages\/7346\/revisions\/7727"}],"wp:attachment":[{"href":"https:\/\/fertilityport.com\/hr\/wp-json\/wp\/v2\/media?parent=7346"}],"curies":[{"name":"wp","href":"https:\/\/api.w.org\/{rel}","templated":true}]}}