{"id":7420,"date":"2023-04-04T12:24:02","date_gmt":"2023-04-04T10:24:02","guid":{"rendered":"https:\/\/fertilityport.com\/koordinatorice\/"},"modified":"2024-06-04T13:24:48","modified_gmt":"2024-06-04T11:24:48","slug":"koordinatorice","status":"publish","type":"page","link":"https:\/\/fertilityport.com\/hr\/koordinatorice\/","title":{"rendered":"Koordinatorice"},"content":{"rendered":"<p>[et_pb_section fb_built=&#8221;1&#8243; _builder_version=&#8221;4.16&#8243; background_color=&#8221;#e2e2e2&#8243; global_colors_info=&#8221;{}&#8221;][et_pb_row _builder_version=&#8221;4.16&#8243; global_colors_info=&#8221;{}&#8221;][et_pb_column type=&#8221;4_4&#8243; _builder_version=&#8221;4.16&#8243; global_colors_info=&#8221;{}&#8221;][et_pb_text module_class=&#8221;c_blurb&#8221; _builder_version=&#8221;4.16&#8243; global_colors_info=&#8221;{}&#8221;]<\/p>\n<h1>Koordinatorice<\/h1>\n<p>[\/et_pb_text][\/et_pb_column][\/et_pb_row][\/et_pb_section][et_pb_section fb_built=&#8221;1&#8243; module_class=&#8221;aboutus&#8221; _builder_version=&#8221;4.16&#8243; global_colors_info=&#8221;{}&#8221;][et_pb_row column_structure=&#8221;1_4,3_4&#8243; _builder_version=&#8221;4.16&#8243; global_colors_info=&#8221;{}&#8221;][et_pb_column type=&#8221;1_4&#8243; _builder_version=&#8221;4.16&#8243; global_colors_info=&#8221;{}&#8221;][\/et_pb_column][et_pb_column type=&#8221;3_4&#8243; _builder_version=&#8221;4.16&#8243; global_colors_info=&#8221;{}&#8221;][et_pb_text module_class=&#8221;c_blurb&#8221; _builder_version=&#8221;4.16&#8243; global_colors_info=&#8221;{}&#8221;]<\/p>\n<h2>Milica<\/h2>\n<p>Zovem se Vanja i radim sa stranim pacijentima, posebno iz Jugoisto\u010dne Europe \u2013 Balkana i zemalja engleskog govornog podru\u010dja.\u00a0<\/p>\n<p>Sa zadovoljstvom \u0107u vas voditi i podr\u017eavati tijekom va\u0161eg lije\u010denja kako biste ostvarili najljep\u0161u \u017eivotnu ulogu &#8211; roditeljstvo.<\/p>\n<p>&nbsp;<\/p>\n<p><img decoding=\"async\" class=\"flag\" src=\"https:\/\/fertilityport.com\/wp-content\/plugins\/language-icons-flags-switcher\/img\/serbia.png\" \/> <img decoding=\"async\" class=\"flag\" src=\"https:\/\/fertilityport.com\/wp-content\/plugins\/language-icons-flags-switcher\/img\/croatia.png\" \/> <img decoding=\"async\" class=\"flag\" src=\"https:\/\/fertilityport.com\/wp-content\/plugins\/language-icons-flags-switcher\/img\/slovenia.png\" \/> <img decoding=\"async\" class=\"flag\" src=\"https:\/\/fertilityport.com\/wp-content\/plugins\/language-icons-flags-switcher\/img\/english.png\" \/><\/p>\n<p>e-mail:<a href=\"mailto:rathausova@fertilityport.com\"> vukadinovic@fertilityport.com<\/a><br \/>tel.: +420 778 710 976<\/p>\n<p>[\/et_pb_text][\/et_pb_column][\/et_pb_row][et_pb_row _builder_version=&#8221;4.16&#8243; global_colors_info=&#8221;{}&#8221;][et_pb_column type=&#8221;4_4&#8243; _builder_version=&#8221;4.16&#8243; global_colors_info=&#8221;{}&#8221;][et_pb_divider color=&#8221;#e2e2e2&#8243; _builder_version=&#8221;4.16&#8243; global_colors_info=&#8221;{}&#8221;][\/et_pb_divider][\/et_pb_column][\/et_pb_row][et_pb_row column_structure=&#8221;1_4,3_4&#8243; _builder_version=&#8221;4.16&#8243; global_colors_info=&#8221;{}&#8221;][et_pb_column type=&#8221;1_4&#8243; _builder_version=&#8221;4.16&#8243; global_colors_info=&#8221;{}&#8221;][et_pb_image src=&#8221;https:\/\/fertilityport.com\/wp-content\/uploads\/2023\/02\/IMG_1228-scaled.jpg&#8221; alt=&#8221;Dita&#8221; title_text=&#8221;IMG_1228&#8243; _builder_version=&#8221;4.20.0&#8243; custom_margin=&#8221;||-20px|||&#8221; custom_padding=&#8221;||24px|||&#8221; locked=&#8221;off&#8221; global_colors_info=&#8221;{}&#8221;][\/et_pb_image][\/et_pb_column][et_pb_column type=&#8221;3_4&#8243; _builder_version=&#8221;4.16&#8243; global_colors_info=&#8221;{}&#8221;][et_pb_text module_class=&#8221;c_blurb&#8221; _builder_version=&#8221;4.16&#8243; global_colors_info=&#8221;{}&#8221;]<\/p>\n<h2>Dita<\/h2>\n<p>Iskusna sam koordinatorica u IVF podru\u010dju. Pet godina sam \u017eivjela u Berlinu, gdje sam savr\u0161eno nau\u010dila njema\u010dki, a sada se s rado\u0161\u0107u brinem za njema\u010dke pacijente na na\u0161oj klinici.<\/p>\n<p><img decoding=\"async\" class=\"flag\" style=\"font-size: 16px;\" src=\"https:\/\/fertilityport.com\/wp-content\/plugins\/language-icons-flags-switcher\/img\/germany.png\" \/><\/p>\n<p>e-mail: <a href=\"mailto:bolkova@fertilityport.com\">slegrova<\/a><a href=\"mailto:bolkova@fertilityport.com\">@fertilityport.com<\/a><br \/>tel.: +420 601 502 373<\/p>\n<p>[\/et_pb_text][\/et_pb_column][\/et_pb_row][et_pb_row _builder_version=&#8221;4.16&#8243; global_colors_info=&#8221;{}&#8221;][et_pb_column type=&#8221;4_4&#8243; _builder_version=&#8221;4.16&#8243; global_colors_info=&#8221;{}&#8221;][et_pb_divider color=&#8221;#e2e2e2&#8243; _builder_version=&#8221;4.16&#8243; global_colors_info=&#8221;{}&#8221;][\/et_pb_divider][\/et_pb_column][\/et_pb_row][et_pb_row column_structure=&#8221;1_4,3_4&#8243; _builder_version=&#8221;4.16&#8243; global_colors_info=&#8221;{}&#8221;][et_pb_column type=&#8221;1_4&#8243; _builder_version=&#8221;4.16&#8243; global_colors_info=&#8221;{}&#8221;][et_pb_code _builder_version=&#8221;4.20.0&#8243; _module_preset=&#8221;default&#8221; global_colors_info=&#8221;{}&#8221;]<span class=\"et_pb_image_wrap\"><img decoding=\"async\" src=\"https:\/\/fertilityport.com\/wp-content\/uploads\/2023\/02\/IMG_122914.jpg\"><\/span>[\/et_pb_code][\/et_pb_column][et_pb_column type=&#8221;3_4&#8243; _builder_version=&#8221;4.16&#8243; global_colors_info=&#8221;{}&#8221;][et_pb_text module_class=&#8221;c_blurb&#8221; _builder_version=&#8221;4.16&#8243; global_colors_info=&#8221;{}&#8221;]<\/p>\n<h2>M\u00edla<\/h2>\n<p>Moje ime je M\u00edla. U IVF-u radim od 2018. godine, a moja uloga je koordinatorica za pacijente na engleskom i talijanskom jeziku.<\/p>\n<p>&#8220;Prona\u0107i \u0107u put ili \u0107u ga napraviti.&#8221;<\/p>\n<p><img decoding=\"async\" class=\"flag\" style=\"font-size: 16px;\" src=\"https:\/\/fertilityport.com\/wp-content\/plugins\/language-icons-flags-switcher\/img\/english.png\" \/> <img decoding=\"async\" class=\"flag\" style=\"font-size: 16px;\" src=\"https:\/\/fertilityport.com\/wp-content\/plugins\/language-icons-flags-switcher\/img\/italy.png\" \/><\/p>\n<p>e-mail: <a href=\"mailto:bolkova@fertilityport.com\">strnadova<\/a><a href=\"mailto:bolkova@fertilityport.com\">@fertilityport.com<\/a><br \/>tel.: +420 722 945 323<\/p>\n<p>[\/et_pb_text][\/et_pb_column][\/et_pb_row][et_pb_row _builder_version=&#8221;4.16&#8243; custom_padding=&#8221;26px|||||&#8221; locked=&#8221;off&#8221; global_colors_info=&#8221;{}&#8221;][et_pb_column type=&#8221;4_4&#8243; _builder_version=&#8221;4.16&#8243; global_colors_info=&#8221;{}&#8221;][et_pb_divider color=&#8221;#e2e2e2&#8243; _builder_version=&#8221;4.16&#8243; global_colors_info=&#8221;{}&#8221;][\/et_pb_divider][\/et_pb_column][\/et_pb_row][et_pb_row column_structure=&#8221;1_4,3_4&#8243; _builder_version=&#8221;4.16&#8243; global_colors_info=&#8221;{}&#8221;][et_pb_column type=&#8221;1_4&#8243; _builder_version=&#8221;4.16&#8243; global_colors_info=&#8221;{}&#8221;][et_pb_image src=&#8221;https:\/\/fertilityport.com\/wp-content\/uploads\/2023\/02\/Pavla_ctverec.jpg&#8221; alt=&#8221;Pavla&#8221; title_text=&#8221;Pavla_ctverec&#8221; _builder_version=&#8221;4.20.0&#8243; locked=&#8221;off&#8221; global_colors_info=&#8221;{}&#8221;][\/et_pb_image][\/et_pb_column][et_pb_column type=&#8221;3_4&#8243; _builder_version=&#8221;4.16&#8243; global_colors_info=&#8221;{}&#8221;][et_pb_text module_class=&#8221;c_blurb&#8221; _builder_version=&#8221;4.16&#8243; global_colors_info=&#8221;{}&#8221;]<\/p>\n<h2>Pavla<\/h2>\n<p>Zovem se Pavla i koordinator sam za klijente engleskog govornog podru\u010dja. Rado \u0107u odgovoriti na sva va\u0161a pitanja u vezi mogu\u0107nosti terapije i bit \u0107u vam na raspolaganju tijekom cijelog tretmana. Bilo bi mi iskreno drago kad bih mogla u\u010diniti va\u0161e le\u010denje \u0161to lak\u0161im.<\/p>\n<p>Radujem se suradnji s vama!<\/p>\n<p><img decoding=\"async\" class=\"flag\" src=\"https:\/\/fertilityport.com\/wp-content\/plugins\/language-icons-flags-switcher\/img\/english.png\" \/><\/p>\n<p>e-mail: <a href=\"mailto:arakelyan@fertilityport.com\">kratochvilova@fertilityport.com<\/a><br \/>tel.: +420 601 356 056<\/p>\n<p>[\/et_pb_text][\/et_pb_column][\/et_pb_row][et_pb_row _builder_version=&#8221;4.16&#8243; global_colors_info=&#8221;{}&#8221;][et_pb_column type=&#8221;4_4&#8243; _builder_version=&#8221;4.16&#8243; global_colors_info=&#8221;{}&#8221;][et_pb_divider color=&#8221;#e2e2e2&#8243; _builder_version=&#8221;4.16&#8243; global_colors_info=&#8221;{}&#8221;][\/et_pb_divider][\/et_pb_column][\/et_pb_row][et_pb_row column_structure=&#8221;1_4,3_4&#8243; _builder_version=&#8221;4.16&#8243; global_colors_info=&#8221;{}&#8221;][et_pb_column type=&#8221;1_4&#8243; _builder_version=&#8221;4.16&#8243; global_colors_info=&#8221;{}&#8221;][et_pb_image src=&#8221;https:\/\/fertilityport.com\/wp-content\/uploads\/2023\/02\/Zuzka1ku1.jpg&#8221; alt=&#8221;Zuzka&#8221; title_text=&#8221;Zuzka1ku1&#8243; _builder_version=&#8221;4.20.0&#8243; locked=&#8221;off&#8221; global_colors_info=&#8221;{}&#8221;][\/et_pb_image][\/et_pb_column][et_pb_column type=&#8221;3_4&#8243; _builder_version=&#8221;4.16&#8243; global_colors_info=&#8221;{}&#8221;][et_pb_text module_class=&#8221;c_blurb&#8221; _builder_version=&#8221;4.16&#8243; global_colors_info=&#8221;{}&#8221;]<\/p>\n<h2>Zuzana<\/h2>\n<p>Zovem se Zuzana i koordinatorica sam za pacijente s \u010de\u0161kog i engleskog govornog podru\u010dja te odgovorna osoba za donacijski program. Radim u podru\u010dju IVF-a od lipnja 2020. i veselim se \u0161to \u0107u vas upoznati u FertilityPortu!<\/p>\n<p>&#8220;Sre\u0107a slijedi kad se priprema susretne s prilikom.&#8221;<\/p>\n<p><img decoding=\"async\" class=\"flag\" src=\"https:\/\/fertilityport.com\/wp-content\/plugins\/language-icons-flags-switcher\/img\/english.png\" \/><\/p>\n<p>e-mail: <a href=\"mailto:arakelyan@fertilityport.com\">haluskova@fertilityport.com<\/a><\/p>\n<p>[\/et_pb_text][\/et_pb_column][\/et_pb_row][et_pb_row _builder_version=&#8221;4.16&#8243; custom_padding=&#8221;26px|||||&#8221; locked=&#8221;off&#8221; global_colors_info=&#8221;{}&#8221;][et_pb_column type=&#8221;4_4&#8243; _builder_version=&#8221;4.16&#8243; global_colors_info=&#8221;{}&#8221;][et_pb_divider color=&#8221;#e2e2e2&#8243; _builder_version=&#8221;4.16&#8243; global_colors_info=&#8221;{}&#8221;][\/et_pb_divider][\/et_pb_column][\/et_pb_row][et_pb_row column_structure=&#8221;1_4,3_4&#8243; _builder_version=&#8221;4.16&#8243; global_colors_info=&#8221;{}&#8221;][et_pb_column type=&#8221;1_4&#8243; _builder_version=&#8221;4.16&#8243; global_colors_info=&#8221;{}&#8221;][et_pb_image src=&#8221;https:\/\/fertilityport.com\/wp-content\/uploads\/2023\/02\/Adla1ku1.jpg&#8221; alt=&#8221;Adela&#8221; title_text=&#8221;Adla1ku1&#8243; _builder_version=&#8221;4.20.0&#8243; locked=&#8221;off&#8221; global_colors_info=&#8221;{}&#8221;][\/et_pb_image][\/et_pb_column][et_pb_column type=&#8221;3_4&#8243; _builder_version=&#8221;4.16&#8243; global_colors_info=&#8221;{}&#8221;][et_pb_text module_class=&#8221;c_blurb&#8221; _builder_version=&#8221;4.16&#8243; global_colors_info=&#8221;{}&#8221;]<\/p>\n<h2>Ad\u00e9la<\/h2>\n<p>Moje ime je Ad\u00e9la i radim kao koordinatorica za pacijente koji govore engleski. Imam iskustvo rada u me\u0111unarodnim tvrtkama i multikulturalnim okru\u017eenjima, \u0161to je jedan od aspekata koji mi se svi\u0111aju na na\u0161oj klinici. Volim u\u010diti o novim zemljama, kulturama, pacijentima i njihovim pri\u010dama.<\/p>\n<p><img decoding=\"async\" class=\"flag\" src=\"https:\/\/fertilityport.com\/wp-content\/plugins\/language-icons-flags-switcher\/img\/english.png\" \/><\/p>\n<p>tel.: +420 725 145 934<\/p>\n<p>[\/et_pb_text][\/et_pb_column][\/et_pb_row][et_pb_row _builder_version=&#8221;4.16&#8243; global_colors_info=&#8221;{}&#8221;][et_pb_column type=&#8221;4_4&#8243; _builder_version=&#8221;4.16&#8243; global_colors_info=&#8221;{}&#8221;][et_pb_divider color=&#8221;#e2e2e2&#8243; _builder_version=&#8221;4.16&#8243; locked=&#8221;off&#8221; global_colors_info=&#8221;{}&#8221;][\/et_pb_divider][\/et_pb_column][\/et_pb_row][et_pb_row column_structure=&#8221;1_4,3_4&#8243; _builder_version=&#8221;4.16&#8243; global_colors_info=&#8221;{}&#8221;][et_pb_column type=&#8221;1_4&#8243; _builder_version=&#8221;4.16&#8243; global_colors_info=&#8221;{}&#8221;][et_pb_image src=&#8221;https:\/\/fertilityport.com\/wp-content\/uploads\/2020\/12\/andrea-allan.png&#8221; alt=&#8221;Andrea&#8221; title_text=&#8221;andrea allan&#8221; _builder_version=&#8221;4.20.0&#8243; locked=&#8221;off&#8221; global_colors_info=&#8221;{}&#8221;][\/et_pb_image][\/et_pb_column][et_pb_column type=&#8221;3_4&#8243; _builder_version=&#8221;4.16&#8243; global_colors_info=&#8221;{}&#8221;][et_pb_text module_class=&#8221;c_blurb&#8221; _builder_version=&#8221;4.16&#8243; global_colors_info=&#8221;{}&#8221;]<\/p>\n<h2>Andrea<\/h2>\n<p>Zovem se Andrea i radim na podru\u010dju IVF-a od 2018. Prethodno sam radila kao koordinatorica za klijente engleskog govornog podru\u010dja. Trenuta\u010dno sam zadu\u017eena za podr\u0161ku koordinatorica IVF-a \u010de\u0161kih i me\u0111unarodnih pacijenata i za pomo\u0107 upravi. Moja radna uloga me ispunjava, a moj pristup i rezultati rada odgovaraju motu koji slijedim: \u201ePozitivan um je klju\u010d uspjeha\u201c.<\/p>\n<h3 class=\"h3\">\u00a0<\/h3>\n<p><img decoding=\"async\" class=\"flag\" src=\"https:\/\/fertilityport.com\/wp-content\/plugins\/language-icons-flags-switcher\/img\/english.png\" \/><\/p>\n<p>e-mail: <a dir=\"ltr\" href=\"mailto:allan@fertilityport.com\">allan@fertilityport.com<\/a><br \/>tel.: +420 725 405 646<\/p>\n<p>[\/et_pb_text][\/et_pb_column][\/et_pb_row][et_pb_row _builder_version=&#8221;4.16&#8243; custom_padding=&#8221;26px|||||&#8221; global_colors_info=&#8221;{}&#8221;][et_pb_column type=&#8221;4_4&#8243; _builder_version=&#8221;4.16&#8243; global_colors_info=&#8221;{}&#8221;][et_pb_divider color=&#8221;#e2e2e2&#8243; _builder_version=&#8221;4.16&#8243; global_colors_info=&#8221;{}&#8221;][\/et_pb_divider][\/et_pb_column][\/et_pb_row][\/et_pb_section]<\/p>\n","protected":false},"excerpt":{"rendered":"<p>KoordinatoriceMilica Zovem se Vanja i radim sa stranim pacijentima, posebno iz Jugoisto\u010dne Europe \u2013 Balkana i zemalja engleskog govornog podru\u010dja.\u00a0 Sa zadovoljstvom \u0107u vas voditi i podr\u017eavati tijekom va\u0161eg lije\u010denja kako biste ostvarili najljep\u0161u \u017eivotnu ulogu &#8211; roditeljstvo. &nbsp; e-mail: vukadinovic@fertilityport.comtel.: +420 778 710 976Dita Iskusna sam koordinatorica u IVF podru\u010dju. Pet godina sam \u017eivjela [&hellip;]<\/p>\n","protected":false},"author":1,"featured_media":0,"parent":0,"menu_order":0,"comment_status":"closed","ping_status":"closed","template":"","meta":{"_acf_changed":false,"_et_pb_use_builder":"on","_et_pb_old_content":"","_et_gb_content_width":"","footnotes":""},"class_list":["post-7420","page","type-page","status-publish","hentry"],"acf":[],"yoast_head":"<!-- This site is optimized with the Yoast SEO plugin v27.2 - https:\/\/yoast.com\/product\/yoast-seo-wordpress\/ -->\n<title>Na\u0161e koordinatorice | FertilityPort Prague<\/title>\n<meta name=\"description\" content=\"Na\u0161 sjajan tim koordinatorica pobrinut \u0107e se za vas. Odgovorit \u0107e na sva va\u0161a pitanja ili nedoumice.\" \/>\n<meta name=\"robots\" content=\"index, follow, max-snippet:-1, max-image-preview:large, max-video-preview:-1\" \/>\n<link rel=\"canonical\" href=\"https:\/\/fertilityport.com\/coordinators\/\" \/>\n<meta property=\"og:locale\" content=\"hr_HR\" \/>\n<meta property=\"og:type\" content=\"article\" \/>\n<meta property=\"og:title\" content=\"Na\u0161e koordinatorice | FertilityPort Prague\" \/>\n<meta property=\"og:description\" content=\"Na\u0161 sjajan tim koordinatorica pobrinut \u0107e se za vas. Odgovorit \u0107e na sva va\u0161a pitanja ili nedoumice.\" \/>\n<meta property=\"og:url\" content=\"https:\/\/fertilityport.com\/coordinators\/\" \/>\n<meta property=\"og:site_name\" content=\"FertilityPort Prague\" \/>\n<meta property=\"article:modified_time\" content=\"2024-06-04T11:24:48+00:00\" \/>\n<meta property=\"og:image\" content=\"https:\/\/fertilityport.com\/wp-content\/plugins\/language-icons-flags-switcher\/img\/serbia.png\" \/>\n<meta name=\"twitter:card\" content=\"summary_large_image\" \/>\n<meta name=\"twitter:label1\" content=\"Procijenjeno vrijeme \u010ditanja\" \/>\n\t<meta name=\"twitter:data1\" content=\"6 minuta\" \/>\n<script type=\"application\/ld+json\" class=\"yoast-schema-graph\">{\"@context\":\"https:\/\/schema.org\",\"@graph\":[{\"@type\":\"WebPage\",\"@id\":\"https:\/\/fertilityport.com\/coordinators\/\",\"url\":\"https:\/\/fertilityport.com\/coordinators\/\",\"name\":\"Na\u0161e koordinatorice | FertilityPort Prague\",\"isPartOf\":{\"@id\":\"https:\/\/fertilityport.com\/#website\"},\"primaryImageOfPage\":{\"@id\":\"https:\/\/fertilityport.com\/coordinators\/#primaryimage\"},\"image\":{\"@id\":\"https:\/\/fertilityport.com\/coordinators\/#primaryimage\"},\"thumbnailUrl\":\"https:\/\/fertilityport.com\/wp-content\/plugins\/language-icons-flags-switcher\/img\/serbia.png\",\"datePublished\":\"2023-04-04T10:24:02+00:00\",\"dateModified\":\"2024-06-04T11:24:48+00:00\",\"description\":\"Na\u0161 sjajan tim koordinatorica pobrinut \u0107e se za vas. Odgovorit \u0107e na sva va\u0161a pitanja ili nedoumice.\",\"breadcrumb\":{\"@id\":\"https:\/\/fertilityport.com\/coordinators\/#breadcrumb\"},\"inLanguage\":\"hr\",\"potentialAction\":[{\"@type\":\"ReadAction\",\"target\":[\"https:\/\/fertilityport.com\/coordinators\/\"]}]},{\"@type\":\"ImageObject\",\"inLanguage\":\"hr\",\"@id\":\"https:\/\/fertilityport.com\/coordinators\/#primaryimage\",\"url\":\"https:\/\/fertilityport.com\/wp-content\/plugins\/language-icons-flags-switcher\/img\/serbia.png\",\"contentUrl\":\"https:\/\/fertilityport.com\/wp-content\/plugins\/language-icons-flags-switcher\/img\/serbia.png\"},{\"@type\":\"BreadcrumbList\",\"@id\":\"https:\/\/fertilityport.com\/coordinators\/#breadcrumb\",\"itemListElement\":[{\"@type\":\"ListItem\",\"position\":1,\"name\":\"Home\",\"item\":\"https:\/\/fertilityport.com\/hr\/\"},{\"@type\":\"ListItem\",\"position\":2,\"name\":\"Koordinatorice\"}]},{\"@type\":\"WebSite\",\"@id\":\"https:\/\/fertilityport.com\/#website\",\"url\":\"https:\/\/fertilityport.com\/\",\"name\":\"FertilityPort Prague\",\"description\":\"\",\"potentialAction\":[{\"@type\":\"SearchAction\",\"target\":{\"@type\":\"EntryPoint\",\"urlTemplate\":\"https:\/\/fertilityport.com\/?s={search_term_string}\"},\"query-input\":{\"@type\":\"PropertyValueSpecification\",\"valueRequired\":true,\"valueName\":\"search_term_string\"}}],\"inLanguage\":\"hr\"}]}<\/script>\n<!-- \/ Yoast SEO plugin. -->","yoast_head_json":{"title":"Na\u0161e koordinatorice | FertilityPort Prague","description":"Na\u0161 sjajan tim koordinatorica pobrinut \u0107e se za vas. Odgovorit \u0107e na sva va\u0161a pitanja ili nedoumice.","robots":{"index":"index","follow":"follow","max-snippet":"max-snippet:-1","max-image-preview":"max-image-preview:large","max-video-preview":"max-video-preview:-1"},"canonical":"https:\/\/fertilityport.com\/coordinators\/","og_locale":"hr_HR","og_type":"article","og_title":"Na\u0161e koordinatorice | FertilityPort Prague","og_description":"Na\u0161 sjajan tim koordinatorica pobrinut \u0107e se za vas. Odgovorit \u0107e na sva va\u0161a pitanja ili nedoumice.","og_url":"https:\/\/fertilityport.com\/coordinators\/","og_site_name":"FertilityPort Prague","article_modified_time":"2024-06-04T11:24:48+00:00","og_image":[{"url":"https:\/\/fertilityport.com\/wp-content\/plugins\/language-icons-flags-switcher\/img\/serbia.png","type":"","width":"","height":""}],"twitter_card":"summary_large_image","twitter_misc":{"Procijenjeno vrijeme \u010ditanja":"6 minuta"},"schema":{"@context":"https:\/\/schema.org","@graph":[{"@type":"WebPage","@id":"https:\/\/fertilityport.com\/coordinators\/","url":"https:\/\/fertilityport.com\/coordinators\/","name":"Na\u0161e koordinatorice | FertilityPort Prague","isPartOf":{"@id":"https:\/\/fertilityport.com\/#website"},"primaryImageOfPage":{"@id":"https:\/\/fertilityport.com\/coordinators\/#primaryimage"},"image":{"@id":"https:\/\/fertilityport.com\/coordinators\/#primaryimage"},"thumbnailUrl":"https:\/\/fertilityport.com\/wp-content\/plugins\/language-icons-flags-switcher\/img\/serbia.png","datePublished":"2023-04-04T10:24:02+00:00","dateModified":"2024-06-04T11:24:48+00:00","description":"Na\u0161 sjajan tim koordinatorica pobrinut \u0107e se za vas. Odgovorit \u0107e na sva va\u0161a pitanja ili nedoumice.","breadcrumb":{"@id":"https:\/\/fertilityport.com\/coordinators\/#breadcrumb"},"inLanguage":"hr","potentialAction":[{"@type":"ReadAction","target":["https:\/\/fertilityport.com\/coordinators\/"]}]},{"@type":"ImageObject","inLanguage":"hr","@id":"https:\/\/fertilityport.com\/coordinators\/#primaryimage","url":"https:\/\/fertilityport.com\/wp-content\/plugins\/language-icons-flags-switcher\/img\/serbia.png","contentUrl":"https:\/\/fertilityport.com\/wp-content\/plugins\/language-icons-flags-switcher\/img\/serbia.png"},{"@type":"BreadcrumbList","@id":"https:\/\/fertilityport.com\/coordinators\/#breadcrumb","itemListElement":[{"@type":"ListItem","position":1,"name":"Home","item":"https:\/\/fertilityport.com\/hr\/"},{"@type":"ListItem","position":2,"name":"Koordinatorice"}]},{"@type":"WebSite","@id":"https:\/\/fertilityport.com\/#website","url":"https:\/\/fertilityport.com\/","name":"FertilityPort Prague","description":"","potentialAction":[{"@type":"SearchAction","target":{"@type":"EntryPoint","urlTemplate":"https:\/\/fertilityport.com\/?s={search_term_string}"},"query-input":{"@type":"PropertyValueSpecification","valueRequired":true,"valueName":"search_term_string"}}],"inLanguage":"hr"}]}},"_links":{"self":[{"href":"https:\/\/fertilityport.com\/hr\/wp-json\/wp\/v2\/pages\/7420","targetHints":{"allow":["GET"]}}],"collection":[{"href":"https:\/\/fertilityport.com\/hr\/wp-json\/wp\/v2\/pages"}],"about":[{"href":"https:\/\/fertilityport.com\/hr\/wp-json\/wp\/v2\/types\/page"}],"author":[{"embeddable":true,"href":"https:\/\/fertilityport.com\/hr\/wp-json\/wp\/v2\/users\/1"}],"replies":[{"embeddable":true,"href":"https:\/\/fertilityport.com\/hr\/wp-json\/wp\/v2\/comments?post=7420"}],"version-history":[{"count":4,"href":"https:\/\/fertilityport.com\/hr\/wp-json\/wp\/v2\/pages\/7420\/revisions"}],"predecessor-version":[{"id":7721,"href":"https:\/\/fertilityport.com\/hr\/wp-json\/wp\/v2\/pages\/7420\/revisions\/7721"}],"wp:attachment":[{"href":"https:\/\/fertilityport.com\/hr\/wp-json\/wp\/v2\/media?parent=7420"}],"curies":[{"name":"wp","href":"https:\/\/api.w.org\/{rel}","templated":true}]}}