{"id":1196,"date":"2020-03-14T20:28:33","date_gmt":"2020-03-14T19:28:33","guid":{"rendered":"https:\/\/fertilityport.vesmirnekure.cz\/?page_id=1196"},"modified":"2024-06-04T12:35:07","modified_gmt":"2024-06-04T10:35:07","slug":"coordinatrici","status":"publish","type":"page","link":"https:\/\/fertilityport.com\/it\/coordinatrici\/","title":{"rendered":"Coordinatrici"},"content":{"rendered":"<p>[et_pb_section fb_built=&#8221;1&#8243; _builder_version=&#8221;4.16&#8243; background_color=&#8221;#e2e2e2&#8243; global_colors_info=&#8221;{}&#8221;][et_pb_row _builder_version=&#8221;4.16&#8243; global_colors_info=&#8221;{}&#8221;][et_pb_column type=&#8221;4_4&#8243; _builder_version=&#8221;4.16&#8243; global_colors_info=&#8221;{}&#8221;][et_pb_text module_class=&#8221;c_blurb&#8221; _builder_version=&#8221;4.16&#8243; global_colors_info=&#8221;{}&#8221;]<\/p>\n<h1>Coordinatrici<\/h1>\n<p>[\/et_pb_text][\/et_pb_column][\/et_pb_row][\/et_pb_section][et_pb_section fb_built=&#8221;1&#8243; module_class=&#8221;aboutus&#8221; _builder_version=&#8221;4.16&#8243; global_colors_info=&#8221;{}&#8221;][et_pb_row column_structure=&#8221;1_4,3_4&#8243; _builder_version=&#8221;4.16&#8243; global_colors_info=&#8221;{}&#8221;][et_pb_column type=&#8221;1_4&#8243; _builder_version=&#8221;4.16&#8243; global_colors_info=&#8221;{}&#8221;][et_pb_code _builder_version=&#8221;4.20.0&#8243; _module_preset=&#8221;default&#8221; locked=&#8221;off&#8221; global_colors_info=&#8221;{}&#8221;]<span class=\"et_pb_image_wrap\"><img decoding=\"async\" src=\"https:\/\/fertilityport.com\/wp-content\/uploads\/2023\/02\/IMG_122914.jpg\"><\/span>[\/et_pb_code][\/et_pb_column][et_pb_column type=&#8221;3_4&#8243; _builder_version=&#8221;4.16&#8243; global_colors_info=&#8221;{}&#8221;][et_pb_text module_class=&#8221;c_blurb&#8221; _builder_version=&#8221;4.16&#8243; global_colors_info=&#8221;{}&#8221;]<\/p>\n<h2>M\u00edla<\/h2>\n<p>Mi chiamo Mila, lavoro nel settore della fecondazione assistita dal 2018 come coordinatrice. La mia madrelingua \u00e8 l&#8217;italiano, il ceco e parlo inglese.<\/p>\n<p>&#8220;Trover\u00f2 un modo o ne creer\u00f2 uno &#8220;<\/p>\n<p><img decoding=\"async\" class=\"flag\" src=\"https:\/\/fertilityport.com\/wp-content\/plugins\/language-icons-flags-switcher\/img\/english.png\" style=\"font-size: 16px;\" \/><span style=\"font-size: 16px;\"> <\/span><img decoding=\"async\" class=\"flag\" src=\"https:\/\/fertilityport.com\/wp-content\/plugins\/language-icons-flags-switcher\/img\/italy.png\" style=\"font-size: 16px;\" \/><span style=\"font-size: 16px;\"><\/span><\/p>\n<p>e-mail: <a href=\"mailto:bolkova@fertilityport.com\"><\/a><a href=\"mailto:bolkova@fertilityport.com\">strnadova<\/a><a href=\"mailto:bolkova@fertilityport.com\">@fertilityport.com<\/a><br \/>tel.: +420 722 945 323<\/p>\n<p>[\/et_pb_text][\/et_pb_column][\/et_pb_row][et_pb_row column_structure=&#8221;1_4,3_4&#8243; _builder_version=&#8221;4.16&#8243; locked=&#8221;off&#8221; global_colors_info=&#8221;{}&#8221;][et_pb_column type=&#8221;1_4&#8243; _builder_version=&#8221;4.16&#8243; global_colors_info=&#8221;{}&#8221;][et_pb_image src=&#8221;https:\/\/fertilityport.com\/wp-content\/uploads\/2023\/02\/Zuzka1ku1.jpg&#8221; alt=&#8221;Zuzka&#8221; title_text=&#8221;Zuzka1ku1&#8243; _builder_version=&#8221;4.20.0&#8243; locked=&#8221;off&#8221; global_colors_info=&#8221;{}&#8221;][\/et_pb_image][\/et_pb_column][et_pb_column type=&#8221;3_4&#8243; _builder_version=&#8221;4.16&#8243; global_colors_info=&#8221;{}&#8221;][et_pb_text module_class=&#8221;c_blurb&#8221; _builder_version=&#8221;4.21.0&#8243; global_colors_info=&#8221;{}&#8221;]<\/p>\n<h2>Zuzana<\/h2>\n<p>Mi chiamo Zuzana e sono la coordinatrice per i pazienti di lingua ceca e inglese e sono anche responsabile del programma di donazione. Lavoro nel settore della PMA da giugno 2020 e non vedo l&#8217;ora di incontrarvi a FertilityPort!<\/p>\n<p>&#8220;La felicit\u00e0 \u00e8 ci\u00f2 che segue quando la preparazione incontra l&#8217;opportunit\u00e0&#8221;<\/p>\n<p><img decoding=\"async\" class=\"flag\" src=\"https:\/\/fertilityport.com\/wp-content\/plugins\/language-icons-flags-switcher\/img\/english.png\" \/><\/p>\n<p>e-mail: <a href=\"mailto:arakelyan@fertilityport.com\">haluskova@fertilityport.com<\/a><br \/><span>tel.: +420 601 356 056<\/span><\/p>\n<p>[\/et_pb_text][\/et_pb_column][\/et_pb_row][et_pb_row _builder_version=&#8221;4.16&#8243; global_colors_info=&#8221;{}&#8221;][et_pb_column type=&#8221;4_4&#8243; _builder_version=&#8221;4.16&#8243; global_colors_info=&#8221;{}&#8221;][et_pb_divider color=&#8221;#e2e2e2&#8243; _builder_version=&#8221;4.16&#8243; global_colors_info=&#8221;{}&#8221;][\/et_pb_divider][\/et_pb_column][\/et_pb_row][et_pb_row column_structure=&#8221;1_4,3_4&#8243; _builder_version=&#8221;4.16&#8243; locked=&#8221;off&#8221; global_colors_info=&#8221;{}&#8221;][et_pb_column type=&#8221;1_4&#8243; _builder_version=&#8221;4.16&#8243; global_colors_info=&#8221;{}&#8221;][et_pb_image src=&#8221;https:\/\/fertilityport.com\/wp-content\/uploads\/2023\/02\/Pavla_ctverec.jpg&#8221; alt=&#8221;Pavla&#8221; title_text=&#8221;Pavla_ctverec&#8221; _builder_version=&#8221;4.20.0&#8243; locked=&#8221;off&#8221; global_colors_info=&#8221;{}&#8221;][\/et_pb_image][\/et_pb_column][et_pb_column type=&#8221;3_4&#8243; _builder_version=&#8221;4.16&#8243; global_colors_info=&#8221;{}&#8221;][et_pb_text module_class=&#8221;c_blurb&#8221; _builder_version=&#8221;4.16&#8243; global_colors_info=&#8221;{}&#8221;]<\/p>\n<h2>Pavla<\/h2>\n<p>Mi chiamo Pavla e sono la coordinatrice dei clienti inglesi. Sar\u00f2 lieta di rispondere a tutte le vostre domande sulle possibilit\u00e0 di trattamento e sar\u00f2 a vostra disposizione per la tutta la durata del trattamento. Sar\u00f2 davvero felice di poter rendere il vostro viaggio il pi\u00f9 piacevole possibile.<\/p>\n<p>Non vedo l&#8217;ora di incontrarvi.<\/p>\n<p><img decoding=\"async\" class=\"flag\" src=\"https:\/\/fertilityport.com\/wp-content\/plugins\/language-icons-flags-switcher\/img\/english.png\" \/><\/p>\n<p>e-mail: <a href=\"mailto:arakelyan@fertilityport.com\">kratochvilova@fertilityport.com<\/a><br \/>tel.: +420 601 356 056<\/p>\n<p>[\/et_pb_text][\/et_pb_column][\/et_pb_row][et_pb_row _builder_version=&#8221;4.16&#8243; global_colors_info=&#8221;{}&#8221;][et_pb_column type=&#8221;4_4&#8243; _builder_version=&#8221;4.16&#8243; global_colors_info=&#8221;{}&#8221;][et_pb_divider color=&#8221;#e2e2e2&#8243; _builder_version=&#8221;4.16&#8243; global_colors_info=&#8221;{}&#8221;][\/et_pb_divider][\/et_pb_column][\/et_pb_row][et_pb_row column_structure=&#8221;1_4,3_4&#8243; _builder_version=&#8221;4.16&#8243; locked=&#8221;off&#8221; global_colors_info=&#8221;{}&#8221;][et_pb_column type=&#8221;1_4&#8243; _builder_version=&#8221;4.16&#8243; global_colors_info=&#8221;{}&#8221;][et_pb_image src=&#8221;https:\/\/fertilityport.com\/wp-content\/uploads\/2023\/02\/Adla1ku1.jpg&#8221; alt=&#8221;Adela&#8221; title_text=&#8221;Adla1ku1&#8243; _builder_version=&#8221;4.20.0&#8243; locked=&#8221;off&#8221; global_colors_info=&#8221;{}&#8221;][\/et_pb_image][\/et_pb_column][et_pb_column type=&#8221;3_4&#8243; _builder_version=&#8221;4.16&#8243; global_colors_info=&#8221;{}&#8221;][et_pb_text module_class=&#8221;c_blurb&#8221; _builder_version=&#8221;4.16&#8243; global_colors_info=&#8221;{}&#8221;]<\/p>\n<h2>Ad\u00e9la<\/h2>\n<p>Mi chiamo Ad\u00e9la e lavoro come coordinatrice per i pazienti della PMA di lingua inglese. Ho esperienza di lavoro in aziende internazionali e in ambienti multiculturali, e questa \u00e8 una delle cose che mi piace della nostra clinica. Mi piace conoscere nuovi paesi e culture, nuovi pazienti e le loro storie.<\/p>\n<p><img decoding=\"async\" class=\"flag\" src=\"https:\/\/fertilityport.com\/wp-content\/plugins\/language-icons-flags-switcher\/img\/english.png\" \/><\/p>\n<p>tel.: +420 725 145 934<\/p>\n<p>[\/et_pb_text][\/et_pb_column][\/et_pb_row][et_pb_row _builder_version=&#8221;4.16&#8243; global_colors_info=&#8221;{}&#8221;][et_pb_column type=&#8221;4_4&#8243; _builder_version=&#8221;4.16&#8243; global_colors_info=&#8221;{}&#8221;][et_pb_divider color=&#8221;#e2e2e2&#8243; _builder_version=&#8221;4.16&#8243; global_colors_info=&#8221;{}&#8221;][\/et_pb_divider][\/et_pb_column][\/et_pb_row][et_pb_row column_structure=&#8221;1_4,3_4&#8243; _builder_version=&#8221;4.16&#8243; locked=&#8221;off&#8221; global_colors_info=&#8221;{}&#8221;][et_pb_column type=&#8221;1_4&#8243; _builder_version=&#8221;4.16&#8243; global_colors_info=&#8221;{}&#8221;][et_pb_image src=&#8221;https:\/\/fertilityport.com\/wp-content\/uploads\/2020\/12\/andrea-allan.png&#8221; alt=&#8221;Andrea&#8221; title_text=&#8221;andrea allan&#8221; _builder_version=&#8221;4.20.0&#8243; locked=&#8221;off&#8221; global_colors_info=&#8221;{}&#8221;][\/et_pb_image][\/et_pb_column][et_pb_column type=&#8221;3_4&#8243; _builder_version=&#8221;4.16&#8243; global_colors_info=&#8221;{}&#8221;][et_pb_text module_class=&#8221;c_blurb&#8221; _builder_version=&#8221;4.16&#8243; global_colors_info=&#8221;{}&#8221;]<\/p>\n<h2>Andrea<\/h2>\n<p>Mi chiamo Andrea e lavoro nel settore della PMA dal 2018. In precedenza ho lavorato come coordinatrice per clienti di lingua inglese. Attualmente sono la responsabile di assistenza alle nostre coordinatrici e per i clienti della Repubblica Ceca, internazionali e supporto al management.\u00a0<\/p>\n<p>Il mio ruolo lavorativo \u00e8 molto appagante e il mio atteggiamento e i miei risultati corrispondono al mio motto: &#8220;Una mente positiva \u00e8 la chiave del successo&#8221;.<\/p>\n<h3 class=\"h3\"><\/h3>\n<p><img decoding=\"async\" class=\"flag\" src=\"https:\/\/fertilityport.com\/wp-content\/plugins\/language-icons-flags-switcher\/img\/english.png\" \/><\/p>\n<p>e-mail: <a href=\"mailto:allan@fertilityport.com\" dir=\"ltr\" x-apple-data-detectors=\"true\" x-apple-data-detectors-type=\"link\" x-apple-data-detectors-result=\"1\">allan@fertilityport.com<\/a><br \/>tel.: +420 725 405 646<\/p>\n<p>[\/et_pb_text][\/et_pb_column][\/et_pb_row][et_pb_row _builder_version=&#8221;4.16&#8243; global_colors_info=&#8221;{}&#8221;][et_pb_column type=&#8221;4_4&#8243; _builder_version=&#8221;4.16&#8243; global_colors_info=&#8221;{}&#8221;][et_pb_divider color=&#8221;#e2e2e2&#8243; _builder_version=&#8221;4.16&#8243; global_colors_info=&#8221;{}&#8221;][\/et_pb_divider][\/et_pb_column][\/et_pb_row][\/et_pb_section]<\/p>\n","protected":false},"excerpt":{"rendered":"<p>CoordinatriciM\u00edla Mi chiamo Mila, lavoro nel settore della fecondazione assistita dal 2018 come coordinatrice. La mia madrelingua \u00e8 l&#8217;italiano, il ceco e parlo inglese. &#8220;Trover\u00f2 un modo o ne creer\u00f2 uno &#8221; e-mail: strnadova@fertilityport.comtel.: +420 722 945 323Zuzana Mi chiamo Zuzana e sono la coordinatrice per i pazienti di lingua ceca e inglese e sono [&hellip;]<\/p>\n","protected":false},"author":2,"featured_media":0,"parent":0,"menu_order":0,"comment_status":"closed","ping_status":"closed","template":"","meta":{"_acf_changed":false,"_et_pb_use_builder":"on","_et_pb_old_content":"<p>[et_pb_section fb_built=\"1\" _builder_version=\"4.4.0\" hover_enabled=\"0\" background_color=\"#e2e2e2\"][et_pb_row _builder_version=\"4.4.0\"][et_pb_column type=\"4_4\" _builder_version=\"4.4.0\"][et_pb_text module_class=\"c_blurb\" _builder_version=\"4.4.0\"]<\/p><h1>Coordinators<\/h1><p>[\/et_pb_text][\/et_pb_column][\/et_pb_row][\/et_pb_section][et_pb_section fb_built=\"1\" module_class=\"aboutus\" _builder_version=\"4.4.0\" hover_enabled=\"0\"][et_pb_row column_structure=\"1_4,3_4\" _builder_version=\"4.4.0\"][et_pb_column type=\"1_4\" _builder_version=\"4.4.0\"][et_pb_image src=\"https:\/\/fertilityport.com\/wp-content\/uploads\/2020\/03\/mgr-anna-houdova.jpg\" module_class=\"about_img\" _builder_version=\"4.4.0\"][\/et_pb_image][\/et_pb_column][et_pb_column type=\"3_4\" _builder_version=\"4.4.0\"][et_pb_text module_class=\"c_blurb\" _builder_version=\"4.4.0\"]<\/p><h2>Mgr. Anna Houdov\u00e1 (Bolkov\u00e1)<\/h2><h3 class=\"h3\">Education and specialization:<\/h3><p>Charles University in Prague, Faculty of Arts, major: Italian Studies<\/p><h3>Professional Experience:<\/h3><ul><li>2012 \u2013 2015 Back Office Manager, Bridgestone CZ, Prague<\/li><li>2016 \u2013 2017 IVF Italian coordinator, GENNET, Prague<\/li><\/ul><h3>Language skills:<\/h3><p>Italian, English<\/p><h3>Language certificates:<\/h3><p>PLIDA C1<\/p><p><img class=\"flag\" src=\"https:\/\/fertilityport.com\/wp-content\/uploads\/2020\/03\/gb_flag.jpg\" alt=\"flag EN\" \/>\u00a0 <img class=\"flag\" src=\"https:\/\/fertilityport.com\/wp-content\/uploads\/2020\/03\/it_flag.jpg\" alt=\"flag IT\" \/><\/p><p>e-mail: <a href=\"mailto:bolkova@fertilityport.com\"> bolkova@fertilityport.com<\/a><br \/>tel.: +420 725 513 267[\/et_pb_text][\/et_pb_column][\/et_pb_row][et_pb_row _builder_version=\"4.4.0\"][et_pb_column type=\"4_4\" _builder_version=\"4.4.0\"][et_pb_divider color=\"#e2e2e2\" _builder_version=\"4.4.0\"][\/et_pb_divider][\/et_pb_column][\/et_pb_row][et_pb_row column_structure=\"1_4,3_4\" _builder_version=\"4.4.0\"][et_pb_column type=\"1_4\" _builder_version=\"4.4.0\"][et_pb_image src=\"https:\/\/fertilityport.com\/wp-content\/uploads\/2020\/03\/bc-martina-blechova.jpg\" _builder_version=\"4.4.0\"][\/et_pb_image][\/et_pb_column][et_pb_column type=\"3_4\" _builder_version=\"4.4.0\"][et_pb_text module_class=\"c_blurb\" _builder_version=\"4.4.0\"]<\/p><h2>Bc. Martina Blechov\u00e1 (Provazn\u00edkov\u00e1)<\/h2><h3 class=\"h3\">Education and specialization:<\/h3><ul><li>2017 studied at Masaryk University, Faculty of Economics and Administration, major: Business Economics and Management<\/li><li>University of Hradec Kr\u00e1lov\u00e9, Faculty of Informatics and Management, Major: Economics and Management<\/li><\/ul><h3 class=\"h3\">Professional Experience:<\/h3><ul><li>2013 \u2013 2015 IVF foreign patient coordinator, donor programme coordinator<\/li><li>2016 \u2013 2018 operations manager at Pronatal, s.r.o, Kol\u00edn branch<\/li><\/ul><h3>Language Skills:<\/h3><p>German; English (passive)<\/p><h3>Language Certificates:<\/h3><p>Goethe Zertifikat B2<\/p><p><img class=\"flag\" src=\"https:\/\/fertilityport.com\/wp-content\/uploads\/2020\/03\/gb_flag.jpg\" alt=\"flag EN\" \/>\u00a0<img class=\"flag\" src=\"https:\/\/fertilityport.com\/wp-content\/uploads\/2020\/03\/de_flag.jpg\" alt=\"flag DE\" \/><\/p><p>e-mail: <a href=\"mailto:provaznikova@fertilityport.com\"> provaznikova@fertilityport.com<\/a><br \/>tel.: +420 724 999 290[\/et_pb_text][\/et_pb_column][\/et_pb_row][et_pb_row _builder_version=\"4.4.0\"][et_pb_column type=\"4_4\" _builder_version=\"4.4.0\"][et_pb_divider color=\"#e2e2e2\" _builder_version=\"4.4.0\"][\/et_pb_divider][\/et_pb_column][\/et_pb_row][et_pb_row column_structure=\"1_4,3_4\" _builder_version=\"4.4.0\"][et_pb_column type=\"1_4\" _builder_version=\"4.4.0\"][et_pb_image src=\"https:\/\/fertilityport.com\/wp-content\/uploads\/2020\/03\/ing-pavla-schwarzova.jpg\" _builder_version=\"4.4.0\"][\/et_pb_image][\/et_pb_column][et_pb_column type=\"3_4\" _builder_version=\"4.4.0\"][et_pb_text module_class=\"c_blurb\" _builder_version=\"4.4.0\"]<\/p><h2>Ing. Pavla Schwarzov\u00e1 (Rathausov\u00e1)<\/h2><h3 class=\"h3\">Education and specialization:<\/h3><ul><li>University of Hospitality in Prague, major: Hospitality management, SPA and Tourism<\/li><li>Pedagogical minimum at University of Hospitality in Prague<\/li><li>Psychology for everyday use, Charles University, Faculty of Philosophy, Prague<\/li><\/ul><h3 class=\"h3\">Professional Experience:<\/h3><ul><li><strong>2011 \u2013 2014<\/strong>\u00a0IVF Coordinator for English speaking patients, GENNET, Praha<\/li><li><strong>2014 \u2013 2016<\/strong>\u00a0IVF Coordinator for English and Czech speaking patients, CITY-FERTILITY Gennet, London<\/li><li><strong>2017 \u2013 2018<\/strong>\u00a0IVF Coordinator for English speaking patients, GENNET, Praha<\/li><\/ul><h3>Language skills:<\/h3><p>English, German (passive)<\/p><h3>Language Certificates:<\/h3><p>English language level C1<\/p><p><img class=\"flag\" src=\"https:\/\/fertilityport.com\/wp-content\/uploads\/2020\/03\/gb_flag.jpg\" alt=\"flag EN\" \/>\u00a0<\/p><p>e-mail:<a href=\"mailto:rathausova@fertilityport.com\">rathausova@fertilityport.com<\/a><br \/>tel.: +420 725 847 497[\/et_pb_text][\/et_pb_column][\/et_pb_row][et_pb_row _builder_version=\"4.4.0\"][et_pb_column type=\"4_4\" _builder_version=\"4.4.0\"][et_pb_divider color=\"#e2e2e2\" _builder_version=\"4.4.0\"][\/et_pb_divider][\/et_pb_column][\/et_pb_row][et_pb_row column_structure=\"1_4,3_4\" _builder_version=\"4.4.0\"][et_pb_column type=\"1_4\" _builder_version=\"4.4.0\"][et_pb_image src=\"https:\/\/fertilityport.com\/wp-content\/uploads\/2020\/03\/bc-aneta-serbusova.jpg\" _builder_version=\"4.4.0\"][\/et_pb_image][\/et_pb_column][et_pb_column type=\"3_4\" _builder_version=\"4.4.0\"][et_pb_text module_class=\"c_blurb\" _builder_version=\"4.4.0\"]<\/p><h2>Bc. Aneta Serbusov\u00e1 (K\u0159enkov\u00e1)<\/h2><h3 class=\"h3\">Education and specialization:<\/h3><p>Masaryk University, Brno, Faculty of Arts, Major: Italian Language and Literature<\/p><h3>Professional Experience:<\/h3><ul><li>2009 \u2013 2012 Italian teacher<\/li><li>2013 \u2013 2015 IVF coordinator for Italian and English speaking patients, IVF Cube, Prague<\/li><li>2015 \u2013 2017 IVF coordinator for Italian and English speaking patients, Pronatal, Kol\u00edn<\/li><\/ul><h3>Language Skills:<\/h3><p>Italian, English; Spanish, German (passive)<\/p><h3>Language Certificates:<\/h3><p>CILS B1, B2, C1<\/p><p><img class=\"flag\" src=\"https:\/\/fertilityport.com\/wp-content\/uploads\/2020\/03\/gb_flag.jpg\" alt=\"flag EN\" \/>\u00a0<img class=\"flag\" src=\"https:\/\/fertilityport.com\/wp-content\/uploads\/2020\/03\/it_flag.jpg\" alt=\"flag IT\" \/><\/p><p>e-mail: <a href=\"mailto:Krenkova@fertilityport.com\">krenkova@fertilityport.com<\/a>[\/et_pb_text][\/et_pb_column][\/et_pb_row][et_pb_row _builder_version=\"4.4.0\"][et_pb_column type=\"4_4\" _builder_version=\"4.4.0\"][et_pb_divider color=\"#e2e2e2\" _builder_version=\"4.4.0\"][\/et_pb_divider][\/et_pb_column][\/et_pb_row][et_pb_row column_structure=\"1_4,3_4\" _builder_version=\"4.4.0\"][et_pb_column type=\"1_4\" _builder_version=\"4.4.0\"][et_pb_image src=\"https:\/\/fertilityport.com\/wp-content\/uploads\/2020\/03\/lucie-zerbini.jpg\" _builder_version=\"4.4.0\"][\/et_pb_image][\/et_pb_column][et_pb_column type=\"3_4\" _builder_version=\"4.4.0\"][et_pb_text module_class=\"c_blurb\" _builder_version=\"4.4.0\"]<\/p><h2>Lucie Zerbini<\/h2><h3>Education and specialization:<\/h3><ul><li>Business Academy<\/li><\/ul><h3 class=\"h3\">Professional Experience:<\/h3><ul><li>2014 \u2013 2018 IVF Italian and English coordinator, Prague Fertility Centre, Prague<\/li><\/ul><h3><strong>Language Skills:<\/strong><\/h3><p>Italian, English<\/p><p><img class=\"flag\" src=\"https:\/\/fertilityport.com\/wp-content\/uploads\/2020\/03\/gb_flag.jpg\" alt=\"flag EN\" \/>\u00a0<img class=\"flag\" src=\"https:\/\/fertilityport.com\/wp-content\/uploads\/2020\/03\/it_flag.jpg\" alt=\"flag IT\" \/><\/p><p>e-mail: <a href=\"mailto:Zerbini@fertilityport.com\">zerbini@fertilityport.com<\/a><br \/>+420 601 356 056[\/et_pb_text][\/et_pb_column][\/et_pb_row][\/et_pb_section]<\/p>","_et_gb_content_width":"","footnotes":""},"class_list":["post-1196","page","type-page","status-publish","hentry"],"acf":[],"yoast_head":"<!-- This site is optimized with the Yoast SEO plugin v27.2 - https:\/\/yoast.com\/product\/yoast-seo-wordpress\/ -->\n<title>Coordinatrici | FertilityPort Prague - qui inizia la vita<\/title>\n<meta name=\"description\" content=\"Le nostre coordinarici sono pronte ad aiutarVi, a chiarire ogni vostro dubbio e a rispondere a tutte le vostre domande\" \/>\n<meta name=\"robots\" content=\"index, follow, max-snippet:-1, max-image-preview:large, max-video-preview:-1\" \/>\n<link rel=\"canonical\" href=\"https:\/\/fertilityport.com\/coordinators\/\" \/>\n<meta property=\"og:locale\" content=\"it_IT\" \/>\n<meta property=\"og:type\" content=\"article\" \/>\n<meta property=\"og:title\" content=\"Coordinatrici | FertilityPort Prague - qui inizia la vita\" \/>\n<meta property=\"og:description\" content=\"Le nostre coordinarici sono pronte ad aiutarVi, a chiarire ogni vostro dubbio e a rispondere a tutte le vostre domande\" \/>\n<meta property=\"og:url\" content=\"https:\/\/fertilityport.com\/coordinators\/\" \/>\n<meta property=\"og:site_name\" content=\"FertilityPort Prague\" \/>\n<meta property=\"article:modified_time\" content=\"2024-06-04T10:35:07+00:00\" \/>\n<meta property=\"og:image\" content=\"https:\/\/fertilityport.com\/wp-content\/uploads\/2023\/02\/IMG_122914.jpg\" \/>\n<meta name=\"twitter:card\" content=\"summary_large_image\" \/>\n<meta name=\"twitter:label1\" content=\"Tempo di lettura stimato\" \/>\n\t<meta name=\"twitter:data1\" content=\"4 minuti\" \/>\n<script type=\"application\/ld+json\" class=\"yoast-schema-graph\">{\"@context\":\"https:\/\/schema.org\",\"@graph\":[{\"@type\":\"WebPage\",\"@id\":\"https:\/\/fertilityport.com\/coordinators\/\",\"url\":\"https:\/\/fertilityport.com\/coordinators\/\",\"name\":\"Coordinatrici | FertilityPort Prague - qui inizia la vita\",\"isPartOf\":{\"@id\":\"https:\/\/fertilityport.com\/#website\"},\"primaryImageOfPage\":{\"@id\":\"https:\/\/fertilityport.com\/coordinators\/#primaryimage\"},\"image\":{\"@id\":\"https:\/\/fertilityport.com\/coordinators\/#primaryimage\"},\"thumbnailUrl\":\"https:\/\/fertilityport.com\/wp-content\/uploads\/2023\/02\/IMG_122914.jpg\",\"datePublished\":\"2020-03-14T19:28:33+00:00\",\"dateModified\":\"2024-06-04T10:35:07+00:00\",\"description\":\"Le nostre coordinarici sono pronte ad aiutarVi, a chiarire ogni vostro dubbio e a rispondere a tutte le vostre domande\",\"breadcrumb\":{\"@id\":\"https:\/\/fertilityport.com\/coordinators\/#breadcrumb\"},\"inLanguage\":\"it-IT\",\"potentialAction\":[{\"@type\":\"ReadAction\",\"target\":[\"https:\/\/fertilityport.com\/coordinators\/\"]}]},{\"@type\":\"ImageObject\",\"inLanguage\":\"it-IT\",\"@id\":\"https:\/\/fertilityport.com\/coordinators\/#primaryimage\",\"url\":\"https:\/\/fertilityport.com\/wp-content\/uploads\/2023\/02\/IMG_122914.jpg\",\"contentUrl\":\"https:\/\/fertilityport.com\/wp-content\/uploads\/2023\/02\/IMG_122914.jpg\"},{\"@type\":\"BreadcrumbList\",\"@id\":\"https:\/\/fertilityport.com\/coordinators\/#breadcrumb\",\"itemListElement\":[{\"@type\":\"ListItem\",\"position\":1,\"name\":\"Home\",\"item\":\"https:\/\/fertilityport.com\/it\/\"},{\"@type\":\"ListItem\",\"position\":2,\"name\":\"Coordinatrici\"}]},{\"@type\":\"WebSite\",\"@id\":\"https:\/\/fertilityport.com\/#website\",\"url\":\"https:\/\/fertilityport.com\/\",\"name\":\"FertilityPort Prague\",\"description\":\"\",\"potentialAction\":[{\"@type\":\"SearchAction\",\"target\":{\"@type\":\"EntryPoint\",\"urlTemplate\":\"https:\/\/fertilityport.com\/?s={search_term_string}\"},\"query-input\":{\"@type\":\"PropertyValueSpecification\",\"valueRequired\":true,\"valueName\":\"search_term_string\"}}],\"inLanguage\":\"it-IT\"}]}<\/script>\n<!-- \/ Yoast SEO plugin. -->","yoast_head_json":{"title":"Coordinatrici | FertilityPort Prague - qui inizia la vita","description":"Le nostre coordinarici sono pronte ad aiutarVi, a chiarire ogni vostro dubbio e a rispondere a tutte le vostre domande","robots":{"index":"index","follow":"follow","max-snippet":"max-snippet:-1","max-image-preview":"max-image-preview:large","max-video-preview":"max-video-preview:-1"},"canonical":"https:\/\/fertilityport.com\/coordinators\/","og_locale":"it_IT","og_type":"article","og_title":"Coordinatrici | FertilityPort Prague - qui inizia la vita","og_description":"Le nostre coordinarici sono pronte ad aiutarVi, a chiarire ogni vostro dubbio e a rispondere a tutte le vostre domande","og_url":"https:\/\/fertilityport.com\/coordinators\/","og_site_name":"FertilityPort Prague","article_modified_time":"2024-06-04T10:35:07+00:00","og_image":[{"url":"https:\/\/fertilityport.com\/wp-content\/uploads\/2023\/02\/IMG_122914.jpg","type":"","width":"","height":""}],"twitter_card":"summary_large_image","twitter_misc":{"Tempo di lettura stimato":"4 minuti"},"schema":{"@context":"https:\/\/schema.org","@graph":[{"@type":"WebPage","@id":"https:\/\/fertilityport.com\/coordinators\/","url":"https:\/\/fertilityport.com\/coordinators\/","name":"Coordinatrici | FertilityPort Prague - qui inizia la vita","isPartOf":{"@id":"https:\/\/fertilityport.com\/#website"},"primaryImageOfPage":{"@id":"https:\/\/fertilityport.com\/coordinators\/#primaryimage"},"image":{"@id":"https:\/\/fertilityport.com\/coordinators\/#primaryimage"},"thumbnailUrl":"https:\/\/fertilityport.com\/wp-content\/uploads\/2023\/02\/IMG_122914.jpg","datePublished":"2020-03-14T19:28:33+00:00","dateModified":"2024-06-04T10:35:07+00:00","description":"Le nostre coordinarici sono pronte ad aiutarVi, a chiarire ogni vostro dubbio e a rispondere a tutte le vostre domande","breadcrumb":{"@id":"https:\/\/fertilityport.com\/coordinators\/#breadcrumb"},"inLanguage":"it-IT","potentialAction":[{"@type":"ReadAction","target":["https:\/\/fertilityport.com\/coordinators\/"]}]},{"@type":"ImageObject","inLanguage":"it-IT","@id":"https:\/\/fertilityport.com\/coordinators\/#primaryimage","url":"https:\/\/fertilityport.com\/wp-content\/uploads\/2023\/02\/IMG_122914.jpg","contentUrl":"https:\/\/fertilityport.com\/wp-content\/uploads\/2023\/02\/IMG_122914.jpg"},{"@type":"BreadcrumbList","@id":"https:\/\/fertilityport.com\/coordinators\/#breadcrumb","itemListElement":[{"@type":"ListItem","position":1,"name":"Home","item":"https:\/\/fertilityport.com\/it\/"},{"@type":"ListItem","position":2,"name":"Coordinatrici"}]},{"@type":"WebSite","@id":"https:\/\/fertilityport.com\/#website","url":"https:\/\/fertilityport.com\/","name":"FertilityPort Prague","description":"","potentialAction":[{"@type":"SearchAction","target":{"@type":"EntryPoint","urlTemplate":"https:\/\/fertilityport.com\/?s={search_term_string}"},"query-input":{"@type":"PropertyValueSpecification","valueRequired":true,"valueName":"search_term_string"}}],"inLanguage":"it-IT"}]}},"_links":{"self":[{"href":"https:\/\/fertilityport.com\/it\/wp-json\/wp\/v2\/pages\/1196","targetHints":{"allow":["GET"]}}],"collection":[{"href":"https:\/\/fertilityport.com\/it\/wp-json\/wp\/v2\/pages"}],"about":[{"href":"https:\/\/fertilityport.com\/it\/wp-json\/wp\/v2\/types\/page"}],"author":[{"embeddable":true,"href":"https:\/\/fertilityport.com\/it\/wp-json\/wp\/v2\/users\/2"}],"replies":[{"embeddable":true,"href":"https:\/\/fertilityport.com\/it\/wp-json\/wp\/v2\/comments?post=1196"}],"version-history":[{"count":25,"href":"https:\/\/fertilityport.com\/it\/wp-json\/wp\/v2\/pages\/1196\/revisions"}],"predecessor-version":[{"id":7715,"href":"https:\/\/fertilityport.com\/it\/wp-json\/wp\/v2\/pages\/1196\/revisions\/7715"}],"wp:attachment":[{"href":"https:\/\/fertilityport.com\/it\/wp-json\/wp\/v2\/media?parent=1196"}],"curies":[{"name":"wp","href":"https:\/\/api.w.org\/{rel}","templated":true}]}}