{"id":1207,"date":"2020-03-14T20:36:35","date_gmt":"2020-03-14T19:36:35","guid":{"rendered":"https:\/\/fertilityport.vesmirnekure.cz\/?page_id=1207"},"modified":"2021-04-13T13:31:59","modified_gmt":"2021-04-13T11:31:59","slug":"donazione-di-ovuli","status":"publish","type":"page","link":"https:\/\/fertilityport.com\/it\/donazione-di-ovuli\/","title":{"rendered":"Donazione di ovuli"},"content":{"rendered":"<p>[et_pb_section fb_built=&#8221;1&#8243; module_class=&#8221;welcome&#8211;page&#8221; _builder_version=&#8221;4.4.1&#8243; background_image=&#8221;https:\/\/fertilityport.com\/wp-content\/uploads\/2020\/03\/chci_darovat_head_zena.jpg&#8221;][et_pb_row column_structure=&#8221;2_3,1_3&#8243; _builder_version=&#8221;4.4.0&#8243;][et_pb_column type=&#8221;2_3&#8243; _builder_version=&#8221;4.4.0&#8243;][et_pb_text module_class=&#8221;c_blurb&#8221; _builder_version=&#8221;4.4.0&#8243;]<\/p>\n<h1>Donazione di ovuli<\/h1>\n<p>Quale donatrice di ovuli sarete spesso l\u2019unica speranza per le coppie sterili di mettere su famiglia. Donate e fate avverare il sogno di una coppia di avere una famiglia completa.<br \/>Nel periodo prima, durante e dopo la stimolazione rester\u00e0 a vostra disposizione la nostra coordinatrice che potrete contattare in qualsiasi momento in caso di dubbi relativi alla stimolazione.<br \/>La donazione di ovuli \u00e8 volontaria, anonima e gratis. La donatrice, la ricevente ed il futuro bambino rimangono del tutto anonimi.<br \/>L\u2019indennizzo per le spese scaturite dalla donazione vi verr\u00e0 rimborsato in una volta nel giorno del prelievo dei vostri ovuli.<\/p>\n<p>[\/et_pb_text][\/et_pb_column][et_pb_column type=&#8221;1_3&#8243; _builder_version=&#8221;4.4.0&#8243;][\/et_pb_column][\/et_pb_row][\/et_pb_section][et_pb_section fb_built=&#8221;1&#8243; _builder_version=&#8221;4.4.0&#8243;][et_pb_row column_structure=&#8221;3_5,2_5&#8243; _builder_version=&#8221;4.4.0&#8243;][et_pb_column type=&#8221;3_5&#8243; _builder_version=&#8221;4.4.0&#8243;][et_pb_text _builder_version=&#8221;4.4.0&#8243;]<\/p>\n<h2>Quali requisiti dovete soddisfare per essere una futura donatrice:<\/h2>\n<ul>\n<li>et\u00e0 tra i 18 ed i 35 anni<\/li>\n<li>buone condizioni fisiche e psichiche<\/li>\n<li>si suppone un\u2019ottima riserva di ovuli e risultati ginecologici normali<\/li>\n<li>\u00e8 necessario soddisfare requisiti piuttosto rigorosi vista la possibile trasmissione di malattie genetiche<\/li>\n<\/ul>\n<p>[\/et_pb_text][et_pb_text _builder_version=&#8221;4.4.0&#8243;]<\/p>\n<h2>Cosa vi pu\u00f2 dare la donazione:<\/h2>\n<ul>\n<li>soddisfazione nel poter aiutare qualcun altro<\/li>\n<li>un esame completo della fertilit\u00e0 e delle condizioni di salute incluso l\u2019esame genetico. Questi esami possono rappresentare un beneficio in futuro per voi ed i vostri figli<\/li>\n<li>se la donazione sar\u00e0 in qualche modo per voi rischiosa, ve la sconsiglieremo<\/li>\n<\/ul>\n<p>[\/et_pb_text][et_pb_text _builder_version=&#8221;4.4.0&#8243;]<\/p>\n<h2>Come procedere se decidete di diventare una donatrice:<\/h2>\n<ul>\n<li>compilate il formulario on-line, dopodich\u00e9 vi contatter\u00e0 la nostra coordinatrice e prenoter\u00e0 la prima consultazione a seconda delle vostre richieste<\/li>\n<li>nel corso della prima consultazione verrete sottoposti ad un colloquio con il medico, il quale vi informer\u00e0 sull\u2019intero processo di donazione degli ovuli inclusi i potenziali rischi, verrete sottoposti ad una visita ginecologica completa inclusa la sonografia e vi verr\u00e0 prelevato un campione di sangue per le analisi di laboratorio<\/li>\n<li>verrete sottoposti ad un esame genetico \u2013 questa \u00e8 una fase molto importante, il genetista rilascia un documento che attesta la vostra idoneit\u00e0 a donare ovuli e che la donazione non rappresenta un richio per voi e per la ricevente<\/li>\n<li>in seguito all\u2019ottenimento dei risultati, nel caso in cui non vengano rilevati alcuni ostacoli alla donazione, verrete invitati a pianificare il ciclo con la stimolazione, dove il medico e l\u2019infermiera vi spiegheranno tutto nel dettaglio<\/li>\n<\/ul>\n<p>[\/et_pb_text][\/et_pb_column][et_pb_column type=&#8221;2_5&#8243; _builder_version=&#8221;4.4.0&#8243;][et_pb_video src=&#8221;https:\/\/www.youtube.com\/watch?v=wFUVQYaOn8U&#038;feature=emb_title&#8221; _builder_version=&#8221;4.4.0&#8243;][\/et_pb_video][et_pb_video src=&#8221;https:\/\/www.youtube.com\/watch?v=k-CphZ8x9Ek&#038;ab_channel=FertilityPortPrague&#8221; _builder_version=&#8221;4.9.2&#8243; hover_enabled=&#8221;0&#8243; sticky_enabled=&#8221;0&#8243;][\/et_pb_video][\/et_pb_column][\/et_pb_row][et_pb_row module_id=&#8221;faq&#8221; _builder_version=&#8221;4.4.0&#8243;][et_pb_column type=&#8221;4_4&#8243; _builder_version=&#8221;4.4.0&#8243;][et_pb_text _builder_version=&#8221;4.4.0&#8243;]<\/p>\n<h2>Donazione di ovuli<\/h2>\n<ul>\n<li>le iniezioni sono indolore e per la loro applicazione non \u00e8 necessario visitare una clinica<\/li>\n<li>in seguito alla valutazione delle condizioni di salute \u00e8 possibile donare ripetutamente, tuttavia lasciando trascorrere un determinato lasso di tempo necessario per la convalescenza<\/li>\n<li>sulla base delle informazioni disponibili la donazione ripetuta di ovuli non influisce sulla vostra fertilit\u00e0 futura<\/li>\n<li>durante la stimolazione non dovrete usare contraccettivi ormonali, si consiglia un\u2019altra forma di protezione \u2013 il preservativo<\/li>\n<li>uno dei rischi della stimolazione ormonale \u00e8 rappresentato dalla reazione eccessiva delle ovaie, la cosiddetta sindrome da iperstimolazione ovarica, la quale tuttavia non influisce sulla vostra fertilit\u00e0 e su un concepimento futuro. Cerchiamo di prevenire al massimo la sindrome da iperstimolazione ovarica e la sua incidenza non \u00e8 frequente. Se nel vostro caso verr\u00e0 rilevato un rischio maggiore di comparsa della sindrome da iperstimolazione ovarica, il ciclo di donazione vi verr\u00e0 sconsigliato<\/li>\n<li>la spirale intrauterina non \u00e8 un ostacolo per la donazione<\/li>\n<li>in seguito al prelievo degli ovuli spesso si manifestano le mestruazioni a regime normale, il ciclo mestruale non viene influenzato nella stragrande maggioranza delle donne<\/li>\n<li>nel giorno del controllo presso la nostra clinica e nel giorno del prelievo degli ovuli possiamo emettere un certificato di visita medica<\/li>\n<\/ul>\n<p>[\/et_pb_text][\/et_pb_column][\/et_pb_row][\/et_pb_section][et_pb_section fb_built=&#8221;1&#8243; _builder_version=&#8221;4.4.0&#8243; background_image=&#8221;https:\/\/fertilityport.com\/wp-content\/uploads\/2020\/03\/socket.jpg&#8221;][et_pb_row _builder_version=&#8221;4.4.0&#8243;][et_pb_column type=&#8221;4_4&#8243; _builder_version=&#8221;4.4.0&#8243;][\/et_pb_column][\/et_pb_row][\/et_pb_section][et_pb_section fb_built=&#8221;1&#8243; _builder_version=&#8221;4.4.0&#8243; background_color=&#8221;#d4a4a9&#8243;][et_pb_row column_structure=&#8221;1_4,1_2,1_4&#8243; _builder_version=&#8221;4.4.0&#8243;][et_pb_column type=&#8221;1_4&#8243; _builder_version=&#8221;4.4.0&#8243;][\/et_pb_column][et_pb_column type=&#8221;1_2&#8243; _builder_version=&#8221;4.4.0&#8243;][et_pb_text _builder_version=&#8221;4.4.1&#8243;][contact-form-7 id=&#8221;1736&#8243; title=&#8221;IT &#8211; Darov\u00e1n\u00ed \/ Zmra\u017een\u00ed&#8221;][\/et_pb_text][\/et_pb_column][et_pb_column type=&#8221;1_4&#8243; _builder_version=&#8221;4.4.0&#8243;][\/et_pb_column][\/et_pb_row][\/et_pb_section]<\/p>\n","protected":false},"excerpt":{"rendered":"<p>Donazione di ovuli Quale donatrice di ovuli sarete spesso l\u2019unica speranza per le coppie sterili di mettere su famiglia. Donate e fate avverare il sogno di una coppia di avere una famiglia completa.Nel periodo prima, durante e dopo la stimolazione rester\u00e0 a vostra disposizione la nostra coordinatrice che potrete contattare in qualsiasi momento in caso [&hellip;]<\/p>\n","protected":false},"author":2,"featured_media":0,"parent":0,"menu_order":0,"comment_status":"closed","ping_status":"closed","template":"","meta":{"_acf_changed":false,"_et_pb_use_builder":"on","_et_pb_old_content":"<p>[et_pb_section fb_built=\"1\" _builder_version=\"4.4.0\" background_image=\"https:\/\/fertilityport.com\/wp-content\/uploads\/2020\/03\/chci_darovat_head_zena.jpg\"][et_pb_row column_structure=\"2_3,1_3\" _builder_version=\"4.4.0\"][et_pb_column type=\"2_3\" _builder_version=\"4.4.0\"][et_pb_text module_class=\"c_blurb\" _builder_version=\"4.4.0\"]<\/p><h1>Egg donation<\/h1><p>Often, as an egg donor you will become the only hope for infertile couples to start a family. Donate your eggs and fulfil the many couple\u2019s dream to have a complete family.<br \/>Before, during and after the stimulation our coordinator will be at your disposal. You can contact her any time regarding any questions you might have in connection with the stimulation.<br \/>Egg donation is voluntary, anonymous and free of charge. The donor, the recipient and the future child remain in total anonymity.<br \/>You will be compensated for the income lost in connection with the donation as a lump sum on the day of the collection of eggs.[\/et_pb_text][\/et_pb_column][et_pb_column type=\"1_3\" _builder_version=\"4.4.0\"][\/et_pb_column][\/et_pb_row][\/et_pb_section][et_pb_section fb_built=\"1\" _builder_version=\"4.4.0\"][et_pb_row column_structure=\"3_5,2_5\" _builder_version=\"4.4.0\"][et_pb_column type=\"3_5\" _builder_version=\"4.4.0\"][et_pb_text _builder_version=\"4.4.0\"]<\/p><h2>Conditions you have to meet as a future donor:<\/h2><ul><li>18 to 35 years of age<\/li><li>good psychological and physical condition<\/li><li>we expect an excellent supply of eggs and a nominal gynaecological report<\/li><li>you have to fulfil relatively strict requirements with regard to potential transmission of genetically dependent diseases<\/li><\/ul><p>[\/et_pb_text][et_pb_text _builder_version=\"4.4.0\"]<\/p><h2>What will the donation bring to you:<\/h2><ul><li>you will fulfil your need to help others<\/li><li>a full examination of your fertility and state of health, which may be of benefit to both you and your children<\/li><li>should the donation pose any kind of risk to you, we will not recommend it\u00a0<\/li><\/ul><p>[\/et_pb_text][et_pb_text _builder_version=\"4.4.0\"]<\/p><h2>How to proceed if you want to become a donor:<\/h2><ul><li>fill in the on-line form and our coordinator will contact you and give you the preliminary consultation date and time which will suit you<\/li><li>during the preliminary consultation you will undergo an interview with a doctor who will provide instruction and advice on the complete process of egg donation including information about potential risks, you will undergo a complete gynaecological examination including sonography and you will have a blood sample taken for laboratory examination<\/li><li>you undergo genetic examination \u2013 this is a very important phase because the geneticist issues an opinion on whether you are capable of donating eggs and the donation poses any health risks for you or the recipient<\/li><li>upon the reception of the results showing no obstacle to the donation you will be given an appointment to plan your cycle with the stimulation, during which the doctor and nurse will explain everything in detail to you<\/li><\/ul><p>[\/et_pb_text][\/et_pb_column][et_pb_column type=\"2_5\" _builder_version=\"4.4.0\"][et_pb_video src=\"https:\/\/www.youtube.com\/watch?v=Ad5zRaWdhrs\" _builder_version=\"4.4.0\"][\/et_pb_video][\/et_pb_column][\/et_pb_row][et_pb_row _builder_version=\"4.4.0\" hover_enabled=\"0\" module_id=\"faq\"][et_pb_column type=\"4_4\" _builder_version=\"4.4.0\"][et_pb_text _builder_version=\"4.4.0\"]<\/p><h2>Frequently asked questions<\/h2><ul><li>The injections are painless and they may be administered outside the clinic.<\/li><li>After an assessment of your state of health you may donate repeatedly, however with certain intervals necessary for convalescence.<\/li><li>Based on available information there is no impairment done to your fertility due to collection of eggs, even if repeated.<\/li><li>During the actual stimulation you will not use hormonal contraception and so other forms of contraception is recommended \u2013 a condom.<\/li><li>Hormonal stimulation poses a risk of an excessive reaction of the ovaries, the so-called hyperstimulation syndrome, which, however, has no influence on your fertility and planned pregnancy in the future. We try to prevent the hyperstimulation syndrome and it does not appear frequently. Should you be diagnosed with a higher risk of hyperstimulation syndrome we will not recommend the donation cycle to you.<\/li><li>Intrauterine devices (IUDs) do not present any obstruction to the donation.<\/li><li>After the collection the menstruation often comes in the usual time and manner, the menstrual cycle is not \u201cdistorted\u201d in the majority of women.<\/li><li>We may provide you with a certificate of medical appointment on the day of the examination at our clinic and on the day of the collection of the eggs.<\/li><\/ul><p>[\/et_pb_text][\/et_pb_column][\/et_pb_row][\/et_pb_section][et_pb_section fb_built=\"1\" _builder_version=\"4.4.0\" background_image=\"https:\/\/fertilityport.com\/wp-content\/uploads\/2020\/03\/socket.jpg\"][et_pb_row _builder_version=\"4.4.0\"][et_pb_column type=\"4_4\" _builder_version=\"4.4.0\"][\/et_pb_column][\/et_pb_row][\/et_pb_section][et_pb_section fb_built=\"1\" _builder_version=\"4.4.0\" background_color=\"#d4a4a9\"][et_pb_row column_structure=\"1_4,1_2,1_4\" _builder_version=\"4.4.0\"][et_pb_column type=\"1_4\" _builder_version=\"4.4.0\"][\/et_pb_column][et_pb_column type=\"1_2\" _builder_version=\"4.4.0\"][et_pb_text _builder_version=\"4.4.0\"]<\/p><p>[contact-form-7 id=\"16\" title=\"EN - Egg donation\"]<\/p><p>[\/et_pb_text][\/et_pb_column][et_pb_column type=\"1_4\" _builder_version=\"4.4.0\"][\/et_pb_column][\/et_pb_row][\/et_pb_section]<\/p>","_et_gb_content_width":"","footnotes":""},"class_list":["post-1207","page","type-page","status-publish","hentry"],"acf":[],"yoast_head":"<!-- This site is optimized with the Yoast SEO plugin v27.2 - https:\/\/yoast.com\/product\/yoast-seo-wordpress\/ -->\n<title>Donare i miei ovuli | FertilityPort Prague - qui inizia la vita<\/title>\n<meta name=\"description\" content=\"Le donatrici di ovociti sono spesso l&#039;unica speranza per coppie infertili. Diventi donatrice e aiuti alle coppie ad avere famiglia completa.\" \/>\n<meta name=\"robots\" content=\"index, follow, max-snippet:-1, max-image-preview:large, max-video-preview:-1\" \/>\n<link rel=\"canonical\" href=\"https:\/\/fertilityport.com\/egg-donation\/\" \/>\n<meta property=\"og:locale\" content=\"it_IT\" \/>\n<meta property=\"og:type\" content=\"article\" \/>\n<meta property=\"og:title\" content=\"Donare i miei ovuli | FertilityPort Prague - qui inizia la vita\" \/>\n<meta property=\"og:description\" content=\"Le donatrici di ovociti sono spesso l&#039;unica speranza per coppie infertili. Diventi donatrice e aiuti alle coppie ad avere famiglia completa.\" \/>\n<meta property=\"og:url\" content=\"https:\/\/fertilityport.com\/egg-donation\/\" \/>\n<meta property=\"og:site_name\" content=\"FertilityPort Prague\" \/>\n<meta property=\"article:modified_time\" content=\"2021-04-13T11:31:59+00:00\" \/>\n<meta name=\"twitter:card\" content=\"summary_large_image\" \/>\n<meta name=\"twitter:label1\" content=\"Tempo di lettura stimato\" \/>\n\t<meta name=\"twitter:data1\" content=\"4 minuti\" \/>\n<script type=\"application\/ld+json\" class=\"yoast-schema-graph\">{\"@context\":\"https:\/\/schema.org\",\"@graph\":[{\"@type\":\"WebPage\",\"@id\":\"https:\/\/fertilityport.com\/egg-donation\/\",\"url\":\"https:\/\/fertilityport.com\/egg-donation\/\",\"name\":\"Donare i miei ovuli | FertilityPort Prague - qui inizia la vita\",\"isPartOf\":{\"@id\":\"https:\/\/fertilityport.com\/#website\"},\"datePublished\":\"2020-03-14T19:36:35+00:00\",\"dateModified\":\"2021-04-13T11:31:59+00:00\",\"description\":\"Le donatrici di ovociti sono spesso l'unica speranza per coppie infertili. Diventi donatrice e aiuti alle coppie ad avere famiglia completa.\",\"breadcrumb\":{\"@id\":\"https:\/\/fertilityport.com\/egg-donation\/#breadcrumb\"},\"inLanguage\":\"it-IT\",\"potentialAction\":[{\"@type\":\"ReadAction\",\"target\":[\"https:\/\/fertilityport.com\/egg-donation\/\"]}]},{\"@type\":\"BreadcrumbList\",\"@id\":\"https:\/\/fertilityport.com\/egg-donation\/#breadcrumb\",\"itemListElement\":[{\"@type\":\"ListItem\",\"position\":1,\"name\":\"Home\",\"item\":\"https:\/\/fertilityport.com\/it\/\"},{\"@type\":\"ListItem\",\"position\":2,\"name\":\"Donazione di ovuli\"}]},{\"@type\":\"WebSite\",\"@id\":\"https:\/\/fertilityport.com\/#website\",\"url\":\"https:\/\/fertilityport.com\/\",\"name\":\"FertilityPort Prague\",\"description\":\"\",\"potentialAction\":[{\"@type\":\"SearchAction\",\"target\":{\"@type\":\"EntryPoint\",\"urlTemplate\":\"https:\/\/fertilityport.com\/?s={search_term_string}\"},\"query-input\":{\"@type\":\"PropertyValueSpecification\",\"valueRequired\":true,\"valueName\":\"search_term_string\"}}],\"inLanguage\":\"it-IT\"}]}<\/script>\n<!-- \/ Yoast SEO plugin. -->","yoast_head_json":{"title":"Donare i miei ovuli | FertilityPort Prague - qui inizia la vita","description":"Le donatrici di ovociti sono spesso l'unica speranza per coppie infertili. Diventi donatrice e aiuti alle coppie ad avere famiglia completa.","robots":{"index":"index","follow":"follow","max-snippet":"max-snippet:-1","max-image-preview":"max-image-preview:large","max-video-preview":"max-video-preview:-1"},"canonical":"https:\/\/fertilityport.com\/egg-donation\/","og_locale":"it_IT","og_type":"article","og_title":"Donare i miei ovuli | FertilityPort Prague - qui inizia la vita","og_description":"Le donatrici di ovociti sono spesso l'unica speranza per coppie infertili. Diventi donatrice e aiuti alle coppie ad avere famiglia completa.","og_url":"https:\/\/fertilityport.com\/egg-donation\/","og_site_name":"FertilityPort Prague","article_modified_time":"2021-04-13T11:31:59+00:00","twitter_card":"summary_large_image","twitter_misc":{"Tempo di lettura stimato":"4 minuti"},"schema":{"@context":"https:\/\/schema.org","@graph":[{"@type":"WebPage","@id":"https:\/\/fertilityport.com\/egg-donation\/","url":"https:\/\/fertilityport.com\/egg-donation\/","name":"Donare i miei ovuli | FertilityPort Prague - qui inizia la vita","isPartOf":{"@id":"https:\/\/fertilityport.com\/#website"},"datePublished":"2020-03-14T19:36:35+00:00","dateModified":"2021-04-13T11:31:59+00:00","description":"Le donatrici di ovociti sono spesso l'unica speranza per coppie infertili. Diventi donatrice e aiuti alle coppie ad avere famiglia completa.","breadcrumb":{"@id":"https:\/\/fertilityport.com\/egg-donation\/#breadcrumb"},"inLanguage":"it-IT","potentialAction":[{"@type":"ReadAction","target":["https:\/\/fertilityport.com\/egg-donation\/"]}]},{"@type":"BreadcrumbList","@id":"https:\/\/fertilityport.com\/egg-donation\/#breadcrumb","itemListElement":[{"@type":"ListItem","position":1,"name":"Home","item":"https:\/\/fertilityport.com\/it\/"},{"@type":"ListItem","position":2,"name":"Donazione di ovuli"}]},{"@type":"WebSite","@id":"https:\/\/fertilityport.com\/#website","url":"https:\/\/fertilityport.com\/","name":"FertilityPort Prague","description":"","potentialAction":[{"@type":"SearchAction","target":{"@type":"EntryPoint","urlTemplate":"https:\/\/fertilityport.com\/?s={search_term_string}"},"query-input":{"@type":"PropertyValueSpecification","valueRequired":true,"valueName":"search_term_string"}}],"inLanguage":"it-IT"}]}},"_links":{"self":[{"href":"https:\/\/fertilityport.com\/it\/wp-json\/wp\/v2\/pages\/1207","targetHints":{"allow":["GET"]}}],"collection":[{"href":"https:\/\/fertilityport.com\/it\/wp-json\/wp\/v2\/pages"}],"about":[{"href":"https:\/\/fertilityport.com\/it\/wp-json\/wp\/v2\/types\/page"}],"author":[{"embeddable":true,"href":"https:\/\/fertilityport.com\/it\/wp-json\/wp\/v2\/users\/2"}],"replies":[{"embeddable":true,"href":"https:\/\/fertilityport.com\/it\/wp-json\/wp\/v2\/comments?post=1207"}],"version-history":[{"count":8,"href":"https:\/\/fertilityport.com\/it\/wp-json\/wp\/v2\/pages\/1207\/revisions"}],"predecessor-version":[{"id":3727,"href":"https:\/\/fertilityport.com\/it\/wp-json\/wp\/v2\/pages\/1207\/revisions\/3727"}],"wp:attachment":[{"href":"https:\/\/fertilityport.com\/it\/wp-json\/wp\/v2\/media?parent=1207"}],"curies":[{"name":"wp","href":"https:\/\/api.w.org\/{rel}","templated":true}]}}