{"id":1213,"date":"2020-03-14T20:40:20","date_gmt":"2020-03-14T19:40:20","guid":{"rendered":"https:\/\/fertilityport.vesmirnekure.cz\/?page_id=1213"},"modified":"2020-04-20T21:00:31","modified_gmt":"2020-04-20T19:00:31","slug":"crioconservazione-e-preservazione-degli-ovuli","status":"publish","type":"page","link":"https:\/\/fertilityport.com\/it\/crioconservazione-e-preservazione-degli-ovuli\/","title":{"rendered":"Crioconservazione e preservazione degli ovuli"},"content":{"rendered":"<p>[et_pb_section fb_built=&#8221;1&#8243; module_class=&#8221;welcome&#8211;page&#8221; _builder_version=&#8221;4.4.1&#8243; background_image=&#8221;https:\/\/fertilityport.com\/wp-content\/uploads\/2020\/03\/social_freezing_head-egg.jpg&#8221;][et_pb_row column_structure=&#8221;2_3,1_3&#8243; _builder_version=&#8221;4.4.0&#8243;][et_pb_column type=&#8221;2_3&#8243; _builder_version=&#8221;4.4.0&#8243;][et_pb_text module_class=&#8221;c_blurb&#8221; _builder_version=&#8221;4.4.0&#8243;]<\/p>\n<h1>Crioconservazione e preservazione degli ovuli<\/h1>\n<p>Non \u00e8 il momento giusto di mettere su famiglia?<br \/>Congelare gli ovuli ti d\u00e0 la possibilit\u00e0 di mantenere<br \/>le chance di avere un bambino in futuro.<\/p>\n<p>[\/et_pb_text][\/et_pb_column][et_pb_column type=&#8221;1_3&#8243; _builder_version=&#8221;4.4.0&#8243;][\/et_pb_column][\/et_pb_row][\/et_pb_section][et_pb_section fb_built=&#8221;1&#8243; _builder_version=&#8221;4.4.0&#8243;][et_pb_row _builder_version=&#8221;4.4.0&#8243;][et_pb_column type=&#8221;4_4&#8243; _builder_version=&#8221;4.4.0&#8243;][et_pb_text _builder_version=&#8221;4.4.0&#8243;]<\/p>\n<p>Negli ultimi anni i mass media hanno iniziato a parlare della possibilit\u00e0 di un congelamento preventivo degli ovuli (social freezing) per le donne che, solitamente per motivi sociali, vogliono rimandare la loro maternit\u00e0 per poter realizzare i propri sogni, per dedicarsi alla carriera, ecc. Dal punto di vista medico questa procedura non \u00e8 del tutto ottimale. E ci\u00f2 per diversi motivi. In particolare dopo il trentacinquesimo anno di et\u00e0 la qualit\u00e0 degli ovuli diminuisce molto rapidamente. Il processo di diminuzione della qualit\u00e0 degli ovuli inizia a manifestarsi, anche se pi\u00f9 lentamente, gi\u00e0 dopo il trentesimo anno di et\u00e0. Tuttavia ci sono anche situazioni di vita, ad esempio serie condizioni di salute, l\u2019assenza di un partner, quando l\u2019unica possibilit\u00e0 per mantenere viva la probabilit\u00e0 di avere un discendente in futuro \u00e8 rappresentata dalla stimolazione delle ovaie, dal prelievo e dal congelamento degli ovuli della donna.<\/p>\n<p>Saremo lieti se verrete da noi per discutere di questa procedura.<\/p>\n<p>[\/et_pb_text][\/et_pb_column][\/et_pb_row][\/et_pb_section][et_pb_section fb_built=&#8221;1&#8243; _builder_version=&#8221;4.4.0&#8243; background_image=&#8221;https:\/\/fertilityport.com\/wp-content\/uploads\/2020\/03\/socket.jpg&#8221;][et_pb_row _builder_version=&#8221;4.4.0&#8243;][et_pb_column type=&#8221;4_4&#8243; _builder_version=&#8221;4.4.0&#8243;][\/et_pb_column][\/et_pb_row][\/et_pb_section][et_pb_section fb_built=&#8221;1&#8243; _builder_version=&#8221;4.4.0&#8243; background_color=&#8221;#d4a4a9&#8243;][et_pb_row column_structure=&#8221;1_4,1_2,1_4&#8243; _builder_version=&#8221;4.4.0&#8243;][et_pb_column type=&#8221;1_4&#8243; _builder_version=&#8221;4.4.0&#8243;][\/et_pb_column][et_pb_column type=&#8221;1_2&#8243; _builder_version=&#8221;4.4.0&#8243;][et_pb_text _builder_version=&#8221;4.4.1&#8243;][contact-form-7 id=&#8221;1736&#8243; title=&#8221;IT &#8211; Darov\u00e1n\u00ed \/ Zmra\u017een\u00ed&#8221;][\/et_pb_text][\/et_pb_column][et_pb_column type=&#8221;1_4&#8243; _builder_version=&#8221;4.4.0&#8243;][\/et_pb_column][\/et_pb_row][\/et_pb_section]<\/p>\n","protected":false},"excerpt":{"rendered":"<p>Crioconservazione e preservazione degli ovuli Non \u00e8 il momento giusto di mettere su famiglia?Congelare gli ovuli ti d\u00e0 la possibilit\u00e0 di mantenerele chance di avere un bambino in futuro.Negli ultimi anni i mass media hanno iniziato a parlare della possibilit\u00e0 di un congelamento preventivo degli ovuli (social freezing) per le donne che, solitamente per motivi [&hellip;]<\/p>\n","protected":false},"author":2,"featured_media":0,"parent":0,"menu_order":0,"comment_status":"closed","ping_status":"closed","template":"","meta":{"_acf_changed":false,"_et_pb_use_builder":"on","_et_pb_old_content":"<p>[et_pb_section fb_built=\"1\" _builder_version=\"4.4.0\" background_image=\"https:\/\/fertilityport.com\/wp-content\/uploads\/2020\/03\/social_freezing_head-egg.jpg\"][et_pb_row column_structure=\"2_3,1_3\" _builder_version=\"4.4.0\"][et_pb_column type=\"2_3\" _builder_version=\"4.4.0\"][et_pb_text module_class=\"c_blurb\" _builder_version=\"4.4.0\"]<\/p><h1>Freezing and cryopreservation of eggs<\/h1><p>Is your current situation not suitable for starting a family?<br \/>Freezing eggs gives you the opportunity how to maintain<br \/>a chance to have a baby in the future.[\/et_pb_text][\/et_pb_column][et_pb_column type=\"1_3\" _builder_version=\"4.4.0\"][\/et_pb_column][\/et_pb_row][\/et_pb_section][et_pb_section fb_built=\"1\" _builder_version=\"4.4.0\"][et_pb_row _builder_version=\"4.4.0\"][et_pb_column type=\"4_4\" _builder_version=\"4.4.0\"][et_pb_text _builder_version=\"4.4.0\"]Lately the media have begun covering the possibility of preventive freezing of eggs (social freezing) for women, who, most usually due to social reasons, want to postpone their motherhood and start their family after fulfilling their life dreams, professional careers, etc. This procedure is not regarded as optimal by the medical science due to a number of reasons. It must be noted that the woman\u2019s age is the main limiting factor of reaching the ultimate goal, or pregnancy, and no woman should delay her effort of becoming pregnant too much. Especially after reaching the second half of the third decade of her life the egg quality begins to drop rapidly. This can be witnessed, albeit at a slower rate, already when the woman turns thirty. There are, however, such life situations, e.g. serious medical reasons, absence of partner, when the only chance for keeping the chances of future offspring is the stimulation of ovaries, collection and freezing of the woman\u2019s eggs. The same applies to this method as to all the others \u2013 the sooner it is performed the better. If only medical recommendations are to be considered, this procedure should be performed no later than at 25-30 years of age.<\/p><p>Should you want to consult us we will gladly provide information on the whole procedure.[\/et_pb_text][\/et_pb_column][\/et_pb_row][\/et_pb_section][et_pb_section fb_built=\"1\" _builder_version=\"4.4.0\" background_image=\"https:\/\/fertilityport.com\/wp-content\/uploads\/2020\/03\/socket.jpg\"][et_pb_row _builder_version=\"4.4.0\"][et_pb_column _builder_version=\"4.4.0\" type=\"4_4\"][\/et_pb_column][\/et_pb_row][\/et_pb_section][et_pb_section fb_built=\"1\" _builder_version=\"4.4.0\" background_color=\"#d4a4a9\"][et_pb_row column_structure=\"1_4,1_2,1_4\" _builder_version=\"4.4.0\"][et_pb_column type=\"1_4\" _builder_version=\"4.4.0\"][\/et_pb_column][et_pb_column type=\"1_2\" _builder_version=\"4.4.0\"][et_pb_text _builder_version=\"4.4.0\"][contact-form-7 id=\"348\" title=\"EN - Egg freezing\"][\/et_pb_text][\/et_pb_column][et_pb_column type=\"1_4\" _builder_version=\"4.4.0\"][\/et_pb_column][\/et_pb_row][\/et_pb_section]<\/p>","_et_gb_content_width":"","footnotes":""},"class_list":["post-1213","page","type-page","status-publish","hentry"],"acf":[],"yoast_head":"<!-- This site is optimized with the Yoast SEO plugin v27.3 - https:\/\/yoast.com\/product\/yoast-seo-wordpress\/ -->\n<title>Crioconservazione degli ovuli | FertilityPort Prague<\/title>\n<meta name=\"description\" content=\"La situazione non \u00e8 adatta per mettere su una famiglia? Congelare gli ovociti ti d\u00e0 l&#039;opportunit\u00e0 di mantenere le tue chance di avere un bambino in futuro\" \/>\n<meta name=\"robots\" content=\"index, follow, max-snippet:-1, max-image-preview:large, max-video-preview:-1\" \/>\n<link rel=\"canonical\" href=\"https:\/\/fertilityport.com\/freezing-and-cryopreservation-of-eggs\/\" \/>\n<meta property=\"og:locale\" content=\"it_IT\" \/>\n<meta property=\"og:type\" content=\"article\" \/>\n<meta property=\"og:title\" content=\"Crioconservazione degli ovuli | FertilityPort Prague\" \/>\n<meta property=\"og:description\" content=\"La situazione non \u00e8 adatta per mettere su una famiglia? Congelare gli ovociti ti d\u00e0 l&#039;opportunit\u00e0 di mantenere le tue chance di avere un bambino in futuro\" \/>\n<meta property=\"og:url\" content=\"https:\/\/fertilityport.com\/freezing-and-cryopreservation-of-eggs\/\" \/>\n<meta property=\"og:site_name\" content=\"FertilityPort Prague\" \/>\n<meta property=\"article:modified_time\" content=\"2020-04-20T19:00:31+00:00\" \/>\n<meta name=\"twitter:card\" content=\"summary_large_image\" \/>\n<meta name=\"twitter:label1\" content=\"Tempo di lettura stimato\" \/>\n\t<meta name=\"twitter:data1\" content=\"2 minuti\" \/>\n<script type=\"application\/ld+json\" class=\"yoast-schema-graph\">{\"@context\":\"https:\\\/\\\/schema.org\",\"@graph\":[{\"@type\":\"WebPage\",\"@id\":\"https:\\\/\\\/fertilityport.com\\\/freezing-and-cryopreservation-of-eggs\\\/\",\"url\":\"https:\\\/\\\/fertilityport.com\\\/freezing-and-cryopreservation-of-eggs\\\/\",\"name\":\"Crioconservazione degli ovuli | FertilityPort Prague\",\"isPartOf\":{\"@id\":\"https:\\\/\\\/fertilityport.com\\\/#website\"},\"datePublished\":\"2020-03-14T19:40:20+00:00\",\"dateModified\":\"2020-04-20T19:00:31+00:00\",\"description\":\"La situazione non \u00e8 adatta per mettere su una famiglia? Congelare gli ovociti ti d\u00e0 l'opportunit\u00e0 di mantenere le tue chance di avere un bambino in futuro\",\"breadcrumb\":{\"@id\":\"https:\\\/\\\/fertilityport.com\\\/freezing-and-cryopreservation-of-eggs\\\/#breadcrumb\"},\"inLanguage\":\"it-IT\",\"potentialAction\":[{\"@type\":\"ReadAction\",\"target\":[\"https:\\\/\\\/fertilityport.com\\\/freezing-and-cryopreservation-of-eggs\\\/\"]}]},{\"@type\":\"BreadcrumbList\",\"@id\":\"https:\\\/\\\/fertilityport.com\\\/freezing-and-cryopreservation-of-eggs\\\/#breadcrumb\",\"itemListElement\":[{\"@type\":\"ListItem\",\"position\":1,\"name\":\"Home\",\"item\":\"https:\\\/\\\/fertilityport.com\\\/it\\\/\"},{\"@type\":\"ListItem\",\"position\":2,\"name\":\"Crioconservazione e preservazione degli ovuli\"}]},{\"@type\":\"WebSite\",\"@id\":\"https:\\\/\\\/fertilityport.com\\\/#website\",\"url\":\"https:\\\/\\\/fertilityport.com\\\/\",\"name\":\"FertilityPort Prague\",\"description\":\"\",\"potentialAction\":[{\"@type\":\"SearchAction\",\"target\":{\"@type\":\"EntryPoint\",\"urlTemplate\":\"https:\\\/\\\/fertilityport.com\\\/?s={search_term_string}\"},\"query-input\":{\"@type\":\"PropertyValueSpecification\",\"valueRequired\":true,\"valueName\":\"search_term_string\"}}],\"inLanguage\":\"it-IT\"}]}<\/script>\n<!-- \/ Yoast SEO plugin. -->","yoast_head_json":{"title":"Crioconservazione degli ovuli | FertilityPort Prague","description":"La situazione non \u00e8 adatta per mettere su una famiglia? Congelare gli ovociti ti d\u00e0 l'opportunit\u00e0 di mantenere le tue chance di avere un bambino in futuro","robots":{"index":"index","follow":"follow","max-snippet":"max-snippet:-1","max-image-preview":"max-image-preview:large","max-video-preview":"max-video-preview:-1"},"canonical":"https:\/\/fertilityport.com\/freezing-and-cryopreservation-of-eggs\/","og_locale":"it_IT","og_type":"article","og_title":"Crioconservazione degli ovuli | FertilityPort Prague","og_description":"La situazione non \u00e8 adatta per mettere su una famiglia? Congelare gli ovociti ti d\u00e0 l'opportunit\u00e0 di mantenere le tue chance di avere un bambino in futuro","og_url":"https:\/\/fertilityport.com\/freezing-and-cryopreservation-of-eggs\/","og_site_name":"FertilityPort Prague","article_modified_time":"2020-04-20T19:00:31+00:00","twitter_card":"summary_large_image","twitter_misc":{"Tempo di lettura stimato":"2 minuti"},"schema":{"@context":"https:\/\/schema.org","@graph":[{"@type":"WebPage","@id":"https:\/\/fertilityport.com\/freezing-and-cryopreservation-of-eggs\/","url":"https:\/\/fertilityport.com\/freezing-and-cryopreservation-of-eggs\/","name":"Crioconservazione degli ovuli | FertilityPort Prague","isPartOf":{"@id":"https:\/\/fertilityport.com\/#website"},"datePublished":"2020-03-14T19:40:20+00:00","dateModified":"2020-04-20T19:00:31+00:00","description":"La situazione non \u00e8 adatta per mettere su una famiglia? Congelare gli ovociti ti d\u00e0 l'opportunit\u00e0 di mantenere le tue chance di avere un bambino in futuro","breadcrumb":{"@id":"https:\/\/fertilityport.com\/freezing-and-cryopreservation-of-eggs\/#breadcrumb"},"inLanguage":"it-IT","potentialAction":[{"@type":"ReadAction","target":["https:\/\/fertilityport.com\/freezing-and-cryopreservation-of-eggs\/"]}]},{"@type":"BreadcrumbList","@id":"https:\/\/fertilityport.com\/freezing-and-cryopreservation-of-eggs\/#breadcrumb","itemListElement":[{"@type":"ListItem","position":1,"name":"Home","item":"https:\/\/fertilityport.com\/it\/"},{"@type":"ListItem","position":2,"name":"Crioconservazione e preservazione degli ovuli"}]},{"@type":"WebSite","@id":"https:\/\/fertilityport.com\/#website","url":"https:\/\/fertilityport.com\/","name":"FertilityPort Prague","description":"","potentialAction":[{"@type":"SearchAction","target":{"@type":"EntryPoint","urlTemplate":"https:\/\/fertilityport.com\/?s={search_term_string}"},"query-input":{"@type":"PropertyValueSpecification","valueRequired":true,"valueName":"search_term_string"}}],"inLanguage":"it-IT"}]}},"_links":{"self":[{"href":"https:\/\/fertilityport.com\/it\/wp-json\/wp\/v2\/pages\/1213","targetHints":{"allow":["GET"]}}],"collection":[{"href":"https:\/\/fertilityport.com\/it\/wp-json\/wp\/v2\/pages"}],"about":[{"href":"https:\/\/fertilityport.com\/it\/wp-json\/wp\/v2\/types\/page"}],"author":[{"embeddable":true,"href":"https:\/\/fertilityport.com\/it\/wp-json\/wp\/v2\/users\/2"}],"replies":[{"embeddable":true,"href":"https:\/\/fertilityport.com\/it\/wp-json\/wp\/v2\/comments?post=1213"}],"version-history":[{"count":6,"href":"https:\/\/fertilityport.com\/it\/wp-json\/wp\/v2\/pages\/1213\/revisions"}],"predecessor-version":[{"id":1988,"href":"https:\/\/fertilityport.com\/it\/wp-json\/wp\/v2\/pages\/1213\/revisions\/1988"}],"wp:attachment":[{"href":"https:\/\/fertilityport.com\/it\/wp-json\/wp\/v2\/media?parent=1213"}],"curies":[{"name":"wp","href":"https:\/\/api.w.org\/{rel}","templated":true}]}}