{"id":1219,"date":"2020-03-14T20:41:49","date_gmt":"2020-03-14T19:41:49","guid":{"rendered":"https:\/\/fertilityport.vesmirnekure.cz\/?page_id=1219"},"modified":"2022-05-09T10:55:53","modified_gmt":"2022-05-09T08:55:53","slug":"crioconservazione-e-preservazione-degli-spermatozoi","status":"publish","type":"page","link":"https:\/\/fertilityport.com\/it\/crioconservazione-e-preservazione-degli-spermatozoi\/","title":{"rendered":"Crioconservazione e preservazione degli spermatozoi"},"content":{"rendered":"<p>[et_pb_section fb_built=&#8221;1&#8243; module_class=&#8221;welcome&#8211;page&#8221; _builder_version=&#8221;4.4.1&#8243; background_image=&#8221;https:\/\/fertilityport.com\/wp-content\/uploads\/2020\/03\/zamrazeni_spermii_head.jpg&#8221; global_colors_info=&#8221;{}&#8221;][et_pb_row column_structure=&#8221;2_3,1_3&#8243; _builder_version=&#8221;4.4.0&#8243; global_colors_info=&#8221;{}&#8221;][et_pb_column type=&#8221;2_3&#8243; _builder_version=&#8221;4.4.0&#8243; global_colors_info=&#8221;{}&#8221;][et_pb_text module_class=&#8221;c_blurb&#8221; _builder_version=&#8221;4.4.0&#8243; global_colors_info=&#8221;{}&#8221;]<\/p>\n<h1>Crioconservazione e preservazione degli spermatozoi<\/h1>\n<p>Non \u00e8 il momento giusto per avere un bambino? Un modo affidabile per mantenere la fertilit\u00e0 in futuro \u00e8 congelare ora i vostri spermatozoi.<\/p>\n<p>[\/et_pb_text][\/et_pb_column][et_pb_column type=&#8221;1_3&#8243; _builder_version=&#8221;4.4.0&#8243; global_colors_info=&#8221;{}&#8221;][\/et_pb_column][\/et_pb_row][\/et_pb_section][et_pb_section fb_built=&#8221;1&#8243; _builder_version=&#8221;4.4.0&#8243; global_colors_info=&#8221;{}&#8221;][et_pb_row _builder_version=&#8221;4.4.0&#8243; global_colors_info=&#8221;{}&#8221;][et_pb_column type=&#8221;4_4&#8243; _builder_version=&#8221;4.4.0&#8243; global_colors_info=&#8221;{}&#8221;][et_pb_text _builder_version=&#8221;4.4.0&#8243; global_colors_info=&#8221;{}&#8221;]<\/p>\n<p>Con et\u00e0 la qualit\u00e0 delle informazioni genetiche negli spermatozoi pu\u00f2 diminuire. Il social freezing \u00e8 spesso ricercato dagli uomini che rimandano per vari motivi il primo figlio. Il congelamento degli spermatozoi \u00e8 adatto anche agli uomini che svolgono professioni ad alto rischio (ad es. con una maggiore concentrazione di sostanze nocive) che possono influire sulla qualit\u00e0 degli spermatozoi o che sono in attesa del trattamento oncologico.<\/p>\n<p>Saremo lieti se verrete da noi per discutere di questa procedura.<\/p>\n<p>[\/et_pb_text][\/et_pb_column][\/et_pb_row][\/et_pb_section][et_pb_section fb_built=&#8221;1&#8243; _builder_version=&#8221;4.4.0&#8243; background_image=&#8221;https:\/\/fertilityport.com\/wp-content\/uploads\/2020\/03\/socket.jpg&#8221; global_colors_info=&#8221;{}&#8221;][et_pb_row _builder_version=&#8221;4.4.0&#8243; global_colors_info=&#8221;{}&#8221;][et_pb_column type=&#8221;4_4&#8243; _builder_version=&#8221;4.4.0&#8243; global_colors_info=&#8221;{}&#8221;][\/et_pb_column][\/et_pb_row][\/et_pb_section][et_pb_section fb_built=&#8221;1&#8243; _builder_version=&#8221;4.4.0&#8243; background_color=&#8221;#d4a4a9&#8243; global_colors_info=&#8221;{}&#8221;][et_pb_row column_structure=&#8221;1_4,1_2,1_4&#8243; _builder_version=&#8221;4.4.0&#8243; global_colors_info=&#8221;{}&#8221;][et_pb_column type=&#8221;1_4&#8243; _builder_version=&#8221;4.4.0&#8243; global_colors_info=&#8221;{}&#8221;][\/et_pb_column][et_pb_column type=&#8221;1_2&#8243; _builder_version=&#8221;4.4.0&#8243; global_colors_info=&#8221;{}&#8221;][et_pb_text _builder_version=&#8221;4.14.4&#8243; hover_enabled=&#8221;0&#8243; global_colors_info=&#8221;{}&#8221; sticky_enabled=&#8221;0&#8243;]<div class='fluentform ff-default fluentform_wrapper_11 ffs_default_wrap'><form data-form_id=\"11\" id=\"fluentform_11\" class=\"frm-fluent-form fluent_form_11 ff-el-form-top ff_form_instance_11_1 ff-form-loading form_bg ffs_default\" data-form_instance=\"ff_form_instance_11_1\" method=\"POST\" ><fieldset  style=\"border: none!important;margin: 0!important;padding: 0!important;background-color: transparent!important;box-shadow: none!important;outline: none!important; min-inline-size: 100%;\">\n                    <legend class=\"ff_screen_reader_title\" style=\"display: block; margin: 0!important;padding: 0!important;height: 0!important;text-indent: -999999px;width: 0!important;overflow:hidden;\">Darov\u00e1n\u00ed \/ zmra\u017een\u00ed - IT<\/legend><input type='hidden' name='__fluent_form_embded_post_id' value='1219' \/><input type=\"hidden\" id=\"_fluentform_11_fluentformnonce\" name=\"_fluentform_11_fluentformnonce\" value=\"7b82a0c305\" \/><input type=\"hidden\" name=\"_wp_http_referer\" value=\"\/it\/wp-json\/wp\/v2\/pages\/1219\" \/><div class='ff-el-group'><div class=\"ff-el-input--label ff-el-is-required asterisk-right\"><label for='ff_11_input_text' id='label_ff_11_input_text' aria-label=\"Nome e cognome\">Nome e cognome<\/label><\/div><div class='ff-el-input--content'><input type=\"text\" name=\"input_text\" class=\"ff-el-form-control\" placeholder=\"Inserisci il nome\" data-name=\"input_text\" id=\"ff_11_input_text\"  aria-invalid=\"false\" aria-required=true><\/div><\/div><div class='ff-el-group'><div class=\"ff-el-input--label ff-el-is-required asterisk-right\"><label for='ff_11_email' id='label_ff_11_email' aria-label=\"Email\">Email<\/label><\/div><div class='ff-el-input--content'><input type=\"email\" name=\"email\" id=\"ff_11_email\" class=\"ff-el-form-control\" placeholder=\"Inserisci il tuo indirizzo e-mail\" data-name=\"email\"  aria-invalid=\"false\" aria-required=true><\/div><\/div><div class='ff-el-group'><div class=\"ff-el-input--label ff-el-is-required asterisk-right\"><label for='ff_11_phone' id='label_ff_11_phone' aria-label=\"Tel.\">Tel.<\/label><\/div><div class='ff-el-input--content'><input name=\"phone\" class=\"ff-el-form-control ff-el-phone ff_el_with_extended_validation\" type=\"tel\" data-name=\"phone\" id=\"ff_11_phone\" inputmode=\"tel\"  aria-invalid='false' aria-required=true><\/div><\/div><div class='ff-el-group'><div class=\"ff-el-input--label ff-el-is-required asterisk-right\"><label for='ff_11_numeric-field' id='label_ff_11_numeric-field' aria-label=\"Et\u00e0\">Et\u00e0<\/label><\/div><div class='ff-el-input--content'><input type=\"number\" name=\"numeric-field\" id=\"ff_11_numeric-field\" class=\"ff-el-form-control\" placeholder=\"Inserisci la tua et\u00e0\" data-name=\"numeric-field\" inputmode=\"numeric\" step=\"any\"  aria-invalid=\"false\" aria-required=true><\/div><\/div><div class='ff-el-group'><div class=\"ff-el-input--label ff-el-is-required asterisk-right\"><label for='ff_11_description' id='label_ff_11_description' aria-label=\"Domanda\">Domanda<\/label><\/div><div class='ff-el-input--content'><textarea aria-required=\"true\" aria-labelledby=\"label_ff_11_description\" name=\"description\" id=\"ff_11_description\" class=\"ff-el-form-control\" placeholder=\"Inserisci il tuo indirizzo e-mail\" rows=\"3\" cols=\"2\" data-name=\"description\" ><\/textarea><\/div><\/div><div class='ff-el-group    ff-el-input--content'><div class='ff-el-form-check ff-el-tc'><label aria-label='Barrando la casella si accettano tutti i termini e condizioni' class='ff-el-form-check-label ff_tc_label' for=terms-n-condition_9028db67c4ff22a6f3032181cf8e0800><span class='ff_tc_checkbox'><input type=\"checkbox\" name=\"terms-n-condition\" class=\"ff-el-form-check-input\" data-name=\"terms-n-condition\" id=\"terms-n-condition_9028db67c4ff22a6f3032181cf8e0800\"  value='on' aria-invalid='false' aria-required=true><\/span> <div class='ff_t_c'><p>Barrando la casella si accettano tutti i termini e condizioni<\/p><\/div><\/label><\/div><\/div><div class='ff-el-group ff-text-left ff_submit_btn_wrapper'><button type=\"submit\" class=\"ff-btn ff-btn-submit ff-btn-md btn btn--secondary ff_btn_no_style\"  aria-label=\"Inviare\">Inviare<\/button><\/div><\/fieldset><\/form><div id='fluentform_11_errors' class='ff-errors-in-stack ff_form_instance_11_1 ff-form-loading_errors ff_form_instance_11_1_errors'><\/div><\/div>            <script type=\"text\/javascript\">\n                window.fluent_form_ff_form_instance_11_1 = {\"id\":\"11\",\"ajaxUrl\":\"https:\\\/\\\/fertilityport.com\\\/wp-admin\\\/admin-ajax.php\",\"settings\":{\"layout\":{\"labelPlacement\":\"top\",\"helpMessagePlacement\":\"with_label\",\"errorMessagePlacement\":\"inline\",\"asteriskPlacement\":\"asterisk-right\"},\"restrictions\":{\"denyEmptySubmission\":{\"enabled\":false}}},\"form_instance\":\"ff_form_instance_11_1\",\"form_id_selector\":\"fluentform_11\",\"rules\":{\"input_text\":{\"required\":{\"value\":true,\"message\":\"Questo campo \\u00e8 obbligatorio.\"}},\"email\":{\"required\":{\"value\":true,\"message\":\"Questo campo \\u00e8 obbligatorio.\"},\"email\":{\"value\":true,\"message\":\"This field must contain a valid email\"}},\"phone\":{\"required\":{\"value\":true,\"message\":\"Questo campo \\u00e8 obbligatorio.\"},\"valid_phone_number\":{\"value\":true,\"message\":\"Phone number is not valid\"}},\"numeric-field\":{\"required\":{\"value\":true,\"message\":\"Questo campo \\u00e8 obbligatorio.\"},\"numeric\":{\"value\":true,\"message\":\"This field must contain numeric value\"},\"min\":{\"value\":\"\",\"message\":\"Minimum value is \"},\"max\":{\"value\":\"\",\"message\":\"Maximum value is \"},\"digits\":{\"value\":\"\",\"message\":\"The number of digits has to be \"}},\"description\":{\"required\":{\"value\":true,\"message\":\"Questo campo \\u00e8 obbligatorio.\"}},\"terms-n-condition\":{\"required\":{\"value\":true,\"message\":\"Questo campo \\u00e8 obbligatorio.\"}}},\"debounce_time\":300};\n                            <\/script>\n            [\/et_pb_text][\/et_pb_column][et_pb_column type=&#8221;1_4&#8243; _builder_version=&#8221;4.4.0&#8243; global_colors_info=&#8221;{}&#8221;][\/et_pb_column][\/et_pb_row][\/et_pb_section]<\/p>\n","protected":false},"excerpt":{"rendered":"<p>Crioconservazione e preservazione degli spermatozoi Non \u00e8 il momento giusto per avere un bambino? Un modo affidabile per mantenere la fertilit\u00e0 in futuro \u00e8 congelare ora i vostri spermatozoi.Con et\u00e0 la qualit\u00e0 delle informazioni genetiche negli spermatozoi pu\u00f2 diminuire. Il social freezing \u00e8 spesso ricercato dagli uomini che rimandano per vari motivi il primo figlio. [&hellip;]<\/p>\n","protected":false},"author":2,"featured_media":0,"parent":0,"menu_order":0,"comment_status":"closed","ping_status":"closed","template":"","meta":{"_acf_changed":false,"_et_pb_use_builder":"on","_et_pb_old_content":"<p>[et_pb_section fb_built=\"1\" _builder_version=\"4.4.0\" background_image=\"https:\/\/fertilityport.com\/wp-content\/uploads\/2020\/03\/zamrazeni_spermii_head.jpg\"][et_pb_row column_structure=\"2_3,1_3\" _builder_version=\"4.4.0\"][et_pb_column type=\"2_3\" _builder_version=\"4.4.0\"][et_pb_text module_class=\"c_blurb\" _builder_version=\"4.4.0\"]<\/p><h1>Freezing and cryopreservation of the sperm<\/h1><p>Is this not the right moment to start a family?<br \/>A reliable way to maintain fertility in the future is to freeze your sperm now.[\/et_pb_text][\/et_pb_column][et_pb_column type=\"1_3\" _builder_version=\"4.4.0\"][\/et_pb_column][\/et_pb_row][\/et_pb_section][et_pb_section fb_built=\"1\" _builder_version=\"4.4.0\"][et_pb_row _builder_version=\"4.4.0\"][et_pb_column type=\"4_4\" _builder_version=\"4.4.0\"][et_pb_text _builder_version=\"4.4.0\"]The quality of genetic information contained in sperm may decrease with the age. Often, the Social freezing is sought by men who postpone parenthood. However, the sperm freezing is also suitable for men who perform high-risk occupation (for example with an increased concentration of harmful substances) that may affect sperm quality, or men who have to undergo some treatment that may interfere with the fertility \u2013 vasectomy, chemotherapy or radiation for cancer.<\/p><p>Should you want to consult this we will gladly provide information on the whole procedure.[\/et_pb_text][\/et_pb_column][\/et_pb_row][\/et_pb_section][et_pb_section fb_built=\"1\" _builder_version=\"4.4.0\" background_image=\"https:\/\/fertilityport.com\/wp-content\/uploads\/2020\/03\/socket.jpg\"][et_pb_row _builder_version=\"4.4.0\"][et_pb_column _builder_version=\"4.4.0\" type=\"4_4\"][\/et_pb_column][\/et_pb_row][\/et_pb_section][et_pb_section fb_built=\"1\" _builder_version=\"4.4.0\" background_color=\"#d4a4a9\"][et_pb_row column_structure=\"1_4,1_2,1_4\" _builder_version=\"4.4.0\"][et_pb_column type=\"1_4\" _builder_version=\"4.4.0\"][\/et_pb_column][et_pb_column type=\"1_2\" _builder_version=\"4.4.0\"][et_pb_text _builder_version=\"4.4.0\"][contact-form-7 id=\"355\" title=\"EN - Sperm freezing\"][\/et_pb_text][\/et_pb_column][et_pb_column type=\"1_4\" _builder_version=\"4.4.0\"][\/et_pb_column][\/et_pb_row][\/et_pb_section]<\/p>","_et_gb_content_width":"","footnotes":""},"class_list":["post-1219","page","type-page","status-publish","hentry"],"acf":[],"yoast_head":"<!-- This site is optimized with the Yoast SEO plugin v27.4 - https:\/\/yoast.com\/product\/yoast-seo-wordpress\/ -->\n<title>Crioconservazione degli spermatozoi | FertilityPort Prague<\/title>\n<meta name=\"description\" content=\"Non \u00e8 ancora arrivato il momento giusto per mettere su una famiglia? Un modo affidabile per mantenere la fertilit\u00e0 in futuro \u00e8 congelare ora lo sperma\" \/>\n<meta name=\"robots\" content=\"index, follow, max-snippet:-1, max-image-preview:large, max-video-preview:-1\" \/>\n<link rel=\"canonical\" href=\"https:\/\/fertilityport.com\/freezing-and-cryopreservation-of-the-sperm\/\" \/>\n<meta property=\"og:locale\" content=\"it_IT\" \/>\n<meta property=\"og:type\" content=\"article\" \/>\n<meta property=\"og:title\" content=\"Crioconservazione degli spermatozoi | FertilityPort Prague\" \/>\n<meta property=\"og:description\" content=\"Non \u00e8 ancora arrivato il momento giusto per mettere su una famiglia? Un modo affidabile per mantenere la fertilit\u00e0 in futuro \u00e8 congelare ora lo sperma\" \/>\n<meta property=\"og:url\" content=\"https:\/\/fertilityport.com\/freezing-and-cryopreservation-of-the-sperm\/\" \/>\n<meta property=\"og:site_name\" content=\"FertilityPort Prague\" \/>\n<meta property=\"article:modified_time\" content=\"2022-05-09T08:55:53+00:00\" \/>\n<meta name=\"twitter:card\" content=\"summary_large_image\" \/>\n<meta name=\"twitter:label1\" content=\"Tempo di lettura stimato\" \/>\n\t<meta name=\"twitter:data1\" content=\"2 minuti\" \/>\n<script type=\"application\/ld+json\" class=\"yoast-schema-graph\">{\"@context\":\"https:\\\/\\\/schema.org\",\"@graph\":[{\"@type\":\"WebPage\",\"@id\":\"https:\\\/\\\/fertilityport.com\\\/freezing-and-cryopreservation-of-the-sperm\\\/\",\"url\":\"https:\\\/\\\/fertilityport.com\\\/freezing-and-cryopreservation-of-the-sperm\\\/\",\"name\":\"Crioconservazione degli spermatozoi | FertilityPort Prague\",\"isPartOf\":{\"@id\":\"https:\\\/\\\/fertilityport.com\\\/#website\"},\"datePublished\":\"2020-03-14T19:41:49+00:00\",\"dateModified\":\"2022-05-09T08:55:53+00:00\",\"description\":\"Non \u00e8 ancora arrivato il momento giusto per mettere su una famiglia? Un modo affidabile per mantenere la fertilit\u00e0 in futuro \u00e8 congelare ora lo sperma\",\"breadcrumb\":{\"@id\":\"https:\\\/\\\/fertilityport.com\\\/freezing-and-cryopreservation-of-the-sperm\\\/#breadcrumb\"},\"inLanguage\":\"it-IT\",\"potentialAction\":[{\"@type\":\"ReadAction\",\"target\":[\"https:\\\/\\\/fertilityport.com\\\/freezing-and-cryopreservation-of-the-sperm\\\/\"]}]},{\"@type\":\"BreadcrumbList\",\"@id\":\"https:\\\/\\\/fertilityport.com\\\/freezing-and-cryopreservation-of-the-sperm\\\/#breadcrumb\",\"itemListElement\":[{\"@type\":\"ListItem\",\"position\":1,\"name\":\"Home\",\"item\":\"https:\\\/\\\/fertilityport.com\\\/it\\\/\"},{\"@type\":\"ListItem\",\"position\":2,\"name\":\"Crioconservazione e preservazione degli spermatozoi\"}]},{\"@type\":\"WebSite\",\"@id\":\"https:\\\/\\\/fertilityport.com\\\/#website\",\"url\":\"https:\\\/\\\/fertilityport.com\\\/\",\"name\":\"FertilityPort Prague\",\"description\":\"\",\"potentialAction\":[{\"@type\":\"SearchAction\",\"target\":{\"@type\":\"EntryPoint\",\"urlTemplate\":\"https:\\\/\\\/fertilityport.com\\\/?s={search_term_string}\"},\"query-input\":{\"@type\":\"PropertyValueSpecification\",\"valueRequired\":true,\"valueName\":\"search_term_string\"}}],\"inLanguage\":\"it-IT\"}]}<\/script>\n<!-- \/ Yoast SEO plugin. -->","yoast_head_json":{"title":"Crioconservazione degli spermatozoi | FertilityPort Prague","description":"Non \u00e8 ancora arrivato il momento giusto per mettere su una famiglia? Un modo affidabile per mantenere la fertilit\u00e0 in futuro \u00e8 congelare ora lo sperma","robots":{"index":"index","follow":"follow","max-snippet":"max-snippet:-1","max-image-preview":"max-image-preview:large","max-video-preview":"max-video-preview:-1"},"canonical":"https:\/\/fertilityport.com\/freezing-and-cryopreservation-of-the-sperm\/","og_locale":"it_IT","og_type":"article","og_title":"Crioconservazione degli spermatozoi | FertilityPort Prague","og_description":"Non \u00e8 ancora arrivato il momento giusto per mettere su una famiglia? Un modo affidabile per mantenere la fertilit\u00e0 in futuro \u00e8 congelare ora lo sperma","og_url":"https:\/\/fertilityport.com\/freezing-and-cryopreservation-of-the-sperm\/","og_site_name":"FertilityPort Prague","article_modified_time":"2022-05-09T08:55:53+00:00","twitter_card":"summary_large_image","twitter_misc":{"Tempo di lettura stimato":"2 minuti"},"schema":{"@context":"https:\/\/schema.org","@graph":[{"@type":"WebPage","@id":"https:\/\/fertilityport.com\/freezing-and-cryopreservation-of-the-sperm\/","url":"https:\/\/fertilityport.com\/freezing-and-cryopreservation-of-the-sperm\/","name":"Crioconservazione degli spermatozoi | FertilityPort Prague","isPartOf":{"@id":"https:\/\/fertilityport.com\/#website"},"datePublished":"2020-03-14T19:41:49+00:00","dateModified":"2022-05-09T08:55:53+00:00","description":"Non \u00e8 ancora arrivato il momento giusto per mettere su una famiglia? Un modo affidabile per mantenere la fertilit\u00e0 in futuro \u00e8 congelare ora lo sperma","breadcrumb":{"@id":"https:\/\/fertilityport.com\/freezing-and-cryopreservation-of-the-sperm\/#breadcrumb"},"inLanguage":"it-IT","potentialAction":[{"@type":"ReadAction","target":["https:\/\/fertilityport.com\/freezing-and-cryopreservation-of-the-sperm\/"]}]},{"@type":"BreadcrumbList","@id":"https:\/\/fertilityport.com\/freezing-and-cryopreservation-of-the-sperm\/#breadcrumb","itemListElement":[{"@type":"ListItem","position":1,"name":"Home","item":"https:\/\/fertilityport.com\/it\/"},{"@type":"ListItem","position":2,"name":"Crioconservazione e preservazione degli spermatozoi"}]},{"@type":"WebSite","@id":"https:\/\/fertilityport.com\/#website","url":"https:\/\/fertilityport.com\/","name":"FertilityPort Prague","description":"","potentialAction":[{"@type":"SearchAction","target":{"@type":"EntryPoint","urlTemplate":"https:\/\/fertilityport.com\/?s={search_term_string}"},"query-input":{"@type":"PropertyValueSpecification","valueRequired":true,"valueName":"search_term_string"}}],"inLanguage":"it-IT"}]}},"_links":{"self":[{"href":"https:\/\/fertilityport.com\/it\/wp-json\/wp\/v2\/pages\/1219","targetHints":{"allow":["GET"]}}],"collection":[{"href":"https:\/\/fertilityport.com\/it\/wp-json\/wp\/v2\/pages"}],"about":[{"href":"https:\/\/fertilityport.com\/it\/wp-json\/wp\/v2\/types\/page"}],"author":[{"embeddable":true,"href":"https:\/\/fertilityport.com\/it\/wp-json\/wp\/v2\/users\/2"}],"replies":[{"embeddable":true,"href":"https:\/\/fertilityport.com\/it\/wp-json\/wp\/v2\/comments?post=1219"}],"version-history":[{"count":7,"href":"https:\/\/fertilityport.com\/it\/wp-json\/wp\/v2\/pages\/1219\/revisions"}],"predecessor-version":[{"id":5663,"href":"https:\/\/fertilityport.com\/it\/wp-json\/wp\/v2\/pages\/1219\/revisions\/5663"}],"wp:attachment":[{"href":"https:\/\/fertilityport.com\/it\/wp-json\/wp\/v2\/media?parent=1219"}],"curies":[{"name":"wp","href":"https:\/\/api.w.org\/{rel}","templated":true}]}}