{"id":1250,"date":"2020-03-14T20:59:14","date_gmt":"2020-03-14T19:59:14","guid":{"rendered":"https:\/\/fertilityport.vesmirnekure.cz\/?page_id=1250"},"modified":"2020-04-20T21:27:14","modified_gmt":"2020-04-20T19:27:14","slug":"voglio-un-bimbo","status":"publish","type":"page","link":"https:\/\/fertilityport.com\/it\/voglio-un-bimbo\/","title":{"rendered":"Voglio un bimbo"},"content":{"rendered":"<p>[et_pb_section fb_built=&#8221;1&#8243; module_class=&#8221;welcome&#8211;page&#8221; _builder_version=&#8221;4.4.1&#8243; background_image=&#8221;https:\/\/fertilityport.com\/wp-content\/uploads\/2020\/03\/child_fertility_head.jpg&#8221; custom_padding=&#8221;||90px|||&#8221;][et_pb_row column_structure=&#8221;3_5,2_5&#8243; _builder_version=&#8221;4.4.0&#8243;][et_pb_column type=&#8221;3_5&#8243; _builder_version=&#8221;4.4.0&#8243;][et_pb_text module_class=&#8221;c_blurb&#8221; _builder_version=&#8221;4.4.0&#8243;]<\/p>\n<h1>Voglio un bimbo<\/h1>\n<p>Fissa un appuntamento con uno dei nostri specialisti,<br \/>insieme cercheremo di trovare la causa del mancato concepimento<br \/>e troveremo la miglior soluzione e il trattamento pi\u00f9 efficace.<\/p>\n<p>[\/et_pb_text][\/et_pb_column][et_pb_column type=&#8221;2_5&#8243; _builder_version=&#8221;4.4.0&#8243;][\/et_pb_column][\/et_pb_row][\/et_pb_section][et_pb_section fb_built=&#8221;1&#8243; module_class=&#8221;section&#8211;pushtop&#8221; _builder_version=&#8221;4.4.0&#8243; custom_padding=&#8221;0px||29px|||&#8221;][et_pb_row column_structure=&#8221;1_5,1_5,1_5,1_5,1_5&#8243; use_custom_gutter=&#8221;on&#8221; gutter_width=&#8221;2&#8243; make_equal=&#8221;on&#8221; _builder_version=&#8221;4.4.1&#8243; custom_padding=&#8221;||0px||false|false&#8221;][et_pb_column type=&#8221;1_5&#8243; _builder_version=&#8221;4.4.0&#8243;][et_pb_blurb title=&#8221;LE PI\u00d9 DIFFUSE CAUSE DELL&#8217;INFERTILIT\u00c0&#8221; url=&#8221;https:\/\/fertilityport.com\/it\/le-piu-diffuse-cause-dellinfertilita\/&#8221; image=&#8221;https:\/\/fertilityport.com\/wp-content\/uploads\/2020\/03\/sperm.svg&#8221; module_class=&#8221;blurb&#8211;up blurb&#8211;up&#8211;small&#8221; _builder_version=&#8221;4.4.1&#8243; header_level=&#8221;h2&#8243; text_orientation=&#8221;center&#8221; animation=&#8221;off&#8221;]<\/p>\n<p>quali sono le cause pi\u00f9 comuni dell\u2019infertilit\u00e0?<\/p>\n<p>[\/et_pb_blurb][\/et_pb_column][et_pb_column type=&#8221;1_5&#8243; _builder_version=&#8221;4.4.0&#8243;][et_pb_blurb title=&#8221;LA CURA DELL\u2019INFERTILIT\u00c0&#8221; url=&#8221;https:\/\/fertilityport.com\/it\/la-cura-dellinfertilita\/&#8221; image=&#8221;https:\/\/fertilityport.com\/wp-content\/uploads\/2020\/03\/ultrasound_inside.svg&#8221; module_class=&#8221;blurb&#8211;up blurb&#8211;up&#8211;small&#8221; _builder_version=&#8221;4.4.1&#8243; header_level=&#8221;h2&#8243; text_orientation=&#8221;center&#8221; animation=&#8221;off&#8221;]<\/p>\n<p>i metodi per la cura dell\u2019infertilit\u00e0<\/p>\n<p>[\/et_pb_blurb][\/et_pb_column][et_pb_column type=&#8221;1_5&#8243; _builder_version=&#8221;4.4.0&#8243;][et_pb_blurb title=&#8221;GENETICA&#8221; url=&#8221;https:\/\/fertilityport.com\/it\/genetica\/&#8221; image=&#8221;https:\/\/fertilityport.com\/wp-content\/uploads\/2020\/03\/lab.svg&#8221; module_class=&#8221;blurb&#8211;up blurb&#8211;up&#8211;small&#8221; _builder_version=&#8221;4.4.1&#8243; header_level=&#8221;h2&#8243; text_orientation=&#8221;center&#8221; animation=&#8221;off&#8221;]<\/p>\n<p>scopri di pi\u00f9 sui metodi genetico-diagnostici<\/p>\n<p>[\/et_pb_blurb][\/et_pb_column][et_pb_column type=&#8221;1_5&#8243; _builder_version=&#8221;4.4.0&#8243;][et_pb_blurb title=&#8221;METODI SPECIALISTICI DI LABORATORIO&#8221; url=&#8221;https:\/\/fertilityport.com\/it\/metodi-e-tecniche\/&#8221; image=&#8221;https:\/\/fertilityport.com\/wp-content\/uploads\/2020\/03\/ultrasound_white.svg&#8221; module_class=&#8221;blurb&#8211;up blurb&#8211;up&#8211;small&#8221; _builder_version=&#8221;4.4.1&#8243; header_level=&#8221;h2&#8243; text_orientation=&#8221;center&#8221; animation=&#8221;off&#8221;]le nostre tecniche e tecnologie sono le pi\u00f9 avanzate in Repubblica Ceca[\/et_pb_blurb][\/et_pb_column][et_pb_column type=&#8221;1_5&#8243; _builder_version=&#8221;4.4.0&#8243;][et_pb_blurb title=&#8221;TESTIMONIANZE&#8221; url=&#8221;https:\/\/fertilityport.com\/it\/testimonianze\/&#8221; image=&#8221;https:\/\/fertilityport.com\/wp-content\/uploads\/2020\/03\/grandparents.svg&#8221; module_class=&#8221;blurb&#8211;up blurb&#8211;up&#8211;small&#8221; _builder_version=&#8221;4.4.1&#8243; header_level=&#8221;h2&#8243; text_orientation=&#8221;center&#8221; animation=&#8221;off&#8221;]<\/p>\n<p>leggi le storie delle nostre pazienti<\/p>\n<p>[\/et_pb_blurb][\/et_pb_column][\/et_pb_row][\/et_pb_section]<\/p>\n","protected":false},"excerpt":{"rendered":"<p>Voglio un bimbo Fissa un appuntamento con uno dei nostri specialisti,insieme cercheremo di trovare la causa del mancato concepimentoe troveremo la miglior soluzione e il trattamento pi\u00f9 efficace.quali sono le cause pi\u00f9 comuni dell\u2019infertilit\u00e0?i metodi per la cura dell\u2019infertilit\u00e0scopri di pi\u00f9 sui metodi genetico-diagnosticile nostre tecniche e tecnologie sono le pi\u00f9 avanzate in Repubblica Cecaleggi [&hellip;]<\/p>\n","protected":false},"author":2,"featured_media":0,"parent":0,"menu_order":0,"comment_status":"closed","ping_status":"closed","template":"","meta":{"_acf_changed":false,"_et_pb_use_builder":"on","_et_pb_old_content":"<p>[et_pb_section fb_built=\"1\" module_class=\"welcome--page\" _builder_version=\"4.4.0\" background_image=\"https:\/\/fertilityport.com\/wp-content\/uploads\/2020\/03\/child_fertility_head.jpg\" custom_padding=\"||90px|||\"][et_pb_row column_structure=\"3_5,2_5\" _builder_version=\"4.4.0\"][et_pb_column type=\"3_5\" _builder_version=\"4.4.0\"][et_pb_text module_class=\"c_blurb\" _builder_version=\"4.4.0\"]<\/p><h1>I want a baby<\/h1><p>Book a consultation with one of our specialists.<br \/>Together, we will try to find out the cause of your problems<br \/>with getting pregnant\u00a0and choose suitable and effective treatment.[\/et_pb_text][\/et_pb_column][et_pb_column type=\"2_5\" _builder_version=\"4.4.0\"][\/et_pb_column][\/et_pb_row][\/et_pb_section][et_pb_section fb_built=\"1\" module_class=\"section--pushtop\" _builder_version=\"4.4.0\" custom_padding=\"0px||29px|||\"][et_pb_row column_structure=\"1_4,1_4,1_4,1_4\" make_equal=\"on\" _builder_version=\"4.4.0\" custom_padding=\"||0px||false|false\"][et_pb_column type=\"1_4\" _builder_version=\"4.4.0\"][et_pb_blurb title=\"MOST COMMON CAUSES OF INFERTILITY\" url=\"https:\/\/fertilityport.com\/most-common-causes\/\" image=\"https:\/\/fertilityport.com\/wp-content\/uploads\/2020\/03\/sperm.svg\" module_class=\"blurb--up\" _builder_version=\"4.4.0\" header_level=\"h2\" text_orientation=\"center\" animation=\"off\"]What are the most common causes<br \/>of infertility?[\/et_pb_blurb][\/et_pb_column][et_pb_column type=\"1_4\" _builder_version=\"4.4.0\"][et_pb_blurb title=\"GENETICS\" url=\"https:\/\/fertilityport.com\/genetics\/\" image=\"https:\/\/fertilityport.com\/wp-content\/uploads\/2020\/03\/lab.svg\" module_class=\"blurb--up\" _builder_version=\"4.4.0\" header_level=\"h2\" text_orientation=\"center\" animation=\"off\" hover_enabled=\"0\"]Find out more<br \/>about genetic<br \/>diagnostic methods[\/et_pb_blurb][\/et_pb_column][et_pb_column type=\"1_4\" _builder_version=\"4.4.0\"][et_pb_blurb title=\"INFERTILITY TREATMENT\" url=\"https:\/\/fertilityport.com\/infertility-treatment\/\" image=\"https:\/\/fertilityport.com\/wp-content\/uploads\/2020\/03\/ultrasound_inside.svg\" module_class=\"blurb--up\" _builder_version=\"4.4.0\" header_level=\"h2\" text_orientation=\"center\" animation=\"off\" hover_enabled=\"0\"]Methods of<br \/>infertility treatment,<br \/>fertility preservation[\/et_pb_blurb][\/et_pb_column][et_pb_column type=\"1_4\" _builder_version=\"4.4.0\"][et_pb_blurb title=\"TESTIMONIALS\" url=\"https:\/\/fertilityport.com\/testimonials\/\" image=\"https:\/\/fertilityport.com\/wp-content\/uploads\/2020\/03\/grandparents.svg\" module_class=\"blurb--up\" _builder_version=\"4.4.0\" header_level=\"h2\" text_orientation=\"center\" animation=\"off\"]Read our patient<br \/>success stories[\/et_pb_blurb][\/et_pb_column][\/et_pb_row][\/et_pb_section]<\/p>","_et_gb_content_width":"","footnotes":""},"class_list":["post-1250","page","type-page","status-publish","hentry"],"acf":[],"yoast_head":"<!-- This site is optimized with the Yoast SEO plugin v27.4 - https:\/\/yoast.com\/product\/yoast-seo-wordpress\/ -->\n<title>Vorresti un bimbo? | FertilityPort Prague - qui inizia la vita<\/title>\n<meta name=\"description\" content=\"Insieme cercheremo di trovare la causa per cui la gravidanza non arriva e sceglieremo il trattamento appropriato ed efficace\" \/>\n<meta name=\"robots\" content=\"index, follow, max-snippet:-1, max-image-preview:large, max-video-preview:-1\" \/>\n<link rel=\"canonical\" href=\"https:\/\/fertilityport.com\/i-want-a-baby\/\" \/>\n<meta property=\"og:locale\" content=\"it_IT\" \/>\n<meta property=\"og:type\" content=\"article\" \/>\n<meta property=\"og:title\" content=\"Vorresti un bimbo? | FertilityPort Prague - qui inizia la vita\" \/>\n<meta property=\"og:description\" content=\"Insieme cercheremo di trovare la causa per cui la gravidanza non arriva e sceglieremo il trattamento appropriato ed efficace\" \/>\n<meta property=\"og:url\" content=\"https:\/\/fertilityport.com\/i-want-a-baby\/\" \/>\n<meta property=\"og:site_name\" content=\"FertilityPort Prague\" \/>\n<meta property=\"article:modified_time\" content=\"2020-04-20T19:27:14+00:00\" \/>\n<meta name=\"twitter:card\" content=\"summary_large_image\" \/>\n<meta name=\"twitter:label1\" content=\"Tempo di lettura stimato\" \/>\n\t<meta name=\"twitter:data1\" content=\"2 minuti\" \/>\n<script type=\"application\/ld+json\" class=\"yoast-schema-graph\">{\"@context\":\"https:\\\/\\\/schema.org\",\"@graph\":[{\"@type\":\"WebPage\",\"@id\":\"https:\\\/\\\/fertilityport.com\\\/i-want-a-baby\\\/\",\"url\":\"https:\\\/\\\/fertilityport.com\\\/i-want-a-baby\\\/\",\"name\":\"Vorresti un bimbo? | FertilityPort Prague - qui inizia la vita\",\"isPartOf\":{\"@id\":\"https:\\\/\\\/fertilityport.com\\\/#website\"},\"datePublished\":\"2020-03-14T19:59:14+00:00\",\"dateModified\":\"2020-04-20T19:27:14+00:00\",\"description\":\"Insieme cercheremo di trovare la causa per cui la gravidanza non arriva e sceglieremo il trattamento appropriato ed efficace\",\"breadcrumb\":{\"@id\":\"https:\\\/\\\/fertilityport.com\\\/i-want-a-baby\\\/#breadcrumb\"},\"inLanguage\":\"it-IT\",\"potentialAction\":[{\"@type\":\"ReadAction\",\"target\":[\"https:\\\/\\\/fertilityport.com\\\/i-want-a-baby\\\/\"]}]},{\"@type\":\"BreadcrumbList\",\"@id\":\"https:\\\/\\\/fertilityport.com\\\/i-want-a-baby\\\/#breadcrumb\",\"itemListElement\":[{\"@type\":\"ListItem\",\"position\":1,\"name\":\"Home\",\"item\":\"https:\\\/\\\/fertilityport.com\\\/it\\\/\"},{\"@type\":\"ListItem\",\"position\":2,\"name\":\"Voglio un bimbo\"}]},{\"@type\":\"WebSite\",\"@id\":\"https:\\\/\\\/fertilityport.com\\\/#website\",\"url\":\"https:\\\/\\\/fertilityport.com\\\/\",\"name\":\"FertilityPort Prague\",\"description\":\"\",\"potentialAction\":[{\"@type\":\"SearchAction\",\"target\":{\"@type\":\"EntryPoint\",\"urlTemplate\":\"https:\\\/\\\/fertilityport.com\\\/?s={search_term_string}\"},\"query-input\":{\"@type\":\"PropertyValueSpecification\",\"valueRequired\":true,\"valueName\":\"search_term_string\"}}],\"inLanguage\":\"it-IT\"}]}<\/script>\n<!-- \/ Yoast SEO plugin. -->","yoast_head_json":{"title":"Vorresti un bimbo? | FertilityPort Prague - qui inizia la vita","description":"Insieme cercheremo di trovare la causa per cui la gravidanza non arriva e sceglieremo il trattamento appropriato ed efficace","robots":{"index":"index","follow":"follow","max-snippet":"max-snippet:-1","max-image-preview":"max-image-preview:large","max-video-preview":"max-video-preview:-1"},"canonical":"https:\/\/fertilityport.com\/i-want-a-baby\/","og_locale":"it_IT","og_type":"article","og_title":"Vorresti un bimbo? | FertilityPort Prague - qui inizia la vita","og_description":"Insieme cercheremo di trovare la causa per cui la gravidanza non arriva e sceglieremo il trattamento appropriato ed efficace","og_url":"https:\/\/fertilityport.com\/i-want-a-baby\/","og_site_name":"FertilityPort Prague","article_modified_time":"2020-04-20T19:27:14+00:00","twitter_card":"summary_large_image","twitter_misc":{"Tempo di lettura stimato":"2 minuti"},"schema":{"@context":"https:\/\/schema.org","@graph":[{"@type":"WebPage","@id":"https:\/\/fertilityport.com\/i-want-a-baby\/","url":"https:\/\/fertilityport.com\/i-want-a-baby\/","name":"Vorresti un bimbo? | FertilityPort Prague - qui inizia la vita","isPartOf":{"@id":"https:\/\/fertilityport.com\/#website"},"datePublished":"2020-03-14T19:59:14+00:00","dateModified":"2020-04-20T19:27:14+00:00","description":"Insieme cercheremo di trovare la causa per cui la gravidanza non arriva e sceglieremo il trattamento appropriato ed efficace","breadcrumb":{"@id":"https:\/\/fertilityport.com\/i-want-a-baby\/#breadcrumb"},"inLanguage":"it-IT","potentialAction":[{"@type":"ReadAction","target":["https:\/\/fertilityport.com\/i-want-a-baby\/"]}]},{"@type":"BreadcrumbList","@id":"https:\/\/fertilityport.com\/i-want-a-baby\/#breadcrumb","itemListElement":[{"@type":"ListItem","position":1,"name":"Home","item":"https:\/\/fertilityport.com\/it\/"},{"@type":"ListItem","position":2,"name":"Voglio un bimbo"}]},{"@type":"WebSite","@id":"https:\/\/fertilityport.com\/#website","url":"https:\/\/fertilityport.com\/","name":"FertilityPort Prague","description":"","potentialAction":[{"@type":"SearchAction","target":{"@type":"EntryPoint","urlTemplate":"https:\/\/fertilityport.com\/?s={search_term_string}"},"query-input":{"@type":"PropertyValueSpecification","valueRequired":true,"valueName":"search_term_string"}}],"inLanguage":"it-IT"}]}},"_links":{"self":[{"href":"https:\/\/fertilityport.com\/it\/wp-json\/wp\/v2\/pages\/1250","targetHints":{"allow":["GET"]}}],"collection":[{"href":"https:\/\/fertilityport.com\/it\/wp-json\/wp\/v2\/pages"}],"about":[{"href":"https:\/\/fertilityport.com\/it\/wp-json\/wp\/v2\/types\/page"}],"author":[{"embeddable":true,"href":"https:\/\/fertilityport.com\/it\/wp-json\/wp\/v2\/users\/2"}],"replies":[{"embeddable":true,"href":"https:\/\/fertilityport.com\/it\/wp-json\/wp\/v2\/comments?post=1250"}],"version-history":[{"count":15,"href":"https:\/\/fertilityport.com\/it\/wp-json\/wp\/v2\/pages\/1250\/revisions"}],"predecessor-version":[{"id":2323,"href":"https:\/\/fertilityport.com\/it\/wp-json\/wp\/v2\/pages\/1250\/revisions\/2323"}],"wp:attachment":[{"href":"https:\/\/fertilityport.com\/it\/wp-json\/wp\/v2\/media?parent=1250"}],"curies":[{"name":"wp","href":"https:\/\/api.w.org\/{rel}","templated":true}]}}