{"id":1264,"date":"2020-03-14T21:06:05","date_gmt":"2020-03-14T20:06:05","guid":{"rendered":"https:\/\/fertilityport.vesmirnekure.cz\/?page_id=1264"},"modified":"2020-04-20T21:13:30","modified_gmt":"2020-04-20T19:13:30","slug":"la-cura-dellinfertilita","status":"publish","type":"page","link":"https:\/\/fertilityport.com\/it\/la-cura-dellinfertilita\/","title":{"rendered":"La cura dell\u2019infertilit\u00e0"},"content":{"rendered":"<p>[et_pb_section fb_built=&#8221;1&#8243; module_class=&#8221;welcome&#8211;page&#8221; _builder_version=&#8221;4.4.1&#8243; background_image=&#8221;https:\/\/fertilityport.com\/wp-content\/uploads\/2020\/03\/lecba_neplodnosti_head.jpg&#8221;][et_pb_row column_structure=&#8221;2_3,1_3&#8243; _builder_version=&#8221;4.4.0&#8243;][et_pb_column type=&#8221;2_3&#8243; _builder_version=&#8221;4.4.0&#8243;][et_pb_text module_class=&#8221;c_blurb&#8221; _builder_version=&#8221;4.4.0&#8243;]<\/p>\n<h1>La cura dell\u2019infertilit\u00e0<\/h1>\n<p>Cosa vi aspetta al primo colloquio? Leggi di pi\u00f9 sui vari tipi di terapie<\/p>\n<p>[\/et_pb_text][\/et_pb_column][et_pb_column type=&#8221;1_3&#8243; _builder_version=&#8221;4.4.0&#8243;][\/et_pb_column][\/et_pb_row][\/et_pb_section][et_pb_section fb_built=&#8221;1&#8243; _builder_version=&#8221;4.4.0&#8243;][et_pb_row column_structure=&#8221;1_2,1_2&#8243; _builder_version=&#8221;4.4.0&#8243;][et_pb_column type=&#8221;1_2&#8243; _builder_version=&#8221;4.4.0&#8243;][et_pb_text module_class=&#8221;c_blurb&#8221; _builder_version=&#8221;4.4.0&#8243;]<\/p>\n<h2>Sono una Donna<\/h2>\n<p><strong>Esame ginecologico<\/strong> complesso inclusa l\u00b4ecografia ginecologica con particolare attenzione all\u2019attuale riserva di follicoli ovarici considerando l\u2019et\u00e0 della paziente, le condizioni dell\u2019utero e le condizioni generali per una gravidanza di successo.<\/p>\n<p><strong>Esame di laboratorio<\/strong> che aiuta a definire l\u2019attuale riserva di ovuli e lo stato generale dell\u2019organismo con un occhio di riguardo all\u2019attesa del bambino e alla gravidanza.<\/p>\n<p>[\/et_pb_text][\/et_pb_column][et_pb_column type=&#8221;1_2&#8243; _builder_version=&#8221;4.4.0&#8243;][et_pb_text module_class=&#8221;c_blurb&#8221; _builder_version=&#8221;4.4.0&#8243; custom_padding=&#8221;||0px|||&#8221;]<\/p>\n<h2>Sono un Uomo<\/h2>\n<p><strong>Spermiogramma<\/strong> \u2013 valutazione dell\u2019attuale qualit\u00e0 degli spermatozoi, ovvero se le vostre probabilit\u00e0 di un concepimento di successo sono ottimali o ridotte.<\/p>\n<p><strong><\/strong><\/p>\n<p>[\/et_pb_text][\/et_pb_column][\/et_pb_row][\/et_pb_section][et_pb_section fb_built=&#8221;1&#8243; _builder_version=&#8221;4.4.0&#8243; background_color=&#8221;#f7f7f7&#8243;][et_pb_row _builder_version=&#8221;4.4.0&#8243;][et_pb_column type=&#8221;4_4&#8243; _builder_version=&#8221;4.4.0&#8243;][et_pb_text module_class=&#8221;c_blurb&#8221; _builder_version=&#8221;4.4.0&#8243;]<\/p>\n<h2>IUI \u2013 Inseminazione intrauterina<\/h2>\n<p>Uno dei metodi storicamente pi\u00f9 vecchi che consiste nella follicolometria di controllo ad ultrasuoni (misurazione delle dimensione del follicolo o dei follicoli) e nella successiva pianificazione della prestazione \u2013 inseminazione propria. Prima della prestazione si esegue un\u2019iniezione che ha il compito di temporizzare correttamente la maturazione dell\u2019ovulo e il suo abbandono del follicolo (ovulazione). In seguito l\u2019ovulo passa attraverso le tube di Falloppio dove incontra gli spermatozoi che applichiamo nell\u2019utero dopo il loro trattamento in laboratorio. In questo modo il percorso degli spermatozoi verso l\u2019ovulo \u00e8 pi\u00f9 breve.<\/p>\n<p>Le condizioni per la pianificazione di questo metodo sono la crescita confermata del follicolo (ciclo di ovulazione) ed uno spermiogramma normale.<\/p>\n<p>[\/et_pb_text][et_pb_code _builder_version=&#8221;4.4.1&#8243;]<a class=\"btn btn--primary\" href=\"https:\/\/fertilityport.com\/it\/la-cura-dellinfertilita\/iui-inseminazione-intrauterina\/\">DI PI\u00d9<\/a>[\/et_pb_code][\/et_pb_column][\/et_pb_row][et_pb_row _builder_version=&#8221;4.4.0&#8243;][et_pb_column type=&#8221;4_4&#8243; _builder_version=&#8221;4.4.0&#8243;][et_pb_text module_class=&#8221;c_blurb&#8221; _builder_version=&#8221;4.4.0&#8243;]<\/p>\n<h2>IVF\/ICSI ovuli propri e spermatozoi della coppia<\/h2>\n<p>Metodo con il quale la donna si applica regolarmente un\u2019iniezione con ormoni che dovrebbero garantire la maturazione completa di un numero maggiore di ovuli durante un ciclo mestruale. La donna viene sottoposta ad ecografie grazie alle quali viene controllata la crescita dei follicoli e dopo l\u2019ultima ecografia si pianifica il prelievo degli ovuli, solitamente in anestesia totale (per il vostro comfort e la vostra sicurezza).<\/p>\n<p>L\u2019intera procedura viene eseguita durante un ciclo mestruale \u2013 le iniezioni vengono applicate giornalmente per circa 8-12 giorni, il trasferimento dell\u2019embrione si pianifica 3-5 giorni dopo il prelievo degli ovuli.<\/p>\n<p>La fecondazione degli ovuli viene realizzata mediante il metodo FIV o ICSI. Con il metodo FIV gli ovuli e gli spermatozoi vengono lasciati in un contenitore e si attende il miracolo dell\u2019unione fino al giorno seguente. Con il metodo ICSI l\u2019ovulo pulito, controllato e maturo viene fecondato al microscopio mediante la selezione di uno spermatozoo di qualit\u00e0 che viene introdotto direttamente nell\u2019ovulo con una tecnica di micromanipolazione. Questo metodo ha una tasso di successo maggiore rispetto al metodo FIV.<\/p>\n<p>[\/et_pb_text][et_pb_code _builder_version=&#8221;4.4.1&#8243;]<a class=\"btn btn--primary\" href=\"https:\/\/fertilityport.com\/it\/la-cura-dellinfertilita\/iui-inseminazione-intrauterina\/#tab2\">DI PI\u00d9<\/a>[\/et_pb_code][\/et_pb_column][\/et_pb_row][et_pb_row _builder_version=&#8221;4.4.0&#8243;][et_pb_column type=&#8221;4_4&#8243; _builder_version=&#8221;4.4.0&#8243;][et_pb_text module_class=&#8221;c_blurb&#8221; _builder_version=&#8221;4.4.0&#8243;]<\/p>\n<h2>IVF\/ICSI ovuli donati e spermatozoi propri della coppia<\/h2>\n<p>Se la donna ha un numero o una qualit\u00e0 notevolmente ridotti di ovuli, \u00e8 necessario ottenere gli ovuli da una donatrice: una donna giovane e sana con una fertilit\u00e0 ottimale. L\u2019intera procedura consiste nell\u2019armonizzazione del vostro ciclo mestruale con il ciclo della donatrice. La donatrice viene stimolata e dopo un tempo determinato preleviamo i suoi ovuli. La donna si prepara per l\u2019introduzione degli embrioni nati dagli ovuli della donatrice e dagli spermatozoi del suo partner o marito.<\/p>\n<p>La fecondazione degli ovuli avviene mediante il metodo ICSI. Vengono utilizzati gli ovuli della donatrice.<\/p>\n<p>[\/et_pb_text][et_pb_code _builder_version=&#8221;4.4.1&#8243;]<a class=\"btn btn--primary\" href=\"https:\/\/fertilityport.com\/it\/la-cura-dellinfertilita\/iui-inseminazione-intrauterina\/#tab3\">DI PI\u00d9<\/a>[\/et_pb_code][\/et_pb_column][\/et_pb_row][et_pb_row _builder_version=&#8221;4.4.0&#8243;][et_pb_column type=&#8221;4_4&#8243; _builder_version=&#8221;4.4.0&#8243;][et_pb_text module_class=&#8221;c_blurb&#8221; _builder_version=&#8221;4.4.0&#8243;]<\/p>\n<h2>IVF\/ICSI ovuli e spermatozoi donati<\/h2>\n<p>Nel caso in cui nessuno dei due ha una qualit\u00e0 ottimale delle cellule riproduttive, \u00e8 necessario ottenere gli ovuli da una donatrice e gli spermatozoi da un donatore. La donatrice viene stimolata e dopo un tempo determinato preleviamo i suoi ovuli. La donna si prepara per l\u2019introduzione degli embrioni nati dagli ovuli della donatrice e dagli spermatozoi del donatore, il quale \u00e8 un uomo giovane e sano con una qualit\u00e0 eccellente dello spermiogramma. Gli ovuli sono sempre freschi e gli spermatozoi nella maggior parte dei casi congelati.<\/p>\n<p>La fecondazione degli ovuli avviene mediante il metodo ICSI. Vengono utilizzati gli spermatozoi e gli ovuli dei donatori.<\/p>\n<p>[\/et_pb_text][et_pb_code _builder_version=&#8221;4.4.1&#8243;]<a class=\"btn btn--primary\" href=\"https:\/\/fertilityport.com\/it\/la-cura-dellinfertilita\/iui-inseminazione-intrauterina\/#tab4\">DI PI\u00d9<\/a>[\/et_pb_code][\/et_pb_column][\/et_pb_row][et_pb_row _builder_version=&#8221;4.4.0&#8243;][et_pb_column type=&#8221;4_4&#8243; _builder_version=&#8221;4.4.0&#8243;][et_pb_text module_class=&#8221;c_blurb&#8221; _builder_version=&#8221;4.4.0&#8243;]<\/p>\n<h2>Embrioni donati congelati<\/h2>\n<p><span style=\"font-size: 16px;\">Nel caso in cui nessuno dei due ha una qualit\u00e0 ottimale di cellule riproduttive, \u00e8 possibile pianificare l\u2019introduzione degli embrioni dopo aver preparato l\u00b4endometrio della donna. Gli embrioni sono congelati ed il trasferimento avviene in seguito allo scongelamento. Il vantaggio di questa procedura consiste in preparativi pi\u00f9 semplici dell\u2019intero procedimento e tempi di attesa nulli.<\/span><\/p>\n<p>[\/et_pb_text][\/et_pb_column][\/et_pb_row][\/et_pb_section]<\/p>\n","protected":false},"excerpt":{"rendered":"<p>La cura dell\u2019infertilit\u00e0 Cosa vi aspetta al primo colloquio? Leggi di pi\u00f9 sui vari tipi di terapieSono una Donna Esame ginecologico complesso inclusa l\u00b4ecografia ginecologica con particolare attenzione all\u2019attuale riserva di follicoli ovarici considerando l\u2019et\u00e0 della paziente, le condizioni dell\u2019utero e le condizioni generali per una gravidanza di successo. Esame di laboratorio che aiuta a [&hellip;]<\/p>\n","protected":false},"author":2,"featured_media":0,"parent":0,"menu_order":0,"comment_status":"closed","ping_status":"closed","template":"","meta":{"_acf_changed":false,"_et_pb_use_builder":"on","_et_pb_old_content":"<p>[et_pb_section fb_built=\"1\" _builder_version=\"4.4.0\" background_image=\"https:\/\/fertilityport.com\/wp-content\/uploads\/2020\/03\/lecba_neplodnosti_head.jpg\"][et_pb_row column_structure=\"2_3,1_3\" _builder_version=\"4.4.0\"][et_pb_column type=\"2_3\" _builder_version=\"4.4.0\"][et_pb_text module_class=\"c_blurb\" _builder_version=\"4.4.0\"]<\/p><h1>Infertility treatment and examinations<\/h1><p>What examinations to expect during the first visit? Read more about methods of infertility treatment[\/et_pb_text][\/et_pb_column][et_pb_column type=\"1_3\" _builder_version=\"4.4.0\"][\/et_pb_column][\/et_pb_row][\/et_pb_section][et_pb_section fb_built=\"1\" _builder_version=\"4.4.0\"][et_pb_row column_structure=\"1_2,1_2\" _builder_version=\"4.4.0\"][et_pb_column type=\"1_2\" _builder_version=\"4.4.0\"][et_pb_text module_class=\"c_blurb\" _builder_version=\"4.4.0\"]<\/p><h2>I am a woman<\/h2><p><strong>Complex gynaecological examination<\/strong> including gynaecological sonography focused on current follicle (egg) supply with regard to the patient\u2019s age, the current state of the uterus and the overall conditions needed for successful pregnancy.<\/p><p><strong>Laboratory examination<\/strong> which helps specify the current egg supply and the overall condition of the body with regard to the expected baby and pregnancy.<\/p><p>[\/et_pb_text][\/et_pb_column][et_pb_column type=\"1_2\" _builder_version=\"4.4.0\"][et_pb_text module_class=\"c_blurb\" _builder_version=\"4.4.0\"]<\/p><h2>I am a woman<\/h2><p><strong>Spermiogram<\/strong> \u2013 this test determines the current quality of the ejaculate and therefore ascertains whether your chances of a successful conception are optimal or lower.<\/p><p><strong>DNA testing of sperm fragmentation<\/strong> \u2013 this test assesses the \u201clevel of readiness\u201d of the sperm to successfully impregnate an egg. It also gives us the percentage of damaged sperm which are not able to impregnate the egg.<\/p><p>[\/et_pb_text][\/et_pb_column][\/et_pb_row][\/et_pb_section][et_pb_section fb_built=\"1\" _builder_version=\"4.4.0\" background_color=\"#f7f7f7\"][et_pb_row _builder_version=\"4.4.0\"][et_pb_column type=\"4_4\" _builder_version=\"4.4.0\"][et_pb_text module_class=\"c_blurb\" _builder_version=\"4.4.0\"]<\/p><h2>IUI \u2013 Intrauterine Insemination<\/h2><p>This method is one of the oldest and it involves a sonographical folliculometry check (measurement of the size of the follicle\/s) and then planning the treatment \u2013 the insemination itself. Before the treatment you give yourself an injection which in turn ensures the correct timing of the maturing of the egg and its releasing from the follicle (ovulation). The egg then goes through the Fallopian tube, where it meets the sperm which are applied after laboratory processing into the uterus. This makes sure that the sperm\u2019s way to the egg is shorter.<\/p><p>The planning of this method cannot be performed unless follicle growth (ovulation cycle) and a standard spermiogram are confirmed.[\/et_pb_text][et_pb_code _builder_version=\"4.4.0\"]<a class=\"btn btn--primary\" href=\"https:\/\/fertilityport.com\/infertility-treatment\/how-it-works\/\">Read more<\/a>[\/et_pb_code][\/et_pb_column][\/et_pb_row][et_pb_row _builder_version=\"4.4.0\"][et_pb_column type=\"4_4\" _builder_version=\"4.4.0\"][et_pb_text module_class=\"c_blurb\" _builder_version=\"4.4.0\"]<\/p><h2>IVF\/ICSI with the couple\u2019s own eggs and sperm<\/h2><p>When using this method the woman gives herself regular hormone injections which should ensure maturing of a larger number of eggs in one menstrual cycle. The woman attends sonography examinations which check the follicle growth and after the last sonography examination the egg collection is planned, usually in general anaesthesia (for your own comfort and safety).<\/p><p>You complete the whole procedure within one menstrual cycle \u2013 you give yourself the injections for about 8-12 days, the embryo transfer is planned for a date 3-5 days after the collection of your eggs.<\/p><p>Fertilisation of the eggs is done by the IVF or ICSI method. When using IVF both the sperm and the eggs are left on the dish and then they are left to the miracle of their merging until the next day. The ICSI method involves a cleaned, checked, mature egg, which is fertilised under the microscope with one selected quality sperm. This sperm is introduced directly into the egg using micromanipulation. This method has proven to be more successful in comparison to IVF.[\/et_pb_text][et_pb_code _builder_version=\"4.4.0\" hover_enabled=\"0\"]<a class=\"btn btn--primary\" href=\"https:\/\/fertilityport.com\/infertility-treatment\/how-it-works\/#tab2\">Read more<\/a>[\/et_pb_code][\/et_pb_column][\/et_pb_row][et_pb_row _builder_version=\"4.4.0\"][et_pb_column type=\"4_4\" _builder_version=\"4.4.0\"][et_pb_text module_class=\"c_blurb\" _builder_version=\"4.4.0\"]<\/p><h2>IVF\/ICSI with donated eggs and the couple\u2019s own sperm<\/h2><p>If the woman\u2019s number or quality of sperm is significantly lower, it is necessary to obtain an egg from a donor, namely a healthy young woman of optimum fertility. The whole procedure consists of harmonizing your menstrual cycle with that of the donor. The donor stimulates and after a certain time her eggs are collected. In the meantime you are preparing yourself for the introduction of the embryos created from the donor\u2019s eggs and your partner\u2019s or husband\u2019s sperm.<\/p><p>The fertilisation is performed using ICSI. The donor\u2019s eggs are used.[\/et_pb_text][et_pb_code _builder_version=\"4.4.0\" hover_enabled=\"0\"]<a class=\"btn btn--primary\" href=\"https:\/\/fertilityport.com\/infertility-treatment\/how-it-works\/#tab3\">Read more<\/a>[\/et_pb_code][\/et_pb_column][\/et_pb_row][et_pb_row _builder_version=\"4.4.0\"][et_pb_column type=\"4_4\" _builder_version=\"4.4.0\"][et_pb_text module_class=\"c_blurb\" _builder_version=\"4.4.0\"]<\/p><h2>IVF\/ICSI with donated eggs and sperm<\/h2><p>In case neither of the two partners in the couple has optimum quality oocytes and spermatocytes it is necessary to obtain eggs from one donor and sperm from another. The female donor stimulates and after a certain time her eggs are collected. In the meantime you are preparing yourself for the introduction of the embryos created from the female donor\u2019s eggs and the male donor\u2019s sperm. The male donor is a healthy young man with an excellent quality spermiogram. The eggs are always fresh and the sperm is most cases frozen.<\/p><p>The fertilisation is performed using ICSI. The female donor\u2019s eggs and male donor\u2019s sperm are used.[\/et_pb_text][et_pb_code _builder_version=\"4.4.0\" hover_enabled=\"0\"]<a class=\"btn btn--primary\" href=\"https:\/\/fertilityport.com\/infertility-treatment\/how-it-works\/#tab4\">Read more<\/a>[\/et_pb_code][\/et_pb_column][\/et_pb_row][et_pb_row _builder_version=\"4.4.0\"][et_pb_column type=\"4_4\" _builder_version=\"4.4.0\"][et_pb_text module_class=\"c_blurb\" _builder_version=\"4.4.0\"]<\/p><h2>Donated frozen embryos<\/h2><p>In case neither of the partners in the couple has optimum quality oocytes and spermatocytes it is possible to plan the introduction of embryos onto your endometrium after it has been prepared for it. The advantage of this procedure is its simpler preparation and zero waiting time.[\/et_pb_text][\/et_pb_column][\/et_pb_row][\/et_pb_section]<\/p>","_et_gb_content_width":"","footnotes":""},"class_list":["post-1264","page","type-page","status-publish","hentry"],"acf":[],"yoast_head":"<!-- This site is optimized with the Yoast SEO plugin v27.4 - https:\/\/yoast.com\/product\/yoast-seo-wordpress\/ -->\n<title>La cura dell\u2019infertilit\u00e0 | FertilityPort Prague<\/title>\n<meta name=\"description\" content=\"Quali esami vi aspettano durante la prima visita? Leggete sui singoli passi di ogni tipo di terapia\" \/>\n<meta name=\"robots\" content=\"index, follow, max-snippet:-1, max-image-preview:large, max-video-preview:-1\" \/>\n<link rel=\"canonical\" href=\"https:\/\/fertilityport.com\/infertility-treatment\/\" \/>\n<meta property=\"og:locale\" content=\"it_IT\" \/>\n<meta property=\"og:type\" content=\"article\" \/>\n<meta property=\"og:title\" content=\"La cura dell\u2019infertilit\u00e0 | FertilityPort Prague\" \/>\n<meta property=\"og:description\" content=\"Quali esami vi aspettano durante la prima visita? Leggete sui singoli passi di ogni tipo di terapia\" \/>\n<meta property=\"og:url\" content=\"https:\/\/fertilityport.com\/infertility-treatment\/\" \/>\n<meta property=\"og:site_name\" content=\"FertilityPort Prague\" \/>\n<meta property=\"article:modified_time\" content=\"2020-04-20T19:13:30+00:00\" \/>\n<meta name=\"twitter:card\" content=\"summary_large_image\" \/>\n<meta name=\"twitter:label1\" content=\"Tempo di lettura stimato\" \/>\n\t<meta name=\"twitter:data1\" content=\"5 minuti\" \/>\n<script type=\"application\/ld+json\" class=\"yoast-schema-graph\">{\"@context\":\"https:\\\/\\\/schema.org\",\"@graph\":[{\"@type\":\"WebPage\",\"@id\":\"https:\\\/\\\/fertilityport.com\\\/infertility-treatment\\\/\",\"url\":\"https:\\\/\\\/fertilityport.com\\\/infertility-treatment\\\/\",\"name\":\"La cura dell\u2019infertilit\u00e0 | FertilityPort Prague\",\"isPartOf\":{\"@id\":\"https:\\\/\\\/fertilityport.com\\\/#website\"},\"datePublished\":\"2020-03-14T20:06:05+00:00\",\"dateModified\":\"2020-04-20T19:13:30+00:00\",\"description\":\"Quali esami vi aspettano durante la prima visita? Leggete sui singoli passi di ogni tipo di terapia\",\"breadcrumb\":{\"@id\":\"https:\\\/\\\/fertilityport.com\\\/infertility-treatment\\\/#breadcrumb\"},\"inLanguage\":\"it-IT\",\"potentialAction\":[{\"@type\":\"ReadAction\",\"target\":[\"https:\\\/\\\/fertilityport.com\\\/infertility-treatment\\\/\"]}]},{\"@type\":\"BreadcrumbList\",\"@id\":\"https:\\\/\\\/fertilityport.com\\\/infertility-treatment\\\/#breadcrumb\",\"itemListElement\":[{\"@type\":\"ListItem\",\"position\":1,\"name\":\"Home\",\"item\":\"https:\\\/\\\/fertilityport.com\\\/it\\\/\"},{\"@type\":\"ListItem\",\"position\":2,\"name\":\"La cura dell\u2019infertilit\u00e0\"}]},{\"@type\":\"WebSite\",\"@id\":\"https:\\\/\\\/fertilityport.com\\\/#website\",\"url\":\"https:\\\/\\\/fertilityport.com\\\/\",\"name\":\"FertilityPort Prague\",\"description\":\"\",\"potentialAction\":[{\"@type\":\"SearchAction\",\"target\":{\"@type\":\"EntryPoint\",\"urlTemplate\":\"https:\\\/\\\/fertilityport.com\\\/?s={search_term_string}\"},\"query-input\":{\"@type\":\"PropertyValueSpecification\",\"valueRequired\":true,\"valueName\":\"search_term_string\"}}],\"inLanguage\":\"it-IT\"}]}<\/script>\n<!-- \/ Yoast SEO plugin. -->","yoast_head_json":{"title":"La cura dell\u2019infertilit\u00e0 | FertilityPort Prague","description":"Quali esami vi aspettano durante la prima visita? Leggete sui singoli passi di ogni tipo di terapia","robots":{"index":"index","follow":"follow","max-snippet":"max-snippet:-1","max-image-preview":"max-image-preview:large","max-video-preview":"max-video-preview:-1"},"canonical":"https:\/\/fertilityport.com\/infertility-treatment\/","og_locale":"it_IT","og_type":"article","og_title":"La cura dell\u2019infertilit\u00e0 | FertilityPort Prague","og_description":"Quali esami vi aspettano durante la prima visita? Leggete sui singoli passi di ogni tipo di terapia","og_url":"https:\/\/fertilityport.com\/infertility-treatment\/","og_site_name":"FertilityPort Prague","article_modified_time":"2020-04-20T19:13:30+00:00","twitter_card":"summary_large_image","twitter_misc":{"Tempo di lettura stimato":"5 minuti"},"schema":{"@context":"https:\/\/schema.org","@graph":[{"@type":"WebPage","@id":"https:\/\/fertilityport.com\/infertility-treatment\/","url":"https:\/\/fertilityport.com\/infertility-treatment\/","name":"La cura dell\u2019infertilit\u00e0 | FertilityPort Prague","isPartOf":{"@id":"https:\/\/fertilityport.com\/#website"},"datePublished":"2020-03-14T20:06:05+00:00","dateModified":"2020-04-20T19:13:30+00:00","description":"Quali esami vi aspettano durante la prima visita? Leggete sui singoli passi di ogni tipo di terapia","breadcrumb":{"@id":"https:\/\/fertilityport.com\/infertility-treatment\/#breadcrumb"},"inLanguage":"it-IT","potentialAction":[{"@type":"ReadAction","target":["https:\/\/fertilityport.com\/infertility-treatment\/"]}]},{"@type":"BreadcrumbList","@id":"https:\/\/fertilityport.com\/infertility-treatment\/#breadcrumb","itemListElement":[{"@type":"ListItem","position":1,"name":"Home","item":"https:\/\/fertilityport.com\/it\/"},{"@type":"ListItem","position":2,"name":"La cura dell\u2019infertilit\u00e0"}]},{"@type":"WebSite","@id":"https:\/\/fertilityport.com\/#website","url":"https:\/\/fertilityport.com\/","name":"FertilityPort Prague","description":"","potentialAction":[{"@type":"SearchAction","target":{"@type":"EntryPoint","urlTemplate":"https:\/\/fertilityport.com\/?s={search_term_string}"},"query-input":{"@type":"PropertyValueSpecification","valueRequired":true,"valueName":"search_term_string"}}],"inLanguage":"it-IT"}]}},"_links":{"self":[{"href":"https:\/\/fertilityport.com\/it\/wp-json\/wp\/v2\/pages\/1264","targetHints":{"allow":["GET"]}}],"collection":[{"href":"https:\/\/fertilityport.com\/it\/wp-json\/wp\/v2\/pages"}],"about":[{"href":"https:\/\/fertilityport.com\/it\/wp-json\/wp\/v2\/types\/page"}],"author":[{"embeddable":true,"href":"https:\/\/fertilityport.com\/it\/wp-json\/wp\/v2\/users\/2"}],"replies":[{"embeddable":true,"href":"https:\/\/fertilityport.com\/it\/wp-json\/wp\/v2\/comments?post=1264"}],"version-history":[{"count":6,"href":"https:\/\/fertilityport.com\/it\/wp-json\/wp\/v2\/pages\/1264\/revisions"}],"predecessor-version":[{"id":1978,"href":"https:\/\/fertilityport.com\/it\/wp-json\/wp\/v2\/pages\/1264\/revisions\/1978"}],"wp:attachment":[{"href":"https:\/\/fertilityport.com\/it\/wp-json\/wp\/v2\/media?parent=1264"}],"curies":[{"name":"wp","href":"https:\/\/api.w.org\/{rel}","templated":true}]}}