{"id":1276,"date":"2020-03-14T21:15:15","date_gmt":"2020-03-14T20:15:15","guid":{"rendered":"https:\/\/fertilityport.vesmirnekure.cz\/?page_id=1276"},"modified":"2020-10-12T17:29:28","modified_gmt":"2020-10-12T15:29:28","slug":"metodi-e-tecniche","status":"publish","type":"page","link":"https:\/\/fertilityport.com\/it\/metodi-e-tecniche\/","title":{"rendered":"Metodi e tecniche"},"content":{"rendered":"<p>[et_pb_section fb_built=&#8221;1&#8243; _builder_version=&#8221;4.4.0&#8243; background_color=&#8221;#e2e2e2&#8243; background_enable_image=&#8221;off&#8221;][et_pb_row column_structure=&#8221;2_3,1_3&#8243; _builder_version=&#8221;4.4.0&#8243;][et_pb_column type=&#8221;2_3&#8243; _builder_version=&#8221;4.4.0&#8243;][et_pb_text module_class=&#8221;c_blurb&#8221; _builder_version=&#8221;4.4.0&#8243;]<\/p>\n<h1>Metodi e tecniche<\/h1>\n<p>Accettiamo le vostre richieste, il nostro approccio alla terapia \u00e8 attento e cerchiamo sempre di scegliere soltanto i metodi indispensabili che possono aiutarvi a raggiungere il risultato desiderato.<\/p>\n<p>[\/et_pb_text][\/et_pb_column][et_pb_column type=&#8221;1_3&#8243; _builder_version=&#8221;4.4.0&#8243;][\/et_pb_column][\/et_pb_row][\/et_pb_section][et_pb_section fb_built=&#8221;1&#8243; _builder_version=&#8221;4.4.0&#8243;][et_pb_row column_structure=&#8221;1_2,1_2&#8243; _builder_version=&#8221;4.4.0&#8243;][et_pb_column type=&#8221;1_2&#8243; _builder_version=&#8221;4.4.0&#8243;][et_pb_text module_class=&#8221;textv textv&#8211;rose&#8221; _builder_version=&#8221;4.6.1&#8243; animation_direction=&#8221;bottom&#8221; hover_enabled=&#8221;0&#8243; sticky_enabled=&#8221;0&#8243;]<\/p>\n<h2>Embryoscope +<\/h2>\n<p>Se desiderate le migliori condizioni di coltivazione per i vostri embrioni scegliete la coltivazione in Embryoscope +.<\/p>\n<p>Per lo sviluppo di successo degli embrioni in laboratorio sono estremamente importanti le stabili condizioni di coltivazione. Con lo sviluppo delle nuove tecnologie il vecchio sistema di coltivazione degli embrioni viene sostituito dai sistemi time-lapse che monitorano e registrano in dettaglio lo sviluppo degli embrioni senza necessit\u00e0 di tirare fuori gli embrioni dall\u2019ambiente ideale della incubatrice.<\/p>\n<p>Il nostro centro come uno dei primi in Repubblica Ceca ha a disposizione questa nuova incubatrice Embryoscope + che ha doppia capacit\u00e0 rispetto ad altri sistemi di time-lapse. Quindi siamo in grado di fornire le migliori condizioni di coltivazione per gli embrioni di tutti i nostri pazienti.<\/p>\n<p>Embryoscope + \u00e8 inoltre progettato per la coltivazione separata \u2013 ogni piatto per la coltivazione \u00e8 etichettato con un unico codice ed \u00e8 isolato dagli altri embrioni di altre coppie. Inoltre una registrazione dettagliata dello sviluppo embrionale permette ai nostri embriologi abbastanza informazioni per poter selezionare gli embrioni con il maggior potenziale dello sviluppo.<\/p>\n<p><iframe loading=\"lazy\" title=\"EmbryoScope Patient Information\" width=\"1080\" height=\"608\" src=\"https:\/\/www.youtube.com\/embed\/DJGLLYRaizg?feature=oembed\" frameborder=\"0\" allow=\"accelerometer; autoplay; encrypted-media; gyroscope; picture-in-picture\" allowfullscreen><\/iframe><\/p>\n<p>[\/et_pb_text][\/et_pb_column][et_pb_column type=&#8221;1_2&#8243; _builder_version=&#8221;4.4.0&#8243;][et_pb_text module_class=&#8221;textv textv&#8211;rose&#8221; _builder_version=&#8221;4.6.1&#8243; animation_direction=&#8221;bottom&#8221; hover_enabled=&#8221;0&#8243; sticky_enabled=&#8221;0&#8243;]<\/p>\n<h2>Embryoglue<\/h2>\n<p>Il terreno di coltura EmbryoGlue con la combinazione unica dell\u2019acido ialuronico e albumina ricombinante supporta l\u2019impianto degli embrioni e aumenta il tasso di successo. L\u2018EmbryoGlue contiene tutte le sostanze nutritive e le risorse energetiche necessarie per lo sviluppo ottimale dell\u2019embrione dopo il suo trasferimento nell\u2019utero. Si tratta di una colla cellulare che imita l\u2019ambiente uterino per l\u2019annidamento naturale dell\u2019embrione, crea un collegamento tra l\u00b4utero e l\u00b4embrione come una \u201ecolla\u201c. L\u2019aggiunta di acido ialuronico in un\u2019alta concentrazione in questo terreno di coltura aumenta il numero di bambini nati vivi dopo trattamenti della procreazione assistita.<\/p>\n<p>[\/et_pb_text][\/et_pb_column][\/et_pb_row][et_pb_row _builder_version=&#8221;4.4.0&#8243;][et_pb_column type=&#8221;4_4&#8243; _builder_version=&#8221;4.4.0&#8243;][et_pb_text module_class=&#8221;textv textv&#8211;grey&#8221; _builder_version=&#8221;4.6.1&#8243; animation_direction=&#8221;bottom&#8221; hover_enabled=&#8221;0&#8243; sticky_enabled=&#8221;0&#8243;]<\/p>\n<h2>Metodi di selezione degli \u201cspermatozoi migliori\u201d<\/h2>\n<h3>a)\u00a0 PICSI (preselected intracytoplasmatic sperm injection)<\/h3>\n<p>Un metodo cosiddetto preselezionato, nel quale su una superficie simile a quella di un ovulo vengono applicati gli spermatozoi. Vegono seguiti e vengono selezionati per la fecondazione quelli che hanno una maggiore \u201caderenza a questa superficie\u201d. Qui si presuppone il maggiore potenziale di fecondazione.<\/p>\n<h3>b) MACS test<\/h3>\n<p>Selezione di spermatozoi vivi con DNA non danneggiato mediante nanoparticelle magnetiche. Ci\u00f2 d\u00e0 la certezza che gli spermatozoi danneggiati non vengono utilizzati per la fecondazione dell\u2019ovulo\/degli ovuli.<\/p>\n<p>Gli spermatozoi con DNA danneggiato hanno sulla superficie una sostanza chimica specifica. Le particelle magnetiche molto piccole riescono a legarsi a tale sostanza in certe condizioni.<\/p>\n<p>Noi in seguito facciamo passare i spermatozoi per il campo magnetico e gli spermatozoi con le particelle magnetiche legate in questo modo vengono catturate \u2013 solo i spermatozoi con DNA non danneggiato passeranno per il campo magnetico. Tali spermatozoi sono poi utilizzati per qualsiasi tipo di cura dei problemi di fertilit\u00e0 \u2013 inseminazione, IVF, ICSI, PICSI, IMSI.<\/p>\n<p>Il metodo MACS \u00e8 sicuro, collaudato per aumentare le probabilit\u00e0 del vostro successo.<\/p>\n<h3>c) FERTILE\u00ae Microfluidic Sperm Sorting Chip<\/h3>\n<p>Si tratta di semplice metodo di suddivisione degli spermatozoi tramite un chip. Il metodo si basa sul principio della selezione naturale degli spermatozoi tramite una micro-barriera che simula l\u2019ambiente naturale del sistema riproduttivo femminile. Si tratta di un metodo non invasivo per l\u2019elaborazione del liquido seminale, che non richiede alcuna modifica preventiva del campione di sperma o l\u2019utilizzo di macchinari (ad es. centrifuga), che possono aumentare lo stress ossidativo degli spermatozoi. Gli spermatozoi selezionati hanno una migliore morfologia e qualit\u00e0 genetica, una vitalit\u00e0 e mobilit\u00e0 superiore al doppio rispetto agli spermatozoi non selezionati.<\/p>\n<p>Viene raccomandato alle coppie con pi\u00f9 tentativi falliti, nel caso di aborti ripetuti, nel caso di mancato impianto embrionario dopo i transfer precedenti ecc.<\/p>\n<p>[\/et_pb_text][\/et_pb_column][\/et_pb_row][\/et_pb_section]<\/p>\n","protected":false},"excerpt":{"rendered":"<p>Metodi e tecniche Accettiamo le vostre richieste, il nostro approccio alla terapia \u00e8 attento e cerchiamo sempre di scegliere soltanto i metodi indispensabili che possono aiutarvi a raggiungere il risultato desiderato.Embryoscope + Se desiderate le migliori condizioni di coltivazione per i vostri embrioni scegliete la coltivazione in Embryoscope +. Per lo sviluppo di successo degli [&hellip;]<\/p>\n","protected":false},"author":2,"featured_media":0,"parent":0,"menu_order":0,"comment_status":"closed","ping_status":"closed","template":"","meta":{"_acf_changed":false,"_et_pb_use_builder":"on","_et_pb_old_content":"<p>[et_pb_section fb_built=\"1\" _builder_version=\"4.4.0\" hover_enabled=\"0\" background_enable_image=\"off\" background_color=\"#e2e2e2\"][et_pb_row column_structure=\"2_3,1_3\" _builder_version=\"4.4.0\"][et_pb_column type=\"2_3\" _builder_version=\"4.4.0\"][et_pb_text module_class=\"c_blurb\" _builder_version=\"4.4.0\" hover_enabled=\"0\"]<\/p><h1>Methods and techniques<\/h1><p>We accept your wishes, approach the treatment with care and always want to choose only methods absolutely essential to the further outcome you seek.[\/et_pb_text][\/et_pb_column][et_pb_column type=\"1_3\" _builder_version=\"4.4.0\"][\/et_pb_column][\/et_pb_row][\/et_pb_section][et_pb_section fb_built=\"1\" _builder_version=\"4.4.0\"][et_pb_row _builder_version=\"4.4.0\" column_structure=\"1_2,1_2\"][et_pb_column _builder_version=\"4.4.0\" type=\"1_2\"][et_pb_text module_class=\"textv textv--rose\" _builder_version=\"4.4.0\" animation_style=\"slide\" animation_direction=\"bottom\" animation_intensity_slide=\"10%\" hover_enabled=\"0\"]<\/p><h2>Embryoscope Plus<\/h2><p>If you want to have the best cultivation conditions for your embryos, choose the cultivation in the\u00a0<strong>EmbryoScope +<\/strong>.<\/p><p>For the successful development of embryos in the laboratory, the stability of the conditions is of the most importance. With the development of new technologies, the old system of cultivation of embryos is replaced by cultivation in so-called time-lapse systems that closely monitor and record the development of embryos without the need to be removed from the ideal cultivation conditions of the incubator.<\/p><p>Our clinic is one of the first in the Czech Republic which have a new EmbryoScope + incubator, which has up to twice its capacity if compared to other time-lapse systems. So we are able to provide the best cultivation conditions for the embryos of all our patients. In addition, EmbryoScope + is designed for separate cultivation \u2013 each single-bar coded culture dish contains embryos of one couple and is isolated from another embryos so that when manipulating with one dish, embryo cultivation of other patients in the system is not impaired. In addition, a detailed record of embryo development allows our embryologists enough time and information to select the embryo with the highest development potential.<\/p><p>https:\/\/www.youtube.com\/watch?v=DJGLLYRaizg<\/p><p>[\/et_pb_text][\/et_pb_column][et_pb_column _builder_version=\"4.4.0\" type=\"1_2\"][et_pb_text module_class=\"textv textv--rose\" _builder_version=\"4.4.0\" animation_style=\"slide\" animation_direction=\"bottom\" animation_intensity_slide=\"10%\" hover_enabled=\"0\"]<\/p><h2>Embryoglue<\/h2><p>EmbryoGlue has the basic composition of a rich blastocyst culture medium and contains a high concentration of hyaluronan and recombinant human albumin. It is uniquely developed to mimic the conditions in the female uterus in order to help embryos implant after transfer.<\/p><p>Simply put \u2013 EmbryoGlue helps to glue the fertilized egg to the uterine wall. EmbryoGlue demonstrably increases chances of getting pregnant.<\/p><p>[\/et_pb_text][\/et_pb_column][\/et_pb_row][et_pb_row _builder_version=\"4.4.0\"][et_pb_column _builder_version=\"4.4.0\" type=\"4_4\"][et_pb_text module_class=\"textv textv--grey\" _builder_version=\"4.4.0\" animation_style=\"slide\" animation_direction=\"bottom\" animation_intensity_slide=\"10%\" hover_enabled=\"0\"]<\/p><h2>Selection methods of the \u201cbest sperm\u201d<\/h2><h3>a)\u00a0 PICSI (preselected intracytoplasmatic sperm injection)<\/h3><p>The so-called pre-selection method involves putting the sperm on a surface similar to the surface of the egg. They are observed and those with the greatest \u201cadherence to this surface\u201d are selected for fertilisation. Their fertilisation potential is considered to be the best.<\/p><h3>b) MACS test<\/h3><p>Selection of live sperm with undamaged DNA using magnetic nanoparticles. This method ensures that the damaged sperm is not used for fertilising the egg\/s.<\/p><p>Sperm with damaged DNA may be capable of fertilising the egg but the embryo development may not be quite optimal.\u00a0 The sperm DNA damage is not visible. It cannot be determined by the shape or properties of the sperm in the microscope even when high magnification is used.<\/p><p>However, the MACS method can discover sperm which contain such damaged DNA. What is more, it can select these sperm and separate them from the rest. We then use only the sperm with undamaged DNA for the fertilisation, or in other words sperm with a significantly higher chance of fertilising the egg, starting the embryotic development and the whole course of the pregnancy.<\/p><h3>c) Fertile Microfluidic Sperm Sorting Chip<\/h3><p>Chemical-free (does not require any previous processing of sperm sample or use of devices that increase oxidative stress in sperm) method of sorting sperm using a disposable chip.<\/p><p>The method is based on the principle of natural sperm selection in a passage through micro-barriers imitating natural environment of female reproductive system. Selected sperm cells have better morphology, genetic quality and more than double viability and motility than unsorted sperm.\u00a0<\/p><p>The sperm sample is pipetted into the inlet where the present sperm must actively migrate in the outlet against the movement of the fluid as well as through the above-mentioned micro-barriers. Sperm cells are sorted by separating healthy motile sperm in the outlet from poor-quality sperm captured in the duct.<\/p><p>[\/et_pb_text][\/et_pb_column][\/et_pb_row][\/et_pb_section]<\/p>","_et_gb_content_width":"","footnotes":""},"class_list":["post-1276","page","type-page","status-publish","hentry"],"acf":[],"yoast_head":"<!-- This site is optimized with the Yoast SEO plugin v27.3 - https:\/\/yoast.com\/product\/yoast-seo-wordpress\/ -->\n<title>Metodi specialistici di laboratorio| FertilityPort Prague<\/title>\n<meta name=\"description\" content=\"Le terapie sono individuali, accurate e sempre cerchiamo di selezionare solo i metodi necessari che potrebbero aiutare ad ottenre il risultato desiderato\" \/>\n<meta name=\"robots\" content=\"index, follow, max-snippet:-1, max-image-preview:large, max-video-preview:-1\" \/>\n<link rel=\"canonical\" href=\"https:\/\/fertilityport.com\/methods-and-techniques\/\" \/>\n<meta property=\"og:locale\" content=\"it_IT\" \/>\n<meta property=\"og:type\" content=\"article\" \/>\n<meta property=\"og:title\" content=\"Metodi specialistici di laboratorio| FertilityPort Prague\" \/>\n<meta property=\"og:description\" content=\"Le terapie sono individuali, accurate e sempre cerchiamo di selezionare solo i metodi necessari che potrebbero aiutare ad ottenre il risultato desiderato\" \/>\n<meta property=\"og:url\" content=\"https:\/\/fertilityport.com\/methods-and-techniques\/\" \/>\n<meta property=\"og:site_name\" content=\"FertilityPort Prague\" \/>\n<meta property=\"article:modified_time\" content=\"2020-10-12T15:29:28+00:00\" \/>\n<meta name=\"twitter:card\" content=\"summary_large_image\" \/>\n<meta name=\"twitter:label1\" content=\"Tempo di lettura stimato\" \/>\n\t<meta name=\"twitter:data1\" content=\"4 minuti\" \/>\n<script type=\"application\/ld+json\" class=\"yoast-schema-graph\">{\"@context\":\"https:\\\/\\\/schema.org\",\"@graph\":[{\"@type\":\"WebPage\",\"@id\":\"https:\\\/\\\/fertilityport.com\\\/methods-and-techniques\\\/\",\"url\":\"https:\\\/\\\/fertilityport.com\\\/methods-and-techniques\\\/\",\"name\":\"Metodi specialistici di laboratorio| FertilityPort Prague\",\"isPartOf\":{\"@id\":\"https:\\\/\\\/fertilityport.com\\\/#website\"},\"datePublished\":\"2020-03-14T20:15:15+00:00\",\"dateModified\":\"2020-10-12T15:29:28+00:00\",\"description\":\"Le terapie sono individuali, accurate e sempre cerchiamo di selezionare solo i metodi necessari che potrebbero aiutare ad ottenre il risultato desiderato\",\"breadcrumb\":{\"@id\":\"https:\\\/\\\/fertilityport.com\\\/methods-and-techniques\\\/#breadcrumb\"},\"inLanguage\":\"it-IT\",\"potentialAction\":[{\"@type\":\"ReadAction\",\"target\":[\"https:\\\/\\\/fertilityport.com\\\/methods-and-techniques\\\/\"]}]},{\"@type\":\"BreadcrumbList\",\"@id\":\"https:\\\/\\\/fertilityport.com\\\/methods-and-techniques\\\/#breadcrumb\",\"itemListElement\":[{\"@type\":\"ListItem\",\"position\":1,\"name\":\"Home\",\"item\":\"https:\\\/\\\/fertilityport.com\\\/it\\\/\"},{\"@type\":\"ListItem\",\"position\":2,\"name\":\"Metodi e tecniche\"}]},{\"@type\":\"WebSite\",\"@id\":\"https:\\\/\\\/fertilityport.com\\\/#website\",\"url\":\"https:\\\/\\\/fertilityport.com\\\/\",\"name\":\"FertilityPort Prague\",\"description\":\"\",\"potentialAction\":[{\"@type\":\"SearchAction\",\"target\":{\"@type\":\"EntryPoint\",\"urlTemplate\":\"https:\\\/\\\/fertilityport.com\\\/?s={search_term_string}\"},\"query-input\":{\"@type\":\"PropertyValueSpecification\",\"valueRequired\":true,\"valueName\":\"search_term_string\"}}],\"inLanguage\":\"it-IT\"}]}<\/script>\n<!-- \/ Yoast SEO plugin. -->","yoast_head_json":{"title":"Metodi specialistici di laboratorio| FertilityPort Prague","description":"Le terapie sono individuali, accurate e sempre cerchiamo di selezionare solo i metodi necessari che potrebbero aiutare ad ottenre il risultato desiderato","robots":{"index":"index","follow":"follow","max-snippet":"max-snippet:-1","max-image-preview":"max-image-preview:large","max-video-preview":"max-video-preview:-1"},"canonical":"https:\/\/fertilityport.com\/methods-and-techniques\/","og_locale":"it_IT","og_type":"article","og_title":"Metodi specialistici di laboratorio| FertilityPort Prague","og_description":"Le terapie sono individuali, accurate e sempre cerchiamo di selezionare solo i metodi necessari che potrebbero aiutare ad ottenre il risultato desiderato","og_url":"https:\/\/fertilityport.com\/methods-and-techniques\/","og_site_name":"FertilityPort Prague","article_modified_time":"2020-10-12T15:29:28+00:00","twitter_card":"summary_large_image","twitter_misc":{"Tempo di lettura stimato":"4 minuti"},"schema":{"@context":"https:\/\/schema.org","@graph":[{"@type":"WebPage","@id":"https:\/\/fertilityport.com\/methods-and-techniques\/","url":"https:\/\/fertilityport.com\/methods-and-techniques\/","name":"Metodi specialistici di laboratorio| FertilityPort Prague","isPartOf":{"@id":"https:\/\/fertilityport.com\/#website"},"datePublished":"2020-03-14T20:15:15+00:00","dateModified":"2020-10-12T15:29:28+00:00","description":"Le terapie sono individuali, accurate e sempre cerchiamo di selezionare solo i metodi necessari che potrebbero aiutare ad ottenre il risultato desiderato","breadcrumb":{"@id":"https:\/\/fertilityport.com\/methods-and-techniques\/#breadcrumb"},"inLanguage":"it-IT","potentialAction":[{"@type":"ReadAction","target":["https:\/\/fertilityport.com\/methods-and-techniques\/"]}]},{"@type":"BreadcrumbList","@id":"https:\/\/fertilityport.com\/methods-and-techniques\/#breadcrumb","itemListElement":[{"@type":"ListItem","position":1,"name":"Home","item":"https:\/\/fertilityport.com\/it\/"},{"@type":"ListItem","position":2,"name":"Metodi e tecniche"}]},{"@type":"WebSite","@id":"https:\/\/fertilityport.com\/#website","url":"https:\/\/fertilityport.com\/","name":"FertilityPort Prague","description":"","potentialAction":[{"@type":"SearchAction","target":{"@type":"EntryPoint","urlTemplate":"https:\/\/fertilityport.com\/?s={search_term_string}"},"query-input":{"@type":"PropertyValueSpecification","valueRequired":true,"valueName":"search_term_string"}}],"inLanguage":"it-IT"}]}},"_links":{"self":[{"href":"https:\/\/fertilityport.com\/it\/wp-json\/wp\/v2\/pages\/1276","targetHints":{"allow":["GET"]}}],"collection":[{"href":"https:\/\/fertilityport.com\/it\/wp-json\/wp\/v2\/pages"}],"about":[{"href":"https:\/\/fertilityport.com\/it\/wp-json\/wp\/v2\/types\/page"}],"author":[{"embeddable":true,"href":"https:\/\/fertilityport.com\/it\/wp-json\/wp\/v2\/users\/2"}],"replies":[{"embeddable":true,"href":"https:\/\/fertilityport.com\/it\/wp-json\/wp\/v2\/comments?post=1276"}],"version-history":[{"count":5,"href":"https:\/\/fertilityport.com\/it\/wp-json\/wp\/v2\/pages\/1276\/revisions"}],"predecessor-version":[{"id":2824,"href":"https:\/\/fertilityport.com\/it\/wp-json\/wp\/v2\/pages\/1276\/revisions\/2824"}],"wp:attachment":[{"href":"https:\/\/fertilityport.com\/it\/wp-json\/wp\/v2\/media?parent=1276"}],"curies":[{"name":"wp","href":"https:\/\/api.w.org\/{rel}","templated":true}]}}