{"id":1294,"date":"2020-03-14T21:24:04","date_gmt":"2020-03-14T20:24:04","guid":{"rendered":"https:\/\/fertilityport.vesmirnekure.cz\/?page_id=1294"},"modified":"2020-04-20T21:23:00","modified_gmt":"2020-04-20T19:23:00","slug":"social-freezing","status":"publish","type":"page","link":"https:\/\/fertilityport.com\/it\/social-freezing\/","title":{"rendered":"Social freezing"},"content":{"rendered":"<p>[et_pb_section fb_built=&#8221;1&#8243; module_class=&#8221;welcome&#8211;page&#8221; _builder_version=&#8221;4.4.1&#8243; background_image=&#8221;https:\/\/fertilityport.com\/wp-content\/uploads\/2020\/03\/social_freezing_head.jpg&#8221; background_position=&#8221;center_left&#8221; custom_padding=&#8221;||90px|||&#8221;][et_pb_row column_structure=&#8221;1_2,1_2&#8243; _builder_version=&#8221;4.4.0&#8243;][et_pb_column type=&#8221;1_2&#8243; _builder_version=&#8221;4.4.0&#8243;][et_pb_text module_class=&#8221;c_blurb&#8221; _builder_version=&#8221;4.4.0&#8243;]<\/p>\n<h1>Social Freezing<\/h1>\n<p>Il trend socioeconomico negli ultimi anni \u00e8 rimandare il primo figlio. La qualit\u00e0 e numero degli ovuli\/spermatozoi per\u00f3 diminuisce con et\u00e0.<\/p>\n<p>Leggi sui metodi di preservazione della fertilit\u00e0 delle donne\/degli uomini \u2013 c.d. Social Freezing<\/p>\n<p>[\/et_pb_text][\/et_pb_column][et_pb_column type=&#8221;1_2&#8243; _builder_version=&#8221;4.4.0&#8243;][\/et_pb_column][\/et_pb_row][\/et_pb_section][et_pb_section fb_built=&#8221;1&#8243; module_class=&#8221;section&#8211;pushtop&#8221; _builder_version=&#8221;4.4.0&#8243; custom_padding=&#8221;0px||29px|||&#8221;][et_pb_row column_structure=&#8221;1_3,1_3,1_3&#8243; make_equal=&#8221;on&#8221; _builder_version=&#8221;4.4.0&#8243; custom_padding=&#8221;||0px||false|false&#8221;][et_pb_column type=&#8221;1_3&#8243; _builder_version=&#8221;4.4.0&#8243;][et_pb_blurb title=&#8221;CRIOCONSERVAZIONE DEGLI OVULI&#8221; url=&#8221;https:\/\/fertilityport.com\/it\/crioconservazione-e-preservazione-degli-ovuli\/&#8221; image=&#8221;https:\/\/fertilityport.com\/wp-content\/uploads\/2020\/03\/sperm.svg&#8221; module_class=&#8221;blurb&#8211;up blurb&#8211;up&#8211;small&#8221; _builder_version=&#8221;4.4.1&#8243; header_level=&#8221;h2&#8243; text_orientation=&#8221;center&#8221; animation=&#8221;off&#8221;]<\/p>\n<p>Voglio crioconservare e preservare i miei ovuli<\/p>\n<p>[\/et_pb_blurb][\/et_pb_column][et_pb_column type=&#8221;1_3&#8243; _builder_version=&#8221;4.4.0&#8243;][et_pb_blurb title=&#8221;CRIOCONSERVAZIONE DEGLI SPERMATOZOI&#8221; url=&#8221;https:\/\/fertilityport.com\/it\/crioconservazione-e-preservazione-degli-spermatozoi\/&#8221; image=&#8221;https:\/\/fertilityport.com\/wp-content\/uploads\/2020\/03\/sperm.svg&#8221; module_class=&#8221;blurb&#8211;up blurb&#8211;up&#8211;small&#8221; _builder_version=&#8221;4.4.1&#8243; header_level=&#8221;h2&#8243; text_orientation=&#8221;center&#8221; animation=&#8221;off&#8221;]<\/p>\n<p>Voglio crioconservare e preservare i miei spermatozoi<\/p>\n<p>[\/et_pb_blurb][\/et_pb_column][et_pb_column type=&#8221;1_3&#8243; _builder_version=&#8221;4.4.0&#8243;][\/et_pb_column][\/et_pb_row][\/et_pb_section]<\/p>\n","protected":false},"excerpt":{"rendered":"<p>Social Freezing Il trend socioeconomico negli ultimi anni \u00e8 rimandare il primo figlio. La qualit\u00e0 e numero degli ovuli\/spermatozoi per\u00f3 diminuisce con et\u00e0. Leggi sui metodi di preservazione della fertilit\u00e0 delle donne\/degli uomini \u2013 c.d. Social FreezingVoglio crioconservare e preservare i miei ovuliVoglio crioconservare e preservare i miei spermatozoi<\/p>\n","protected":false},"author":2,"featured_media":0,"parent":0,"menu_order":0,"comment_status":"closed","ping_status":"closed","template":"","meta":{"_acf_changed":false,"_et_pb_use_builder":"on","_et_pb_old_content":"<p>[et_pb_section fb_built=\"1\" module_class=\"welcome--page\" _builder_version=\"4.4.0\" background_image=\"https:\/\/fertilityport.com\/wp-content\/uploads\/2020\/03\/social_freezing_head.jpg\" custom_padding=\"||90px|||\" hover_enabled=\"0\" background_position=\"center_left\"][et_pb_row column_structure=\"3_5,2_5\" _builder_version=\"4.4.0\"][et_pb_column type=\"3_5\" _builder_version=\"4.4.0\"][et_pb_text module_class=\"c_blurb\" _builder_version=\"4.4.0\" hover_enabled=\"0\"]<\/p><h1>Social Freezing<\/h1><p>The current socio-economic trend is a postponing the first child to a later age. However, the quality and number of the eggs \/ sperm gradually decreases with age.<\/p><p>Read about the possibilities of preserving fertility for men and women \u2013 so-called Social freezing.[\/et_pb_text][\/et_pb_column][et_pb_column type=\"2_5\" _builder_version=\"4.4.0\"][\/et_pb_column][\/et_pb_row][\/et_pb_section][et_pb_section fb_built=\"1\" module_class=\"section--pushtop\" _builder_version=\"4.4.0\" custom_padding=\"0px||29px|||\"][et_pb_row column_structure=\"1_4,1_4,1_4,1_4\" make_equal=\"on\" _builder_version=\"4.4.0\" custom_padding=\"||0px||false|false\"][et_pb_column type=\"1_4\" _builder_version=\"4.4.0\"][et_pb_blurb title=\"EGGS FREEZING\" url=\"https:\/\/fertilityport.com\/freezing-and-cryopreservation-of-eggs\/\" image=\"https:\/\/fertilityport.com\/wp-content\/uploads\/2020\/03\/sperm.svg\" module_class=\"blurb--up\" _builder_version=\"4.4.0\" header_level=\"h2\" text_orientation=\"center\" animation=\"off\" hover_enabled=\"0\"] I want to freeze and preserve my eggs[\/et_pb_blurb][\/et_pb_column][et_pb_column type=\"1_4\" _builder_version=\"4.4.0\"][et_pb_blurb title=\"SPERM FREEZING\" url=\"https:\/\/fertilityport.com\/freezing-and-cryopreservation-of-the-sperm\/\" image=\"https:\/\/fertilityport.com\/wp-content\/uploads\/2020\/03\/sperm.svg\" module_class=\"blurb--up\" _builder_version=\"4.4.0\" header_level=\"h2\" text_orientation=\"center\" animation=\"off\" hover_enabled=\"0\"]I want to freeze and preserve my sperm[\/et_pb_blurb][\/et_pb_column][et_pb_column type=\"1_4\" _builder_version=\"4.4.0\"][\/et_pb_column][et_pb_column type=\"1_4\" _builder_version=\"4.4.0\"][\/et_pb_column][\/et_pb_row][\/et_pb_section]<\/p>","_et_gb_content_width":"","footnotes":""},"class_list":["post-1294","page","type-page","status-publish","hentry"],"acf":[],"yoast_head":"<!-- This site is optimized with the Yoast SEO plugin v27.5 - https:\/\/yoast.com\/product\/yoast-seo-wordpress\/ -->\n<title>Social freezing | FertilityPort Prague - qui inizia la vita<\/title>\n<meta name=\"description\" content=\"La qualit\u00e0 e la quantit\u00e0 di ovociti\/spermatozoi diminuiscono con l&#039;et\u00e0. Social freezing \u00e8 una delle possibilit\u00e0 di preservare la fertilit\u00e0 di uomini e delle donne.\" \/>\n<meta name=\"robots\" content=\"index, follow, max-snippet:-1, max-image-preview:large, max-video-preview:-1\" \/>\n<link rel=\"canonical\" href=\"https:\/\/fertilityport.com\/social-freezing\/\" \/>\n<meta property=\"og:locale\" content=\"it_IT\" \/>\n<meta property=\"og:type\" content=\"article\" \/>\n<meta property=\"og:title\" content=\"Social freezing | FertilityPort Prague - qui inizia la vita\" \/>\n<meta property=\"og:description\" content=\"La qualit\u00e0 e la quantit\u00e0 di ovociti\/spermatozoi diminuiscono con l&#039;et\u00e0. Social freezing \u00e8 una delle possibilit\u00e0 di preservare la fertilit\u00e0 di uomini e delle donne.\" \/>\n<meta property=\"og:url\" content=\"https:\/\/fertilityport.com\/social-freezing\/\" \/>\n<meta property=\"og:site_name\" content=\"FertilityPort Prague\" \/>\n<meta property=\"article:modified_time\" content=\"2020-04-20T19:23:00+00:00\" \/>\n<meta name=\"twitter:card\" content=\"summary_large_image\" \/>\n<meta name=\"twitter:label1\" content=\"Tempo di lettura stimato\" \/>\n\t<meta name=\"twitter:data1\" content=\"1 minuto\" \/>\n<script type=\"application\/ld+json\" class=\"yoast-schema-graph\">{\"@context\":\"https:\\\/\\\/schema.org\",\"@graph\":[{\"@type\":\"WebPage\",\"@id\":\"https:\\\/\\\/fertilityport.com\\\/social-freezing\\\/\",\"url\":\"https:\\\/\\\/fertilityport.com\\\/social-freezing\\\/\",\"name\":\"Social freezing | FertilityPort Prague - qui inizia la vita\",\"isPartOf\":{\"@id\":\"https:\\\/\\\/fertilityport.com\\\/#website\"},\"datePublished\":\"2020-03-14T20:24:04+00:00\",\"dateModified\":\"2020-04-20T19:23:00+00:00\",\"description\":\"La qualit\u00e0 e la quantit\u00e0 di ovociti\\\/spermatozoi diminuiscono con l'et\u00e0. Social freezing \u00e8 una delle possibilit\u00e0 di preservare la fertilit\u00e0 di uomini e delle donne.\",\"breadcrumb\":{\"@id\":\"https:\\\/\\\/fertilityport.com\\\/social-freezing\\\/#breadcrumb\"},\"inLanguage\":\"it-IT\",\"potentialAction\":[{\"@type\":\"ReadAction\",\"target\":[\"https:\\\/\\\/fertilityport.com\\\/social-freezing\\\/\"]}]},{\"@type\":\"BreadcrumbList\",\"@id\":\"https:\\\/\\\/fertilityport.com\\\/social-freezing\\\/#breadcrumb\",\"itemListElement\":[{\"@type\":\"ListItem\",\"position\":1,\"name\":\"Home\",\"item\":\"https:\\\/\\\/fertilityport.com\\\/it\\\/\"},{\"@type\":\"ListItem\",\"position\":2,\"name\":\"Social freezing\"}]},{\"@type\":\"WebSite\",\"@id\":\"https:\\\/\\\/fertilityport.com\\\/#website\",\"url\":\"https:\\\/\\\/fertilityport.com\\\/\",\"name\":\"FertilityPort Prague\",\"description\":\"\",\"potentialAction\":[{\"@type\":\"SearchAction\",\"target\":{\"@type\":\"EntryPoint\",\"urlTemplate\":\"https:\\\/\\\/fertilityport.com\\\/?s={search_term_string}\"},\"query-input\":{\"@type\":\"PropertyValueSpecification\",\"valueRequired\":true,\"valueName\":\"search_term_string\"}}],\"inLanguage\":\"it-IT\"}]}<\/script>\n<!-- \/ Yoast SEO plugin. -->","yoast_head_json":{"title":"Social freezing | FertilityPort Prague - qui inizia la vita","description":"La qualit\u00e0 e la quantit\u00e0 di ovociti\/spermatozoi diminuiscono con l'et\u00e0. Social freezing \u00e8 una delle possibilit\u00e0 di preservare la fertilit\u00e0 di uomini e delle donne.","robots":{"index":"index","follow":"follow","max-snippet":"max-snippet:-1","max-image-preview":"max-image-preview:large","max-video-preview":"max-video-preview:-1"},"canonical":"https:\/\/fertilityport.com\/social-freezing\/","og_locale":"it_IT","og_type":"article","og_title":"Social freezing | FertilityPort Prague - qui inizia la vita","og_description":"La qualit\u00e0 e la quantit\u00e0 di ovociti\/spermatozoi diminuiscono con l'et\u00e0. Social freezing \u00e8 una delle possibilit\u00e0 di preservare la fertilit\u00e0 di uomini e delle donne.","og_url":"https:\/\/fertilityport.com\/social-freezing\/","og_site_name":"FertilityPort Prague","article_modified_time":"2020-04-20T19:23:00+00:00","twitter_card":"summary_large_image","twitter_misc":{"Tempo di lettura stimato":"1 minuto"},"schema":{"@context":"https:\/\/schema.org","@graph":[{"@type":"WebPage","@id":"https:\/\/fertilityport.com\/social-freezing\/","url":"https:\/\/fertilityport.com\/social-freezing\/","name":"Social freezing | FertilityPort Prague - qui inizia la vita","isPartOf":{"@id":"https:\/\/fertilityport.com\/#website"},"datePublished":"2020-03-14T20:24:04+00:00","dateModified":"2020-04-20T19:23:00+00:00","description":"La qualit\u00e0 e la quantit\u00e0 di ovociti\/spermatozoi diminuiscono con l'et\u00e0. Social freezing \u00e8 una delle possibilit\u00e0 di preservare la fertilit\u00e0 di uomini e delle donne.","breadcrumb":{"@id":"https:\/\/fertilityport.com\/social-freezing\/#breadcrumb"},"inLanguage":"it-IT","potentialAction":[{"@type":"ReadAction","target":["https:\/\/fertilityport.com\/social-freezing\/"]}]},{"@type":"BreadcrumbList","@id":"https:\/\/fertilityport.com\/social-freezing\/#breadcrumb","itemListElement":[{"@type":"ListItem","position":1,"name":"Home","item":"https:\/\/fertilityport.com\/it\/"},{"@type":"ListItem","position":2,"name":"Social freezing"}]},{"@type":"WebSite","@id":"https:\/\/fertilityport.com\/#website","url":"https:\/\/fertilityport.com\/","name":"FertilityPort Prague","description":"","potentialAction":[{"@type":"SearchAction","target":{"@type":"EntryPoint","urlTemplate":"https:\/\/fertilityport.com\/?s={search_term_string}"},"query-input":{"@type":"PropertyValueSpecification","valueRequired":true,"valueName":"search_term_string"}}],"inLanguage":"it-IT"}]}},"_links":{"self":[{"href":"https:\/\/fertilityport.com\/it\/wp-json\/wp\/v2\/pages\/1294","targetHints":{"allow":["GET"]}}],"collection":[{"href":"https:\/\/fertilityport.com\/it\/wp-json\/wp\/v2\/pages"}],"about":[{"href":"https:\/\/fertilityport.com\/it\/wp-json\/wp\/v2\/types\/page"}],"author":[{"embeddable":true,"href":"https:\/\/fertilityport.com\/it\/wp-json\/wp\/v2\/users\/2"}],"replies":[{"embeddable":true,"href":"https:\/\/fertilityport.com\/it\/wp-json\/wp\/v2\/comments?post=1294"}],"version-history":[{"count":10,"href":"https:\/\/fertilityport.com\/it\/wp-json\/wp\/v2\/pages\/1294\/revisions"}],"predecessor-version":[{"id":1986,"href":"https:\/\/fertilityport.com\/it\/wp-json\/wp\/v2\/pages\/1294\/revisions\/1986"}],"wp:attachment":[{"href":"https:\/\/fertilityport.com\/it\/wp-json\/wp\/v2\/media?parent=1294"}],"curies":[{"name":"wp","href":"https:\/\/api.w.org\/{rel}","templated":true}]}}