{"id":1307,"date":"2020-03-15T10:35:16","date_gmt":"2020-03-15T09:35:16","guid":{"rendered":"https:\/\/fertilityport.vesmirnekure.cz\/?page_id=1307"},"modified":"2023-04-12T14:14:44","modified_gmt":"2023-04-12T12:14:44","slug":"embriologi","status":"publish","type":"page","link":"https:\/\/fertilityport.com\/it\/embriologi\/","title":{"rendered":"Embriologi"},"content":{"rendered":"<p>[et_pb_section fb_built=&#8221;1&#8243; _builder_version=&#8221;4.16&#8243; background_color=&#8221;#e2e2e2&#8243; global_colors_info=&#8221;{}&#8221;][et_pb_row _builder_version=&#8221;4.16&#8243; global_colors_info=&#8221;{}&#8221;][et_pb_column type=&#8221;4_4&#8243; _builder_version=&#8221;4.16&#8243; global_colors_info=&#8221;{}&#8221;][et_pb_text module_class=&#8221;c_blurb&#8221; _builder_version=&#8221;4.16&#8243; global_colors_info=&#8221;{}&#8221;]<\/p>\n<h1>Embriologi<\/h1>\n<p>[\/et_pb_text][\/et_pb_column][\/et_pb_row][\/et_pb_section][et_pb_section fb_built=&#8221;1&#8243; module_class=&#8221;aboutus&#8221; _builder_version=&#8221;4.16&#8243; global_colors_info=&#8221;{}&#8221;][et_pb_row column_structure=&#8221;1_4,3_4&#8243; _builder_version=&#8221;4.16&#8243; locked=&#8221;off&#8221; global_colors_info=&#8221;{}&#8221;][et_pb_column type=&#8221;1_4&#8243; _builder_version=&#8221;4.16&#8243; global_colors_info=&#8221;{}&#8221;][et_pb_code _builder_version=&#8221;4.20.2&#8243; _module_preset=&#8221;default&#8221; global_colors_info=&#8221;{}&#8221; locked=&#8221;off&#8221;]<pee><img decoding=\"async\" src=\"https:\/\/fertilityport.com\/wp-content\/uploads\/2023\/03\/IMG_1772111.jpg\"\u00a0\/><\/pee>[\/et_pb_code][\/et_pb_column][et_pb_column type=&#8221;3_4&#8243; _builder_version=&#8221;4.16&#8243; global_colors_info=&#8221;{}&#8221;][et_pb_text module_class=&#8221;c_blurb&#8221; _builder_version=&#8221;4.16&#8243; global_colors_info=&#8221;{}&#8221;]<\/p>\n<h2>Pavel Koubek, Ph.D., embriologo clinico<\/h2>\n<h3 class=\"h3\">Istruzione e specializzazione:<\/h3>\n<p>Istituto di tecnologia chimica, Praga. Campo di studio: Biomedicina.<br \/>Universit\u00e0 Carlo, Praga. dottorato di ricerca studiare biologia dello sviluppo.<br \/>Attestazione, embriologo clinico.<\/p>\n<h3>Esperienze:<\/h3>\n<ul>\n<li>2002-2009 Ricercatore, Accademia delle scienze ceca, Dipartimento di biologia e biochimica della fecondazione.<\/li>\n<li>2006-2007 Ricercatore\/Embriologo, Motol University Hospital, Centro di Medicina della Riproduzione e Genetica della Riproduzione.<\/li>\n<li>2007-2011 Embriologo, PRONATAL Nord.<\/li>\n<li>2011 Embriologo, Sanatorio PRONATAL.<\/li>\n<li>2011-2015 Responsabile Laboratorio FIVET, PRONATAL Spa<\/li>\n<li>2015 \u2013 2021 Responsabile del laboratorio di fecondazione in vitro, ProCrea Swiss IVF Center (ex Gest)<\/li>\n<\/ul>\n<h3>Conoscenza lingue:<\/h3>\n<p>inglese \u2013 avanzato, tedesco \u2013 base<\/p>\n<p>[\/et_pb_text][\/et_pb_column][\/et_pb_row][et_pb_row _builder_version=&#8221;4.16&#8243; global_colors_info=&#8221;{}&#8221;][et_pb_column type=&#8221;4_4&#8243; _builder_version=&#8221;4.16&#8243; global_colors_info=&#8221;{}&#8221;][et_pb_divider color=&#8221;#e2e2e2&#8243; _builder_version=&#8221;4.16&#8243; global_colors_info=&#8221;{}&#8221;][\/et_pb_divider][\/et_pb_column][\/et_pb_row][et_pb_row column_structure=&#8221;1_4,3_4&#8243; _builder_version=&#8221;4.16&#8243; global_colors_info=&#8221;{}&#8221;][et_pb_column type=&#8221;1_4&#8243; _builder_version=&#8221;4.16&#8243; global_colors_info=&#8221;{}&#8221;][et_pb_image src=&#8221;https:\/\/fertilityport.com\/wp-content\/uploads\/2020\/03\/mgr-eva-simkova.jpg&#8221; _builder_version=&#8221;4.16&#8243; global_colors_info=&#8221;{}&#8221;][\/et_pb_image][\/et_pb_column][et_pb_column type=&#8221;3_4&#8243; _builder_version=&#8221;4.16&#8243; global_colors_info=&#8221;{}&#8221;][et_pb_text module_class=&#8221;c_blurb&#8221; _builder_version=&#8221;4.16&#8243; global_colors_info=&#8221;{}&#8221;]<\/p>\n<h2>Mgr. Eva \u0160imkov\u00e1<\/h2>\n<h3>Istruzione e specializzazione:<\/h3>\n<p>Universit\u00e0 Carlo a Praga. Facolt\u00e0 scientifica, settore idrobiologia<\/p>\n<h3>Esperienze:<\/h3>\n<ul>\n<li>2011 \u2013 2013 Embriologa, Sanatorio Pronatal<\/li>\n<li>2013 \u2013 2015 Embriologa, Iscare IVF<\/li>\n<li>2015 \u2013 2016 Direttrice Tecnica del laboratorio IVF, Iscare IVF<\/li>\n<\/ul>\n<h3>Conoscenza lingue:<\/h3>\n<p>inglese, tedesco<\/p>\n<p>[\/et_pb_text][\/et_pb_column][\/et_pb_row][et_pb_row _builder_version=&#8221;4.16&#8243; global_colors_info=&#8221;{}&#8221;][et_pb_column type=&#8221;4_4&#8243; _builder_version=&#8221;4.16&#8243; global_colors_info=&#8221;{}&#8221;][et_pb_divider color=&#8221;#e2e2e2&#8243; _builder_version=&#8221;4.16&#8243; global_colors_info=&#8221;{}&#8221;][\/et_pb_divider][\/et_pb_column][\/et_pb_row][et_pb_row column_structure=&#8221;1_4,3_4&#8243; _builder_version=&#8221;4.16&#8243; global_colors_info=&#8221;{}&#8221;][et_pb_column type=&#8221;1_4&#8243; _builder_version=&#8221;4.16&#8243; global_colors_info=&#8221;{}&#8221;][et_pb_image src=&#8221;https:\/\/fertilityport.com\/wp-content\/uploads\/2020\/03\/ing-hana-batkova.jpg&#8221; _builder_version=&#8221;4.16&#8243; global_colors_info=&#8221;{}&#8221;][\/et_pb_image][\/et_pb_column][et_pb_column type=&#8221;3_4&#8243; _builder_version=&#8221;4.16&#8243; global_colors_info=&#8221;{}&#8221;][et_pb_text module_class=&#8221;c_blurb&#8221; _builder_version=&#8221;4.16&#8243; global_colors_info=&#8221;{}&#8221;]<\/p>\n<h2>Ing. Hana Ba\u0165kov\u00e1<\/h2>\n<h3 class=\"h3\">Istruzione e specializzazione:<\/h3>\n<p>Universit\u00e0 Ceca dell\u2019agricoltura a Praga, biotecnologia riproduttiva<\/p>\n<h3>Esperienze:<\/h3>\n<ul>\n<li>Andrologo presso Europe IVF International<\/li>\n<\/ul>\n<h3>Conoscenza lingue:<\/h3>\n<p>inglese<\/p>\n<p>[\/et_pb_text][\/et_pb_column][\/et_pb_row][et_pb_row _builder_version=&#8221;4.16&#8243; global_colors_info=&#8221;{}&#8221;][et_pb_column type=&#8221;4_4&#8243; _builder_version=&#8221;4.16&#8243; global_colors_info=&#8221;{}&#8221;][et_pb_divider color=&#8221;#e2e2e2&#8243; _builder_version=&#8221;4.16&#8243; global_colors_info=&#8221;{}&#8221;][\/et_pb_divider][\/et_pb_column][\/et_pb_row][et_pb_row column_structure=&#8221;1_4,3_4&#8243; _builder_version=&#8221;4.16&#8243; global_colors_info=&#8221;{}&#8221;][et_pb_column type=&#8221;1_4&#8243; _builder_version=&#8221;4.16&#8243; global_colors_info=&#8221;{}&#8221;][et_pb_code _builder_version=&#8221;4.20.2&#8243; _module_preset=&#8221;default&#8221; global_colors_info=&#8221;{}&#8221; locked=&#8221;off&#8221;]<pee><img decoding=\"async\" src=\"https:\/\/fertilityport.com\/wp-content\/uploads\/2023\/03\/IMG_176911-scaled.jpg\"\u00a0\/><\/pee>[\/et_pb_code][\/et_pb_column][et_pb_column type=&#8221;3_4&#8243; _builder_version=&#8221;4.16&#8243; global_colors_info=&#8221;{}&#8221;][et_pb_text module_class=&#8221;c_blurb&#8221; _builder_version=&#8221;4.16&#8243; global_colors_info=&#8221;{}&#8221;]<\/p>\n<h2>Mgr. Martina Janebov\u00e1<\/h2>\n<h3 class=\"h3\">Istruzione e specializzazione:<\/h3>\n<p><span style=\"font-size: 16px;\">University di Carlo di Praga, Facolt\u00e0 di Scienze, Antropologia e Genetica umana<\/span><\/p>\n<h3>Esperienze:<\/h3>\n<ul>\n<li>2020 &#8211; FertilityPort Prague s.r.o.<\/li>\n<\/ul>\n<h3>Conoscenza lingue:<\/h3>\n<p>Inglese, tedesco passivamente<\/p>\n<p>[\/et_pb_text][\/et_pb_column][\/et_pb_row][et_pb_row column_structure=&#8221;1_4,3_4&#8243; _builder_version=&#8221;4.16&#8243; global_colors_info=&#8221;{}&#8221; locked=&#8221;off&#8221;][et_pb_column type=&#8221;1_4&#8243; _builder_version=&#8221;4.16&#8243; global_colors_info=&#8221;{}&#8221;][et_pb_code _builder_version=&#8221;4.20.2&#8243; _module_preset=&#8221;default&#8221; global_colors_info=&#8221;{}&#8221;]<pee><img decoding=\"async\" src=\"https:\/\/fertilityport.com\/wp-content\/uploads\/2023\/03\/IMG_144711-scaled.jpg\"\u00a0\/><\/pee>[\/et_pb_code][\/et_pb_column][et_pb_column type=&#8221;3_4&#8243; _builder_version=&#8221;4.16&#8243; global_colors_info=&#8221;{}&#8221;][et_pb_text module_class=&#8221;c_blurb&#8221; _builder_version=&#8221;4.16&#8243; global_colors_info=&#8221;{}&#8221;]<\/p>\n<h2>Mgr. Veronika Sedm\u00edkov\u00e1<\/h2>\n<h3 class=\"h3\">Istruzione e specializzazione:<\/h3>\n<p>Universit\u00e0 Charles di Praga, Facolt\u00e0 di Scienze, Biologia della riproduzione e dello sviluppo<\/p>\n<h3>Esperienza:<\/h3>\n<ul>\n<li>\n<p>2020 Ricercatrice, Istituto di Fisiologia e Genetica degli Animali del CAS, Laboratorio di Biochimica e Biologia Molecolare delle Cellule Germinali<\/p>\n<\/li>\n<li>2022 <span><span>FertilityPort Prague s.r.o.<\/span><\/span><\/li>\n<\/ul>\n<p><span><\/span><\/p>\n<h3>Jazykov\u00e9 znalosti:<\/h3>\n<p><span>angli\u010dtina, n\u011bm\u010dina pasivn\u011b<\/span><\/p>\n<p>[\/et_pb_text][\/et_pb_column][\/et_pb_row][\/et_pb_section]<\/p>\n","protected":false},"excerpt":{"rendered":"<p>EmbriologiPavel Koubek, Ph.D., embriologo clinico Istruzione e specializzazione: Istituto di tecnologia chimica, Praga. Campo di studio: Biomedicina.Universit\u00e0 Carlo, Praga. dottorato di ricerca studiare biologia dello sviluppo.Attestazione, embriologo clinico. Esperienze: 2002-2009 Ricercatore, Accademia delle scienze ceca, Dipartimento di biologia e biochimica della fecondazione. 2006-2007 Ricercatore\/Embriologo, Motol University Hospital, Centro di Medicina della Riproduzione e Genetica della [&hellip;]<\/p>\n","protected":false},"author":2,"featured_media":0,"parent":0,"menu_order":0,"comment_status":"closed","ping_status":"closed","template":"","meta":{"_acf_changed":false,"_et_pb_use_builder":"on","_et_pb_old_content":"<p>[et_pb_section fb_built=\"1\" _builder_version=\"4.4.0\" hover_enabled=\"0\" background_color=\"#e2e2e2\"][et_pb_row _builder_version=\"4.4.0\"][et_pb_column type=\"4_4\" _builder_version=\"4.4.0\"][et_pb_text module_class=\"c_blurb\" _builder_version=\"4.4.0\"]<\/p><h1>Embryologists<\/h1><p>[\/et_pb_text][\/et_pb_column][\/et_pb_row][\/et_pb_section][et_pb_section fb_built=\"1\" module_class=\"aboutus\" _builder_version=\"4.4.0\" hover_enabled=\"0\"][et_pb_row column_structure=\"1_4,3_4\" _builder_version=\"4.4.0\"][et_pb_column type=\"1_4\" _builder_version=\"4.4.0\"][et_pb_image src=\"https:\/\/fertilityport.com\/wp-content\/uploads\/2020\/03\/ing-veronika-famerova.jpg\" module_class=\"about_img\" _builder_version=\"4.4.0\"][\/et_pb_image][\/et_pb_column][et_pb_column type=\"3_4\" _builder_version=\"4.4.0\"][et_pb_text module_class=\"c_blurb\" _builder_version=\"4.4.0\"]<\/p><h2>Ing. Veronika Fam\u011brov\u00e1<\/h2><h3 class=\"h3\">Education and specialization:<\/h3><p>Czech University of Life Sciences in Prague, major: Soil Assessment and Protection<\/p><h3>Professional Experience:<\/h3><ul><li><strong>2010 \u2013 2012<\/strong>\u00a0Institute of Microbiology of the CAS \u2013 Expert worker<\/li><li><strong>2012 \u2013 2016<\/strong>\u00a0Embryologist at Iscare IVF<\/li><li><strong>2017<\/strong>\u00a0Certificate of acquisition of professional qualification to perform a medical occupation<\/li><li><strong>2017<\/strong>\u00a0Head of IVF Laboratory at Iscare IVF<\/li><\/ul><h3>Language skills:<\/h3><p>English<\/p><p>[\/et_pb_text][\/et_pb_column][\/et_pb_row][et_pb_row _builder_version=\"4.4.0\"][et_pb_column _builder_version=\"4.4.0\" type=\"4_4\"][et_pb_divider _builder_version=\"4.4.0\" color=\"#e2e2e2\" hover_enabled=\"0\"][\/et_pb_divider][\/et_pb_column][\/et_pb_row][et_pb_row column_structure=\"1_4,3_4\" _builder_version=\"4.4.0\"][et_pb_column type=\"1_4\" _builder_version=\"4.4.0\"][et_pb_image src=\"https:\/\/fertilityport.com\/wp-content\/uploads\/2020\/03\/mgr-eva-simkova.jpg\" _builder_version=\"4.4.0\"][\/et_pb_image][\/et_pb_column][et_pb_column type=\"3_4\" _builder_version=\"4.4.0\"][et_pb_text module_class=\"c_blurb\" _builder_version=\"4.4.0\"]<\/p><h2>Mgr. Eva \u0160imkov\u00e1<\/h2><h3>Education and specialization:<\/h3><p>Charles University in Prague, Faculty of Science, major: Hydrobiology<\/p><h3>Professional Experience:<\/h3><ul><li>2011 \u2013 2013 Embryologist, Pronatal Sanatorium<\/li><li>2013 \u2013 2015 Embryologist, Iscare IVF\u00a0<\/li><li>2015 \u2013 2016 IVF Laboratory Operations manager at Iscare IVF<\/li><\/ul><h3>Language skills:<\/h3><p>English; German (passive)<\/p><p>[\/et_pb_text][\/et_pb_column][\/et_pb_row][et_pb_row _builder_version=\"4.4.0\"][et_pb_column _builder_version=\"4.4.0\" type=\"4_4\"][et_pb_divider _builder_version=\"4.4.0\" color=\"#e2e2e2\" hover_enabled=\"0\"][\/et_pb_divider][\/et_pb_column][\/et_pb_row][et_pb_row column_structure=\"1_4,3_4\" _builder_version=\"4.4.0\"][et_pb_column type=\"1_4\" _builder_version=\"4.4.0\"][et_pb_image src=\"https:\/\/fertilityport.com\/wp-content\/uploads\/2020\/03\/ing-hana-batkova.jpg\" _builder_version=\"4.4.0\"][\/et_pb_image][\/et_pb_column][et_pb_column type=\"3_4\" _builder_version=\"4.4.0\"][et_pb_text module_class=\"c_blurb\" _builder_version=\"4.4.0\"]<\/p><h2>Ing. Hana Ba\u0165kov\u00e1<\/h2><h3 class=\"h3\">Education and specialization:<\/h3><p>Czech University of Life Sciences in Prague, major: Reproductive biotechnology<\/p><h3>Professional Experience:<\/h3><ul><li>Andrologist at Europe IVF International<\/li><\/ul><h3>Language skills:<\/h3><p>English<\/p><p>[\/et_pb_text][\/et_pb_column][\/et_pb_row][\/et_pb_section]<\/p>","_et_gb_content_width":"","footnotes":""},"class_list":["post-1307","page","type-page","status-publish","hentry"],"acf":[],"yoast_head":"<!-- This site is optimized with the Yoast SEO plugin v27.2 - https:\/\/yoast.com\/product\/yoast-seo-wordpress\/ -->\n<title>Nostri embriologi | FertilityPort Prague - qui inizia la vita<\/title>\n<meta name=\"description\" content=\"Compilazione di attrezzature avanzati del centro e la lista di metodi scelti in base all&#039;esperienza pluriennale dei nostri medici ed embriologi\" \/>\n<meta name=\"robots\" content=\"index, follow, max-snippet:-1, max-image-preview:large, max-video-preview:-1\" \/>\n<link rel=\"canonical\" href=\"https:\/\/fertilityport.com\/it\/embriologi\/\" \/>\n<meta property=\"og:locale\" content=\"it_IT\" \/>\n<meta property=\"og:type\" content=\"article\" \/>\n<meta property=\"og:title\" content=\"Nostri embriologi | FertilityPort Prague - qui inizia la vita\" \/>\n<meta property=\"og:description\" content=\"Compilazione di attrezzature avanzati del centro e la lista di metodi scelti in base all&#039;esperienza pluriennale dei nostri medici ed embriologi\" \/>\n<meta property=\"og:url\" content=\"https:\/\/fertilityport.com\/it\/embriologi\/\" \/>\n<meta property=\"og:site_name\" content=\"FertilityPort Prague\" \/>\n<meta property=\"article:modified_time\" content=\"2023-04-12T12:14:44+00:00\" \/>\n<meta property=\"og:image\" content=\"https:\/\/fertilityport.com\/wp-content\/uploads\/2023\/03\/IMG_1772111.jpg\" \/>\n<meta name=\"twitter:card\" content=\"summary_large_image\" \/>\n<meta name=\"twitter:label1\" content=\"Tempo di lettura stimato\" \/>\n\t<meta name=\"twitter:data1\" content=\"4 minuti\" \/>\n<script type=\"application\/ld+json\" class=\"yoast-schema-graph\">{\"@context\":\"https:\/\/schema.org\",\"@graph\":[{\"@type\":\"WebPage\",\"@id\":\"https:\/\/fertilityport.com\/it\/embriologi\/\",\"url\":\"https:\/\/fertilityport.com\/it\/embriologi\/\",\"name\":\"Nostri embriologi | FertilityPort Prague - qui inizia la vita\",\"isPartOf\":{\"@id\":\"https:\/\/fertilityport.com\/#website\"},\"primaryImageOfPage\":{\"@id\":\"https:\/\/fertilityport.com\/it\/embriologi\/#primaryimage\"},\"image\":{\"@id\":\"https:\/\/fertilityport.com\/it\/embriologi\/#primaryimage\"},\"thumbnailUrl\":\"https:\/\/fertilityport.com\/wp-content\/uploads\/2023\/03\/IMG_1772111.jpg\",\"datePublished\":\"2020-03-15T09:35:16+00:00\",\"dateModified\":\"2023-04-12T12:14:44+00:00\",\"description\":\"Compilazione di attrezzature avanzati del centro e la lista di metodi scelti in base all'esperienza pluriennale dei nostri medici ed embriologi\",\"breadcrumb\":{\"@id\":\"https:\/\/fertilityport.com\/it\/embriologi\/#breadcrumb\"},\"inLanguage\":\"it-IT\",\"potentialAction\":[{\"@type\":\"ReadAction\",\"target\":[\"https:\/\/fertilityport.com\/it\/embriologi\/\"]}]},{\"@type\":\"ImageObject\",\"inLanguage\":\"it-IT\",\"@id\":\"https:\/\/fertilityport.com\/it\/embriologi\/#primaryimage\",\"url\":\"https:\/\/fertilityport.com\/wp-content\/uploads\/2023\/03\/IMG_1772111.jpg\",\"contentUrl\":\"https:\/\/fertilityport.com\/wp-content\/uploads\/2023\/03\/IMG_1772111.jpg\"},{\"@type\":\"BreadcrumbList\",\"@id\":\"https:\/\/fertilityport.com\/it\/embriologi\/#breadcrumb\",\"itemListElement\":[{\"@type\":\"ListItem\",\"position\":1,\"name\":\"Home\",\"item\":\"https:\/\/fertilityport.com\/it\/\"},{\"@type\":\"ListItem\",\"position\":2,\"name\":\"Embriologi\"}]},{\"@type\":\"WebSite\",\"@id\":\"https:\/\/fertilityport.com\/#website\",\"url\":\"https:\/\/fertilityport.com\/\",\"name\":\"FertilityPort Prague\",\"description\":\"\",\"potentialAction\":[{\"@type\":\"SearchAction\",\"target\":{\"@type\":\"EntryPoint\",\"urlTemplate\":\"https:\/\/fertilityport.com\/?s={search_term_string}\"},\"query-input\":{\"@type\":\"PropertyValueSpecification\",\"valueRequired\":true,\"valueName\":\"search_term_string\"}}],\"inLanguage\":\"it-IT\"}]}<\/script>\n<!-- \/ Yoast SEO plugin. -->","yoast_head_json":{"title":"Nostri embriologi | FertilityPort Prague - qui inizia la vita","description":"Compilazione di attrezzature avanzati del centro e la lista di metodi scelti in base all'esperienza pluriennale dei nostri medici ed embriologi","robots":{"index":"index","follow":"follow","max-snippet":"max-snippet:-1","max-image-preview":"max-image-preview:large","max-video-preview":"max-video-preview:-1"},"canonical":"https:\/\/fertilityport.com\/it\/embriologi\/","og_locale":"it_IT","og_type":"article","og_title":"Nostri embriologi | FertilityPort Prague - qui inizia la vita","og_description":"Compilazione di attrezzature avanzati del centro e la lista di metodi scelti in base all'esperienza pluriennale dei nostri medici ed embriologi","og_url":"https:\/\/fertilityport.com\/it\/embriologi\/","og_site_name":"FertilityPort Prague","article_modified_time":"2023-04-12T12:14:44+00:00","og_image":[{"url":"https:\/\/fertilityport.com\/wp-content\/uploads\/2023\/03\/IMG_1772111.jpg","type":"","width":"","height":""}],"twitter_card":"summary_large_image","twitter_misc":{"Tempo di lettura stimato":"4 minuti"},"schema":{"@context":"https:\/\/schema.org","@graph":[{"@type":"WebPage","@id":"https:\/\/fertilityport.com\/it\/embriologi\/","url":"https:\/\/fertilityport.com\/it\/embriologi\/","name":"Nostri embriologi | FertilityPort Prague - qui inizia la vita","isPartOf":{"@id":"https:\/\/fertilityport.com\/#website"},"primaryImageOfPage":{"@id":"https:\/\/fertilityport.com\/it\/embriologi\/#primaryimage"},"image":{"@id":"https:\/\/fertilityport.com\/it\/embriologi\/#primaryimage"},"thumbnailUrl":"https:\/\/fertilityport.com\/wp-content\/uploads\/2023\/03\/IMG_1772111.jpg","datePublished":"2020-03-15T09:35:16+00:00","dateModified":"2023-04-12T12:14:44+00:00","description":"Compilazione di attrezzature avanzati del centro e la lista di metodi scelti in base all'esperienza pluriennale dei nostri medici ed embriologi","breadcrumb":{"@id":"https:\/\/fertilityport.com\/it\/embriologi\/#breadcrumb"},"inLanguage":"it-IT","potentialAction":[{"@type":"ReadAction","target":["https:\/\/fertilityport.com\/it\/embriologi\/"]}]},{"@type":"ImageObject","inLanguage":"it-IT","@id":"https:\/\/fertilityport.com\/it\/embriologi\/#primaryimage","url":"https:\/\/fertilityport.com\/wp-content\/uploads\/2023\/03\/IMG_1772111.jpg","contentUrl":"https:\/\/fertilityport.com\/wp-content\/uploads\/2023\/03\/IMG_1772111.jpg"},{"@type":"BreadcrumbList","@id":"https:\/\/fertilityport.com\/it\/embriologi\/#breadcrumb","itemListElement":[{"@type":"ListItem","position":1,"name":"Home","item":"https:\/\/fertilityport.com\/it\/"},{"@type":"ListItem","position":2,"name":"Embriologi"}]},{"@type":"WebSite","@id":"https:\/\/fertilityport.com\/#website","url":"https:\/\/fertilityport.com\/","name":"FertilityPort Prague","description":"","potentialAction":[{"@type":"SearchAction","target":{"@type":"EntryPoint","urlTemplate":"https:\/\/fertilityport.com\/?s={search_term_string}"},"query-input":{"@type":"PropertyValueSpecification","valueRequired":true,"valueName":"search_term_string"}}],"inLanguage":"it-IT"}]}},"_links":{"self":[{"href":"https:\/\/fertilityport.com\/it\/wp-json\/wp\/v2\/pages\/1307","targetHints":{"allow":["GET"]}}],"collection":[{"href":"https:\/\/fertilityport.com\/it\/wp-json\/wp\/v2\/pages"}],"about":[{"href":"https:\/\/fertilityport.com\/it\/wp-json\/wp\/v2\/types\/page"}],"author":[{"embeddable":true,"href":"https:\/\/fertilityport.com\/it\/wp-json\/wp\/v2\/users\/2"}],"replies":[{"embeddable":true,"href":"https:\/\/fertilityport.com\/it\/wp-json\/wp\/v2\/comments?post=1307"}],"version-history":[{"count":15,"href":"https:\/\/fertilityport.com\/it\/wp-json\/wp\/v2\/pages\/1307\/revisions"}],"predecessor-version":[{"id":7489,"href":"https:\/\/fertilityport.com\/it\/wp-json\/wp\/v2\/pages\/1307\/revisions\/7489"}],"wp:attachment":[{"href":"https:\/\/fertilityport.com\/it\/wp-json\/wp\/v2\/media?parent=1307"}],"curies":[{"name":"wp","href":"https:\/\/api.w.org\/{rel}","templated":true}]}}