{"id":1313,"date":"2020-03-15T10:41:31","date_gmt":"2020-03-15T09:41:31","guid":{"rendered":"https:\/\/fertilityport.vesmirnekure.cz\/?page_id=1313"},"modified":"2023-10-06T14:45:58","modified_gmt":"2023-10-06T12:45:58","slug":"infermiere","status":"publish","type":"page","link":"https:\/\/fertilityport.com\/it\/infermiere\/","title":{"rendered":"Infermiere"},"content":{"rendered":"<p>[et_pb_section fb_built=&#8221;1&#8243; _builder_version=&#8221;4.16&#8243; background_color=&#8221;#e2e2e2&#8243; global_colors_info=&#8221;{}&#8221;][et_pb_row _builder_version=&#8221;4.16&#8243; global_colors_info=&#8221;{}&#8221;][et_pb_column type=&#8221;4_4&#8243; _builder_version=&#8221;4.16&#8243; global_colors_info=&#8221;{}&#8221;][et_pb_text module_class=&#8221;c_blurb&#8221; _builder_version=&#8221;4.16&#8243; global_colors_info=&#8221;{}&#8221;]<\/p>\n<h1>Infermiere<\/h1>\n<p>[\/et_pb_text][\/et_pb_column][\/et_pb_row][\/et_pb_section][et_pb_section fb_built=&#8221;1&#8243; module_class=&#8221;aboutus&#8221; _builder_version=&#8221;4.16&#8243; global_colors_info=&#8221;{}&#8221;][et_pb_row column_structure=&#8221;1_4,3_4&#8243; _builder_version=&#8221;4.16&#8243; global_colors_info=&#8221;{}&#8221;][et_pb_column type=&#8221;1_4&#8243; _builder_version=&#8221;4.16&#8243; global_colors_info=&#8221;{}&#8221;][et_pb_image src=&#8221;https:\/\/fertilityport.com\/wp-content\/uploads\/2020\/03\/bc-dana-plhalova.jpeg&#8221; _builder_version=&#8221;4.16&#8243; global_colors_info=&#8221;{}&#8221;][\/et_pb_image][\/et_pb_column][et_pb_column type=&#8221;3_4&#8243; _builder_version=&#8221;4.16&#8243; global_colors_info=&#8221;{}&#8221;][et_pb_text module_class=&#8221;c_blurb&#8221; _builder_version=&#8221;4.16&#8243; global_colors_info=&#8221;{}&#8221;]<\/p>\n<h2>Bc. Dana Plhalov\u00e1<\/h2>\n<h3 class=\"h3\">Istruzione e specializzazione:<\/h3>\n<p>Universit\u00e0 Tom\u00e1\u0161 Ba\u0165a, Zl\u00edn, Facolt\u00e0 di studi umanistici, Sezione assistente ostetrica<\/p>\n<h3 class=\"h3\">Esperienze:<\/h3>\n<ul>\n<li><strong>2009 \u2013 2010<\/strong> Assistente ostetrica, Ospedale regionale Tom\u00e1\u0161 Ba\u0165a, Zl\u00edn<\/li>\n<li><strong>2013 \u2013 2014<\/strong> Infermiera Home Instead, Dublin, Irlanda<\/li>\n<li><strong>2014 \u2013 2015<\/strong>\u00a0IVF Cube<\/li>\n<li><strong>2015 \u2013 2017<\/strong>\u00a0Europe IVF<\/li>\n<\/ul>\n<h3>Conoscenza lingue:<\/h3>\n<p>inglese, tedesco<\/p>\n<h3>Certificati linguistici:<\/h3>\n<p>FCE B2, inglese<\/p>\n<p>[\/et_pb_text][\/et_pb_column][\/et_pb_row][et_pb_row _builder_version=&#8221;4.16&#8243; global_colors_info=&#8221;{}&#8221;][et_pb_column type=&#8221;4_4&#8243; _builder_version=&#8221;4.16&#8243; global_colors_info=&#8221;{}&#8221;][et_pb_divider color=&#8221;#e2e2e2&#8243; _builder_version=&#8221;4.16&#8243; global_colors_info=&#8221;{}&#8221;][\/et_pb_divider][\/et_pb_column][\/et_pb_row][\/et_pb_section][et_pb_section fb_built=&#8221;1&#8243; _builder_version=&#8221;4.16&#8243; background_color=&#8221;#e2e2e2&#8243; global_colors_info=&#8221;{}&#8221;][et_pb_row _builder_version=&#8221;4.16&#8243; global_colors_info=&#8221;{}&#8221;][et_pb_column type=&#8221;4_4&#8243; _builder_version=&#8221;4.16&#8243; global_colors_info=&#8221;{}&#8221;][et_pb_text module_class=&#8221;c_blurb&#8221; _builder_version=&#8221;4.16&#8243; global_colors_info=&#8221;{}&#8221;]<\/p>\n<h1>Receptionist<\/h1>\n<p>[\/et_pb_text][\/et_pb_column][\/et_pb_row][\/et_pb_section][et_pb_section fb_built=&#8221;1&#8243; module_class=&#8221;aboutus&#8221; _builder_version=&#8221;4.16&#8243; global_colors_info=&#8221;{}&#8221;][\/et_pb_section]<\/p>\n","protected":false},"excerpt":{"rendered":"<p>InfermiereBc. Dana Plhalov\u00e1 Istruzione e specializzazione: Universit\u00e0 Tom\u00e1\u0161 Ba\u0165a, Zl\u00edn, Facolt\u00e0 di studi umanistici, Sezione assistente ostetrica Esperienze: 2009 \u2013 2010 Assistente ostetrica, Ospedale regionale Tom\u00e1\u0161 Ba\u0165a, Zl\u00edn 2013 \u2013 2014 Infermiera Home Instead, Dublin, Irlanda 2014 \u2013 2015\u00a0IVF Cube 2015 \u2013 2017\u00a0Europe IVF Conoscenza lingue: inglese, tedesco Certificati linguistici: FCE B2, ingleseReceptionist<\/p>\n","protected":false},"author":2,"featured_media":0,"parent":0,"menu_order":0,"comment_status":"closed","ping_status":"closed","template":"","meta":{"_acf_changed":false,"_et_pb_use_builder":"on","_et_pb_old_content":"<p>[et_pb_section fb_built=\"1\" _builder_version=\"4.4.0\" hover_enabled=\"0\" background_color=\"#e2e2e2\"][et_pb_row _builder_version=\"4.4.0\"][et_pb_column type=\"4_4\" _builder_version=\"4.4.0\"][et_pb_text module_class=\"c_blurb\" _builder_version=\"4.4.0\"]<\/p><h1>Nurses<\/h1><p>[\/et_pb_text][\/et_pb_column][\/et_pb_row][\/et_pb_section][et_pb_section fb_built=\"1\" module_class=\"aboutus\" _builder_version=\"4.4.0\" hover_enabled=\"0\"][et_pb_row column_structure=\"1_4,3_4\" _builder_version=\"4.4.0\"][et_pb_column type=\"1_4\" _builder_version=\"4.4.0\"][et_pb_image src=\"https:\/\/fertilityport.com\/wp-content\/uploads\/2020\/03\/bc-petra-budkova.jpg\" module_class=\"about_img\" _builder_version=\"4.4.0\"][\/et_pb_image][\/et_pb_column][et_pb_column type=\"3_4\" _builder_version=\"4.4.0\"][et_pb_text module_class=\"c_blurb\" _builder_version=\"4.4.0\"]<\/p><h2>Bc. Petra Budkov\u00e1<\/h2><h3>Education and specialization:<\/h3><ul><li><strong>1993<\/strong>\u00a0Secondary Nursing School Bene\u0161ov \u2013 Nurse<\/li><li><strong>1995<\/strong>\u00a0Secondary Nursing School Praha \u2013 Midwife<\/li><li><strong>2004<\/strong>\u00a0Speciality \u2013 Midwife \u2013 Nursing practice in pathological states in Gynaecology and Obstetrics<\/li><li><strong>2009<\/strong>\u00a0Charles University in Prague, 3rd Faculty of Medicine \u2013 Health Sciences<\/li><\/ul><h3 class=\"h3\">Professional Experience:<\/h3><ul><li><strong>1993 \u2013 2017\u00a0<\/strong>Gynaecological and Obstetrical Clinic of the 3rd Faculty of Medicine at Charles University and the Kr\u00e1lovsk\u00e9 Vinohrady University Hospital in Prague<\/li><\/ul><h3>Member of:<\/h3><p>Czech Association of Nurses<\/p><p>[\/et_pb_text][\/et_pb_column][\/et_pb_row][et_pb_row _builder_version=\"4.4.0\"][et_pb_column _builder_version=\"4.4.0\" type=\"4_4\"][et_pb_divider _builder_version=\"4.4.0\" color=\"#e2e2e2\" hover_enabled=\"0\"][\/et_pb_divider][\/et_pb_column][\/et_pb_row][et_pb_row column_structure=\"1_4,3_4\" _builder_version=\"4.4.0\"][et_pb_column type=\"1_4\" _builder_version=\"4.4.0\"][et_pb_image src=\"https:\/\/fertilityport.com\/wp-content\/uploads\/2020\/03\/bc-dana-plhalova.jpeg\" _builder_version=\"4.4.0\"][\/et_pb_image][\/et_pb_column][et_pb_column type=\"3_4\" _builder_version=\"4.4.0\"][et_pb_text module_class=\"c_blurb\" _builder_version=\"4.4.0\"]<\/p><h2>Bc. Dana Plhalov\u00e1<\/h2><h3 class=\"h3\">Education and specialization:<\/h3><p>Tomas Bata University in Zl\u00edn, Faculty of Humanities, major: Midwife<\/p><h3 class=\"h3\">Professional Experience:<\/h3><ul><li><strong>2009 \u2013 2010<\/strong>\u00a0Midwife, Tomas Bata Regional Hospital, Zl\u00edn<\/li><li><strong>2013 \u2013 2014<\/strong>\u00a0Nurse at Home Instead, Dublin, Ireland<\/li><li><strong>2014 \u2013 2015<\/strong>\u00a0IVF Cube<\/li><li><strong>2015 \u2013 2017<\/strong>\u00a0Europe IVF<\/li><\/ul><h3>Language Skills:<\/h3><p>English, German<\/p><h3>Language Certificates:<\/h3><p>FCE B2<\/p><p>[\/et_pb_text][\/et_pb_column][\/et_pb_row][et_pb_row _builder_version=\"4.4.0\"][et_pb_column _builder_version=\"4.4.0\" type=\"4_4\"][et_pb_divider _builder_version=\"4.4.0\" color=\"#e2e2e2\" hover_enabled=\"0\"][\/et_pb_divider][\/et_pb_column][\/et_pb_row][et_pb_row column_structure=\"1_4,3_4\" _builder_version=\"4.4.0\"][et_pb_column type=\"1_4\" _builder_version=\"4.4.0\"][et_pb_image src=\"https:\/\/fertilityport.com\/wp-content\/uploads\/2020\/03\/lenka-slavikova-dis.jpg\" _builder_version=\"4.4.0\"][\/et_pb_image][\/et_pb_column][et_pb_column type=\"3_4\" _builder_version=\"4.4.0\"][et_pb_text module_class=\"c_blurb\" _builder_version=\"4.4.0\"]<\/p><h2>Lenka Slav\u00edkov\u00e1, DiS<\/h2><h3>Education and specialization:<\/h3><ul><li><strong>1994 \u2013 1998<\/strong>\u00a0Secondary nursing school Praha 8 \u2013 n<\/li><li><strong>1998 \u2013 2001<\/strong>\u00a0Nursing college Praha 5 \u2013 midwife<\/li><\/ul><h3 class=\"h3\">Professional Experience:<\/h3><ul><li><strong>2001- 2015<\/strong>\u00a0Gynaecological and Obstetrical Clinic of the 3rd Faculty of Medicine at Charles University and the Kr\u00e1lovsk\u00e9 Vinohrady University Hospital in Prague<\/li><li><strong>2015 \u2013 2018<\/strong>\u00a0Pronatal Kol\u00edn<\/li><li><strong>2018<\/strong>\u00a0FertilityPort Prague<\/li><\/ul><h3>Language Skills:<\/h3><p>English<\/p><p>[\/et_pb_text][\/et_pb_column][\/et_pb_row][\/et_pb_section]<\/p>","_et_gb_content_width":"","footnotes":""},"class_list":["post-1313","page","type-page","status-publish","hentry"],"acf":[],"yoast_head":"<!-- This site is optimized with the Yoast SEO plugin v27.3 - https:\/\/yoast.com\/product\/yoast-seo-wordpress\/ -->\n<title>Nostre infermiere | FertilityPort Prague - qui inizia la vita<\/title>\n<meta name=\"description\" content=\"Le nostre infermiere hanno molti anni di esperienza nel settore della fecondazione in vitro\" \/>\n<meta name=\"robots\" content=\"index, follow, max-snippet:-1, max-image-preview:large, max-video-preview:-1\" \/>\n<link rel=\"canonical\" href=\"https:\/\/fertilityport.com\/nurses\/\" \/>\n<meta property=\"og:locale\" content=\"it_IT\" \/>\n<meta property=\"og:type\" content=\"article\" \/>\n<meta property=\"og:title\" content=\"Nostre infermiere | FertilityPort Prague - qui inizia la vita\" \/>\n<meta property=\"og:description\" content=\"Le nostre infermiere hanno molti anni di esperienza nel settore della fecondazione in vitro\" \/>\n<meta property=\"og:url\" content=\"https:\/\/fertilityport.com\/nurses\/\" \/>\n<meta property=\"og:site_name\" content=\"FertilityPort Prague\" \/>\n<meta property=\"article:modified_time\" content=\"2023-10-06T12:45:58+00:00\" \/>\n<meta name=\"twitter:card\" content=\"summary_large_image\" \/>\n<meta name=\"twitter:label1\" content=\"Tempo di lettura stimato\" \/>\n\t<meta name=\"twitter:data1\" content=\"2 minuti\" \/>\n<script type=\"application\/ld+json\" class=\"yoast-schema-graph\">{\"@context\":\"https:\\\/\\\/schema.org\",\"@graph\":[{\"@type\":\"WebPage\",\"@id\":\"https:\\\/\\\/fertilityport.com\\\/nurses\\\/\",\"url\":\"https:\\\/\\\/fertilityport.com\\\/nurses\\\/\",\"name\":\"Nostre infermiere | FertilityPort Prague - qui inizia la vita\",\"isPartOf\":{\"@id\":\"https:\\\/\\\/fertilityport.com\\\/#website\"},\"datePublished\":\"2020-03-15T09:41:31+00:00\",\"dateModified\":\"2023-10-06T12:45:58+00:00\",\"description\":\"Le nostre infermiere hanno molti anni di esperienza nel settore della fecondazione in vitro\",\"breadcrumb\":{\"@id\":\"https:\\\/\\\/fertilityport.com\\\/nurses\\\/#breadcrumb\"},\"inLanguage\":\"it-IT\",\"potentialAction\":[{\"@type\":\"ReadAction\",\"target\":[\"https:\\\/\\\/fertilityport.com\\\/nurses\\\/\"]}]},{\"@type\":\"BreadcrumbList\",\"@id\":\"https:\\\/\\\/fertilityport.com\\\/nurses\\\/#breadcrumb\",\"itemListElement\":[{\"@type\":\"ListItem\",\"position\":1,\"name\":\"Home\",\"item\":\"https:\\\/\\\/fertilityport.com\\\/it\\\/\"},{\"@type\":\"ListItem\",\"position\":2,\"name\":\"Infermiere\"}]},{\"@type\":\"WebSite\",\"@id\":\"https:\\\/\\\/fertilityport.com\\\/#website\",\"url\":\"https:\\\/\\\/fertilityport.com\\\/\",\"name\":\"FertilityPort Prague\",\"description\":\"\",\"potentialAction\":[{\"@type\":\"SearchAction\",\"target\":{\"@type\":\"EntryPoint\",\"urlTemplate\":\"https:\\\/\\\/fertilityport.com\\\/?s={search_term_string}\"},\"query-input\":{\"@type\":\"PropertyValueSpecification\",\"valueRequired\":true,\"valueName\":\"search_term_string\"}}],\"inLanguage\":\"it-IT\"}]}<\/script>\n<!-- \/ Yoast SEO plugin. -->","yoast_head_json":{"title":"Nostre infermiere | FertilityPort Prague - qui inizia la vita","description":"Le nostre infermiere hanno molti anni di esperienza nel settore della fecondazione in vitro","robots":{"index":"index","follow":"follow","max-snippet":"max-snippet:-1","max-image-preview":"max-image-preview:large","max-video-preview":"max-video-preview:-1"},"canonical":"https:\/\/fertilityport.com\/nurses\/","og_locale":"it_IT","og_type":"article","og_title":"Nostre infermiere | FertilityPort Prague - qui inizia la vita","og_description":"Le nostre infermiere hanno molti anni di esperienza nel settore della fecondazione in vitro","og_url":"https:\/\/fertilityport.com\/nurses\/","og_site_name":"FertilityPort Prague","article_modified_time":"2023-10-06T12:45:58+00:00","twitter_card":"summary_large_image","twitter_misc":{"Tempo di lettura stimato":"2 minuti"},"schema":{"@context":"https:\/\/schema.org","@graph":[{"@type":"WebPage","@id":"https:\/\/fertilityport.com\/nurses\/","url":"https:\/\/fertilityport.com\/nurses\/","name":"Nostre infermiere | FertilityPort Prague - qui inizia la vita","isPartOf":{"@id":"https:\/\/fertilityport.com\/#website"},"datePublished":"2020-03-15T09:41:31+00:00","dateModified":"2023-10-06T12:45:58+00:00","description":"Le nostre infermiere hanno molti anni di esperienza nel settore della fecondazione in vitro","breadcrumb":{"@id":"https:\/\/fertilityport.com\/nurses\/#breadcrumb"},"inLanguage":"it-IT","potentialAction":[{"@type":"ReadAction","target":["https:\/\/fertilityport.com\/nurses\/"]}]},{"@type":"BreadcrumbList","@id":"https:\/\/fertilityport.com\/nurses\/#breadcrumb","itemListElement":[{"@type":"ListItem","position":1,"name":"Home","item":"https:\/\/fertilityport.com\/it\/"},{"@type":"ListItem","position":2,"name":"Infermiere"}]},{"@type":"WebSite","@id":"https:\/\/fertilityport.com\/#website","url":"https:\/\/fertilityport.com\/","name":"FertilityPort Prague","description":"","potentialAction":[{"@type":"SearchAction","target":{"@type":"EntryPoint","urlTemplate":"https:\/\/fertilityport.com\/?s={search_term_string}"},"query-input":{"@type":"PropertyValueSpecification","valueRequired":true,"valueName":"search_term_string"}}],"inLanguage":"it-IT"}]}},"_links":{"self":[{"href":"https:\/\/fertilityport.com\/it\/wp-json\/wp\/v2\/pages\/1313","targetHints":{"allow":["GET"]}}],"collection":[{"href":"https:\/\/fertilityport.com\/it\/wp-json\/wp\/v2\/pages"}],"about":[{"href":"https:\/\/fertilityport.com\/it\/wp-json\/wp\/v2\/types\/page"}],"author":[{"embeddable":true,"href":"https:\/\/fertilityport.com\/it\/wp-json\/wp\/v2\/users\/2"}],"replies":[{"embeddable":true,"href":"https:\/\/fertilityport.com\/it\/wp-json\/wp\/v2\/comments?post=1313"}],"version-history":[{"count":14,"href":"https:\/\/fertilityport.com\/it\/wp-json\/wp\/v2\/pages\/1313\/revisions"}],"predecessor-version":[{"id":7558,"href":"https:\/\/fertilityport.com\/it\/wp-json\/wp\/v2\/pages\/1313\/revisions\/7558"}],"wp:attachment":[{"href":"https:\/\/fertilityport.com\/it\/wp-json\/wp\/v2\/media?parent=1313"}],"curies":[{"name":"wp","href":"https:\/\/api.w.org\/{rel}","templated":true}]}}