{"id":1319,"date":"2020-03-15T10:47:02","date_gmt":"2020-03-15T09:47:02","guid":{"rendered":"https:\/\/fertilityport.vesmirnekure.cz\/?page_id=1319"},"modified":"2022-04-13T11:26:51","modified_gmt":"2022-04-13T09:26:51","slug":"nostri-medici","status":"publish","type":"page","link":"https:\/\/fertilityport.com\/it\/nostri-medici\/","title":{"rendered":"Nostri Medici"},"content":{"rendered":"<p>[et_pb_section fb_built=&#8221;1&#8243; _builder_version=&#8221;4.4.0&#8243; background_color=&#8221;#e2e2e2&#8243; global_colors_info=&#8221;{}&#8221;][et_pb_row _builder_version=&#8221;4.4.0&#8243; global_colors_info=&#8221;{}&#8221;][et_pb_column type=&#8221;4_4&#8243; _builder_version=&#8221;4.4.0&#8243; global_colors_info=&#8221;{}&#8221;][et_pb_text module_class=&#8221;c_blurb&#8221; _builder_version=&#8221;4.4.0&#8243; global_colors_info=&#8221;{}&#8221;]<\/p>\n<h1>Nostri Medici<\/h1>\n<p>[\/et_pb_text][\/et_pb_column][\/et_pb_row][\/et_pb_section][et_pb_section fb_built=&#8221;1&#8243; module_class=&#8221;aboutus&#8221; _builder_version=&#8221;4.4.0&#8243; global_colors_info=&#8221;{}&#8221;][et_pb_row column_structure=&#8221;1_4,3_4&#8243; _builder_version=&#8221;4.4.0&#8243; global_colors_info=&#8221;{}&#8221;][et_pb_column type=&#8221;1_4&#8243; _builder_version=&#8221;4.4.0&#8243; global_colors_info=&#8221;{}&#8221;][et_pb_image src=&#8221;https:\/\/fertilityport.com\/wp-content\/uploads\/2021\/09\/DSC08273-scaled-e1632993657791.jpg&#8221; alt=&#8221;MUDr. Lubo\u0161 Vl\u010dek&#8221; title_text=&#8221;DSC08273&#8243; module_class=&#8221;about_img&#8221; _builder_version=&#8221;4.9.10&#8243; global_colors_info=&#8221;{}&#8221;][\/et_pb_image][\/et_pb_column][et_pb_column type=&#8221;3_4&#8243; _builder_version=&#8221;4.4.0&#8243; global_colors_info=&#8221;{}&#8221;][et_pb_text module_class=&#8221;c_blurb&#8221; _builder_version=&#8221;4.9.10&#8243; global_colors_info=&#8221;{}&#8221;]<\/p>\n<h2>Dott. Lubo\u0161 Vl\u010dek<\/h2>\n<h3>Formazione e specializzazione:<\/h3>\n<ul>\n<li><strong>2002<span>\u00a0 <\/span><\/strong>Liceo di Pacov<\/li>\n<li><strong>2006<span>\u00a0 <\/span><\/strong>Erasmus presso l&#8217;Universit\u00e0 di Rostock<\/li>\n<li><strong>2008<span>\u00a0 <\/span><\/strong>Universit\u00e0 Carolina di Praga, 1a Facolt\u00e0 di Medicina &#8211; Medicina Generale<\/li>\n<li><strong>2014<span>\u00a0 <\/span><\/strong>Specializzazione in Ginecologia-Ostetricia<\/li>\n<li><strong>2019<span>\u00a0 <\/span><\/strong>Competenza specialistica nel campo della Medicina della Riproduzione<\/li>\n<li>Licenza Ordine dei medici per le prestazioni di Medico Primario e Primario per il campo di Ginecologia e Ostetricia e per il campo di Medicina della Riproduzione<\/li>\n<\/ul>\n<h3>Esperienza pratica:<\/h3>\n<ul>\n<li><strong>2008-2011 <\/strong>Dipartimento di Ginecologia e Ostetricia Ospedale Regionale di Pardubice a.s.<\/li>\n<li><strong>2011-2012 <\/strong>Heinrich-Braun-Klinikum, Zwickau<\/li>\n<li><strong>2013-2014 <\/strong>Istituto per la cura della madre e del bambino, Praga<\/li>\n<li><strong>2014-2020 <\/strong>Dipartimento di Ginecologia e Ostetricia, Ospedale di Nymburk<\/li>\n<li><strong>2015-2021 <\/strong>Gynem s.r.o. Praga, primario<\/li>\n<li><strong>dal 2021 <\/strong>Fertility Port<\/li>\n<\/ul>\n<h3>Appartenenza ad associazioni professionali:<\/h3>\n<ul>\n<li>Associazione medica ceca<\/li>\n<li>Associazione Ginecologi Ospedalieri<\/li>\n<li>Associazione dei Ginecologi Privati<\/li>\n<li>Societ\u00e0 medica ceca di Jan Evangelista Purkyn\u011b<\/li>\n<li>Societ\u00e0 ginecologica e ostetrica ceca &#8211; Sezione di riproduzione assistita<\/li>\n<li>Societ\u00e0 Europea di Riproduzione Umana ed Embriologia<\/li>\n<\/ul>\n<p>[\/et_pb_text][\/et_pb_column][\/et_pb_row][et_pb_row column_structure=&#8221;1_4,3_4&#8243; _builder_version=&#8221;4.4.0&#8243; global_colors_info=&#8221;{}&#8221;][et_pb_column type=&#8221;1_4&#8243; _builder_version=&#8221;4.4.0&#8243; global_colors_info=&#8221;{}&#8221;][et_pb_image src=&#8221;https:\/\/fertilityport.com\/wp-content\/uploads\/2021\/11\/petra-polaskova.png&#8221; title_text=&#8221;petra-polaskova&#8221; _builder_version=&#8221;4.9.10&#8243; global_colors_info=&#8221;{}&#8221;][\/et_pb_image][\/et_pb_column][et_pb_column type=&#8221;3_4&#8243; _builder_version=&#8221;4.4.0&#8243; global_colors_info=&#8221;{}&#8221;][et_pb_text module_class=&#8221;c_blurb&#8221; _builder_version=&#8221;4.9.10&#8243; global_colors_info=&#8221;{}&#8221;]<\/p>\n<h2>Dott.ssa Petra Pol\u00e1\u0161kov\u00e1<\/h2>\n<h3>Formazione e specializzazione:<\/h3>\n<ul>\n<li><strong>2009<\/strong> Universit\u00e0 Carolina di Praga, 1a Facolt\u00e0 di Medicina<\/li>\n<li><strong>2014<\/strong> Specializzazione in Ginecologia-Ostetricia<\/li>\n<li><strong>2014<\/strong> Diploma formazione continua dell\u00b4Ordine dei medici<\/li>\n<\/ul>\n<h3>Esperienza pratica<\/h3>\n<ul>\n<li><strong>2009 \u2013 2021 <\/strong>Dipartimento di Ginecologia e Ostetricia \u2013 Clinica della 1\u00b0FM UC e OUM a Praga \u2013 posizione di vice primario<\/li>\n<li><strong>2014 \u2013 2018<\/strong> Europe IVF International s.r.o. \u2013 posizione di vice primario<\/li>\n<li><strong>2019 \u2013 2021<\/strong> NL \u2013 Clinic Gest IVF s.r.o. &#8211; posizione di vice primario<\/li>\n<li><strong>dal 2021 <\/strong>Fertilityport Prague<\/li>\n<\/ul>\n<h3>Appartenenza ad associazioni professionali<\/h3>\n<ul>\n<li>Associazione medica ceca<\/li>\n<li>Societ\u00e0 ginecologica e ostetrica ceca &#8211; Sezione di riproduzione assistita<\/li>\n<\/ul>\n<p>[\/et_pb_text][\/et_pb_column][\/et_pb_row][et_pb_row column_structure=&#8221;1_4,3_4&#8243; _builder_version=&#8221;4.4.0&#8243; global_colors_info=&#8221;{}&#8221;][et_pb_column type=&#8221;1_4&#8243; _builder_version=&#8221;4.4.0&#8243; global_colors_info=&#8221;{}&#8221;][et_pb_image src=&#8221;https:\/\/fertilityport.com\/wp-content\/uploads\/2022\/04\/3.png&#8221; _builder_version=&#8221;4.14.4&#8243; hover_enabled=&#8221;0&#8243; global_colors_info=&#8221;{}&#8221; title_text=&#8221;3&#8243; sticky_enabled=&#8221;0&#8243;][\/et_pb_image][\/et_pb_column][et_pb_column type=&#8221;3_4&#8243; _builder_version=&#8221;4.4.0&#8243; global_colors_info=&#8221;{}&#8221;][et_pb_text module_class=&#8221;c_blurb&#8221; _builder_version=&#8221;4.4.0&#8243; global_colors_info=&#8221;{}&#8221;]<\/p>\n<h2>Dott.ssa. Kate\u0159ina Kyselov\u00e1<\/h2>\n<h3>Istruzione e specializzazione:<\/h3>\n<ul>\n<li><strong>1995<\/strong> Universit\u00e0 UP Olomouc, facolt\u00e0 di Medicina \u2013 settore Medicina Generale<\/li>\n<li><strong>1998<\/strong> Qualificazione specializzata nel settore Ginecologia-Ostetricia<\/li>\n<li><strong>2001<\/strong> Qualifiacazione specializzata nel settore Genetica medica<\/li>\n<\/ul>\n<ul><\/ul>\n<h3>Licenze e certificati:<\/h3>\n<ul>\n<li><strong>2001<\/strong> Licenza per la pratica individuale nel settore Ginecologia-Ostetricia<\/li>\n<li><strong>2001<\/strong> Licenza per la pratica individuale nel settore di genetica medica<\/li>\n<li><strong>2003<\/strong> Certificato per la ecocardiografia di screening prenatale<\/li>\n<li><strong>2007<\/strong> Specializazione medica nel settore genetica medica<\/li>\n<li><strong>2009<\/strong> Specializzazione medica nel settore Ginecologia-Ostetricia<\/li>\n<li><strong>2009<\/strong> Certificato FMF (Londra) per lo screening in 11.-14. settimana di gravidanza, misurazione della traslucenza nucale (NT)<\/li>\n<li><strong>2011<\/strong> Licenza per capo medico e primario nel settore genetica medica<\/li>\n<\/ul>\n<h3>Esperienze:<\/h3>\n<ul>\n<li><strong>1995\u20131998<\/strong> Reparto di Ginecologia e Ostetricia dell\u00b4ospedale a Fr\u00fddek M\u00edstek<\/li>\n<li><strong>1997\u20132008<\/strong> Ambulanza di genetica medica al policlinico M\u00edstek s.r.o. a Fr\u00fddek M\u00edstek<\/li>\n<li><strong>1998\u20132000<\/strong> Centro di riproduzione assistita, MUDr. Konstantin \u010caplygin a Fr\u00fddek M\u00edstek<\/li>\n<li><strong>1998\u20131999<\/strong> Centro medico GYN-PREN s.r.o.<\/li>\n<li><strong>1999\u20132005<\/strong> Medico viceresponsabile al centro medico GYN-PREN s.r.o.<\/li>\n<li><strong>2005\u2013<\/strong><strong>ad oggi<\/strong> Centro medico GYN-PREN s.r.o<\/li>\n<li><strong>2007\u20132014<\/strong> Ambulanza di genetica medica all\u00b4ospedale Nov\u00fd Ji\u010d\u00edn, a.s.<\/li>\n<li><strong>2008\u20132014<\/strong> Il garante specializzato per il settore genetica medica Chemila s.r.o.<\/li>\n<li><strong>2009\u2013<\/strong><strong>ad oggi<\/strong> il garante specializzato per il settore genetica medica GYN-PREN s.r.o<\/li>\n<li><strong>2011\u20132014<\/strong> il garante specializzato per il settore genetica medica Laboratorio Agel a.s.<\/li>\n<li><strong>2014\u2013<\/strong><strong>ad oggi<\/strong> il capo medico del Centro di genetica medica, SPADIA LAB a.s.<\/li>\n<li><strong>2018\u2013<\/strong><strong>ad oggi<\/strong> medico esterno Fertility Port<\/li>\n<\/ul>\n<h3>Membro:<\/h3>\n<ul>\n<li>Camera Ceca dei Medici (JEP)<\/li>\n<li>Societ\u00e0 Genetica Medica Ceca<\/li>\n<li>ASHG (The American Society of Human Genetics)<\/li>\n<li>Societa Ginecologia-Ostetricia Ceca<\/li>\n<li>Sezione di medicina prenatale \u010cGPS<\/li>\n<li>Sezione della diagnostica ultrasuono \u010cGPS<\/li>\n<\/ul>\n<p>[\/et_pb_text][\/et_pb_column][\/et_pb_row][et_pb_row column_structure=&#8221;1_4,3_4&#8243; _builder_version=&#8221;4.4.0&#8243; global_colors_info=&#8221;{}&#8221;][et_pb_column type=&#8221;1_4&#8243; _builder_version=&#8221;4.4.0&#8243; global_colors_info=&#8221;{}&#8221;][et_pb_image src=&#8221;https:\/\/fertilityport.com\/wp-content\/uploads\/2022\/04\/Vystrizek.png&#8221; _builder_version=&#8221;4.14.4&#8243; hover_enabled=&#8221;0&#8243; global_colors_info=&#8221;{}&#8221; title_text=&#8221;V\u00fdst\u0159i\u017eek&#8221; sticky_enabled=&#8221;0&#8243;][\/et_pb_image][\/et_pb_column][et_pb_column type=&#8221;3_4&#8243; _builder_version=&#8221;4.4.0&#8243; global_colors_info=&#8221;{}&#8221;][et_pb_text module_class=&#8221;c_blurb&#8221; _builder_version=&#8221;4.4.0&#8243; global_colors_info=&#8221;{}&#8221;]<\/p>\n<h2>Dr. Mario Montanino Oliva\u00a0<\/h2>\n<p>ESPERTO IN INFERTILIT\u00c0 DI COPPIA E TECNICHE DI PROCREAZIONE MEDICALMENTE ASSISTITA<\/p>\n<p>Il\u00a0Dr. Mario Montanino Oliva\u00a0si \u00e8 laureato a Roma in Medicina e Chirurgia presso l\u2019 Universit\u00e0 \u201cLa Sapienza\u201d nel 1989.<\/p>\n<p>Si \u00e8 poi specializzato in Ginecologia e Ostetricia nella stessa Universit\u00e0 presso il Policlinico Umberto I. Sin dagli anni della specializzazione dove ha frequentato il reparto di Fecondazione in vitro, si \u00e8 sempre interessato di medicina della riproduzione e chirurgia endoscopica.<\/p>\n<p>Questo lo ha portato a trascorrere pi\u00f9 di un anno negli Stati Uniti presso la University of Connecticut dove si occupato principalmente di chirurgia laparoscopica nell\u2019 endometriosi e medicina della riproduzione.<\/p>\n<p>Si \u00e8 inoltre perfezionato per alcuni mesi presso Bourn Hall Clinic a Cambridge in Inghilterra, dove \u00e8 stata eseguita la prima fecondazione in vitro al mondo da parte del premio Nobel per la medicina Prof. R. Edwards.<\/p>\n<p>Attualmente \u00e8 Responsabile Scientifico del centro di Medicina della Riproduzione di Altamedica di Roma.<\/p>\n<p>Per i nostri pazienti il Dott. Montanini svolge consulenza a Roma, Milano o Palmi (RC).<\/p>\n<ul><\/ul>\n<p>[\/et_pb_text][\/et_pb_column][\/et_pb_row][\/et_pb_section]<\/p>\n","protected":false},"excerpt":{"rendered":"<p>Nostri MediciDott. Lubo\u0161 Vl\u010dek Formazione e specializzazione: 2002\u00a0 Liceo di Pacov 2006\u00a0 Erasmus presso l&#8217;Universit\u00e0 di Rostock 2008\u00a0 Universit\u00e0 Carolina di Praga, 1a Facolt\u00e0 di Medicina &#8211; Medicina Generale 2014\u00a0 Specializzazione in Ginecologia-Ostetricia 2019\u00a0 Competenza specialistica nel campo della Medicina della Riproduzione Licenza Ordine dei medici per le prestazioni di Medico Primario e Primario per [&hellip;]<\/p>\n","protected":false},"author":2,"featured_media":0,"parent":0,"menu_order":0,"comment_status":"closed","ping_status":"closed","template":"","meta":{"_acf_changed":false,"_et_pb_use_builder":"on","_et_pb_old_content":"<p>[et_pb_section fb_built=\"1\" _builder_version=\"4.4.0\" background_color=\"#e2e2e2\"][et_pb_row _builder_version=\"4.4.0\"][et_pb_column type=\"4_4\" _builder_version=\"4.4.0\"][et_pb_text module_class=\"c_blurb\" _builder_version=\"4.4.0\"]<\/p><h1>Our doctors<\/h1><p>[\/et_pb_text][\/et_pb_column][\/et_pb_row][\/et_pb_section][et_pb_section fb_built=\"1\" module_class=\"aboutus\" _builder_version=\"4.4.0\"][et_pb_row column_structure=\"1_4,3_4\" _builder_version=\"4.4.0\"][et_pb_column type=\"1_4\" _builder_version=\"4.4.0\"][et_pb_image src=\"https:\/\/fertilityport.com\/wp-content\/uploads\/2020\/03\/mudr-stepan-budka.jpg\" module_class=\"about_img\" _builder_version=\"4.4.0\"][\/et_pb_image][\/et_pb_column][et_pb_column type=\"3_4\" _builder_version=\"4.4.0\"][et_pb_text module_class=\"c_blurb\" _builder_version=\"4.4.0\"]<\/p><h2>MUDr. \u0160t\u011bp\u00e1n Budka<\/h2><h3>Education and specialization:<\/h3><ul><li><strong>1997<\/strong>\u00a0Secondary Nursing School, Dube\u010dsk\u00e1 900, Praha 10<\/li><li><strong>2003<\/strong>\u00a0Charles University Prague, 3rd Faculty of Medicine \u2013 General Medical Practice<\/li><li><strong>2009<\/strong>\u00a0Received specialised qualification in Gynaecology and Obstetrics<\/li><li><strong>2017<\/strong>\u00a0Received specialised qualification in Reproductive Medicine<\/li><li>Czech Medical Chamber licence for performance as Senior Doctor and Head Doctor in the area of Gynaecology and Obstetrics and for Assisted reproduction<\/li><\/ul><h3 class=\"h3\">Professional Experience:<\/h3><ul><li><strong>2003 \u2013 2007<\/strong>\u00a0Gynaecological and Obstetrical Clinic of the 3rd Faculty of Medicine at Charles University and the Kr\u00e1lovsk\u00e9 Vinohrady University Hospital in Prague<\/li><li><strong>2007 \u2013 present<\/strong>\u00a0Gynaecological and Obstetrical Department of the Thomayer Hospital in Prague<\/li><li><strong>2009 \u2013 2012<\/strong>\u00a0Gynaecological and Obstetrical Department of the City Hospital in Neratovice \u2013 Deputy Senior Doctor<\/li><li><strong>2012 \u2013 2015<\/strong>\u00a0IVF CUBE, Prague<\/li><li><strong>2015 \u2013 2018<\/strong>\u00a0PRONATAL, Praha, Head Doctor \u2013 Kol\u00edn branch<\/li><li><strong>od 2018<\/strong>\u00a0Fertility Port, Prague<\/li><\/ul><h3 class=\"h3\">Member of:<\/h3><ul><li>Czech Medical Chamber<\/li><li>Czech Medical Association of Jan Evangelista Purkyn\u011b<\/li><li>Czech Gynaecological and Obstetrical Association \u2013 Assisted Reproduction section<\/li><li>SNGP<\/li><li>ESHRE<\/li><li>SSK HardTask Rangers<\/li><li>LEX<\/li><\/ul><p>[\/et_pb_text][\/et_pb_column][\/et_pb_row][et_pb_row _builder_version=\"4.4.0\"][et_pb_column _builder_version=\"4.4.0\" type=\"4_4\"][et_pb_divider _builder_version=\"4.4.0\" color=\"#e2e2e2\" hover_enabled=\"0\"][\/et_pb_divider][\/et_pb_column][\/et_pb_row][et_pb_row column_structure=\"1_4,3_4\" _builder_version=\"4.4.0\"][et_pb_column type=\"1_4\" _builder_version=\"4.4.0\"][et_pb_image src=\"https:\/\/fertilityport.com\/wp-content\/uploads\/2020\/03\/mudr-jan-smrcina.jpg\" _builder_version=\"4.4.0\"][\/et_pb_image][\/et_pb_column][et_pb_column type=\"3_4\" _builder_version=\"4.4.0\"][et_pb_text module_class=\"c_blurb\" _builder_version=\"4.4.0\"]<\/p><h2>MUDr. Jan Smr\u010dina<\/h2><h3>Education and specialization:<\/h3><ul><li><strong>2008<\/strong>\u00a0Graduated from the Faculty of Medicine at Charles University in Prague.<\/li><li><strong>2015<\/strong>\u00a0Speciality in gynaecology and obstetrics.<\/li><\/ul><h3 class=\"h3\">Professional Experience:<\/h3><ul><li><strong>2009 \u2013 2015<\/strong>\u00a0Gynaecologist-obstetrician at the Thomayer Hospital in Prague<\/li><li><strong>2014 \u2013 2017<\/strong>\u00a0IVF CUBE Prague<\/li><li><strong>from 2017<\/strong>\u00a0FertilityPort, Prague<\/li><\/ul><p>[\/et_pb_text][\/et_pb_column][\/et_pb_row][et_pb_row _builder_version=\"4.4.0\"][et_pb_column _builder_version=\"4.4.0\" type=\"4_4\"][et_pb_divider _builder_version=\"4.4.0\" color=\"#e2e2e2\" hover_enabled=\"0\"][\/et_pb_divider][\/et_pb_column][\/et_pb_row][et_pb_row column_structure=\"1_4,3_4\" _builder_version=\"4.4.0\"][et_pb_column type=\"1_4\" _builder_version=\"4.4.0\"][et_pb_image src=\"https:\/\/fertilityport.com\/wp-content\/uploads\/2020\/03\/mudr-katerina-kyselova.jpg\" _builder_version=\"4.4.0\"][\/et_pb_image][\/et_pb_column][et_pb_column type=\"3_4\" _builder_version=\"4.4.0\"][et_pb_text module_class=\"c_blurb\" _builder_version=\"4.4.0\"]<\/p><h2>MUDr. Kate\u0159ina Kyselov\u00e1<\/h2><h3>Education and specialization:<\/h3><ul><li><strong>1995<\/strong>\u00a0graduation at Faculty of Medicine and Dentistry of Palacky University in Olomouc<\/li><li><strong>1998<\/strong>\u00a0attestation of first grade in gynaecological and obstetrical speciality<\/li><li><strong>2001<\/strong>\u00a0attestation of medical genetics speciality<\/li><\/ul><h3>Post-gradual education, courses and trainings<\/h3><ul><li><strong>2003<\/strong>\u00a0Course at foetal echocardiography at Motol Prague<\/li><li><strong>2009<\/strong>\u00a0Theoretical course \u201eUltrasound examination at 11 \u2013 14 weeks The Foetal Medicine Foundation (London), Dept. of Med. Genet. and Foetal Med. in Olomouc (prof. K. Nicolaides, prof. J. \u0160antav\u00fd)<\/li><\/ul><h3>Licenses and certifications<\/h3><ul><li><strong>2001<\/strong>\u00a0Licensed for intervention of independent practise in gynaecological and obstetrical speciality<\/li><li><strong>2001<\/strong>\u00a0Licensed for intervention of independent practise in medical genetics speciality<\/li><li><strong>2007<\/strong>\u00a0specialized ability of physician in medical genetics speciality<\/li><li><strong>2009<\/strong>\u00a0specializovan\u00e1 zp\u016fsobilost l\u00e9ka\u0159e v oboru gynekologie a porodnictv\u00ed<\/li><li><strong>2011<\/strong>\u00a0Licensed for position of head and senior physician in medical genetics speciality<\/li><li><strong>2003<\/strong>\u00a0Certified for screening foetal echocardiography<\/li><li><strong>2009<\/strong>\u00a0Certified for ultrasound screening at 11 \u2013 14 weeks of pregnancy at Foetal Medical Foundation (London), nuchal translucency evaluation (NT)<\/li><\/ul><h3>Praxe<\/h3><ul><li><strong>1995 \u2013 1998<\/strong>\u00a0physician of gynaecological and obstetrical department at Hospital Fr\u00fddek-M\u00edstek<\/li><li><strong>1997 \u2013 2008<\/strong>\u00a0physician of medical genetics ambulance at health centre Poliklinika M\u00edstek s.r.o<\/li><li><strong>1998 \u2013 2000<\/strong>\u00a0physician at Centre of Assisted Reproduction Fr\u00fddek-M\u00edstek, Dr. Konstantin \u010caplygin<\/li><li><strong>1998 \u2013 1999<\/strong>\u00a0physician of private medical institution GYN-PREN s.r.o<\/li><li><strong>1999 \u2013 2005<\/strong>\u00a0proxy of head physician at private medical institution GYN-PREN s.r.o<\/li><li><strong>From\u00a02005 \u2013<\/strong>\u00a0physician of private medical institution GYN-PREN s.r.o<\/li><li><strong>2007 \u2013 2014<\/strong>\u00a0physician od medical genetics ambulance at Hospital Nov\u00fd Ji\u010d\u00edn, a.s.<\/li><li><strong>2008 \u2013 2014<\/strong>\u00a0expert referee for medical genetics speciality Chemila s.r.o.<\/li><li><strong>From\u00a02009 \u2013<\/strong>\u00a0expert referee for medical genetics speciality GYN-PREN s.r.o<\/li><li><strong>2011 \u2013 2014<\/strong>\u00a0expert referee for medical genetics speciality Laboratories Agel, a.s.<\/li><li><strong>From 2014 \u2013<\/strong>\u00a0head physician at Centre of medical genetics Fr\u00fddek-M\u00edstek, SPADIA LAB, a.s.<\/li><li><strong>From\u00a02018 \u2013<\/strong>\u00a0external physician at Centre of assisted reproduction FertilityPort Prague<\/li><\/ul><h3>Membership at expert companies<\/h3><ul><li>Czech Medical Company JEP<\/li><li>Company of Medical Genetics<\/li><li>ASHG (The American Society of Human Genetics)<\/li><li>Czech Gynaecological and Obstetrical Company<\/li><li>Division of Foetal Medicine \u010cGPS<\/li><li>Division of Ultrasound Diagnostics \u010cGPS<\/li><\/ul><p>[\/et_pb_text][\/et_pb_column][\/et_pb_row][\/et_pb_section]<\/p>","_et_gb_content_width":"","footnotes":""},"class_list":["post-1319","page","type-page","status-publish","hentry"],"acf":[],"yoast_head":"<!-- This site is optimized with the Yoast SEO plugin v27.4 - https:\/\/yoast.com\/product\/yoast-seo-wordpress\/ -->\n<title>Nostri medici | FertilityPort Prague<\/title>\n<meta name=\"description\" content=\"Con il massimo impegno ci concentriamo a risolvere individualmente il vostro problema e di ridurre al minimo lo stress che pu\u00f2 accompagnare al trattamento.\" \/>\n<meta name=\"robots\" content=\"index, follow, max-snippet:-1, max-image-preview:large, max-video-preview:-1\" \/>\n<link rel=\"canonical\" href=\"https:\/\/fertilityport.com\/our-doctors\/\" \/>\n<meta property=\"og:locale\" content=\"it_IT\" \/>\n<meta property=\"og:type\" content=\"article\" \/>\n<meta property=\"og:title\" content=\"Nostri medici | FertilityPort Prague\" \/>\n<meta property=\"og:description\" content=\"Con il massimo impegno ci concentriamo a risolvere individualmente il vostro problema e di ridurre al minimo lo stress che pu\u00f2 accompagnare al trattamento.\" \/>\n<meta property=\"og:url\" content=\"https:\/\/fertilityport.com\/our-doctors\/\" \/>\n<meta property=\"og:site_name\" content=\"FertilityPort Prague\" \/>\n<meta property=\"article:modified_time\" content=\"2022-04-13T09:26:51+00:00\" \/>\n<meta name=\"twitter:card\" content=\"summary_large_image\" \/>\n<meta name=\"twitter:label1\" content=\"Tempo di lettura stimato\" \/>\n\t<meta name=\"twitter:data1\" content=\"5 minuti\" \/>\n<script type=\"application\/ld+json\" class=\"yoast-schema-graph\">{\"@context\":\"https:\\\/\\\/schema.org\",\"@graph\":[{\"@type\":\"WebPage\",\"@id\":\"https:\\\/\\\/fertilityport.com\\\/our-doctors\\\/\",\"url\":\"https:\\\/\\\/fertilityport.com\\\/our-doctors\\\/\",\"name\":\"Nostri medici | FertilityPort Prague\",\"isPartOf\":{\"@id\":\"https:\\\/\\\/fertilityport.com\\\/#website\"},\"datePublished\":\"2020-03-15T09:47:02+00:00\",\"dateModified\":\"2022-04-13T09:26:51+00:00\",\"description\":\"Con il massimo impegno ci concentriamo a risolvere individualmente il vostro problema e di ridurre al minimo lo stress che pu\u00f2 accompagnare al trattamento.\",\"breadcrumb\":{\"@id\":\"https:\\\/\\\/fertilityport.com\\\/our-doctors\\\/#breadcrumb\"},\"inLanguage\":\"it-IT\",\"potentialAction\":[{\"@type\":\"ReadAction\",\"target\":[\"https:\\\/\\\/fertilityport.com\\\/our-doctors\\\/\"]}]},{\"@type\":\"BreadcrumbList\",\"@id\":\"https:\\\/\\\/fertilityport.com\\\/our-doctors\\\/#breadcrumb\",\"itemListElement\":[{\"@type\":\"ListItem\",\"position\":1,\"name\":\"Home\",\"item\":\"https:\\\/\\\/fertilityport.com\\\/it\\\/\"},{\"@type\":\"ListItem\",\"position\":2,\"name\":\"Nostri Medici\"}]},{\"@type\":\"WebSite\",\"@id\":\"https:\\\/\\\/fertilityport.com\\\/#website\",\"url\":\"https:\\\/\\\/fertilityport.com\\\/\",\"name\":\"FertilityPort Prague\",\"description\":\"\",\"potentialAction\":[{\"@type\":\"SearchAction\",\"target\":{\"@type\":\"EntryPoint\",\"urlTemplate\":\"https:\\\/\\\/fertilityport.com\\\/?s={search_term_string}\"},\"query-input\":{\"@type\":\"PropertyValueSpecification\",\"valueRequired\":true,\"valueName\":\"search_term_string\"}}],\"inLanguage\":\"it-IT\"}]}<\/script>\n<!-- \/ Yoast SEO plugin. -->","yoast_head_json":{"title":"Nostri medici | FertilityPort Prague","description":"Con il massimo impegno ci concentriamo a risolvere individualmente il vostro problema e di ridurre al minimo lo stress che pu\u00f2 accompagnare al trattamento.","robots":{"index":"index","follow":"follow","max-snippet":"max-snippet:-1","max-image-preview":"max-image-preview:large","max-video-preview":"max-video-preview:-1"},"canonical":"https:\/\/fertilityport.com\/our-doctors\/","og_locale":"it_IT","og_type":"article","og_title":"Nostri medici | FertilityPort Prague","og_description":"Con il massimo impegno ci concentriamo a risolvere individualmente il vostro problema e di ridurre al minimo lo stress che pu\u00f2 accompagnare al trattamento.","og_url":"https:\/\/fertilityport.com\/our-doctors\/","og_site_name":"FertilityPort Prague","article_modified_time":"2022-04-13T09:26:51+00:00","twitter_card":"summary_large_image","twitter_misc":{"Tempo di lettura stimato":"5 minuti"},"schema":{"@context":"https:\/\/schema.org","@graph":[{"@type":"WebPage","@id":"https:\/\/fertilityport.com\/our-doctors\/","url":"https:\/\/fertilityport.com\/our-doctors\/","name":"Nostri medici | FertilityPort Prague","isPartOf":{"@id":"https:\/\/fertilityport.com\/#website"},"datePublished":"2020-03-15T09:47:02+00:00","dateModified":"2022-04-13T09:26:51+00:00","description":"Con il massimo impegno ci concentriamo a risolvere individualmente il vostro problema e di ridurre al minimo lo stress che pu\u00f2 accompagnare al trattamento.","breadcrumb":{"@id":"https:\/\/fertilityport.com\/our-doctors\/#breadcrumb"},"inLanguage":"it-IT","potentialAction":[{"@type":"ReadAction","target":["https:\/\/fertilityport.com\/our-doctors\/"]}]},{"@type":"BreadcrumbList","@id":"https:\/\/fertilityport.com\/our-doctors\/#breadcrumb","itemListElement":[{"@type":"ListItem","position":1,"name":"Home","item":"https:\/\/fertilityport.com\/it\/"},{"@type":"ListItem","position":2,"name":"Nostri Medici"}]},{"@type":"WebSite","@id":"https:\/\/fertilityport.com\/#website","url":"https:\/\/fertilityport.com\/","name":"FertilityPort Prague","description":"","potentialAction":[{"@type":"SearchAction","target":{"@type":"EntryPoint","urlTemplate":"https:\/\/fertilityport.com\/?s={search_term_string}"},"query-input":{"@type":"PropertyValueSpecification","valueRequired":true,"valueName":"search_term_string"}}],"inLanguage":"it-IT"}]}},"_links":{"self":[{"href":"https:\/\/fertilityport.com\/it\/wp-json\/wp\/v2\/pages\/1319","targetHints":{"allow":["GET"]}}],"collection":[{"href":"https:\/\/fertilityport.com\/it\/wp-json\/wp\/v2\/pages"}],"about":[{"href":"https:\/\/fertilityport.com\/it\/wp-json\/wp\/v2\/types\/page"}],"author":[{"embeddable":true,"href":"https:\/\/fertilityport.com\/it\/wp-json\/wp\/v2\/users\/2"}],"replies":[{"embeddable":true,"href":"https:\/\/fertilityport.com\/it\/wp-json\/wp\/v2\/comments?post=1319"}],"version-history":[{"count":12,"href":"https:\/\/fertilityport.com\/it\/wp-json\/wp\/v2\/pages\/1319\/revisions"}],"predecessor-version":[{"id":5545,"href":"https:\/\/fertilityport.com\/it\/wp-json\/wp\/v2\/pages\/1319\/revisions\/5545"}],"wp:attachment":[{"href":"https:\/\/fertilityport.com\/it\/wp-json\/wp\/v2\/media?parent=1319"}],"curies":[{"name":"wp","href":"https:\/\/api.w.org\/{rel}","templated":true}]}}