{"id":1358,"date":"2020-03-15T15:26:12","date_gmt":"2020-03-15T14:26:12","guid":{"rendered":"https:\/\/fertilityport.vesmirnekure.cz\/?page_id=1358"},"modified":"2021-06-02T17:37:08","modified_gmt":"2021-06-02T15:37:08","slug":"domu","status":"publish","type":"page","link":"https:\/\/fertilityport.com\/it\/domu\/","title":{"rendered":"Home"},"content":{"rendered":"<p>[et_pb_section fb_built=&#8221;1&#8243; _builder_version=&#8221;4.9.4&#8243; background_image=&#8221;https:\/\/fertilityport.com\/wp-content\/uploads\/2021\/05\/new-hp.jpeg&#8221; custom_padding=&#8221;||||false|false&#8221;][et_pb_row column_structure=&#8221;1_2,1_2&#8243; _builder_version=&#8221;4.4.0&#8243;][et_pb_column type=&#8221;1_2&#8243; _builder_version=&#8221;4.4.0&#8243;][et_pb_text module_class=&#8221;c_blurb&#8221; _builder_version=&#8221;4.4.1&#8243; background_layout=&#8221;dark&#8221;]<\/p>\n<h1>FertilityPort Prague<\/h1>\n<p>[\/et_pb_text][et_pb_text _builder_version=&#8221;4.6.1&#8243; _module_preset=&#8221;default&#8221; background_layout=&#8221;dark&#8221;]<\/p>\n<p>Il centro FertilityPort Prague \u00e8 stato fondato sulla base dell\u2019unione di eccellenti specialisti nel settore della procreazione assistita per creare un\u2019equipe affiatata di esperti.<\/p>\n<p>Il nostro desiderio \u00e8 quello di guadagnarci la vostra fiducia e, grazie a tutti i metodi disponibili e alle esperienze dei membri della nostra equipe, aiutarvi a realizzare il vostro sogno di avere il bambino. La soddisfazione dei nostri clienti \u00e8 per noi una ricompensa e la prova che ci\u00f2 che facciamo ha davvero senso.<\/p>\n<p>[\/et_pb_text][et_pb_text _builder_version=&#8221;4.4.1&#8243; text_font=&#8221;Dancing Script||||||||&#8221; text_font_size=&#8221;28px&#8221; background_layout=&#8221;dark&#8221;]FertilityPort Prague \u2013 Qui inizia la vita[\/et_pb_text][\/et_pb_column][et_pb_column type=&#8221;1_2&#8243; _builder_version=&#8221;4.4.0&#8243;][et_pb_blurb title=&#8221;OFFERTA SPECIALE D\u00b4ESTATE &#8221; disabled_on=&#8221;off|off|off&#8221; module_class=&#8221;blurb&#8211;up blurb&#8211;up&#8211;cta&#8221; _builder_version=&#8221;4.9.4&#8243; header_level=&#8221;h2&#8243; background_image=&#8221;https:\/\/fertilityport.com\/wp-content\/uploads\/2021\/05\/ffp-banner.jpeg&#8221; text_orientation=&#8221;center&#8221; animation=&#8221;off&#8221; border_width_all=&#8221;1px&#8221; border_color_all=&#8221;#ffffff&#8221; text_shadow_style=&#8221;preset3&#8243;]<\/p>\n<p><strong>Prezzi scontati delle terapie<\/strong><\/p>\n<p><strong>GRATIS: <\/strong>Consulenza, Skype, Embryoglue, Embryoscope<span style=\"font-size: 16px;\"> <\/span><br \/><a class=\"btn btn--primary\" href=\"https:\/\/fertilityport.com\/it\/lofferte-speciali-fpp\/\">Info<\/a><\/p>\n<p>[\/et_pb_blurb][\/et_pb_column][\/et_pb_row][\/et_pb_section][et_pb_section fb_built=&#8221;1&#8243; module_class=&#8221;section&#8211;pushtop_hp&#8221; _builder_version=&#8221;4.4.1&#8243; custom_padding=&#8221;||||false|false&#8221;][et_pb_row column_structure=&#8221;1_3,1_3,1_3&#8243; make_equal=&#8221;on&#8221; _builder_version=&#8221;4.4.0&#8243; custom_padding=&#8221;||0px||false|false&#8221;][et_pb_column type=&#8221;1_3&#8243; _builder_version=&#8221;4.4.0&#8243;][et_pb_blurb title=&#8221;Chiedi il tuo appuntamento &#8221; url=&#8221;https:\/\/fertilityport.com\/cs\/kontakt\/&#8221; image=&#8221;https:\/\/fertilityport.com\/wp-content\/uploads\/2020\/03\/man.svg&#8221; module_class=&#8221;blurb&#8211;up&#8221; _builder_version=&#8221;4.4.1&#8243; header_level=&#8221;h2&#8243; text_orientation=&#8221;center&#8221; animation=&#8221;off&#8221;]Novit\u00e0! Siamo qui per voi nel centro di Roma! <a href=\"https:\/\/fertilityport.com\/it\/contatti\/\" class=\"btn btn--primary\">Contatti<\/a>[\/et_pb_blurb][\/et_pb_column][et_pb_column type=&#8221;1_3&#8243; _builder_version=&#8221;4.4.0&#8243;][et_pb_blurb title=&#8221;Voglio donare i miei ovuli\/spermatozoi&#8221; url=&#8221;https:\/\/fertilityport.com\/cs\/chci-darovat\/&#8221; image=&#8221;https:\/\/fertilityport.com\/wp-content\/uploads\/2020\/03\/woman_white.svg&#8221; module_class=&#8221;blurb&#8211;up&#8221; _builder_version=&#8221;4.4.0&#8243; header_level=&#8221;h2&#8243; text_orientation=&#8221;center&#8221; animation=&#8221;off&#8221;]Tu dai speranza allle coppie sterili di diventare genitori. <a href=\"https:\/\/fertilityport.com\/it\/voglio-donare\/\" class=\"btn btn--primary\">Altro<\/a>[\/et_pb_blurb][\/et_pb_column][et_pb_column type=&#8221;1_3&#8243; _builder_version=&#8221;4.4.0&#8243;][et_pb_blurb title=&#8221;Social freezing&#8221; url=&#8221;https:\/\/fertilityport.com\/cs\/social-freezing\/&#8221; image=&#8221;https:\/\/fertilityport.com\/wp-content\/uploads\/2020\/03\/sperm.svg&#8221; module_class=&#8221;blurb&#8211;up&#8221; _builder_version=&#8221;4.4.0&#8243; header_level=&#8221;h2&#8243; text_orientation=&#8221;center&#8221; animation=&#8221;off&#8221;]preserviamo la tua fertilit\u00e0 <a href=\"https:\/\/fertilityport.com\/it\/social-freezing\/\" class=\"btn btn--primary\">Altro<\/a>[\/et_pb_blurb][\/et_pb_column][\/et_pb_row][\/et_pb_section][et_pb_section fb_built=&#8221;1&#8243; _builder_version=&#8221;4.4.0&#8243; background_image=&#8221;https:\/\/fertilityport.com\/wp-content\/uploads\/2020\/03\/socket.jpg&#8221; custom_padding=&#8221;90px||90px||false|false&#8221;][et_pb_row column_structure=&#8221;1_3,1_3,1_3&#8243; _builder_version=&#8221;4.4.0&#8243;][et_pb_column type=&#8221;1_3&#8243; _builder_version=&#8221;4.4.0&#8243;][et_pb_code _builder_version=&#8221;4.4.0&#8243;]<\/p>\n<div class=\"blurb\"><!-- [et_pb_line_break_holder] -->  <\/p>\n<div class=\"blurb__heading\"><!-- [et_pb_line_break_holder] -->    <img decoding=\"async\" src=\"https:\/\/fertilityport.com\/wp-content\/uploads\/2020\/03\/doctor.svg\" alt=\"icon\"> 100 <span>%<\/span><!-- [et_pb_line_break_holder] -->  <\/div>\n<p><!-- [et_pb_line_break_holder] -->  <\/p>\n<div class=\"blurb__content\"><!-- [et_pb_line_break_holder] -->    Approccio individuale personalizzato<!-- [et_pb_line_break_holder] --><!-- [et_pb_line_break_holder] --><!-- [et_pb_line_break_holder] -->  <\/div>\n<p><!-- [et_pb_line_break_holder] --><\/div>\n<p>[\/et_pb_code][\/et_pb_column][et_pb_column type=&#8221;1_3&#8243; _builder_version=&#8221;4.4.0&#8243;][et_pb_code _builder_version=&#8221;4.4.0&#8243;]<\/p>\n<div class=\"blurb\"><!-- [et_pb_line_break_holder] -->  <\/p>\n<div class=\"blurb__heading\"><!-- [et_pb_line_break_holder] -->    <img decoding=\"async\" src=\"https:\/\/fertilityport.com\/wp-content\/uploads\/2020\/03\/ultrasound.svg\" alt=\"icon\"> 2021<\/div>\n<p><!-- [et_pb_line_break_holder] -->  <\/p>\n<div class=\"blurb__content\"><!-- [et_pb_line_break_holder] -->    Attrezzature all\u2019avanguardia e di ultima generazione<!-- [et_pb_line_break_holder] -->  <\/div>\n<p><!-- [et_pb_line_break_holder] --><\/div>\n<p>[\/et_pb_code][\/et_pb_column][et_pb_column type=&#8221;1_3&#8243; _builder_version=&#8221;4.4.0&#8243;][et_pb_code _builder_version=&#8221;4.4.0&#8243;]<\/p>\n<div class=\"blurb\"><!-- [et_pb_line_break_holder] -->  <\/p>\n<div class=\"blurb__heading\"><!-- [et_pb_line_break_holder] -->    <img decoding=\"async\" src=\"https:\/\/fertilityport.com\/wp-content\/uploads\/2020\/03\/pregnant.svg\" alt=\"icon\"> 1000+<\/div>\n<p><!-- [et_pb_line_break_holder] -->  <\/p>\n<div class=\"blurb__content\">\u00a0 di feedback soddisfatti all\u2019anno<!-- [et_pb_line_break_holder] -->  <\/div>\n<p><!-- [et_pb_line_break_holder] --><\/div>\n<p>[\/et_pb_code][\/et_pb_column][\/et_pb_row][\/et_pb_section][et_pb_section fb_built=&#8221;1&#8243; fullwidth=&#8221;on&#8221; _builder_version=&#8221;4.4.1&#8243; background_video_mp4=&#8221;https:\/\/fertilityport.com\/wp-content\/uploads\/2020\/03\/uvod_video.mp4&#8243;][et_pb_fullwidth_slider show_arrows=&#8221;off&#8221; show_pagination=&#8221;off&#8221; use_bg_overlay=&#8221;off&#8221; _builder_version=&#8221;4.4.1&#8243; background_enable_video_mp4=&#8221;off&#8221; auto=&#8221;on&#8221; auto_speed=&#8221;5000&#8243; auto_ignore_hover=&#8221;on&#8221;][et_pb_slide heading=&#8221;Nel nostro centro ti sentirai in famiglia&#8221; _builder_version=&#8221;4.4.1&#8243; background_color=&#8221;rgba(212,164,169,0.5)&#8221; background_enable_color=&#8221;on&#8221; custom_padding=&#8221;300px||300px||false|false&#8221; custom_padding_tablet=&#8221;150px||150px||false|false&#8221; custom_padding_phone=&#8221;&#8221; custom_padding_last_edited=&#8221;on|tablet&#8221; sticky_transition=&#8221;on&#8221;][\/et_pb_slide][et_pb_slide heading=&#8221;Siamo specialisti nel settore&#8221; _builder_version=&#8221;4.4.1&#8243; background_color=&#8221;rgba(212,164,169,0.5)&#8221; background_enable_color=&#8221;on&#8221; custom_padding=&#8221;300px||300px||false|false&#8221; custom_padding_tablet=&#8221;150px||150px||false|false&#8221; custom_padding_phone=&#8221;&#8221; custom_padding_last_edited=&#8221;on|tablet&#8221; sticky_transition=&#8221;on&#8221;][\/et_pb_slide][et_pb_slide heading=&#8221;Parliamo la tua lingua&#8221; _builder_version=&#8221;4.4.1&#8243; background_color=&#8221;rgba(212,164,169,0.5)&#8221; background_enable_color=&#8221;on&#8221; custom_padding=&#8221;300px||300px||false|false&#8221; custom_padding_tablet=&#8221;150px||150px||false|false&#8221; custom_padding_phone=&#8221;&#8221; custom_padding_last_edited=&#8221;on|tablet&#8221; sticky_transition=&#8221;on&#8221;][\/et_pb_slide][et_pb_slide heading=&#8221;I nostri medici ed embriologi hanno un esperienza decennale&#8221; _builder_version=&#8221;4.4.1&#8243; background_color=&#8221;rgba(212,164,169,0.5)&#8221; background_enable_color=&#8221;on&#8221; custom_padding=&#8221;300px||300px||false|false&#8221; custom_padding_tablet=&#8221;150px||150px||false|false&#8221; custom_padding_phone=&#8221;&#8221; custom_padding_last_edited=&#8221;on|tablet&#8221; sticky_transition=&#8221;on&#8221;][\/et_pb_slide][\/et_pb_fullwidth_slider][\/et_pb_section][et_pb_section fb_built=&#8221;1&#8243; _builder_version=&#8221;4.9.2&#8243; _module_preset=&#8221;default&#8221;][et_pb_row _builder_version=&#8221;4.9.2&#8243; _module_preset=&#8221;default&#8221;][et_pb_column type=&#8221;4_4&#8243; _builder_version=&#8221;4.9.2&#8243; _module_preset=&#8221;default&#8221;][et_pb_text module_class=&#8221;c_blurb c_blurb&#8211;mid&#8221; _builder_version=&#8221;4.9.2&#8243; _module_preset=&#8221;default&#8221; text_orientation=&#8221;center&#8221;]<\/p>\n<h2>Leggi le storie delle nostre pazienti<\/h2>\n<p>[\/et_pb_text][\/et_pb_column][\/et_pb_row][et_pb_row _builder_version=&#8221;4.9.2&#8243; _module_preset=&#8221;default&#8221;][et_pb_column type=&#8221;4_4&#8243; _builder_version=&#8221;4.9.2&#8243; _module_preset=&#8221;default&#8221;][et_pb_code _builder_version=&#8221;4.9.4&#8243; _module_preset=&#8221;default&#8221;]<\/p>\n<div class=\"ref\"><!-- [et_pb_line_break_holder] -->    <\/p>\n<div><!-- [et_pb_line_break_holder] -->        <\/p>\n<div class=\"ref__item\"><!-- [et_pb_line_break_holder] -->            <\/p>\n<div class=\"ref__content\"><!-- [et_pb_line_break_holder] -->                <pee><i>\u201cNikdy nep\u0159estaneme d\u011bkovat a vzpom\u00ednat, pozdravujte na\u0161eho hrdinn\u00e9ho Doktora Budku. Mal\u00e1 rozsv\u00edtila cel\u00fd sv\u011bt. Nen\u00ed to jen o v\u00e1s, ale pat\u0159\u00ed v\u00e1m velk\u00fd d\u00edk.\u201d<\/i><\/pee><!-- [et_pb_line_break_holder] -->                <pee><strong>V. B.<\/strong><\/pee><!-- [et_pb_line_break_holder] -->            <\/div>\n<p><!-- [et_pb_line_break_holder] -->        <\/div>\n<p><!-- [et_pb_line_break_holder] -->    <\/div>\n<p><!-- [et_pb_line_break_holder] -->      <\/p>\n<div><!-- [et_pb_line_break_holder] -->        <\/p>\n<div class=\"ref__item\"><!-- [et_pb_line_break_holder] -->            <\/p>\n<div class=\"ref__content\"><!-- [et_pb_line_break_holder] -->                <pee><i>\u201cWir haben uns von Hr. Dr. Budka ab dem ersten Beratungsgespr\u00e4ch hervorragend betreut gef\u00fchlt. Sowohl vor Ort als auch telefonisch wurden wir stets extrem freundlich behandelt und hilfsbereit und kompetent beraten.\u201d<\/i><\/pee><!-- [et_pb_line_break_holder] -->                <pee><strong>Anne und Markus aus N\u00fcrnberg<\/strong><\/pee><!-- [et_pb_line_break_holder] -->            <\/div>\n<p><!-- [et_pb_line_break_holder] -->        <\/div>\n<p><!-- [et_pb_line_break_holder] -->    <\/div>\n<p><!-- [et_pb_line_break_holder] -->      <\/p>\n<div><!-- [et_pb_line_break_holder] -->        <\/p>\n<div class=\"ref__item\"><!-- [et_pb_line_break_holder] -->            <\/p>\n<div class=\"ref__content\"><!-- [et_pb_line_break_holder] -->                <pee><i>\u201cWir sind einfach nur zufrieden. Alles hat geklappt. Die individuelle Betreuung hat gleich bei unserem ersten IVF Versuch zum Erfolg gef\u00fchrt und wir haben wundersch\u00f6ne, ganz s\u00fcsse Tochter. Die Ordination ist top. Sehr nettes und kompetentes Team. Alles perfekt!\u201d<\/i><\/pee><!-- [et_pb_line_break_holder] -->                <pee><strong>Fam. M. \/Augsburg<\/strong><\/pee><!-- [et_pb_line_break_holder] -->            <\/div>\n<p><!-- [et_pb_line_break_holder] -->        <\/div>\n<p><!-- [et_pb_line_break_holder] -->    <\/div>\n<p><!-- [et_pb_line_break_holder] -->      <\/p>\n<div><!-- [et_pb_line_break_holder] -->        <\/p>\n<div class=\"ref__item\"><!-- [et_pb_line_break_holder] -->            <\/p>\n<div class=\"ref__content\"><!-- [et_pb_line_break_holder] -->                <pee><i>\u201cIch habe mich vom Dr.Budka gut betreut gef\u00fchlt, er ist auf meine W\u00fcnsche eingegangen. Dr Budka ist der beste Arzt, den man sich vorstellen kann. Habe noch nie erlebt, dass Kompetenz, Professionalit\u00e4t und Pers\u00f6nlichkeit auf h\u00f6chstem Niveau kombiniert sind.\u201d<\/i><\/pee><!-- [et_pb_line_break_holder] -->                <pee><strong>Sabine aus M\u00fcnchen<\/strong><\/pee><!-- [et_pb_line_break_holder] -->            <\/div>\n<p><!-- [et_pb_line_break_holder] -->        <\/div>\n<p><!-- [et_pb_line_break_holder] -->    <\/div>\n<p><!-- [et_pb_line_break_holder] -->    <\/p>\n<div><!-- [et_pb_line_break_holder] -->        <\/p>\n<div class=\"ref__item\"><!-- [et_pb_line_break_holder] -->            <\/p>\n<div class=\"ref__content\"><!-- [et_pb_line_break_holder] -->                <pee><i>\u201cS man\u017eelem jsme po letech sna\u017een\u00ed a vzhledem k m\u00e9mu v\u011bku rozhodli pro terapii s darovan\u00fdmi vaj\u00ed\u010dky. Cyklus jsme podstoupili v b\u0159eznu a to s pozitivn\u00edm v\u00fdsledkem. Cesta je je\u0161t\u011b dlouh\u00e1, ale jsme velmi pozitivn\u00ed a v\u011b\u0159\u00edme v dobr\u00e9 konce. D\u00edky  pat\u0159\u00ed cel\u00e9mu t\u00fdmu, l\u00e9ka\u0159\u016fm, sest\u0159i\u010dk\u00e1m, prost\u011b v\u0161em.\u201d<\/i><\/pee><!-- [et_pb_line_break_holder] -->                <pee><strong>Petra M. (studenka oboru Dietetika)<\/strong><\/pee><!-- [et_pb_line_break_holder] -->            <\/div>\n<p><!-- [et_pb_line_break_holder] -->        <\/div>\n<p><!-- [et_pb_line_break_holder] -->    <\/div>\n<p><!-- [et_pb_line_break_holder] -->    <\/p>\n<div><!-- [et_pb_line_break_holder] -->        <\/p>\n<div class=\"ref__item\"><!-- [et_pb_line_break_holder] -->            <\/p>\n<div class=\"ref__content\"><!-- [et_pb_line_break_holder] -->                <pee><i>We highly Recommend Fertilityport for infertility. We had donor egg IVF which was our first treatment\/transfer. We are so very happy that we are now having non identical twins a boy and girl which are due in November 2020&#8230;<\/i><\/pee><!-- [et_pb_line_break_holder] -->                <pee><strong>D&#038;A, Brisbane QLD Australia<\/strong><\/pee><!-- [et_pb_line_break_holder] -->            <\/div>\n<p><!-- [et_pb_line_break_holder] -->        <\/div>\n<p><!-- [et_pb_line_break_holder] -->    <\/div>\n<p><!-- [et_pb_line_break_holder] -->    <\/p>\n<div><!-- [et_pb_line_break_holder] -->        <\/p>\n<div class=\"ref__item\"><!-- [et_pb_line_break_holder] -->            <\/p>\n<div class=\"ref__content\"><!-- [et_pb_line_break_holder] -->                <pee><i>We would highly recommend Fertility Port to any couple considering undertaking Ivf. Being from Ireland we were extremely apprehensive about travelling for treatment&#8230;<\/i><\/pee><!-- [et_pb_line_break_holder] -->                <pee><strong>Patient from Ireland<\/strong><\/pee><!-- [et_pb_line_break_holder] -->            <\/div>\n<p><!-- [et_pb_line_break_holder] -->        <\/div>\n<p><!-- [et_pb_line_break_holder] -->    <\/div>\n<p><!-- [et_pb_line_break_holder] -->    <\/p>\n<div><!-- [et_pb_line_break_holder] -->        <\/p>\n<div class=\"ref__item\"><!-- [et_pb_line_break_holder] -->            <\/p>\n<div class=\"ref__content\"><!-- [et_pb_line_break_holder] -->                <pee><i>Sogni, speranze, paure, incertezze, un mix di sentimenti che ci hanno portato alla ferma decisione di affidarci alla FertilityPort. La nostra vita un puzzle che faticava a incastrare i pezzi corretti&#8230;<\/i><\/pee><!-- [et_pb_line_break_holder] -->                <pee><strong>Signora C.<\/strong><\/pee><!-- [et_pb_line_break_holder] -->            <\/div>\n<p><!-- [et_pb_line_break_holder] -->        <\/div>\n<p><!-- [et_pb_line_break_holder] -->    <\/div>\n<p><!-- [et_pb_line_break_holder] -->    <!-- [et_pb_line_break_holder] --><\/div>\n<p>[\/et_pb_code][\/et_pb_column][\/et_pb_row][et_pb_row _builder_version=&#8221;4.9.2&#8243; _module_preset=&#8221;default&#8221;][et_pb_column type=&#8221;4_4&#8243; _builder_version=&#8221;4.9.2&#8243; _module_preset=&#8221;default&#8221;][et_pb_code _builder_version=&#8221;4.9.2&#8243; _module_preset=&#8221;default&#8221; text_orientation=&#8221;center&#8221;]<a href=\"https:\/\/fertilityport.com\/it\/testimonianze\/\" class=\"btn btn--primary\">Testimonianze<\/a>[\/et_pb_code][\/et_pb_column][\/et_pb_row][\/et_pb_section][et_pb_section fb_built=&#8221;1&#8243; _builder_version=&#8221;4.4.0&#8243; background_color=&#8221;#f7f7f7&#8243; custom_padding=&#8221;60px||60px|||&#8221;][et_pb_row column_structure=&#8221;1_4,1_2,1_4&#8243; _builder_version=&#8221;4.4.0&#8243;][et_pb_column type=&#8221;1_4&#8243; _builder_version=&#8221;4.4.0&#8243;][\/et_pb_column][et_pb_column type=&#8221;1_2&#8243; _builder_version=&#8221;4.4.0&#8243;][et_pb_blurb title=&#8221;METODI SPECIALISTICI DI LABORATORIO&#8221; url=&#8221;https:\/\/fertilityport.com\/it\/metodi-e-tecniche\/&#8221; image=&#8221;https:\/\/fertilityport.com\/wp-content\/uploads\/2020\/03\/ultrasound.svg&#8221; icon_placement=&#8221;left&#8221; module_class=&#8221;blurb&#8211;smallleft&#8221; _builder_version=&#8221;4.4.0&#8243; header_level=&#8221;h2&#8243; animation=&#8221;off&#8221;]le nostre tecniche e tecnologie sono le pi\u00f9 avanzate in Repubblica Ceca[\/et_pb_blurb][\/et_pb_column][et_pb_column type=&#8221;1_4&#8243; _builder_version=&#8221;4.4.0&#8243;][\/et_pb_column][\/et_pb_row][\/et_pb_section]<\/p>\n","protected":false},"excerpt":{"rendered":"<p>FertilityPort PragueIl centro FertilityPort Prague \u00e8 stato fondato sulla base dell\u2019unione di eccellenti specialisti nel settore della procreazione assistita per creare un\u2019equipe affiatata di esperti. Il nostro desiderio \u00e8 quello di guadagnarci la vostra fiducia e, grazie a tutti i metodi disponibili e alle esperienze dei membri della nostra equipe, aiutarvi a realizzare il vostro [&hellip;]<\/p>\n","protected":false},"author":1,"featured_media":0,"parent":0,"menu_order":0,"comment_status":"closed","ping_status":"closed","template":"","meta":{"_acf_changed":false,"_et_pb_use_builder":"on","_et_pb_old_content":"","_et_gb_content_width":"","footnotes":""},"class_list":["post-1358","page","type-page","status-publish","hentry"],"acf":[],"yoast_head":"<!-- This site is optimized with the Yoast SEO plugin v27.3 - https:\/\/yoast.com\/product\/yoast-seo-wordpress\/ -->\n<title>Centro della procreazione assistita | FertilityPort Prague<\/title>\n<meta name=\"description\" content=\"Il centro FertilityPort Prague ha unito dei specialisti del settore della fecondazione assistita in uno team che svolge un ottimo lavoro.\" \/>\n<meta name=\"robots\" content=\"index, follow, max-snippet:-1, max-image-preview:large, max-video-preview:-1\" \/>\n<link rel=\"canonical\" href=\"https:\/\/fertilityport.com\/home\/\" \/>\n<meta property=\"og:locale\" content=\"it_IT\" \/>\n<meta property=\"og:type\" content=\"article\" \/>\n<meta property=\"og:title\" content=\"Centro della procreazione assistita | FertilityPort Prague\" \/>\n<meta property=\"og:description\" content=\"Il centro FertilityPort Prague ha unito dei specialisti del settore della fecondazione assistita in uno team che svolge un ottimo lavoro.\" \/>\n<meta property=\"og:url\" content=\"https:\/\/fertilityport.com\/home\/\" \/>\n<meta property=\"og:site_name\" content=\"FertilityPort Prague\" \/>\n<meta property=\"article:modified_time\" content=\"2021-06-02T15:37:08+00:00\" \/>\n<meta property=\"og:image\" content=\"https:\/\/fertilityport.com\/wp-content\/uploads\/2020\/03\/doctor.svg\" \/>\n<meta name=\"twitter:card\" content=\"summary_large_image\" \/>\n<meta name=\"twitter:label1\" content=\"Tempo di lettura stimato\" \/>\n\t<meta name=\"twitter:data1\" content=\"7 minuti\" \/>\n<script type=\"application\/ld+json\" class=\"yoast-schema-graph\">{\"@context\":\"https:\\\/\\\/schema.org\",\"@graph\":[{\"@type\":\"WebPage\",\"@id\":\"https:\\\/\\\/fertilityport.com\\\/home\\\/\",\"url\":\"https:\\\/\\\/fertilityport.com\\\/home\\\/\",\"name\":\"Centro della procreazione assistita | FertilityPort Prague\",\"isPartOf\":{\"@id\":\"https:\\\/\\\/fertilityport.com\\\/#website\"},\"primaryImageOfPage\":{\"@id\":\"https:\\\/\\\/fertilityport.com\\\/home\\\/#primaryimage\"},\"image\":{\"@id\":\"https:\\\/\\\/fertilityport.com\\\/home\\\/#primaryimage\"},\"thumbnailUrl\":\"https:\\\/\\\/fertilityport.com\\\/wp-content\\\/uploads\\\/2020\\\/03\\\/doctor.svg\",\"datePublished\":\"2020-03-15T14:26:12+00:00\",\"dateModified\":\"2021-06-02T15:37:08+00:00\",\"description\":\"Il centro FertilityPort Prague ha unito dei specialisti del settore della fecondazione assistita in uno team che svolge un ottimo lavoro.\",\"breadcrumb\":{\"@id\":\"https:\\\/\\\/fertilityport.com\\\/home\\\/#breadcrumb\"},\"inLanguage\":\"it-IT\",\"potentialAction\":[{\"@type\":\"ReadAction\",\"target\":[\"https:\\\/\\\/fertilityport.com\\\/home\\\/\"]}]},{\"@type\":\"ImageObject\",\"inLanguage\":\"it-IT\",\"@id\":\"https:\\\/\\\/fertilityport.com\\\/home\\\/#primaryimage\",\"url\":\"https:\\\/\\\/fertilityport.com\\\/wp-content\\\/uploads\\\/2020\\\/03\\\/doctor.svg\",\"contentUrl\":\"https:\\\/\\\/fertilityport.com\\\/wp-content\\\/uploads\\\/2020\\\/03\\\/doctor.svg\"},{\"@type\":\"BreadcrumbList\",\"@id\":\"https:\\\/\\\/fertilityport.com\\\/home\\\/#breadcrumb\",\"itemListElement\":[{\"@type\":\"ListItem\",\"position\":1,\"name\":\"Home\",\"item\":\"https:\\\/\\\/fertilityport.com\\\/it\\\/\"},{\"@type\":\"ListItem\",\"position\":2,\"name\":\"Home\"}]},{\"@type\":\"WebSite\",\"@id\":\"https:\\\/\\\/fertilityport.com\\\/#website\",\"url\":\"https:\\\/\\\/fertilityport.com\\\/\",\"name\":\"FertilityPort Prague\",\"description\":\"\",\"potentialAction\":[{\"@type\":\"SearchAction\",\"target\":{\"@type\":\"EntryPoint\",\"urlTemplate\":\"https:\\\/\\\/fertilityport.com\\\/?s={search_term_string}\"},\"query-input\":{\"@type\":\"PropertyValueSpecification\",\"valueRequired\":true,\"valueName\":\"search_term_string\"}}],\"inLanguage\":\"it-IT\"}]}<\/script>\n<!-- \/ Yoast SEO plugin. -->","yoast_head_json":{"title":"Centro della procreazione assistita | FertilityPort Prague","description":"Il centro FertilityPort Prague ha unito dei specialisti del settore della fecondazione assistita in uno team che svolge un ottimo lavoro.","robots":{"index":"index","follow":"follow","max-snippet":"max-snippet:-1","max-image-preview":"max-image-preview:large","max-video-preview":"max-video-preview:-1"},"canonical":"https:\/\/fertilityport.com\/home\/","og_locale":"it_IT","og_type":"article","og_title":"Centro della procreazione assistita | FertilityPort Prague","og_description":"Il centro FertilityPort Prague ha unito dei specialisti del settore della fecondazione assistita in uno team che svolge un ottimo lavoro.","og_url":"https:\/\/fertilityport.com\/home\/","og_site_name":"FertilityPort Prague","article_modified_time":"2021-06-02T15:37:08+00:00","og_image":[{"url":"https:\/\/fertilityport.com\/wp-content\/uploads\/2020\/03\/doctor.svg","type":"","width":"","height":""}],"twitter_card":"summary_large_image","twitter_misc":{"Tempo di lettura stimato":"7 minuti"},"schema":{"@context":"https:\/\/schema.org","@graph":[{"@type":"WebPage","@id":"https:\/\/fertilityport.com\/home\/","url":"https:\/\/fertilityport.com\/home\/","name":"Centro della procreazione assistita | FertilityPort Prague","isPartOf":{"@id":"https:\/\/fertilityport.com\/#website"},"primaryImageOfPage":{"@id":"https:\/\/fertilityport.com\/home\/#primaryimage"},"image":{"@id":"https:\/\/fertilityport.com\/home\/#primaryimage"},"thumbnailUrl":"https:\/\/fertilityport.com\/wp-content\/uploads\/2020\/03\/doctor.svg","datePublished":"2020-03-15T14:26:12+00:00","dateModified":"2021-06-02T15:37:08+00:00","description":"Il centro FertilityPort Prague ha unito dei specialisti del settore della fecondazione assistita in uno team che svolge un ottimo lavoro.","breadcrumb":{"@id":"https:\/\/fertilityport.com\/home\/#breadcrumb"},"inLanguage":"it-IT","potentialAction":[{"@type":"ReadAction","target":["https:\/\/fertilityport.com\/home\/"]}]},{"@type":"ImageObject","inLanguage":"it-IT","@id":"https:\/\/fertilityport.com\/home\/#primaryimage","url":"https:\/\/fertilityport.com\/wp-content\/uploads\/2020\/03\/doctor.svg","contentUrl":"https:\/\/fertilityport.com\/wp-content\/uploads\/2020\/03\/doctor.svg"},{"@type":"BreadcrumbList","@id":"https:\/\/fertilityport.com\/home\/#breadcrumb","itemListElement":[{"@type":"ListItem","position":1,"name":"Home","item":"https:\/\/fertilityport.com\/it\/"},{"@type":"ListItem","position":2,"name":"Home"}]},{"@type":"WebSite","@id":"https:\/\/fertilityport.com\/#website","url":"https:\/\/fertilityport.com\/","name":"FertilityPort Prague","description":"","potentialAction":[{"@type":"SearchAction","target":{"@type":"EntryPoint","urlTemplate":"https:\/\/fertilityport.com\/?s={search_term_string}"},"query-input":{"@type":"PropertyValueSpecification","valueRequired":true,"valueName":"search_term_string"}}],"inLanguage":"it-IT"}]}},"_links":{"self":[{"href":"https:\/\/fertilityport.com\/it\/wp-json\/wp\/v2\/pages\/1358","targetHints":{"allow":["GET"]}}],"collection":[{"href":"https:\/\/fertilityport.com\/it\/wp-json\/wp\/v2\/pages"}],"about":[{"href":"https:\/\/fertilityport.com\/it\/wp-json\/wp\/v2\/types\/page"}],"author":[{"embeddable":true,"href":"https:\/\/fertilityport.com\/it\/wp-json\/wp\/v2\/users\/1"}],"replies":[{"embeddable":true,"href":"https:\/\/fertilityport.com\/it\/wp-json\/wp\/v2\/comments?post=1358"}],"version-history":[{"count":39,"href":"https:\/\/fertilityport.com\/it\/wp-json\/wp\/v2\/pages\/1358\/revisions"}],"predecessor-version":[{"id":4017,"href":"https:\/\/fertilityport.com\/it\/wp-json\/wp\/v2\/pages\/1358\/revisions\/4017"}],"wp:attachment":[{"href":"https:\/\/fertilityport.com\/it\/wp-json\/wp\/v2\/media?parent=1358"}],"curies":[{"name":"wp","href":"https:\/\/api.w.org\/{rel}","templated":true}]}}