{"id":7358,"date":"2023-04-03T15:15:48","date_gmt":"2023-04-03T13:15:48","guid":{"rendered":"https:\/\/fertilityport.com\/homepage-new\/"},"modified":"2024-06-04T13:18:56","modified_gmt":"2024-06-04T11:18:56","slug":"homepage-new","status":"publish","type":"page","link":"https:\/\/fertilityport.com\/sl\/","title":{"rendered":"Homepage &#8211; NEW"},"content":{"rendered":"<p>[et_pb_section fb_built=&#8221;1&#8243; module_class=&#8221;welcome_new&#8221; _builder_version=&#8221;4.16&#8243; _module_preset=&#8221;default&#8221; global_colors_info=&#8221;{}&#8221;][et_pb_row column_structure=&#8221;1_2,1_2&#8243; _builder_version=&#8221;4.16&#8243; _module_preset=&#8221;default&#8221; global_colors_info=&#8221;{}&#8221;][et_pb_column type=&#8221;1_2&#8243; _builder_version=&#8221;4.16&#8243; _module_preset=&#8221;default&#8221; global_colors_info=&#8221;{}&#8221;][et_pb_text _builder_version=&#8221;4.20.2&#8243; _module_preset=&#8221;default&#8221; global_colors_info=&#8221;{}&#8221;]<\/p>\n<h1>Center za asistirano reprodukcijo v Pragi<\/h1>\n<p>[\/et_pb_text][et_pb_text _builder_version=&#8221;4.16&#8243; _module_preset=&#8221;default&#8221; text_orientation=&#8221;center&#8221; global_colors_info=&#8221;{}&#8221;]<\/p>\n<p>Mi smo ekipa vrhunskih strokovnjakov na podro\u010dju asistirane reprodukcije. Na\u0161a prioriteta je individualni pristop, dru\u017einsko vzdu\u0161je, ni \u010dakalne vrste in maksimalen uspeh na va\u0161i poti do tako \u017eelenega otroka.<\/p>\n<p>[\/et_pb_text][et_pb_text _builder_version=&#8221;4.16&#8243; _module_preset=&#8221;default&#8221; text_font=&#8221;Dancing Script||||||||&#8221; text_text_color=&#8221;#a55d68&#8243; text_font_size=&#8221;24px&#8221; text_orientation=&#8221;center&#8221; global_colors_info=&#8221;{}&#8221;]<\/p>\n<p>Pomagali vam bomo postati dru\u017eina\u2026<\/p>\n<p>[\/et_pb_text][\/et_pb_column][et_pb_column type=&#8221;1_2&#8243; _builder_version=&#8221;4.16&#8243; _module_preset=&#8221;default&#8221; global_colors_info=&#8221;{}&#8221;][\/et_pb_column][\/et_pb_row][\/et_pb_section][et_pb_section fb_built=&#8221;1&#8243; _builder_version=&#8221;4.20.2&#8243; _module_preset=&#8221;default&#8221; custom_margin=&#8221;||-20px|||&#8221; custom_padding=&#8221;||24px|||&#8221; locked=&#8221;off&#8221; global_colors_info=&#8221;{}&#8221;][et_pb_row column_structure=&#8221;1_4,3_4&#8243; _builder_version=&#8221;4.16&#8243; global_colors_info=&#8221;{}&#8221;][et_pb_column type=&#8221;1_4&#8243; _builder_version=&#8221;4.16&#8243; global_colors_info=&#8221;{}&#8221;][\/et_pb_column][et_pb_column type=&#8221;3_4&#8243; _builder_version=&#8221;4.16&#8243; global_colors_info=&#8221;{}&#8221;][et_pb_text module_class=&#8221;c_blurb&#8221; _builder_version=&#8221;4.20.2&#8243; global_colors_info=&#8221;{}&#8221;]<\/p>\n<h2><span>Kontaktirajte na\u0161o koordinatorico Milica<\/span><\/h2>\n<p>e-mail:<a href=\"mailto:rathausova@fertilityport.com\"> vukadinovic@fertilityport.com<\/a><br \/>tel.: +420 778 710 976<\/p>\n<p>[\/et_pb_text][\/et_pb_column][\/et_pb_row][\/et_pb_section][et_pb_section fb_built=&#8221;1&#8243; module_class=&#8221;special_offer&#8221; _builder_version=&#8221;4.16&#8243; _module_preset=&#8221;default&#8221; custom_padding=&#8221;||||false|false&#8221; locked=&#8221;off&#8221; global_colors_info=&#8221;{}&#8221;][et_pb_row column_structure=&#8221;1_2,1_2&#8243; use_custom_gutter=&#8221;on&#8221; gutter_width=&#8221;2&#8243; make_equal=&#8221;on&#8221; module_class=&#8221;special_offer__second_row&#8221; _builder_version=&#8221;4.20.2&#8243; _module_preset=&#8221;default&#8221; min_height=&#8221;305.4px&#8221; custom_margin=&#8221;90px|auto|-57px|auto||&#8221; custom_padding=&#8221;|0px||0px||&#8221; global_colors_info=&#8221;{}&#8221;][et_pb_column type=&#8221;1_2&#8243; _builder_version=&#8221;4.16&#8243; _module_preset=&#8221;default&#8221; global_colors_info=&#8221;{}&#8221;][et_pb_blurb title=&#8221;Dogovorite se za svoj termin&#8221; image=&#8221;https:\/\/fertilityport.com\/wp-content\/uploads\/2021\/06\/pregnant.svg&#8221; module_class=&#8221;special_offer__cta special_offer__cta&#8211;border special_offer__cta&#8211;first&#8221; _builder_version=&#8221;4.20.2&#8243; _module_preset=&#8221;default&#8221; header_level=&#8221;h3&#8243; text_orientation=&#8221;center&#8221; min_height=&#8221;299.2px&#8221; custom_padding=&#8221;||0px|||&#8221; animation=&#8221;off&#8221; global_colors_info=&#8221;{}&#8221;]<\/p>\n<p>Radi bi preverili svojo plodnost<\/p>\n<div><a class=\"btn btn--purple\" href=\"https:\/\/fertilityport.com\/sl\/kontakt\/\">Kontakt<\/a><\/div>\n<p>[\/et_pb_blurb][\/et_pb_column][et_pb_column type=&#8221;1_2&#8243; _builder_version=&#8221;4.16&#8243; _module_preset=&#8221;default&#8221; global_colors_info=&#8221;{}&#8221;][et_pb_blurb title=&#8221;Zamrzovanje genetskog materijala&#8221; image=&#8221;https:\/\/fertilityport.com\/wp-content\/uploads\/2021\/06\/sperm.svg&#8221; module_class=&#8221;special_offer__cta&#8221; _builder_version=&#8221;4.16&#8243; _module_preset=&#8221;default&#8221; header_level=&#8221;h3&#8243; text_orientation=&#8221;center&#8221; min_height=&#8221;201.4px&#8221; custom_padding=&#8221;||96px|||&#8221; animation=&#8221;off&#8221; global_colors_info=&#8221;{}&#8221;]<\/p>\n<p>Ohranjanje plodnosti \/ \u017delim zamrzniti svoja jaj\u010deca \/ spermo<\/p>\n<div><a class=\"btn btn--purple\" href=\"https:\/\/fertilityport.com\/social-freezing\/\">Ve\u010d informacij<\/a><\/div>\n<p>[\/et_pb_blurb][\/et_pb_column][\/et_pb_row][\/et_pb_section][et_pb_section fb_built=&#8221;1&#8243; _builder_version=&#8221;4.16&#8243; _module_preset=&#8221;default&#8221; background_image=&#8221;https:\/\/fertilityport.com\/wp-content\/uploads\/2020\/03\/socket.jpg&#8221; global_colors_info=&#8221;{}&#8221;][et_pb_row column_structure=&#8221;1_3,1_3,1_3&#8243; _builder_version=&#8221;4.16&#8243; _module_preset=&#8221;default&#8221; global_colors_info=&#8221;{}&#8221;][et_pb_column type=&#8221;1_3&#8243; _builder_version=&#8221;4.16&#8243; _module_preset=&#8221;default&#8221; global_colors_info=&#8221;{}&#8221;][et_pb_blurb title=&#8221;100%&#8221; image=&#8221;https:\/\/fertilityport.com\/wp-content\/uploads\/2021\/06\/doctor.svg&#8221; module_class=&#8221;box_of&#8221; _builder_version=&#8221;4.16&#8243; _module_preset=&#8221;default&#8221; header_level=&#8221;h3&#8243; text_orientation=&#8221;center&#8221; animation=&#8221;off&#8221; global_colors_info=&#8221;{}&#8221;]<\/p>\n<p>Individualna nega<\/p>\n<p>[\/et_pb_blurb][\/et_pb_column][et_pb_column type=&#8221;1_3&#8243; _builder_version=&#8221;4.16&#8243; _module_preset=&#8221;default&#8221; global_colors_info=&#8221;{}&#8221;][et_pb_blurb title=&#8221;2021&#8243; image=&#8221;https:\/\/fertilityport.com\/wp-content\/uploads\/2021\/06\/ultrasound.svg&#8221; module_class=&#8221;box_of&#8221; _builder_version=&#8221;4.16&#8243; _module_preset=&#8221;default&#8221; header_level=&#8221;h3&#8243; text_orientation=&#8221;center&#8221; animation=&#8221;off&#8221; global_colors_info=&#8221;{}&#8221;]<\/p>\n<p>Za pravilno dijagnozo je potrebna najnovej\u0161a tehnologija<\/p>\n<p>[\/et_pb_blurb][\/et_pb_column][et_pb_column type=&#8221;1_3&#8243; _builder_version=&#8221;4.16&#8243; _module_preset=&#8221;default&#8221; global_colors_info=&#8221;{}&#8221;][et_pb_blurb title=&#8221;1000+&#8221; image=&#8221;https:\/\/fertilityport.com\/wp-content\/uploads\/2021\/06\/pregnant.svg&#8221; module_class=&#8221;box_of&#8221; _builder_version=&#8221;4.16&#8243; _module_preset=&#8221;default&#8221; header_level=&#8221;h3&#8243; text_orientation=&#8221;center&#8221; animation=&#8221;off&#8221; global_colors_info=&#8221;{}&#8221;]<\/p>\n<p>zadovoljnih pacientov vsako leto\u00a0<\/p>\n<p>[\/et_pb_blurb][\/et_pb_column][\/et_pb_row][\/et_pb_section][et_pb_section fb_built=&#8221;1&#8243; fullwidth=&#8221;on&#8221; _builder_version=&#8221;4.16&#8243; background_enable_color=&#8221;off&#8221; background_image=&#8221;https:\/\/fertilityport.com\/wp-content\/uploads\/2021\/09\/DSC08491-scaled.jpg&#8221; background_enable_video_mp4=&#8221;off&#8221; global_colors_info=&#8221;{}&#8221;][et_pb_fullwidth_slider show_arrows=&#8221;off&#8221; show_pagination=&#8221;off&#8221; module_class=&#8221;sec_video&#8221; _builder_version=&#8221;4.16&#8243; background_enable_color=&#8221;off&#8221; background_enable_video_mp4=&#8221;off&#8221; background_video_pause_outside_viewport=&#8221;off&#8221; animation_style=&#8221;fade&#8221; animation_duration=&#8221;0ms&#8221; auto=&#8221;on&#8221; auto_speed=&#8221;5000&#8243; auto_ignore_hover=&#8221;on&#8221; global_colors_info=&#8221;{}&#8221;][et_pb_slide heading=&#8221;Dru\u017einski center&#8221; use_bg_overlay=&#8221;off&#8221; _builder_version=&#8221;4.16&#8243; background_color=&#8221;rgba(212,164,169,0.5)&#8221; background_enable_color=&#8221;on&#8221; custom_padding=&#8221;300px||300px||false|false&#8221; custom_padding_tablet=&#8221;150px||150px||false|false&#8221; custom_padding_phone=&#8221;&#8221; custom_padding_last_edited=&#8221;on|tablet&#8221; global_colors_info=&#8221;{}&#8221; sticky_transition=&#8221;on&#8221;][\/et_pb_slide][et_pb_slide heading=&#8221;Ena izmed vodilnih klinik za IVF na \u010ce\u0161kem&#8221; use_bg_overlay=&#8221;off&#8221; _builder_version=&#8221;4.16&#8243; background_color=&#8221;rgba(212,164,169,0.5)&#8221; background_enable_color=&#8221;on&#8221; custom_padding=&#8221;300px||300px||false|false&#8221; custom_padding_tablet=&#8221;150px||150px||false|false&#8221; custom_padding_phone=&#8221;&#8221; custom_padding_last_edited=&#8221;on|tablet&#8221; global_colors_info=&#8221;{}&#8221; sticky_transition=&#8221;on&#8221;][\/et_pb_slide][et_pb_slide heading=&#8221;Komunikacija v razli\u010dnih jezikih&#8221; use_bg_overlay=&#8221;off&#8221; _builder_version=&#8221;4.16&#8243; background_color=&#8221;rgba(212,164,169,0.5)&#8221; background_enable_color=&#8221;on&#8221; custom_padding=&#8221;300px||300px||false|false&#8221; custom_padding_tablet=&#8221;150px||150px||false|false&#8221; custom_padding_phone=&#8221;&#8221; custom_padding_last_edited=&#8221;on|tablet&#8221; global_colors_info=&#8221;{}&#8221; sticky_transition=&#8221;on&#8221;][\/et_pb_slide][et_pb_slide heading=&#8221;Zdravniki in embriologi s petnajstletnimi izku\u0161njami&#8221; use_bg_overlay=&#8221;off&#8221; _builder_version=&#8221;4.16&#8243; background_color=&#8221;rgba(212,164,169,0.5)&#8221; background_enable_color=&#8221;on&#8221; custom_padding=&#8221;300px||300px||false|false&#8221; custom_padding_tablet=&#8221;150px||150px||false|false&#8221; custom_padding_phone=&#8221;&#8221; custom_padding_last_edited=&#8221;on|tablet&#8221; global_colors_info=&#8221;{}&#8221; sticky_transition=&#8221;on&#8221;][\/et_pb_slide][\/et_pb_fullwidth_slider][\/et_pb_section][et_pb_section fb_built=&#8221;1&#8243; _builder_version=&#8221;4.16&#8243; _module_preset=&#8221;default&#8221; custom_padding=&#8221;||26px|||&#8221; global_colors_info=&#8221;{}&#8221;][et_pb_row column_structure=&#8221;1_2,1_2&#8243; make_equal=&#8221;on&#8221; _builder_version=&#8221;4.16&#8243; _module_preset=&#8221;default&#8221; custom_padding=&#8221;||0px|||&#8221; global_colors_info=&#8221;{}&#8221;][et_pb_column type=&#8221;1_2&#8243; module_class=&#8221;center-flex&#8221; _builder_version=&#8221;4.16&#8243; _module_preset=&#8221;default&#8221; global_colors_info=&#8221;{}&#8221;][et_pb_blurb title=&#8221;Preberite uspe\u0161ne zgodbe na\u0161ih pacientov&#8221; module_class=&#8221;blurb&#8211;right&#8221; _builder_version=&#8221;4.16&#8243; _module_preset=&#8221;default&#8221; header_level=&#8221;h2&#8243; animation=&#8221;off&#8221; global_colors_info=&#8221;{}&#8221;]<\/p>\n<p><a class=\"btn btn--purple\" href=\"https:\/\/fertilityport.com\/testimonials\/\">Vsa priporo\u010dila<\/a><\/p>\n<p>[\/et_pb_blurb][\/et_pb_column][et_pb_column type=&#8221;1_2&#8243; _builder_version=&#8221;4.16&#8243; _module_preset=&#8221;default&#8221; global_colors_info=&#8221;{}&#8221;][et_pb_testimonial quote_icon=&#8221;off&#8221; module_class=&#8221;cref&#8221; _builder_version=&#8221;4.16&#8243; _module_preset=&#8221;default&#8221; min_height=&#8221;489px&#8221; custom_padding=&#8221;||0px|||&#8221; global_colors_info=&#8221;{}&#8221;]<\/p>\n<p>Komunikacija s kliniko FertilityPort je bila res odli\u010dna. Pogovarjali smo se z dr. Stepan, ki je bil zelo pomirjujo\u010d in prijeten, ter je odgovoril na vsa na\u0161a vpra\u0161anja med posvetom. Dana je bila na\u0161a medicinska sestra in bila je naravnost briljantna. Bila je tako razumevajo\u010da, prijazna in vedno tam, \u010de smo morali karkoli preveriti. Naro\u010dila je za nas tudi taksi do klinike in nazaj. Na kratko smo se sre\u010dali z embriologom, ki se je zdelal \u010dudovit. Zaradi vseh teh ljubkih ljudi je bilo vse la\u017eje. Klinika je bila zelo u\u010dinkovita, saj je celoten postopek potekal zelo hitro in ni bilo izgubljenega \u010dasa in \u010dakanja. FertilityPort bomo z veseljem priporo\u010dili vsakomur, ki razmi\u0161lja o zdravljenju. Edina stvar, ki bi jo spremenil je da na recepciji ne vidim drugih parov, vendar ne vem, \u010de bi bilo to mogo\u010de uveljaviti.<\/p>\n<p>&nbsp;<\/p>\n<p style=\"text-align: right;\"><strong>A., Irska<\/strong><\/p>\n<p>[\/et_pb_testimonial][\/et_pb_column][\/et_pb_row][\/et_pb_section][et_pb_section fb_built=&#8221;1&#8243; module_class=&#8221;metody&#8221; _builder_version=&#8221;4.16&#8243; _module_preset=&#8221;default&#8221; custom_padding=&#8221;0px||0px|||&#8221; global_colors_info=&#8221;{}&#8221;][et_pb_row column_structure=&#8221;1_2,1_2&#8243; make_equal=&#8221;on&#8221; module_class=&#8221;metody__row&#8221; _builder_version=&#8221;4.16&#8243; _module_preset=&#8221;default&#8221; global_colors_info=&#8221;{}&#8221;][et_pb_column type=&#8221;1_2&#8243; module_class=&#8221;left-flex&#8221; _builder_version=&#8221;4.16&#8243; _module_preset=&#8221;default&#8221; global_colors_info=&#8221;{}&#8221;][et_pb_blurb title=&#8221;Posebne laboratorijske metode&#8221; url=&#8221;https:\/\/fertilityport.com\/methods-and-techniques\/&#8221; image=&#8221;https:\/\/fertilityport.com\/wp-content\/uploads\/2021\/06\/comp-white.png&#8221; icon_placement=&#8221;left&#8221; module_class=&#8221;icon&#8221; _builder_version=&#8221;4.16&#8243; _module_preset=&#8221;default&#8221; header_level=&#8221;h2&#8243; header_font=&#8221;|700|||||||&#8221; header_font_size=&#8221;22px&#8221; background_layout=&#8221;dark&#8221; animation=&#8221;off&#8221; global_colors_info=&#8221;{}&#8221;][\/et_pb_blurb][\/et_pb_column][et_pb_column type=&#8221;1_2&#8243; module_class=&#8221;left-flex&#8221; _builder_version=&#8221;4.16&#8243; _module_preset=&#8221;default&#8221; global_colors_info=&#8221;{}&#8221;][et_pb_text module_class=&#8221;link&#8211;right&#8221; _builder_version=&#8221;4.16&#8243; _module_preset=&#8221;default&#8221; text_line_height=&#8221;1.9em&#8221; text_orientation=&#8221;center&#8221; background_layout=&#8221;dark&#8221; link_option_url=&#8221;https:\/\/fertilityport.com\/methods-and-techniques\/&#8221; global_colors_info=&#8221;{}&#8221;]<\/p>\n<p>ki jih uporabljamo, so eni naju\u010dinkovitej\u0161ih in najsodobnej\u0161ih na \u010ce\u0161kem<\/p>\n<p>[\/et_pb_text][\/et_pb_column][\/et_pb_row][\/et_pb_section]<\/p>\n","protected":false},"excerpt":{"rendered":"<p>Center za asistirano reprodukcijo v PragiMi smo ekipa vrhunskih strokovnjakov na podro\u010dju asistirane reprodukcije. Na\u0161a prioriteta je individualni pristop, dru\u017einsko vzdu\u0161je, ni \u010dakalne vrste in maksimalen uspeh na va\u0161i poti do tako \u017eelenega otroka.Pomagali vam bomo postati dru\u017eina\u2026Kontaktirajte na\u0161o koordinatorico Milica e-mail: vukadinovic@fertilityport.comtel.: +420 778 710 976Radi bi preverili svojo plodnost KontaktOhranjanje plodnosti \/ \u017delim [&hellip;]<\/p>\n","protected":false},"author":1,"featured_media":0,"parent":0,"menu_order":0,"comment_status":"closed","ping_status":"closed","template":"","meta":{"_acf_changed":false,"_et_pb_use_builder":"on","_et_pb_old_content":"","_et_gb_content_width":"","footnotes":""},"class_list":["post-7358","page","type-page","status-publish","hentry"],"acf":[],"yoast_head":"<!-- This site is optimized with the Yoast SEO plugin v27.4 - https:\/\/yoast.com\/product\/yoast-seo-wordpress\/ -->\n<title>Center za asistirano reprodukcijo | FertilityPort Prague - tukaj se za\u010dne \u017eivljenje<\/title>\n<meta name=\"description\" content=\"Da bi zmanj\u0161ali stres povezan z zdravljenjem, se vsi \u010dlani tima maksimalno osredoto\u010dajo na individualne re\u0161itve va\u0161ega problema.\" \/>\n<meta name=\"robots\" content=\"index, follow, max-snippet:-1, max-image-preview:large, max-video-preview:-1\" \/>\n<link rel=\"canonical\" href=\"https:\/\/fertilityport.com\/sl\/\" \/>\n<meta property=\"og:locale\" content=\"sl_SI\" \/>\n<meta property=\"og:type\" content=\"article\" \/>\n<meta property=\"og:title\" content=\"Center za asistirano reprodukcijo | FertilityPort Prague - tukaj se za\u010dne \u017eivljenje\" \/>\n<meta property=\"og:description\" content=\"Da bi zmanj\u0161ali stres povezan z zdravljenjem, se vsi \u010dlani tima maksimalno osredoto\u010dajo na individualne re\u0161itve va\u0161ega problema.\" \/>\n<meta property=\"og:url\" content=\"https:\/\/fertilityport.com\/sl\/\" \/>\n<meta property=\"og:site_name\" content=\"FertilityPort Prague\" \/>\n<meta property=\"article:modified_time\" content=\"2024-06-04T11:18:56+00:00\" \/>\n<meta name=\"twitter:card\" content=\"summary_large_image\" \/>\n<meta name=\"twitter:label1\" content=\"Est. reading time\" \/>\n\t<meta name=\"twitter:data1\" content=\"7 minut\" \/>\n<script type=\"application\/ld+json\" class=\"yoast-schema-graph\">{\"@context\":\"https:\\\/\\\/schema.org\",\"@graph\":[{\"@type\":\"WebPage\",\"@id\":\"https:\\\/\\\/fertilityport.com\\\/sl\\\/\",\"url\":\"https:\\\/\\\/fertilityport.com\\\/sl\\\/\",\"name\":\"Center za asistirano reprodukcijo | FertilityPort Prague - tukaj se za\u010dne \u017eivljenje\",\"isPartOf\":{\"@id\":\"https:\\\/\\\/fertilityport.com\\\/#website\"},\"datePublished\":\"2023-04-03T13:15:48+00:00\",\"dateModified\":\"2024-06-04T11:18:56+00:00\",\"description\":\"Da bi zmanj\u0161ali stres povezan z zdravljenjem, se vsi \u010dlani tima maksimalno osredoto\u010dajo na individualne re\u0161itve va\u0161ega problema.\",\"breadcrumb\":{\"@id\":\"https:\\\/\\\/fertilityport.com\\\/sl\\\/#breadcrumb\"},\"inLanguage\":\"sl-SI\",\"potentialAction\":[{\"@type\":\"ReadAction\",\"target\":[\"https:\\\/\\\/fertilityport.com\\\/sl\\\/\"]}]},{\"@type\":\"BreadcrumbList\",\"@id\":\"https:\\\/\\\/fertilityport.com\\\/sl\\\/#breadcrumb\",\"itemListElement\":[{\"@type\":\"ListItem\",\"position\":1,\"name\":\"Home\",\"item\":\"https:\\\/\\\/fertilityport.com\\\/sl\\\/\"},{\"@type\":\"ListItem\",\"position\":2,\"name\":\"Homepage &#8211; NEW\"}]},{\"@type\":\"WebSite\",\"@id\":\"https:\\\/\\\/fertilityport.com\\\/#website\",\"url\":\"https:\\\/\\\/fertilityport.com\\\/\",\"name\":\"FertilityPort Prague\",\"description\":\"\",\"potentialAction\":[{\"@type\":\"SearchAction\",\"target\":{\"@type\":\"EntryPoint\",\"urlTemplate\":\"https:\\\/\\\/fertilityport.com\\\/?s={search_term_string}\"},\"query-input\":{\"@type\":\"PropertyValueSpecification\",\"valueRequired\":true,\"valueName\":\"search_term_string\"}}],\"inLanguage\":\"sl-SI\"}]}<\/script>\n<!-- \/ Yoast SEO plugin. -->","yoast_head_json":{"title":"Center za asistirano reprodukcijo | FertilityPort Prague - tukaj se za\u010dne \u017eivljenje","description":"Da bi zmanj\u0161ali stres povezan z zdravljenjem, se vsi \u010dlani tima maksimalno osredoto\u010dajo na individualne re\u0161itve va\u0161ega problema.","robots":{"index":"index","follow":"follow","max-snippet":"max-snippet:-1","max-image-preview":"max-image-preview:large","max-video-preview":"max-video-preview:-1"},"canonical":"https:\/\/fertilityport.com\/sl\/","og_locale":"sl_SI","og_type":"article","og_title":"Center za asistirano reprodukcijo | FertilityPort Prague - tukaj se za\u010dne \u017eivljenje","og_description":"Da bi zmanj\u0161ali stres povezan z zdravljenjem, se vsi \u010dlani tima maksimalno osredoto\u010dajo na individualne re\u0161itve va\u0161ega problema.","og_url":"https:\/\/fertilityport.com\/sl\/","og_site_name":"FertilityPort Prague","article_modified_time":"2024-06-04T11:18:56+00:00","twitter_card":"summary_large_image","twitter_misc":{"Est. reading time":"7 minut"},"schema":{"@context":"https:\/\/schema.org","@graph":[{"@type":"WebPage","@id":"https:\/\/fertilityport.com\/sl\/","url":"https:\/\/fertilityport.com\/sl\/","name":"Center za asistirano reprodukcijo | FertilityPort Prague - tukaj se za\u010dne \u017eivljenje","isPartOf":{"@id":"https:\/\/fertilityport.com\/#website"},"datePublished":"2023-04-03T13:15:48+00:00","dateModified":"2024-06-04T11:18:56+00:00","description":"Da bi zmanj\u0161ali stres povezan z zdravljenjem, se vsi \u010dlani tima maksimalno osredoto\u010dajo na individualne re\u0161itve va\u0161ega problema.","breadcrumb":{"@id":"https:\/\/fertilityport.com\/sl\/#breadcrumb"},"inLanguage":"sl-SI","potentialAction":[{"@type":"ReadAction","target":["https:\/\/fertilityport.com\/sl\/"]}]},{"@type":"BreadcrumbList","@id":"https:\/\/fertilityport.com\/sl\/#breadcrumb","itemListElement":[{"@type":"ListItem","position":1,"name":"Home","item":"https:\/\/fertilityport.com\/sl\/"},{"@type":"ListItem","position":2,"name":"Homepage &#8211; NEW"}]},{"@type":"WebSite","@id":"https:\/\/fertilityport.com\/#website","url":"https:\/\/fertilityport.com\/","name":"FertilityPort Prague","description":"","potentialAction":[{"@type":"SearchAction","target":{"@type":"EntryPoint","urlTemplate":"https:\/\/fertilityport.com\/?s={search_term_string}"},"query-input":{"@type":"PropertyValueSpecification","valueRequired":true,"valueName":"search_term_string"}}],"inLanguage":"sl-SI"}]}},"_links":{"self":[{"href":"https:\/\/fertilityport.com\/sl\/wp-json\/wp\/v2\/pages\/7358","targetHints":{"allow":["GET"]}}],"collection":[{"href":"https:\/\/fertilityport.com\/sl\/wp-json\/wp\/v2\/pages"}],"about":[{"href":"https:\/\/fertilityport.com\/sl\/wp-json\/wp\/v2\/types\/page"}],"author":[{"embeddable":true,"href":"https:\/\/fertilityport.com\/sl\/wp-json\/wp\/v2\/users\/1"}],"replies":[{"embeddable":true,"href":"https:\/\/fertilityport.com\/sl\/wp-json\/wp\/v2\/comments?post=7358"}],"version-history":[{"count":14,"href":"https:\/\/fertilityport.com\/sl\/wp-json\/wp\/v2\/pages\/7358\/revisions"}],"predecessor-version":[{"id":7720,"href":"https:\/\/fertilityport.com\/sl\/wp-json\/wp\/v2\/pages\/7358\/revisions\/7720"}],"wp:attachment":[{"href":"https:\/\/fertilityport.com\/sl\/wp-json\/wp\/v2\/media?parent=7358"}],"curies":[{"name":"wp","href":"https:\/\/api.w.org\/{rel}","templated":true}]}}