{"id":7379,"date":"2023-04-03T16:06:59","date_gmt":"2023-04-03T14:06:59","guid":{"rendered":"https:\/\/fertilityport.com\/kontakt\/"},"modified":"2023-04-03T16:06:59","modified_gmt":"2023-04-03T14:06:59","slug":"kontakt","status":"publish","type":"page","link":"https:\/\/fertilityport.com\/sl\/kontakt\/","title":{"rendered":"Kontakt"},"content":{"rendered":"<p>[et_pb_section fb_built=&#8221;1&#8243; module_class=&#8221;welcome&#8211;page welcome&#8211;page&#8211;contact&#8221; _builder_version=&#8221;4.4.1&#8243; background_image=&#8221;https:\/\/fertilityport.com\/wp-content\/uploads\/2020\/03\/kontakt_head_bg.jpg&#8221; global_colors_info=&#8221;{}&#8221;][et_pb_row column_structure=&#8221;2_3,1_3&#8243; _builder_version=&#8221;4.4.0&#8243; global_colors_info=&#8221;{}&#8221;][et_pb_column type=&#8221;2_3&#8243; _builder_version=&#8221;4.4.0&#8243; global_colors_info=&#8221;{}&#8221;][et_pb_text module_class=&#8221;c_blurb&#8221; _builder_version=&#8221;4.4.0&#8243; global_colors_info=&#8221;{}&#8221;]<\/p>\n<h1>Kontakt<\/h1>\n<p>Stopite v kontakt z nami, tukaj smo za vas<\/p>\n<p>[\/et_pb_text][\/et_pb_column][et_pb_column type=&#8221;1_3&#8243; _builder_version=&#8221;4.4.0&#8243; global_colors_info=&#8221;{}&#8221;][\/et_pb_column][\/et_pb_row][\/et_pb_section][et_pb_section fb_built=&#8221;1&#8243; _builder_version=&#8221;4.4.0&#8243; background_color=&#8221;#d4a4a9&#8243; global_colors_info=&#8221;{}&#8221;][et_pb_row column_structure=&#8221;1_3,1_3,1_3&#8243; _builder_version=&#8221;4.4.0&#8243; global_colors_info=&#8221;{}&#8221;][et_pb_column type=&#8221;1_3&#8243; _builder_version=&#8221;4.4.0&#8243; global_colors_info=&#8221;{}&#8221;][et_pb_text module_class=&#8221;c_blurb c_blurb&#8211;contact&#8221; _builder_version=&#8221;4.4.0&#8243; global_colors_info=&#8221;{}&#8221;]<\/p>\n<h2>Kontaktirajte nas<\/h2>\n<p>[\/et_pb_text][et_pb_text _builder_version=&#8221;4.14.4&#8243; _module_preset=&#8221;default&#8221; hover_enabled=&#8221;0&#8243; sticky_enabled=&#8221;0&#8243;]<\/p>\n<div class='fluentform ff-default fluentform_wrapper_3 ffs_default_wrap'><form data-form_id=\"3\" id=\"fluentform_3\" class=\"frm-fluent-form fluent_form_3 ff-el-form-top ff_form_instance_3_1 ff-form-loading form_bg ffs_default\" data-form_instance=\"ff_form_instance_3_1\" method=\"POST\" ><fieldset  style=\"border: none!important;margin: 0!important;padding: 0!important;background-color: transparent!important;box-shadow: none!important;outline: none!important; min-inline-size: 100%;\">\n                    <legend class=\"ff_screen_reader_title\" style=\"display: block; margin: 0!important;padding: 0!important;height: 0!important;text-indent: -999999px;width: 0!important;overflow:hidden;\">Contact - EN<\/legend><input type='hidden' name='__fluent_form_embded_post_id' value='7379' \/><input type=\"hidden\" id=\"_fluentform_3_fluentformnonce\" name=\"_fluentform_3_fluentformnonce\" value=\"db7c166f64\" \/><input type=\"hidden\" name=\"_wp_http_referer\" value=\"\/sl\/wp-json\/wp\/v2\/pages\/7379\" \/><div class='ff-el-group'><div class=\"ff-el-input--label ff-el-is-required asterisk-right\"><label for='ff_3_input_text' id='label_ff_3_input_text' aria-label=\"Name\">Name<\/label><\/div><div class='ff-el-input--content'><input type=\"text\" name=\"input_text\" class=\"ff-el-form-control\" placeholder=\"Enter name\" data-name=\"input_text\" id=\"ff_3_input_text\"  aria-invalid=\"false\" aria-required=true><\/div><\/div><div class='ff-el-group'><div class=\"ff-el-input--label ff-el-is-required asterisk-right\"><label for='ff_3_email' id='label_ff_3_email' aria-label=\"Email\">Email<\/label><\/div><div class='ff-el-input--content'><input type=\"email\" name=\"email\" id=\"ff_3_email\" class=\"ff-el-form-control\" placeholder=\"Enter your email address\" data-name=\"email\"  aria-invalid=\"false\" aria-required=true><\/div><\/div><div class='ff-el-group'><div class=\"ff-el-input--label ff-el-is-required asterisk-right\"><label for='ff_3_phone' id='label_ff_3_phone' aria-label=\"Telephone\">Telephone<\/label><\/div><div class='ff-el-input--content'><input name=\"phone\" class=\"ff-el-form-control ff-el-phone ff_el_with_extended_validation\" type=\"tel\" data-name=\"phone\" id=\"ff_3_phone\" inputmode=\"tel\"  aria-invalid='false' aria-required=true><\/div><\/div><div class='ff-el-group'><div class=\"ff-el-input--label ff-el-is-required asterisk-right\"><label for='ff_3_description' id='label_ff_3_description' aria-label=\"Message\">Message<\/label><\/div><div class='ff-el-input--content'><textarea aria-required=\"true\" aria-labelledby=\"label_ff_3_description\" name=\"description\" id=\"ff_3_description\" class=\"ff-el-form-control\" placeholder=\"Enter your message\" rows=\"3\" cols=\"2\" data-name=\"description\" ><\/textarea><\/div><\/div><div class='ff-el-group    ff-el-input--content'><div class='ff-el-form-check ff-el-tc'><label aria-label='I agree with the operating conditions' class='ff-el-form-check-label ff_tc_label' for=terms-n-condition_b77437bb39f331af5fefefac6e5ea4b8><span class='ff_tc_checkbox'><input type=\"checkbox\" name=\"terms-n-condition\" class=\"ff-el-form-check-input\" data-name=\"terms-n-condition\" id=\"terms-n-condition_b77437bb39f331af5fefefac6e5ea4b8\"  value='on' aria-invalid='false' aria-required=true><\/span> <div class='ff_t_c'><p>I agree with the operating conditions<\/p><\/div><\/label><\/div><\/div><div class='ff-el-group ff-text-left ff_submit_btn_wrapper'><button type=\"submit\" class=\"ff-btn ff-btn-submit ff-btn-md btn btn--secondary ff_btn_no_style\"  aria-label=\"Send\">Send<\/button><\/div><\/fieldset><\/form><div id='fluentform_3_errors' class='ff-errors-in-stack ff_form_instance_3_1 ff-form-loading_errors ff_form_instance_3_1_errors'><\/div><\/div>            <script type=\"text\/javascript\">\n                window.fluent_form_ff_form_instance_3_1 = {\"id\":\"3\",\"settings\":{\"layout\":{\"labelPlacement\":\"top\",\"helpMessagePlacement\":\"with_label\",\"errorMessagePlacement\":\"inline\",\"asteriskPlacement\":\"asterisk-right\"},\"restrictions\":{\"denyEmptySubmission\":{\"enabled\":false}}},\"form_instance\":\"ff_form_instance_3_1\",\"form_id_selector\":\"fluentform_3\",\"rules\":{\"input_text\":{\"required\":{\"value\":true,\"message\":\"This field is required\"}},\"email\":{\"required\":{\"value\":true,\"message\":\"This field is required\"},\"email\":{\"value\":true,\"message\":\"This field must contain a valid email\"}},\"phone\":{\"required\":{\"value\":true,\"message\":\"This field is required\"},\"valid_phone_number\":{\"value\":true,\"message\":\"Phone number is not valid\"}},\"description\":{\"required\":{\"value\":true,\"message\":\"This field is required\"}},\"terms-n-condition\":{\"required\":{\"value\":true,\"message\":\"This field is required\"}}},\"debounce_time\":300};\n                            <\/script>\n            \n<p>[\/et_pb_text][\/et_pb_column][et_pb_column type=&#8221;1_3&#8243; _builder_version=&#8221;4.4.0&#8243; global_colors_info=&#8221;{}&#8221;][et_pb_text module_class=&#8221;c_blurb c_blurb&#8211;contact&#8221; _builder_version=&#8221;4.4.0&#8243; global_colors_info=&#8221;{}&#8221;]<\/p>\n<h2>Kontaktne informacije<\/h2>\n<p>[\/et_pb_text][et_pb_text module_class=&#8221;contact_info&#8221; _builder_version=&#8221;4.14.4&#8243; text_text_color=&#8221;#ffffff&#8221; global_colors_info=&#8221;{}&#8221;]<\/p>\n<p><strong>FertilityPort Prague s.r.o.<\/strong><br \/>Smr\u010dkova\u00a02485\/4<br \/>180 00 Praha 8<\/p>\n<p>zgradba: DOCK 2<\/p>\n<p>I\u010cO: 02872145<br \/>\u0160tevilka ra\u010duna: <b>1387954478\/2700<\/b><\/p>\n<p>\u0160tevilka zadeve: C 224731 za\u0161\u010ditena s strani ob\u010dinskega sodi\u0161\u010da v Pragi<\/p>\n<p><strong>Recepcija:<\/strong><br \/>Telefon: <a href=\"tel:00420274771298\">+420 274 771 298<\/a><br \/>GSM:\u00a0<a href=\"tel:00420725513270\">+420 725 513 270<\/a><br \/>E-mail:\u00a0<a href=\"mailto:info@fertilityport.com\">info@fertilityport.com<\/a><br \/>Web:\u00a0<a href=\"https:\/\/fertilityport.com\/sl\/\">www.fertilityport.com<\/a><\/p>\n<p><strong>Delovni \u010das:<\/strong><br \/>Ponedeljek &#8211; petek 8:00 &#8211; 16:30<br \/>Sobota in nedelja po telefonskem posvetu<\/p>\n<p><strong>Kako do nas:<\/strong><br \/>Linija javnega prevoza B \u2013 Metro postaja Palmovka<br \/>Zgradba Dock 2 \u2013 poleg restavracije Kolkovna Dock<\/p>\n<p>[\/et_pb_text][\/et_pb_column][et_pb_column type=&#8221;1_3&#8243; _builder_version=&#8221;4.4.0&#8243; global_colors_info=&#8221;{}&#8221;][et_pb_text module_class=&#8221;c_blurb c_blurb&#8211;contact&#8221; _builder_version=&#8221;4.4.0&#8243; global_colors_info=&#8221;{}&#8221;]<\/p>\n<p>Mapa<\/p>\n<p>[\/et_pb_text][et_pb_code _builder_version=&#8221;4.4.0&#8243; global_colors_info=&#8221;{}&#8221;]<iframe loading=\"lazy\" src=\"https:\/\/www.google.com\/maps\/embed?pb=!1m14!1m8!1m3!1d10236.10323315044!2d14.4686653!3d50.1045239!3m2!1i1024!2i768!4f13.1!3m3!1m2!1s0x0%3A0xbdc453b40e0ad8e1!2sFertilityPort%20Prague!5e0!3m2!1scs!2scz!4v1583954201119!5m2!1scs!2scz\" width=\"100%\" height=\"450\" frameborder=\"0\" style=\"border:0;\" allowfullscreen=\"\" aria-hidden=\"false\" tabindex=\"0\"><\/iframe>[\/et_pb_code][\/et_pb_column][\/et_pb_row][\/et_pb_section]<\/p>\n","protected":false},"excerpt":{"rendered":"<p>Kontakt Stopite v kontakt z nami, tukaj smo za vasKontaktirajte nas<div class='fluentform ff-default fluentform_wrapper_3 ffs_default_wrap'><form data-form_id=\"3\" id=\"fluentform_3\" class=\"frm-fluent-form fluent_form_3 ff-el-form-top ff_form_instance_3_2 ff-form-loading form_bg ffs_default\" data-form_instance=\"ff_form_instance_3_2\" method=\"POST\" ><fieldset  style=\"border: none!important;margin: 0!important;padding: 0!important;background-color: transparent!important;box-shadow: none!important;outline: none!important; min-inline-size: 100%;\">\n                    <legend class=\"ff_screen_reader_title\" style=\"display: block; margin: 0!important;padding: 0!important;height: 0!important;text-indent: -999999px;width: 0!important;overflow:hidden;\">Contact - EN<\/legend><input type='hidden' name='__fluent_form_embded_post_id' value='7379' \/><input type=\"hidden\" id=\"_fluentform_3_fluentformnonce\" name=\"_fluentform_3_fluentformnonce\" value=\"db7c166f64\" \/><input type=\"hidden\" name=\"_wp_http_referer\" value=\"\/sl\/wp-json\/wp\/v2\/pages\/7379\" \/><div class='ff-el-group'><div class=\"ff-el-input--label ff-el-is-required asterisk-right\"><label for='ff_3_2_input_text' id='label_ff_3_2_input_text' aria-label=\"Name\">Name<\/label><\/div><div class='ff-el-input--content'><input type=\"text\" name=\"input_text\" class=\"ff-el-form-control\" placeholder=\"Enter name\" data-name=\"input_text\" id=\"ff_3_2_input_text\"  aria-invalid=\"false\" aria-required=true><\/div><\/div><div class='ff-el-group'><div class=\"ff-el-input--label ff-el-is-required asterisk-right\"><label for='ff_3_2_email' id='label_ff_3_2_email' aria-label=\"Email\">Email<\/label><\/div><div class='ff-el-input--content'><input type=\"email\" name=\"email\" id=\"ff_3_2_email\" class=\"ff-el-form-control\" placeholder=\"Enter your email address\" data-name=\"email\"  aria-invalid=\"false\" aria-required=true><\/div><\/div><div class='ff-el-group'><div class=\"ff-el-input--label ff-el-is-required asterisk-right\"><label for='ff_3_2_phone' id='label_ff_3_2_phone' aria-label=\"Telephone\">Telephone<\/label><\/div><div class='ff-el-input--content'><input name=\"phone\" class=\"ff-el-form-control ff-el-phone ff_el_with_extended_validation\" type=\"tel\" data-name=\"phone\" id=\"ff_3_2_phone\" inputmode=\"tel\"  aria-invalid='false' aria-required=true><\/div><\/div><div class='ff-el-group'><div class=\"ff-el-input--label ff-el-is-required asterisk-right\"><label for='ff_3_2_description' id='label_ff_3_2_description' aria-label=\"Message\">Message<\/label><\/div><div class='ff-el-input--content'><textarea aria-required=\"true\" aria-labelledby=\"label_ff_3_2_description\" name=\"description\" id=\"ff_3_2_description\" class=\"ff-el-form-control\" placeholder=\"Enter your message\" rows=\"3\" cols=\"2\" data-name=\"description\" ><\/textarea><\/div><\/div><div class='ff-el-group    ff-el-input--content'><div class='ff-el-form-check ff-el-tc'><label aria-label='I agree with the operating conditions' class='ff-el-form-check-label ff_tc_label' for=terms-n-condition_c77243148faadd0bdc4eb857a3467eed><span class='ff_tc_checkbox'><input type=\"checkbox\" name=\"terms-n-condition\" class=\"ff-el-form-check-input\" data-name=\"terms-n-condition\" id=\"terms-n-condition_c77243148faadd0bdc4eb857a3467eed\"  value='on' aria-invalid='false' aria-required=true><\/span> <div class='ff_t_c'><p>I agree with the operating conditions<\/p><\/div><\/label><\/div><\/div><div class='ff-el-group ff-text-left ff_submit_btn_wrapper'><button type=\"submit\" class=\"ff-btn ff-btn-submit ff-btn-md btn btn--secondary ff_btn_no_style\"  aria-label=\"Send\">Send<\/button><\/div><\/fieldset><\/form><div id='fluentform_3_errors' class='ff-errors-in-stack ff_form_instance_3_2 ff-form-loading_errors ff_form_instance_3_2_errors'><\/div><\/div>            <script type=\"text\/javascript\">\n                window.fluent_form_ff_form_instance_3_2 = {\"id\":\"3\",\"settings\":{\"layout\":{\"labelPlacement\":\"top\",\"helpMessagePlacement\":\"with_label\",\"errorMessagePlacement\":\"inline\",\"asteriskPlacement\":\"asterisk-right\"},\"restrictions\":{\"denyEmptySubmission\":{\"enabled\":false}}},\"form_instance\":\"ff_form_instance_3_2\",\"form_id_selector\":\"fluentform_3\",\"rules\":{\"input_text\":{\"required\":{\"value\":true,\"message\":\"This field is required\"}},\"email\":{\"required\":{\"value\":true,\"message\":\"This field is required\"},\"email\":{\"value\":true,\"message\":\"This field must contain a valid email\"}},\"phone\":{\"required\":{\"value\":true,\"message\":\"This field is required\"},\"valid_phone_number\":{\"value\":true,\"message\":\"Phone number is not valid\"}},\"description\":{\"required\":{\"value\":true,\"message\":\"This field is required\"}},\"terms-n-condition\":{\"required\":{\"value\":true,\"message\":\"This field is required\"}}},\"debounce_time\":300};\n                            <\/script>\n            Kontaktne informacijeFertilityPort Prague s.r.o.Smr\u010dkova\u00a02485\/4180 00 Praha 8 zgradba: DOCK 2 I\u010cO: 02872145\u0160tevilka ra\u010duna: 1387954478\/2700 \u0160tevilka zadeve: C 224731 za\u0161\u010ditena s strani ob\u010dinskega sodi\u0161\u010da v Pragi Recepcija:Telefon: +420 274 771 298GSM:\u00a0+420 725 513 270E-mail:\u00a0info@fertilityport.comWeb:\u00a0www.fertilityport.com Delovni \u010das:Ponedeljek &#8211; petek 8:00 &#8211; 16:30Sobota in nedelja po telefonskem [&hellip;]<\/p>\n","protected":false},"author":1,"featured_media":0,"parent":0,"menu_order":0,"comment_status":"closed","ping_status":"closed","template":"","meta":{"_acf_changed":false,"_et_pb_use_builder":"on","_et_pb_old_content":"","_et_gb_content_width":"","footnotes":""},"class_list":["post-7379","page","type-page","status-publish","hentry"],"acf":[],"yoast_head":"<!-- This site is optimized with the Yoast SEO plugin v27.2 - https:\/\/yoast.com\/product\/yoast-seo-wordpress\/ -->\n<title>Kontaktne informacije | FertilityPort Prague<\/title>\n<meta name=\"description\" content=\"Kontaktirajte nas. Za vsa vpra\u0161anja smo vam na voljo. Lahko izpolnite na\u0161 obrazec ali nas pokli\u010dite ali napi\u0161ite e-mail.\" \/>\n<meta name=\"robots\" content=\"index, follow, max-snippet:-1, max-image-preview:large, max-video-preview:-1\" \/>\n<link rel=\"canonical\" href=\"https:\/\/fertilityport.com\/sl\/kontakt\/\" \/>\n<meta property=\"og:locale\" content=\"sl_SI\" \/>\n<meta property=\"og:type\" content=\"article\" \/>\n<meta property=\"og:title\" content=\"Kontaktne informacije | FertilityPort Prague\" \/>\n<meta property=\"og:description\" content=\"Kontaktirajte nas. Za vsa vpra\u0161anja smo vam na voljo. Lahko izpolnite na\u0161 obrazec ali nas pokli\u010dite ali napi\u0161ite e-mail.\" \/>\n<meta property=\"og:url\" content=\"https:\/\/fertilityport.com\/sl\/kontakt\/\" \/>\n<meta property=\"og:site_name\" content=\"FertilityPort Prague\" \/>\n<meta name=\"twitter:card\" content=\"summary_large_image\" \/>\n<meta name=\"twitter:label1\" content=\"Est. reading time\" \/>\n\t<meta name=\"twitter:data1\" content=\"2 minuti\" \/>\n<script type=\"application\/ld+json\" class=\"yoast-schema-graph\">{\"@context\":\"https:\/\/schema.org\",\"@graph\":[{\"@type\":\"WebPage\",\"@id\":\"https:\/\/fertilityport.com\/sl\/kontakt\/\",\"url\":\"https:\/\/fertilityport.com\/sl\/kontakt\/\",\"name\":\"Kontaktne informacije | FertilityPort Prague\",\"isPartOf\":{\"@id\":\"https:\/\/fertilityport.com\/#website\"},\"datePublished\":\"2023-04-03T14:06:59+00:00\",\"description\":\"Kontaktirajte nas. Za vsa vpra\u0161anja smo vam na voljo. Lahko izpolnite na\u0161 obrazec ali nas pokli\u010dite ali napi\u0161ite e-mail.\",\"breadcrumb\":{\"@id\":\"https:\/\/fertilityport.com\/sl\/kontakt\/#breadcrumb\"},\"inLanguage\":\"sl-SI\",\"potentialAction\":[{\"@type\":\"ReadAction\",\"target\":[\"https:\/\/fertilityport.com\/sl\/kontakt\/\"]}]},{\"@type\":\"BreadcrumbList\",\"@id\":\"https:\/\/fertilityport.com\/sl\/kontakt\/#breadcrumb\",\"itemListElement\":[{\"@type\":\"ListItem\",\"position\":1,\"name\":\"Home\",\"item\":\"https:\/\/fertilityport.com\/sl\/\"},{\"@type\":\"ListItem\",\"position\":2,\"name\":\"Kontakt\"}]},{\"@type\":\"WebSite\",\"@id\":\"https:\/\/fertilityport.com\/#website\",\"url\":\"https:\/\/fertilityport.com\/\",\"name\":\"FertilityPort Prague\",\"description\":\"\",\"potentialAction\":[{\"@type\":\"SearchAction\",\"target\":{\"@type\":\"EntryPoint\",\"urlTemplate\":\"https:\/\/fertilityport.com\/?s={search_term_string}\"},\"query-input\":{\"@type\":\"PropertyValueSpecification\",\"valueRequired\":true,\"valueName\":\"search_term_string\"}}],\"inLanguage\":\"sl-SI\"}]}<\/script>\n<!-- \/ Yoast SEO plugin. -->","yoast_head_json":{"title":"Kontaktne informacije | FertilityPort Prague","description":"Kontaktirajte nas. Za vsa vpra\u0161anja smo vam na voljo. Lahko izpolnite na\u0161 obrazec ali nas pokli\u010dite ali napi\u0161ite e-mail.","robots":{"index":"index","follow":"follow","max-snippet":"max-snippet:-1","max-image-preview":"max-image-preview:large","max-video-preview":"max-video-preview:-1"},"canonical":"https:\/\/fertilityport.com\/sl\/kontakt\/","og_locale":"sl_SI","og_type":"article","og_title":"Kontaktne informacije | FertilityPort Prague","og_description":"Kontaktirajte nas. Za vsa vpra\u0161anja smo vam na voljo. Lahko izpolnite na\u0161 obrazec ali nas pokli\u010dite ali napi\u0161ite e-mail.","og_url":"https:\/\/fertilityport.com\/sl\/kontakt\/","og_site_name":"FertilityPort Prague","twitter_card":"summary_large_image","twitter_misc":{"Est. reading time":"2 minuti"},"schema":{"@context":"https:\/\/schema.org","@graph":[{"@type":"WebPage","@id":"https:\/\/fertilityport.com\/sl\/kontakt\/","url":"https:\/\/fertilityport.com\/sl\/kontakt\/","name":"Kontaktne informacije | FertilityPort Prague","isPartOf":{"@id":"https:\/\/fertilityport.com\/#website"},"datePublished":"2023-04-03T14:06:59+00:00","description":"Kontaktirajte nas. Za vsa vpra\u0161anja smo vam na voljo. Lahko izpolnite na\u0161 obrazec ali nas pokli\u010dite ali napi\u0161ite e-mail.","breadcrumb":{"@id":"https:\/\/fertilityport.com\/sl\/kontakt\/#breadcrumb"},"inLanguage":"sl-SI","potentialAction":[{"@type":"ReadAction","target":["https:\/\/fertilityport.com\/sl\/kontakt\/"]}]},{"@type":"BreadcrumbList","@id":"https:\/\/fertilityport.com\/sl\/kontakt\/#breadcrumb","itemListElement":[{"@type":"ListItem","position":1,"name":"Home","item":"https:\/\/fertilityport.com\/sl\/"},{"@type":"ListItem","position":2,"name":"Kontakt"}]},{"@type":"WebSite","@id":"https:\/\/fertilityport.com\/#website","url":"https:\/\/fertilityport.com\/","name":"FertilityPort Prague","description":"","potentialAction":[{"@type":"SearchAction","target":{"@type":"EntryPoint","urlTemplate":"https:\/\/fertilityport.com\/?s={search_term_string}"},"query-input":{"@type":"PropertyValueSpecification","valueRequired":true,"valueName":"search_term_string"}}],"inLanguage":"sl-SI"}]}},"_links":{"self":[{"href":"https:\/\/fertilityport.com\/sl\/wp-json\/wp\/v2\/pages\/7379","targetHints":{"allow":["GET"]}}],"collection":[{"href":"https:\/\/fertilityport.com\/sl\/wp-json\/wp\/v2\/pages"}],"about":[{"href":"https:\/\/fertilityport.com\/sl\/wp-json\/wp\/v2\/types\/page"}],"author":[{"embeddable":true,"href":"https:\/\/fertilityport.com\/sl\/wp-json\/wp\/v2\/users\/1"}],"replies":[{"embeddable":true,"href":"https:\/\/fertilityport.com\/sl\/wp-json\/wp\/v2\/comments?post=7379"}],"version-history":[{"count":2,"href":"https:\/\/fertilityport.com\/sl\/wp-json\/wp\/v2\/pages\/7379\/revisions"}],"predecessor-version":[{"id":7381,"href":"https:\/\/fertilityport.com\/sl\/wp-json\/wp\/v2\/pages\/7379\/revisions\/7381"}],"wp:attachment":[{"href":"https:\/\/fertilityport.com\/sl\/wp-json\/wp\/v2\/media?parent=7379"}],"curies":[{"name":"wp","href":"https:\/\/api.w.org\/{rel}","templated":true}]}}