{"id":7390,"date":"2023-04-03T16:23:16","date_gmt":"2023-04-03T14:23:16","guid":{"rendered":"https:\/\/fertilityport.com\/o-nas\/"},"modified":"2023-04-03T16:23:16","modified_gmt":"2023-04-03T14:23:16","slug":"o-nas","status":"publish","type":"page","link":"https:\/\/fertilityport.com\/sl\/o-nas\/","title":{"rendered":"O nas"},"content":{"rendered":"<p>[et_pb_section fb_built=&#8221;1&#8243; module_class=&#8221;welcome&#8211;page&#8221; _builder_version=&#8221;4.4.1&#8243; background_image=&#8221;https:\/\/fertilityport.com\/wp-content\/uploads\/2020\/03\/aboutus_head.jpg&#8221;][et_pb_row column_structure=&#8221;2_3,1_3&#8243; _builder_version=&#8221;4.4.0&#8243;][et_pb_column type=&#8221;2_3&#8243; _builder_version=&#8221;4.4.0&#8243;][et_pb_text module_class=&#8221;c_blurb&#8221; _builder_version=&#8221;4.4.0&#8243;]<\/p>\n<h1>O nas<\/h1>\n<p>Osnova centra FertilityPort Praga je ve\u010d vrhunskih strokovnjakov s podro\u010dja asistirane reprodukcije, ki se zdru\u017eujejo v eno odli\u010dno ekipo strokovnjakov.<\/p>\n<p>[\/et_pb_text][\/et_pb_column][et_pb_column type=&#8221;1_3&#8243; _builder_version=&#8221;4.4.0&#8243;][\/et_pb_column][\/et_pb_row][\/et_pb_section][et_pb_section fb_built=&#8221;1&#8243; _builder_version=&#8221;4.4.0&#8243;][et_pb_row column_structure=&#8221;2_5,3_5&#8243; _builder_version=&#8221;4.4.0&#8243;][et_pb_column type=&#8221;2_5&#8243; _builder_version=&#8221;4.4.0&#8243;][et_pb_image src=&#8221;https:\/\/fertilityport.com\/wp-content\/uploads\/2021\/09\/DSC08474-scaled.jpg&#8221; _builder_version=&#8221;4.9.10&#8243; hover_enabled=&#8221;0&#8243; title_text=&#8221;DSC08474&#8243; sticky_enabled=&#8221;0&#8243;][\/et_pb_image][\/et_pb_column][et_pb_column type=&#8221;3_5&#8243; _builder_version=&#8221;4.4.0&#8243;][et_pb_text _builder_version=&#8221;4.4.0&#8243;]<\/p>\n<p>Z maksimalno zavzetostjo vseh \u010dlanov na\u0161ega tima se na ob\u010dutljiv in prijazen na\u010din osredoto\u010dimo na individualno re\u0161itev va\u0161e te\u017eave, da bi \u010dim bolj zmanj\u0161ali stres, ki lahko pogosto spremlja zdravljenje. Glavna ideja ustanovitve centra je bila ustvariti prijetno delovno okolje dru\u017einske narave, kjer se bo vsakemu paru pristopilo s skrbnostjo, potrpe\u017eljivostjo, empatijo in maksimalnim razumevanjem. Na\u0161a \u017eelja je, da z vsemi razpolo\u017eljivimi metodami in izku\u0161njami celotne ekipe pridobimo va\u0161e zaupanje in dose\u017eemo uresni\u010ditev va\u0161ih sanj. Zadovoljstvo na\u0161ih strank je na\u0161a nagrada in dokaz, da je to, kar po\u010dnemo, res smiselno.<\/p>\n<p>[\/et_pb_text][et_pb_code module_class=&#8221;btn-group&#8221; _builder_version=&#8221;4.4.0&#8243;]<pee><a class=\"btn btn--primary\" href=\"https:\/\/fertilityport.com\/our-doctors\/\">Na\u0161i zdravniki<\/a>\u00a0<a class=\"btn btn--primary\" href=\"https:\/\/fertilityport.com\/embryologists\/\">Embriologi<\/a> <a class=\"btn btn--primary\" href=\"https:\/\/fertilityport.com\/nurses\/\">Sestre<\/a> <a class=\"btn btn--primary\" href=\"https:\/\/fertilityport.com\/coordinators\/\">Koordinatorji<\/a><\/pee>[\/et_pb_code][\/et_pb_column][\/et_pb_row][\/et_pb_section][et_pb_section fb_built=&#8221;1&#8243; _builder_version=&#8221;4.4.0&#8243; background_color=&#8221;#d4a4a9&#8243;][et_pb_row column_structure=&#8221;3_5,2_5&#8243; _builder_version=&#8221;4.4.0&#8243;][et_pb_column type=&#8221;3_5&#8243; _builder_version=&#8221;4.4.0&#8243;][et_pb_text _builder_version=&#8221;4.4.0&#8243; background_layout=&#8221;dark&#8221;]<\/p>\n<ul>\n<li>Izbor najsodobnej\u0161e opreme v centru in izbira metod temelji na dolgoletnih izku\u0161njah na\u0161ih zdravnikov in usposobljenega osebja v IVF centrih na \u010ce\u0161kem in v tujini<\/li>\n<li>Individualiziran in empati\u010den pristop, nega in izbira zdravljenja, usmerjena v pozitiven rezultat<\/li>\n<li>Ve\u010d strokovnjakov dela skupaj v eni dobro organizirani ekipi<\/li>\n<li>Nimamo \u010dakalnih vrst, tudi kot programa darovanih jaj\u010dec ali semen\u010dic<\/li>\n<li>Skrbno vzdr\u017eevana in vedno ve\u010dja baza darovalcev<\/li>\n<li>Visoka stopnja uspe\u0161nosti<\/li>\n<li>Izku\u0161nje z zapletenimi primeri<\/li>\n<li>Sodobna klinika s prijetnim in doma\u010dim vzdu\u0161jem<\/li>\n<li>Neposredno v sredi\u0161\u010du Prage v mirnem okolju blizu reke, s parkiri\u0161\u010di in kavarno v stavbi klinike<\/li>\n<\/ul>\n<p>[\/et_pb_text][\/et_pb_column][et_pb_column type=&#8221;2_5&#8243; _builder_version=&#8221;4.4.0&#8243;][et_pb_video src=&#8221;https:\/\/www.youtube.com\/watch?v=hWRXpPmo4mE&#8221; _builder_version=&#8221;4.4.1&#8243;][\/et_pb_video][\/et_pb_column][\/et_pb_row][\/et_pb_section]<\/p>\n","protected":false},"excerpt":{"rendered":"<p>O nas Osnova centra FertilityPort Praga je ve\u010d vrhunskih strokovnjakov s podro\u010dja asistirane reprodukcije, ki se zdru\u017eujejo v eno odli\u010dno ekipo strokovnjakov.Z maksimalno zavzetostjo vseh \u010dlanov na\u0161ega tima se na ob\u010dutljiv in prijazen na\u010din osredoto\u010dimo na individualno re\u0161itev va\u0161e te\u017eave, da bi \u010dim bolj zmanj\u0161ali stres, ki lahko pogosto spremlja zdravljenje. Glavna ideja ustanovitve centra [&hellip;]<\/p>\n","protected":false},"author":1,"featured_media":0,"parent":0,"menu_order":0,"comment_status":"closed","ping_status":"closed","template":"","meta":{"_acf_changed":false,"_et_pb_use_builder":"on","_et_pb_old_content":"","_et_gb_content_width":"","footnotes":""},"class_list":["post-7390","page","type-page","status-publish","hentry"],"acf":[],"yoast_head":"<!-- This site is optimized with the Yoast SEO plugin v27.3 - https:\/\/yoast.com\/product\/yoast-seo-wordpress\/ -->\n<title>O na\u0161em timu | FertilityPort Prague<\/title>\n<meta name=\"description\" content=\"Osnova klinike FertilityPort Praga je ve\u010d vrhunskih strokovnjakov s podro\u010dja asistirane oploditve.\" \/>\n<meta name=\"robots\" content=\"index, follow, max-snippet:-1, max-image-preview:large, max-video-preview:-1\" \/>\n<link rel=\"canonical\" href=\"https:\/\/fertilityport.com\/sl\/o-nas\/\" \/>\n<meta property=\"og:locale\" content=\"sl_SI\" \/>\n<meta property=\"og:type\" content=\"article\" \/>\n<meta property=\"og:title\" content=\"O na\u0161em timu | FertilityPort Prague\" \/>\n<meta property=\"og:description\" content=\"Osnova klinike FertilityPort Praga je ve\u010d vrhunskih strokovnjakov s podro\u010dja asistirane oploditve.\" \/>\n<meta property=\"og:url\" content=\"https:\/\/fertilityport.com\/sl\/o-nas\/\" \/>\n<meta property=\"og:site_name\" content=\"FertilityPort Prague\" \/>\n<meta name=\"twitter:card\" content=\"summary_large_image\" \/>\n<meta name=\"twitter:label1\" content=\"Est. reading time\" \/>\n\t<meta name=\"twitter:data1\" content=\"2 minuti\" \/>\n<script type=\"application\/ld+json\" class=\"yoast-schema-graph\">{\"@context\":\"https:\\\/\\\/schema.org\",\"@graph\":[{\"@type\":\"WebPage\",\"@id\":\"https:\\\/\\\/fertilityport.com\\\/sl\\\/o-nas\\\/\",\"url\":\"https:\\\/\\\/fertilityport.com\\\/sl\\\/o-nas\\\/\",\"name\":\"O na\u0161em timu | FertilityPort Prague\",\"isPartOf\":{\"@id\":\"https:\\\/\\\/fertilityport.com\\\/#website\"},\"datePublished\":\"2023-04-03T14:23:16+00:00\",\"description\":\"Osnova klinike FertilityPort Praga je ve\u010d vrhunskih strokovnjakov s podro\u010dja asistirane oploditve.\",\"breadcrumb\":{\"@id\":\"https:\\\/\\\/fertilityport.com\\\/sl\\\/o-nas\\\/#breadcrumb\"},\"inLanguage\":\"sl-SI\",\"potentialAction\":[{\"@type\":\"ReadAction\",\"target\":[\"https:\\\/\\\/fertilityport.com\\\/sl\\\/o-nas\\\/\"]}]},{\"@type\":\"BreadcrumbList\",\"@id\":\"https:\\\/\\\/fertilityport.com\\\/sl\\\/o-nas\\\/#breadcrumb\",\"itemListElement\":[{\"@type\":\"ListItem\",\"position\":1,\"name\":\"Home\",\"item\":\"https:\\\/\\\/fertilityport.com\\\/sl\\\/\"},{\"@type\":\"ListItem\",\"position\":2,\"name\":\"O nas\"}]},{\"@type\":\"WebSite\",\"@id\":\"https:\\\/\\\/fertilityport.com\\\/#website\",\"url\":\"https:\\\/\\\/fertilityport.com\\\/\",\"name\":\"FertilityPort Prague\",\"description\":\"\",\"potentialAction\":[{\"@type\":\"SearchAction\",\"target\":{\"@type\":\"EntryPoint\",\"urlTemplate\":\"https:\\\/\\\/fertilityport.com\\\/?s={search_term_string}\"},\"query-input\":{\"@type\":\"PropertyValueSpecification\",\"valueRequired\":true,\"valueName\":\"search_term_string\"}}],\"inLanguage\":\"sl-SI\"}]}<\/script>\n<!-- \/ Yoast SEO plugin. -->","yoast_head_json":{"title":"O na\u0161em timu | FertilityPort Prague","description":"Osnova klinike FertilityPort Praga je ve\u010d vrhunskih strokovnjakov s podro\u010dja asistirane oploditve.","robots":{"index":"index","follow":"follow","max-snippet":"max-snippet:-1","max-image-preview":"max-image-preview:large","max-video-preview":"max-video-preview:-1"},"canonical":"https:\/\/fertilityport.com\/sl\/o-nas\/","og_locale":"sl_SI","og_type":"article","og_title":"O na\u0161em timu | FertilityPort Prague","og_description":"Osnova klinike FertilityPort Praga je ve\u010d vrhunskih strokovnjakov s podro\u010dja asistirane oploditve.","og_url":"https:\/\/fertilityport.com\/sl\/o-nas\/","og_site_name":"FertilityPort Prague","twitter_card":"summary_large_image","twitter_misc":{"Est. reading time":"2 minuti"},"schema":{"@context":"https:\/\/schema.org","@graph":[{"@type":"WebPage","@id":"https:\/\/fertilityport.com\/sl\/o-nas\/","url":"https:\/\/fertilityport.com\/sl\/o-nas\/","name":"O na\u0161em timu | FertilityPort Prague","isPartOf":{"@id":"https:\/\/fertilityport.com\/#website"},"datePublished":"2023-04-03T14:23:16+00:00","description":"Osnova klinike FertilityPort Praga je ve\u010d vrhunskih strokovnjakov s podro\u010dja asistirane oploditve.","breadcrumb":{"@id":"https:\/\/fertilityport.com\/sl\/o-nas\/#breadcrumb"},"inLanguage":"sl-SI","potentialAction":[{"@type":"ReadAction","target":["https:\/\/fertilityport.com\/sl\/o-nas\/"]}]},{"@type":"BreadcrumbList","@id":"https:\/\/fertilityport.com\/sl\/o-nas\/#breadcrumb","itemListElement":[{"@type":"ListItem","position":1,"name":"Home","item":"https:\/\/fertilityport.com\/sl\/"},{"@type":"ListItem","position":2,"name":"O nas"}]},{"@type":"WebSite","@id":"https:\/\/fertilityport.com\/#website","url":"https:\/\/fertilityport.com\/","name":"FertilityPort Prague","description":"","potentialAction":[{"@type":"SearchAction","target":{"@type":"EntryPoint","urlTemplate":"https:\/\/fertilityport.com\/?s={search_term_string}"},"query-input":{"@type":"PropertyValueSpecification","valueRequired":true,"valueName":"search_term_string"}}],"inLanguage":"sl-SI"}]}},"_links":{"self":[{"href":"https:\/\/fertilityport.com\/sl\/wp-json\/wp\/v2\/pages\/7390","targetHints":{"allow":["GET"]}}],"collection":[{"href":"https:\/\/fertilityport.com\/sl\/wp-json\/wp\/v2\/pages"}],"about":[{"href":"https:\/\/fertilityport.com\/sl\/wp-json\/wp\/v2\/types\/page"}],"author":[{"embeddable":true,"href":"https:\/\/fertilityport.com\/sl\/wp-json\/wp\/v2\/users\/1"}],"replies":[{"embeddable":true,"href":"https:\/\/fertilityport.com\/sl\/wp-json\/wp\/v2\/comments?post=7390"}],"version-history":[{"count":2,"href":"https:\/\/fertilityport.com\/sl\/wp-json\/wp\/v2\/pages\/7390\/revisions"}],"predecessor-version":[{"id":7392,"href":"https:\/\/fertilityport.com\/sl\/wp-json\/wp\/v2\/pages\/7390\/revisions\/7392"}],"wp:attachment":[{"href":"https:\/\/fertilityport.com\/sl\/wp-json\/wp\/v2\/media?parent=7390"}],"curies":[{"name":"wp","href":"https:\/\/api.w.org\/{rel}","templated":true}]}}