{"id":7115,"date":"2023-03-08T14:01:20","date_gmt":"2023-03-08T13:01:20","guid":{"rendered":"https:\/\/fertilityport.com\/glavna-strana-novo\/"},"modified":"2024-06-24T19:53:28","modified_gmt":"2024-06-24T17:53:28","slug":"glavna-strana-novo","status":"publish","type":"page","link":"https:\/\/fertilityport.com\/sr\/","title":{"rendered":"Glavna strana &#8211; NOVO"},"content":{"rendered":"<p>[et_pb_section fb_built=&#8220;1&#8243; module_class=&#8220;welcome_new&#8220; _builder_version=&#8220;4.16&#8243; _module_preset=&#8220;default&#8220; global_colors_info=&#8220;{}&#8220;][et_pb_row column_structure=&#8220;1_2,1_2&#8243; _builder_version=&#8220;4.16&#8243; _module_preset=&#8220;default&#8220; global_colors_info=&#8220;{}&#8220;][et_pb_column type=&#8220;1_2&#8243; _builder_version=&#8220;4.16&#8243; _module_preset=&#8220;default&#8220; global_colors_info=&#8220;{}&#8220;][et_pb_text _builder_version=&#8220;4.20.0&#8243; _module_preset=&#8220;default&#8220; global_colors_info=&#8220;{}&#8220;]<\/p>\n<h1>Centar za vantelesnu oplodnju u Pragu<\/h1>\n<p>[\/et_pb_text][et_pb_text _builder_version=&#8220;4.16&#8243; _module_preset=&#8220;default&#8220; text_orientation=&#8220;center&#8220; global_colors_info=&#8220;{}&#8220;]<\/p>\n<p>Tim smo vrhunskih stru\u010dnjaka u oblasti vantelesne oplodnje. Na\u0161 prioritet je individualni pristup, porodi\u010dna atmosfera, nikakve liste \u010dekanja i maksimalan uspeh na putu do \u017eeljene bebe.<\/p>\n<p>[\/et_pb_text][et_pb_text _builder_version=&#8220;4.20.0&#8243; _module_preset=&#8220;default&#8220; text_font=&#8220;Dancing Script||||||||&#8220; text_text_color=&#8220;#a55d68&#8243; text_font_size=&#8220;24px&#8220; text_orientation=&#8220;center&#8220; global_colors_info=&#8220;{}&#8220;]<\/p>\n<p>Pomo\u0107i \u0107emo vam da postanete porodica&#8230;<\/p>\n<p>[\/et_pb_text][\/et_pb_column][et_pb_column type=&#8220;1_2&#8243; _builder_version=&#8220;4.16&#8243; _module_preset=&#8220;default&#8220; global_colors_info=&#8220;{}&#8220;][\/et_pb_column][\/et_pb_row][\/et_pb_section][et_pb_section fb_built=&#8220;1&#8243; _builder_version=&#8220;4.20.2&#8243; _module_preset=&#8220;default&#8220; custom_margin=&#8220;||-20px|||&#8220; custom_padding=&#8220;||24px|||&#8220; global_colors_info=&#8220;{}&#8220;][et_pb_row column_structure=&#8220;1_4,3_4&#8243; _builder_version=&#8220;4.16&#8243; global_colors_info=&#8220;{}&#8220;][et_pb_column type=&#8220;1_4&#8243; _builder_version=&#8220;4.16&#8243; global_colors_info=&#8220;{}&#8220;][\/et_pb_column][et_pb_column type=&#8220;3_4&#8243; _builder_version=&#8220;4.16&#8243; global_colors_info=&#8220;{}&#8220;][et_pb_text module_class=&#8220;c_blurb&#8220; _builder_version=&#8220;4.20.2&#8243; global_colors_info=&#8220;{}&#8220;]<\/p>\n<h2><span>Kontaktirajte na\u0161u koordinatorku Milicu<\/span><\/h2>\n<p><span>e-mail:<\/span><a href=\"mailto:rathausova@fertilityport.com\"><span>\u00a0<\/span>vukadinovic@fertilityport.com<\/a><br \/><span>tel.: +420 778 710 976<\/span><\/p>\n<p>[\/et_pb_text][\/et_pb_column][\/et_pb_row][\/et_pb_section][et_pb_section fb_built=&#8220;1&#8243; module_class=&#8220;special_offer&#8220; _builder_version=&#8220;4.16&#8243; _module_preset=&#8220;default&#8220; custom_padding=&#8220;||||false|false&#8220; global_colors_info=&#8220;{}&#8220;][et_pb_row column_structure=&#8220;1_2,1_2&#8243; use_custom_gutter=&#8220;on&#8220; gutter_width=&#8220;2&#8243; make_equal=&#8220;on&#8220; module_class=&#8220;special_offer__second_row&#8220; _builder_version=&#8220;4.20.2&#8243; _module_preset=&#8220;default&#8220; min_height=&#8220;305.4px&#8220; custom_margin=&#8220;90px|auto|-57px|auto||&#8220; custom_padding=&#8220;|0px||0px||&#8220; global_colors_info=&#8220;{}&#8220;][et_pb_column type=&#8220;1_2&#8243; _builder_version=&#8220;4.16&#8243; _module_preset=&#8220;default&#8220; global_colors_info=&#8220;{}&#8220;][et_pb_blurb title=&#8220;Zaka\u017eite svoj termin&#8220; image=&#8220;https:\/\/fertilityport.com\/wp-content\/uploads\/2021\/06\/pregnant.svg&#8220; module_class=&#8220;special_offer__cta special_offer__cta&#8211;border special_offer__cta&#8211;first&#8220; _builder_version=&#8220;4.20.2&#8243; _module_preset=&#8220;default&#8220; header_level=&#8220;h3&#8243; text_orientation=&#8220;center&#8220; min_height=&#8220;299.2px&#8220; custom_padding=&#8220;||0px|||&#8220; animation=&#8220;off&#8220; global_colors_info=&#8220;{}&#8220;]<\/p>\n<p>Hteo bih da proverim svoju plodnost<\/p>\n<div><a class=\"btn btn--purple\" href=\"https:\/\/fertilityport.com\/sr\/kontakt\/\">Kontakt<\/a><\/div>\n<p>[\/et_pb_blurb][\/et_pb_column][et_pb_column type=&#8220;1_2&#8243; _builder_version=&#8220;4.16&#8243; _module_preset=&#8220;default&#8220; global_colors_info=&#8220;{}&#8220;][et_pb_blurb title=&#8220;Zamrzavanje genetskog materijala&#8220; image=&#8220;https:\/\/fertilityport.com\/wp-content\/uploads\/2021\/06\/sperm.svg&#8220; module_class=&#8220;special_offer__cta&#8220; _builder_version=&#8220;4.16&#8243; _module_preset=&#8220;default&#8220; header_level=&#8220;h3&#8243; text_orientation=&#8220;center&#8220; min_height=&#8220;201.4px&#8220; custom_padding=&#8220;||96px|||&#8220; animation=&#8220;off&#8220; global_colors_info=&#8220;{}&#8220;]<\/p>\n<p>O\u010duvanje plodnosti \/ \u017delim da zamrznem jane \u0107elije \/ spermu<\/p>\n<div><a class=\"btn btn--purple\" href=\"https:\/\/fertilityport.com\/social-freezing\/\">Vi\u0161e informacija<\/a><\/div>\n<p>[\/et_pb_blurb][\/et_pb_column][\/et_pb_row][\/et_pb_section][et_pb_section fb_built=&#8220;1&#8243; _builder_version=&#8220;4.16&#8243; _module_preset=&#8220;default&#8220; background_image=&#8220;https:\/\/fertilityport.com\/wp-content\/uploads\/2020\/03\/socket.jpg&#8220; min_height=&#8220;405px&#8220; global_colors_info=&#8220;{}&#8220;][et_pb_row column_structure=&#8220;1_3,1_3,1_3&#8243; _builder_version=&#8220;4.16&#8243; _module_preset=&#8220;default&#8220; global_colors_info=&#8220;{}&#8220;][et_pb_column type=&#8220;1_3&#8243; _builder_version=&#8220;4.16&#8243; _module_preset=&#8220;default&#8220; global_colors_info=&#8220;{}&#8220;][et_pb_blurb title=&#8220;100%&#8220; image=&#8220;https:\/\/fertilityport.com\/wp-content\/uploads\/2021\/06\/doctor.svg&#8220; module_class=&#8220;box_of&#8220; _builder_version=&#8220;4.16&#8243; _module_preset=&#8220;default&#8220; header_level=&#8220;h3&#8243; text_orientation=&#8220;center&#8220; animation=&#8220;off&#8220; global_colors_info=&#8220;{}&#8220;]<\/p>\n<p>Individualna nega<\/p>\n<p>[\/et_pb_blurb][\/et_pb_column][et_pb_column type=&#8220;1_3&#8243; _builder_version=&#8220;4.16&#8243; _module_preset=&#8220;default&#8220; global_colors_info=&#8220;{}&#8220;][et_pb_blurb title=&#8220;2021&#8243; image=&#8220;https:\/\/fertilityport.com\/wp-content\/uploads\/2021\/06\/ultrasound.svg&#8220; module_class=&#8220;box_of&#8220; _builder_version=&#8220;4.16&#8243; _module_preset=&#8220;default&#8220; header_level=&#8220;h3&#8243; text_orientation=&#8220;center&#8220; animation=&#8220;off&#8220; global_colors_info=&#8220;{}&#8220;]<\/p>\n<p>Najnovija <span class=\"Y2IQFc\">tehnologija potrebna za ispravnu dijagnozu<\/span><\/p>\n<p>[\/et_pb_blurb][\/et_pb_column][et_pb_column type=&#8220;1_3&#8243; _builder_version=&#8220;4.16&#8243; _module_preset=&#8220;default&#8220; global_colors_info=&#8220;{}&#8220;][et_pb_blurb title=&#8220;1000+&#8220; image=&#8220;https:\/\/fertilityport.com\/wp-content\/uploads\/2021\/06\/pregnant.svg&#8220; module_class=&#8220;box_of&#8220; _builder_version=&#8220;4.16&#8243; _module_preset=&#8220;default&#8220; header_level=&#8220;h3&#8243; text_orientation=&#8220;center&#8220; animation=&#8220;off&#8220; global_colors_info=&#8220;{}&#8220;]<\/p>\n<p>zadovoljni pacijenti svake godine<\/p>\n<p>[\/et_pb_blurb][\/et_pb_column][\/et_pb_row][\/et_pb_section][et_pb_section fb_built=&#8220;1&#8243; fullwidth=&#8220;on&#8220; _builder_version=&#8220;4.16&#8243; background_enable_color=&#8220;off&#8220; background_image=&#8220;https:\/\/fertilityport.com\/wp-content\/uploads\/2021\/09\/DSC08491-scaled.jpg&#8220; background_enable_video_mp4=&#8220;off&#8220; global_colors_info=&#8220;{}&#8220;][et_pb_fullwidth_slider show_arrows=&#8220;off&#8220; show_pagination=&#8220;off&#8220; module_class=&#8220;sec_video&#8220; _builder_version=&#8220;4.16&#8243; background_enable_color=&#8220;off&#8220; background_enable_video_mp4=&#8220;off&#8220; background_video_pause_outside_viewport=&#8220;off&#8220; animation_style=&#8220;fade&#8220; animation_duration=&#8220;0ms&#8220; auto=&#8220;on&#8220; auto_speed=&#8220;5000&#8243; auto_ignore_hover=&#8220;on&#8220; global_colors_info=&#8220;{}&#8220;][et_pb_slide heading=&#8220;porodi\u010dni centar&#8220; use_bg_overlay=&#8220;off&#8220; _builder_version=&#8220;4.16&#8243; background_color=&#8220;rgba(212,164,169,0.5)&#8220; background_enable_color=&#8220;on&#8220; custom_padding=&#8220;300px||300px||false|false&#8220; custom_padding_tablet=&#8220;150px||150px||false|false&#8220; custom_padding_phone=&#8220;&#8220; custom_padding_last_edited=&#8220;on|tablet&#8220; global_colors_info=&#8220;{}&#8220; sticky_transition=&#8220;on&#8220;][\/et_pb_slide][et_pb_slide heading=&#8220;Jedna od vode\u0107ih klinika za vantelesnu oplodnju u \u010ce\u0161koj&#8220; use_bg_overlay=&#8220;off&#8220; _builder_version=&#8220;4.16&#8243; background_color=&#8220;rgba(212,164,169,0.5)&#8220; background_enable_color=&#8220;on&#8220; custom_padding=&#8220;300px||300px||false|false&#8220; custom_padding_tablet=&#8220;150px||150px||false|false&#8220; custom_padding_phone=&#8220;&#8220; custom_padding_last_edited=&#8220;on|tablet&#8220; global_colors_info=&#8220;{}&#8220; sticky_transition=&#8220;on&#8220;][\/et_pb_slide][et_pb_slide heading=&#8220;Komunikacija na raznim jezicima&#8220; use_bg_overlay=&#8220;off&#8220; _builder_version=&#8220;4.16&#8243; background_color=&#8220;rgba(212,164,169,0.5)&#8220; background_enable_color=&#8220;on&#8220; custom_padding=&#8220;300px||300px||false|false&#8220; custom_padding_tablet=&#8220;150px||150px||false|false&#8220; custom_padding_phone=&#8220;&#8220; custom_padding_last_edited=&#8220;on|tablet&#8220; global_colors_info=&#8220;{}&#8220; sticky_transition=&#8220;on&#8220;][\/et_pb_slide][et_pb_slide heading=&#8220;Lekari i embrilozi sa 15 godina iskustva&#8220; use_bg_overlay=&#8220;off&#8220; _builder_version=&#8220;4.16&#8243; background_color=&#8220;rgba(212,164,169,0.5)&#8220; background_enable_color=&#8220;on&#8220; custom_padding=&#8220;300px||300px||false|false&#8220; custom_padding_tablet=&#8220;150px||150px||false|false&#8220; custom_padding_phone=&#8220;&#8220; custom_padding_last_edited=&#8220;on|tablet&#8220; global_colors_info=&#8220;{}&#8220; sticky_transition=&#8220;on&#8220;][\/et_pb_slide][\/et_pb_fullwidth_slider][\/et_pb_section][et_pb_section fb_built=&#8220;1&#8243; _builder_version=&#8220;4.16&#8243; _module_preset=&#8220;default&#8220; custom_padding=&#8220;||26px|||&#8220; global_colors_info=&#8220;{}&#8220;][et_pb_row column_structure=&#8220;1_2,1_2&#8243; make_equal=&#8220;on&#8220; _builder_version=&#8220;4.16&#8243; _module_preset=&#8220;default&#8220; custom_padding=&#8220;||0px|||&#8220; global_colors_info=&#8220;{}&#8220;][et_pb_column type=&#8220;1_2&#8243; module_class=&#8220;center-flex&#8220; _builder_version=&#8220;4.16&#8243; _module_preset=&#8220;default&#8220; global_colors_info=&#8220;{}&#8220;][et_pb_blurb title=&#8220;Pro\u010ditajte uspe\u0161ne pri\u010de na\u0161ih pacijenata&#8220; module_class=&#8220;blurb&#8211;right&#8220; _builder_version=&#8220;4.16&#8243; _module_preset=&#8220;default&#8220; header_level=&#8220;h2&#8243; animation=&#8220;off&#8220; global_colors_info=&#8220;{}&#8220;]<\/p>\n<p><a class=\"btn btn--purple\" href=\"https:\/\/fertilityport.com\/testimonials\/\">Sve preporuke<\/a><\/p>\n<p>[\/et_pb_blurb][\/et_pb_column][et_pb_column type=&#8220;1_2&#8243; _builder_version=&#8220;4.16&#8243; _module_preset=&#8220;default&#8220; global_colors_info=&#8220;{}&#8220;][et_pb_testimonial quote_icon=&#8220;off&#8220; module_class=&#8220;cref&#8220; _builder_version=&#8220;4.16&#8243; _module_preset=&#8220;default&#8220; min_height=&#8220;489px&#8220; custom_padding=&#8220;||0px|||&#8220; global_colors_info=&#8220;{}&#8220;]<\/p>\n<p><span class=\"Y2IQFc\">S klinikom FertlityPort je bilo zaista sjajno komunicirati. <\/span>Razgovarali smo s dr. Stepanom, koji je bio vrlo ohrabruju\u0107i i prijatan, te je odgovorio na sva na\u0161a pitanja tijekom konzultacija. Dana je bila na\u0161a medicinska sestra i bila je apsolutno briljantna. Bila je puna razumijevanja, ljubazna i uvijek tu ako smo trebali ne\u0161to provjeriti. \u010cak nam je rezervirala taksi do i od klinike. Nakratko smo se susreli s embriologom, koji se \u010dinio divnim. Zbog svih ovih dragih ljudi sve je izgledalo lak\u0161e. Klinika je bila vrlo u\u010dinkovita, jer je cijeli proces bio vrlo brz i nije bilo gubljenja vremena i \u010dekanja. Bilo bi nam drago preporu\u010diti FertilityPort svima koji razmi\u0161ljaju o lije\u010denju. Jedina stvar koju bih promijenio je da ne vi\u0111am druge parove na recepciji, ali ne znam bi li to bilo mogu\u0107e provesti.<\/p>\n<p>&nbsp;<\/p>\n<p style=\"text-align: right;\">\u00a0<\/p>\n<p style=\"text-align: right;\"><strong>A., Irska<\/strong><\/p>\n<p>[\/et_pb_testimonial][\/et_pb_column][\/et_pb_row][\/et_pb_section][et_pb_section fb_built=&#8220;1&#8243; module_class=&#8220;metody&#8220; _builder_version=&#8220;4.16&#8243; _module_preset=&#8220;default&#8220; custom_padding=&#8220;0px||0px|||&#8220; global_colors_info=&#8220;{}&#8220;][et_pb_row column_structure=&#8220;1_2,1_2&#8243; make_equal=&#8220;on&#8220; module_class=&#8220;metody__row&#8220; _builder_version=&#8220;4.16&#8243; _module_preset=&#8220;default&#8220; global_colors_info=&#8220;{}&#8220;][et_pb_column type=&#8220;1_2&#8243; module_class=&#8220;left-flex&#8220; _builder_version=&#8220;4.16&#8243; _module_preset=&#8220;default&#8220; global_colors_info=&#8220;{}&#8220;][et_pb_blurb title=&#8220;Specijalne laboratorijske metode&#8220; url=&#8220;https:\/\/fertilityport.com\/methods-and-techniques\/&#8220; image=&#8220;https:\/\/fertilityport.com\/wp-content\/uploads\/2021\/06\/comp-white.png&#8220; icon_placement=&#8220;left&#8220; module_class=&#8220;icon&#8220; _builder_version=&#8220;4.16&#8243; _module_preset=&#8220;default&#8220; header_level=&#8220;h2&#8243; header_font=&#8220;|700|||||||&#8220; header_font_size=&#8220;22px&#8220; background_layout=&#8220;dark&#8220; animation=&#8220;off&#8220; global_colors_info=&#8220;{}&#8220;][\/et_pb_blurb][\/et_pb_column][et_pb_column type=&#8220;1_2&#8243; module_class=&#8220;left-flex&#8220; _builder_version=&#8220;4.16&#8243; _module_preset=&#8220;default&#8220; global_colors_info=&#8220;{}&#8220;][et_pb_text module_class=&#8220;link&#8211;right&#8220; _builder_version=&#8220;4.16&#8243; _module_preset=&#8220;default&#8220; text_line_height=&#8220;1.9em&#8220; text_orientation=&#8220;center&#8220; background_layout=&#8220;dark&#8220; link_option_url=&#8220;https:\/\/fertilityport.com\/methods-and-techniques\/&#8220; global_colors_info=&#8220;{}&#8220;]<\/p>\n<p><span class=\"Y2IQFc\">koje koristimo su jedne od najefikasnijih i najsavremenijih u \u010ce\u0161koj<\/span><\/p>\n<p>[\/et_pb_text][\/et_pb_column][\/et_pb_row][\/et_pb_section]<\/p>\n","protected":false},"excerpt":{"rendered":"<p>Centar za vantelesnu oplodnju u PraguTim smo vrhunskih stru\u010dnjaka u oblasti vantelesne oplodnje. Na\u0161 prioritet je individualni pristup, porodi\u010dna atmosfera, nikakve liste \u010dekanja i maksimalan uspeh na putu do \u017eeljene bebe.Pomo\u0107i \u0107emo vam da postanete porodica&#8230;Kontaktirajte na\u0161u koordinatorku Milicu e-mail:\u00a0vukadinovic@fertilityport.comtel.: +420 778 710 976Hteo bih da proverim svoju plodnost KontaktO\u010duvanje plodnosti \/ \u017delim da zamrznem [&hellip;]<\/p>\n","protected":false},"author":1,"featured_media":0,"parent":0,"menu_order":0,"comment_status":"closed","ping_status":"closed","template":"","meta":{"_acf_changed":false,"_et_pb_use_builder":"on","_et_pb_old_content":"","_et_gb_content_width":"","footnotes":""},"class_list":["post-7115","page","type-page","status-publish","hentry"],"acf":[],"yoast_head":"<!-- This site is optimized with the Yoast SEO plugin v27.5 - https:\/\/yoast.com\/product\/yoast-seo-wordpress\/ -->\n<title>Centar za vantelesnu oplodnju | FertilityPort Prague - ovde po\u010dinje \u017eivot<\/title>\n<meta name=\"description\" content=\"Da bi se smanjio stres povezan sa tretmanom, svi \u010dlanovi tima se maksimalno trude oko individualnog re\u0161enja za va\u0161 problem.\" \/>\n<meta name=\"robots\" content=\"index, follow, max-snippet:-1, max-image-preview:large, max-video-preview:-1\" \/>\n<link rel=\"canonical\" href=\"https:\/\/fertilityport.com\/sr\/\" \/>\n<meta property=\"og:locale\" content=\"sr_RS\" \/>\n<meta property=\"og:type\" content=\"article\" \/>\n<meta property=\"og:title\" content=\"Centar za vantelesnu oplodnju | FertilityPort Prague - ovde po\u010dinje \u017eivot\" \/>\n<meta property=\"og:description\" content=\"Da bi se smanjio stres povezan sa tretmanom, svi \u010dlanovi tima se maksimalno trude oko individualnog re\u0161enja za va\u0161 problem.\" \/>\n<meta property=\"og:url\" content=\"https:\/\/fertilityport.com\/sr\/\" \/>\n<meta property=\"og:site_name\" content=\"FertilityPort Prague\" \/>\n<meta property=\"article:modified_time\" content=\"2024-06-24T17:53:28+00:00\" \/>\n<meta name=\"twitter:card\" content=\"summary_large_image\" \/>\n<meta name=\"twitter:label1\" content=\"\u041f\u0440\u043e\u0446\u0435\u045a\u0435\u043d\u043e \u0432\u0440\u0435\u043c\u0435 \u0447\u0438\u0442\u0430\u045a\u0430\" \/>\n\t<meta name=\"twitter:data1\" content=\"3 \u043c\u0438\u043d\u0443\u0442\u0430\" \/>\n<script type=\"application\/ld+json\" class=\"yoast-schema-graph\">{\"@context\":\"https:\\\/\\\/schema.org\",\"@graph\":[{\"@type\":\"WebPage\",\"@id\":\"https:\\\/\\\/fertilityport.com\\\/sr\\\/\",\"url\":\"https:\\\/\\\/fertilityport.com\\\/sr\\\/\",\"name\":\"Centar za vantelesnu oplodnju | FertilityPort Prague - ovde po\u010dinje \u017eivot\",\"isPartOf\":{\"@id\":\"https:\\\/\\\/fertilityport.com\\\/#website\"},\"datePublished\":\"2023-03-08T13:01:20+00:00\",\"dateModified\":\"2024-06-24T17:53:28+00:00\",\"description\":\"Da bi se smanjio stres povezan sa tretmanom, svi \u010dlanovi tima se maksimalno trude oko individualnog re\u0161enja za va\u0161 problem.\",\"breadcrumb\":{\"@id\":\"https:\\\/\\\/fertilityport.com\\\/sr\\\/#breadcrumb\"},\"inLanguage\":\"sr-RS\",\"potentialAction\":[{\"@type\":\"ReadAction\",\"target\":[\"https:\\\/\\\/fertilityport.com\\\/sr\\\/\"]}]},{\"@type\":\"BreadcrumbList\",\"@id\":\"https:\\\/\\\/fertilityport.com\\\/sr\\\/#breadcrumb\",\"itemListElement\":[{\"@type\":\"ListItem\",\"position\":1,\"name\":\"Home\",\"item\":\"https:\\\/\\\/fertilityport.com\\\/sr\\\/\"},{\"@type\":\"ListItem\",\"position\":2,\"name\":\"Glavna strana &#8211; NOVO\"}]},{\"@type\":\"WebSite\",\"@id\":\"https:\\\/\\\/fertilityport.com\\\/#website\",\"url\":\"https:\\\/\\\/fertilityport.com\\\/\",\"name\":\"FertilityPort Prague\",\"description\":\"\",\"potentialAction\":[{\"@type\":\"SearchAction\",\"target\":{\"@type\":\"EntryPoint\",\"urlTemplate\":\"https:\\\/\\\/fertilityport.com\\\/?s={search_term_string}\"},\"query-input\":{\"@type\":\"PropertyValueSpecification\",\"valueRequired\":true,\"valueName\":\"search_term_string\"}}],\"inLanguage\":\"sr-RS\"}]}<\/script>\n<!-- \/ Yoast SEO plugin. -->","yoast_head_json":{"title":"Centar za vantelesnu oplodnju | FertilityPort Prague - ovde po\u010dinje \u017eivot","description":"Da bi se smanjio stres povezan sa tretmanom, svi \u010dlanovi tima se maksimalno trude oko individualnog re\u0161enja za va\u0161 problem.","robots":{"index":"index","follow":"follow","max-snippet":"max-snippet:-1","max-image-preview":"max-image-preview:large","max-video-preview":"max-video-preview:-1"},"canonical":"https:\/\/fertilityport.com\/sr\/","og_locale":"sr_RS","og_type":"article","og_title":"Centar za vantelesnu oplodnju | FertilityPort Prague - ovde po\u010dinje \u017eivot","og_description":"Da bi se smanjio stres povezan sa tretmanom, svi \u010dlanovi tima se maksimalno trude oko individualnog re\u0161enja za va\u0161 problem.","og_url":"https:\/\/fertilityport.com\/sr\/","og_site_name":"FertilityPort Prague","article_modified_time":"2024-06-24T17:53:28+00:00","twitter_card":"summary_large_image","twitter_misc":{"\u041f\u0440\u043e\u0446\u0435\u045a\u0435\u043d\u043e \u0432\u0440\u0435\u043c\u0435 \u0447\u0438\u0442\u0430\u045a\u0430":"3 \u043c\u0438\u043d\u0443\u0442\u0430"},"schema":{"@context":"https:\/\/schema.org","@graph":[{"@type":"WebPage","@id":"https:\/\/fertilityport.com\/sr\/","url":"https:\/\/fertilityport.com\/sr\/","name":"Centar za vantelesnu oplodnju | FertilityPort Prague - ovde po\u010dinje \u017eivot","isPartOf":{"@id":"https:\/\/fertilityport.com\/#website"},"datePublished":"2023-03-08T13:01:20+00:00","dateModified":"2024-06-24T17:53:28+00:00","description":"Da bi se smanjio stres povezan sa tretmanom, svi \u010dlanovi tima se maksimalno trude oko individualnog re\u0161enja za va\u0161 problem.","breadcrumb":{"@id":"https:\/\/fertilityport.com\/sr\/#breadcrumb"},"inLanguage":"sr-RS","potentialAction":[{"@type":"ReadAction","target":["https:\/\/fertilityport.com\/sr\/"]}]},{"@type":"BreadcrumbList","@id":"https:\/\/fertilityport.com\/sr\/#breadcrumb","itemListElement":[{"@type":"ListItem","position":1,"name":"Home","item":"https:\/\/fertilityport.com\/sr\/"},{"@type":"ListItem","position":2,"name":"Glavna strana &#8211; NOVO"}]},{"@type":"WebSite","@id":"https:\/\/fertilityport.com\/#website","url":"https:\/\/fertilityport.com\/","name":"FertilityPort Prague","description":"","potentialAction":[{"@type":"SearchAction","target":{"@type":"EntryPoint","urlTemplate":"https:\/\/fertilityport.com\/?s={search_term_string}"},"query-input":{"@type":"PropertyValueSpecification","valueRequired":true,"valueName":"search_term_string"}}],"inLanguage":"sr-RS"}]}},"_links":{"self":[{"href":"https:\/\/fertilityport.com\/sr\/wp-json\/wp\/v2\/pages\/7115","targetHints":{"allow":["GET"]}}],"collection":[{"href":"https:\/\/fertilityport.com\/sr\/wp-json\/wp\/v2\/pages"}],"about":[{"href":"https:\/\/fertilityport.com\/sr\/wp-json\/wp\/v2\/types\/page"}],"author":[{"embeddable":true,"href":"https:\/\/fertilityport.com\/sr\/wp-json\/wp\/v2\/users\/1"}],"replies":[{"embeddable":true,"href":"https:\/\/fertilityport.com\/sr\/wp-json\/wp\/v2\/comments?post=7115"}],"version-history":[{"count":32,"href":"https:\/\/fertilityport.com\/sr\/wp-json\/wp\/v2\/pages\/7115\/revisions"}],"predecessor-version":[{"id":7724,"href":"https:\/\/fertilityport.com\/sr\/wp-json\/wp\/v2\/pages\/7115\/revisions\/7724"}],"wp:attachment":[{"href":"https:\/\/fertilityport.com\/sr\/wp-json\/wp\/v2\/media?parent=7115"}],"curies":[{"name":"wp","href":"https:\/\/api.w.org\/{rel}","templated":true}]}}