{"id":7142,"date":"2023-03-09T11:08:44","date_gmt":"2023-03-09T10:08:44","guid":{"rendered":"https:\/\/fertilityport.com\/koordinatori\/"},"modified":"2024-06-04T13:12:10","modified_gmt":"2024-06-04T11:12:10","slug":"koordinatori","status":"publish","type":"page","link":"https:\/\/fertilityport.com\/sr\/koordinatori\/","title":{"rendered":"Koordinatori"},"content":{"rendered":"<p>[et_pb_section fb_built=&#8220;1&#8243; _builder_version=&#8220;4.16&#8243; background_color=&#8220;#e2e2e2&#8243; global_colors_info=&#8220;{}&#8220;][et_pb_row _builder_version=&#8220;4.16&#8243; locked=&#8220;off&#8220; global_colors_info=&#8220;{}&#8220;][et_pb_column type=&#8220;4_4&#8243; _builder_version=&#8220;4.16&#8243; global_colors_info=&#8220;{}&#8220;][et_pb_text module_class=&#8220;c_blurb&#8220; _builder_version=&#8220;4.16&#8243; global_colors_info=&#8220;{}&#8220;]<\/p>\n<h1>Koordinatori<\/h1>\n<p>[\/et_pb_text][\/et_pb_column][\/et_pb_row][\/et_pb_section][et_pb_section fb_built=&#8220;1&#8243; module_class=&#8220;aboutus&#8220; _builder_version=&#8220;4.16&#8243; global_colors_info=&#8220;{}&#8220;][et_pb_row _builder_version=&#8220;4.16&#8243; global_colors_info=&#8220;{}&#8220;][et_pb_column type=&#8220;4_4&#8243; _builder_version=&#8220;4.16&#8243; global_colors_info=&#8220;{}&#8220;][et_pb_divider color=&#8220;#e2e2e2&#8243; _builder_version=&#8220;4.16&#8243; global_colors_info=&#8220;{}&#8220;][\/et_pb_divider][\/et_pb_column][\/et_pb_row][et_pb_row column_structure=&#8220;1_4,3_4&#8243; _builder_version=&#8220;4.16&#8243; global_colors_info=&#8220;{}&#8220;][et_pb_column type=&#8220;1_4&#8243; _builder_version=&#8220;4.16&#8243; global_colors_info=&#8220;{}&#8220;][et_pb_code _builder_version=&#8220;4.20.0&#8243; _module_preset=&#8220;default&#8220; global_colors_info=&#8220;{}&#8220;]<pee><img decoding=\"async\" src=\"https:\/\/fertilityport.com\/wp-content\/uploads\/2023\/02\/IMG_122914.jpg\" \/><\/pee>[\/et_pb_code][\/et_pb_column][et_pb_column type=&#8220;3_4&#8243; _builder_version=&#8220;4.16&#8243; global_colors_info=&#8220;{}&#8220;][et_pb_text module_class=&#8220;c_blurb&#8220; _builder_version=&#8220;4.16&#8243; global_colors_info=&#8220;{}&#8220;]<\/p>\n<h2>M\u00edla<\/h2>\n<p>Zovem se M\u00edla i u podru\u010dju IVF radim od 2018. godine\u00a0 Radim kao koordinator za paciejnte koji pri\u010daju engleski i italijanski.<\/p>\n<p>&#8222;Na\u0107i\u0107u put, ili \u0107u ga napraviti.&#8220;<\/p>\n<p><img decoding=\"async\" class=\"flag\" style=\"font-size: 16px;\" src=\"https:\/\/fertilityport.com\/wp-content\/plugins\/language-icons-flags-switcher\/img\/english.png\" \/> <img decoding=\"async\" class=\"flag\" style=\"font-size: 16px;\" src=\"https:\/\/fertilityport.com\/wp-content\/plugins\/language-icons-flags-switcher\/img\/italy.png\" \/><\/p>\n<p>e-mail: <a href=\"mailto:bolkova@fertilityport.com\">strnadova<\/a><a href=\"mailto:bolkova@fertilityport.com\">@fertilityport.com<\/a><br \/>tel.: +420 722 945 323<\/p>\n<p>[\/et_pb_text][\/et_pb_column][\/et_pb_row][et_pb_row _builder_version=&#8220;4.16&#8243; global_colors_info=&#8220;{}&#8220;][et_pb_column type=&#8220;4_4&#8243; _builder_version=&#8220;4.16&#8243; global_colors_info=&#8220;{}&#8220;][et_pb_divider color=&#8220;#e2e2e2&#8243; _builder_version=&#8220;4.16&#8243; global_colors_info=&#8220;{}&#8220;][\/et_pb_divider][\/et_pb_column][\/et_pb_row][et_pb_row column_structure=&#8220;1_4,3_4&#8243; _builder_version=&#8220;4.16&#8243; global_colors_info=&#8220;{}&#8220;][et_pb_column type=&#8220;1_4&#8243; _builder_version=&#8220;4.16&#8243; global_colors_info=&#8220;{}&#8220;][et_pb_image src=&#8220;https:\/\/fertilityport.com\/wp-content\/uploads\/2023\/02\/IMG_1228-scaled.jpg&#8220; alt=&#8220;Dita&#8220; title_text=&#8220;IMG_1228&#8243; _builder_version=&#8220;4.20.0&#8243; custom_margin=&#8220;||-20px|||&#8220; custom_padding=&#8220;||24px|||&#8220; locked=&#8220;off&#8220; global_colors_info=&#8220;{}&#8220;][\/et_pb_image][\/et_pb_column][et_pb_column type=&#8220;3_4&#8243; _builder_version=&#8220;4.16&#8243; global_colors_info=&#8220;{}&#8220;][et_pb_text module_class=&#8220;c_blurb&#8220; _builder_version=&#8220;4.16&#8243; global_colors_info=&#8220;{}&#8220;]<\/p>\n<h2>Dita<\/h2>\n<p><span style=\"font-size: 16px;\">Iskusni sam koordinator. \u017divela sam pet godina u Berlinu, gde sam odli\u010dno nau\u010dila nema\u010dki jezik i sad sa zadovoljstvom brinem za nema\u010dke pacijente.<\/span><\/p>\n<p><img decoding=\"async\" class=\"flag\" style=\"font-size: 16px;\" src=\"https:\/\/fertilityport.com\/wp-content\/plugins\/language-icons-flags-switcher\/img\/germany.png\" \/><\/p>\n<p>e-mail: <a href=\"mailto:bolkova@fertilityport.com\">slegrova<\/a><a href=\"mailto:bolkova@fertilityport.com\">@fertilityport.com<\/a><br \/>tel.: +420 601 502 373<\/p>\n<p>[\/et_pb_text][\/et_pb_column][\/et_pb_row][et_pb_row _builder_version=&#8220;4.16&#8243; custom_padding=&#8220;26px|||||&#8220; locked=&#8220;off&#8220; global_colors_info=&#8220;{}&#8220;][et_pb_column type=&#8220;4_4&#8243; _builder_version=&#8220;4.16&#8243; global_colors_info=&#8220;{}&#8220;][et_pb_divider color=&#8220;#e2e2e2&#8243; _builder_version=&#8220;4.16&#8243; global_colors_info=&#8220;{}&#8220;][\/et_pb_divider][\/et_pb_column][\/et_pb_row][et_pb_row column_structure=&#8220;1_4,3_4&#8243; _builder_version=&#8220;4.16&#8243; global_colors_info=&#8220;{}&#8220;][et_pb_column type=&#8220;1_4&#8243; _builder_version=&#8220;4.16&#8243; global_colors_info=&#8220;{}&#8220;][et_pb_image src=&#8220;https:\/\/fertilityport.com\/wp-content\/uploads\/2023\/02\/Pavla_ctverec.jpg&#8220; alt=&#8220;Pavla&#8220; title_text=&#8220;Pavla_ctverec&#8220; _builder_version=&#8220;4.20.0&#8243; locked=&#8220;off&#8220; global_colors_info=&#8220;{}&#8220;][\/et_pb_image][\/et_pb_column][et_pb_column type=&#8220;3_4&#8243; _builder_version=&#8220;4.16&#8243; global_colors_info=&#8220;{}&#8220;][et_pb_text module_class=&#8220;c_blurb&#8220; _builder_version=&#8220;4.16&#8243; global_colors_info=&#8220;{}&#8220;]<\/p>\n<h2>Pavla<\/h2>\n<p>Zovem se Pavla i koordinator sam za pacijente koji pri\u010daju engleski. Rado \u0107u odgovoriti na sva va\u0161a pitanja uvezi terapije i bi\u0107u uz vas tokom tretmana. Bi\u0107e mi iskreno drago da se pobrinem da va\u0161e le\u010denje bude \u0161to prijatnije.<\/p>\n<p>Radujem se saradnji!<\/p>\n<p><img decoding=\"async\" class=\"flag\" src=\"https:\/\/fertilityport.com\/wp-content\/plugins\/language-icons-flags-switcher\/img\/english.png\" \/><\/p>\n<p>e-mail: <a href=\"mailto:arakelyan@fertilityport.com\">kratochvilova@fertilityport.com<\/a><br \/>tel.: +420 601 356 056<\/p>\n<p>[\/et_pb_text][\/et_pb_column][\/et_pb_row][et_pb_row _builder_version=&#8220;4.16&#8243; global_colors_info=&#8220;{}&#8220;][et_pb_column type=&#8220;4_4&#8243; _builder_version=&#8220;4.16&#8243; global_colors_info=&#8220;{}&#8220;][et_pb_divider color=&#8220;#e2e2e2&#8243; _builder_version=&#8220;4.16&#8243; global_colors_info=&#8220;{}&#8220;][\/et_pb_divider][\/et_pb_column][\/et_pb_row][et_pb_row column_structure=&#8220;1_4,3_4&#8243; _builder_version=&#8220;4.16&#8243; global_colors_info=&#8220;{}&#8220;][et_pb_column type=&#8220;1_4&#8243; _builder_version=&#8220;4.16&#8243; global_colors_info=&#8220;{}&#8220;][et_pb_image src=&#8220;https:\/\/fertilityport.com\/wp-content\/uploads\/2023\/02\/Zuzka1ku1.jpg&#8220; alt=&#8220;Zuzka&#8220; title_text=&#8220;Zuzka1ku1&#8243; _builder_version=&#8220;4.20.0&#8243; locked=&#8220;off&#8220; global_colors_info=&#8220;{}&#8220;][\/et_pb_image][\/et_pb_column][et_pb_column type=&#8220;3_4&#8243; _builder_version=&#8220;4.16&#8243; global_colors_info=&#8220;{}&#8220;][et_pb_text module_class=&#8220;c_blurb&#8220; _builder_version=&#8220;4.21.0&#8243; global_colors_info=&#8220;{}&#8220;]<\/p>\n<h2>Zuzana<\/h2>\n<p>Zovem se Zuzana i koordinator sam za pacijente koji pri\u010daju \u010de\u0161ki i engleski i tako\u0111e sam zadu\u017eena osoba za donorski program. Radim u podru\u010dju IVF od Juna 2020. Bi\u0107e mi drago da se sretnemo u FertilityPortu!<\/p>\n<p>\u201eSrec\u0301a sledi kada se priprema sretne sa moguc\u0301no\u0161c\u0301u.&#8220;<\/p>\n<p><img decoding=\"async\" class=\"flag\" src=\"https:\/\/fertilityport.com\/wp-content\/plugins\/language-icons-flags-switcher\/img\/english.png\" \/><\/p>\n<p>e-mail: <a href=\"mailto:arakelyan@fertilityport.com\">haluskova@fertilityport.com<\/a><br \/><span>tel.: +420 601 356 056<\/span><\/p>\n<p>[\/et_pb_text][\/et_pb_column][\/et_pb_row][et_pb_row _builder_version=&#8220;4.16&#8243; custom_padding=&#8220;26px|||||&#8220; locked=&#8220;off&#8220; global_colors_info=&#8220;{}&#8220;][et_pb_column type=&#8220;4_4&#8243; _builder_version=&#8220;4.16&#8243; global_colors_info=&#8220;{}&#8220;][et_pb_divider color=&#8220;#e2e2e2&#8243; _builder_version=&#8220;4.16&#8243; global_colors_info=&#8220;{}&#8220;][\/et_pb_divider][\/et_pb_column][\/et_pb_row][et_pb_row column_structure=&#8220;1_4,3_4&#8243; _builder_version=&#8220;4.16&#8243; global_colors_info=&#8220;{}&#8220;][et_pb_column type=&#8220;1_4&#8243; _builder_version=&#8220;4.16&#8243; global_colors_info=&#8220;{}&#8220;][et_pb_image src=&#8220;https:\/\/fertilityport.com\/wp-content\/uploads\/2023\/02\/Adla1ku1.jpg&#8220; alt=&#8220;Adela&#8220; title_text=&#8220;Adla1ku1&#8243; _builder_version=&#8220;4.20.0&#8243; locked=&#8220;off&#8220; global_colors_info=&#8220;{}&#8220;][\/et_pb_image][\/et_pb_column][et_pb_column type=&#8220;3_4&#8243; _builder_version=&#8220;4.16&#8243; global_colors_info=&#8220;{}&#8220;][et_pb_text module_class=&#8220;c_blurb&#8220; _builder_version=&#8220;4.16&#8243; global_colors_info=&#8220;{}&#8220;]<\/p>\n<h2>Ad\u00e9la<\/h2>\n<p>Zovem se Ad\u00e9la i radim kao koordinator za pacijente koji pri\u010daju engleski. Imam iskustvo sa radom u me\u0111unarodnim kompanijama i multikulturalnim sredinama, \u0161to je jedan od aspekata u kojima u\u017eivam u na\u0161oj klinici. Volim da \u010dujem o novim zemljama, kulturama, pacijentima i njihovim pri\u010dama.<\/p>\n<p><img decoding=\"async\" class=\"flag\" src=\"https:\/\/fertilityport.com\/wp-content\/plugins\/language-icons-flags-switcher\/img\/english.png\" \/><\/p>\n<p>tel.: +420 725 145 934<\/p>\n<p>[\/et_pb_text][\/et_pb_column][\/et_pb_row][et_pb_row _builder_version=&#8220;4.16&#8243; global_colors_info=&#8220;{}&#8220;][et_pb_column type=&#8220;4_4&#8243; _builder_version=&#8220;4.16&#8243; global_colors_info=&#8220;{}&#8220;][et_pb_divider color=&#8220;#e2e2e2&#8243; _builder_version=&#8220;4.16&#8243; locked=&#8220;off&#8220; global_colors_info=&#8220;{}&#8220;][\/et_pb_divider][\/et_pb_column][\/et_pb_row][et_pb_row column_structure=&#8220;1_4,3_4&#8243; _builder_version=&#8220;4.16&#8243; global_colors_info=&#8220;{}&#8220;][et_pb_column type=&#8220;1_4&#8243; _builder_version=&#8220;4.16&#8243; global_colors_info=&#8220;{}&#8220;][et_pb_image src=&#8220;https:\/\/fertilityport.com\/wp-content\/uploads\/2020\/12\/andrea-allan.png&#8220; alt=&#8220;Andrea&#8220; title_text=&#8220;andrea allan&#8220; _builder_version=&#8220;4.20.0&#8243; locked=&#8220;off&#8220; global_colors_info=&#8220;{}&#8220;][\/et_pb_image][\/et_pb_column][et_pb_column type=&#8220;3_4&#8243; _builder_version=&#8220;4.16&#8243; global_colors_info=&#8220;{}&#8220;][et_pb_text module_class=&#8220;c_blurb&#8220; _builder_version=&#8220;4.16&#8243; global_colors_info=&#8220;{}&#8220;]<\/p>\n<h2>Andrea<\/h2>\n<p>Zovem se Andrea, i u podru\u010dju IVF radim od 2018. godine. Ranije sam radila kao koordinator za klijente koji pri\u010daju engleski. Trenutno sam zadu\u017eena za podr\u0161ku koordinatorima vantelesne oplodnje \u010de\u0161kih i me\u0111unarodnih klijenata i za pomoc\u0301 menad\u017ementu. Svoju radnu ulogu smatram veoma ispunjenom a moj pristup i radni rezultati odgovaraju motu koji sledim: \u201ePozitivan um je klju\u010d uspeha\u201c.<\/p>\n<h3 class=\"h3\">\u00a0<\/h3>\n<p><img decoding=\"async\" class=\"flag\" src=\"https:\/\/fertilityport.com\/wp-content\/plugins\/language-icons-flags-switcher\/img\/english.png\" \/><\/p>\n<p>e-mail: <a dir=\"ltr\" href=\"mailto:allan@fertilityport.com\">allan@fertilityport.com<\/a><br \/>tel.: +420 725 405 646<\/p>\n<p>[\/et_pb_text][\/et_pb_column][\/et_pb_row][et_pb_row _builder_version=&#8220;4.16&#8243; custom_padding=&#8220;26px|||||&#8220; global_colors_info=&#8220;{}&#8220;][et_pb_column type=&#8220;4_4&#8243; _builder_version=&#8220;4.16&#8243; global_colors_info=&#8220;{}&#8220;][et_pb_divider color=&#8220;#e2e2e2&#8243; _builder_version=&#8220;4.16&#8243; global_colors_info=&#8220;{}&#8220;][\/et_pb_divider][\/et_pb_column][\/et_pb_row][\/et_pb_section]<\/p>\n","protected":false},"excerpt":{"rendered":"<p>KoordinatoriM\u00edla Zovem se M\u00edla i u podru\u010dju IVF radim od 2018. godine\u00a0 Radim kao koordinator za paciejnte koji pri\u010daju engleski i italijanski. &#8222;Na\u0107i\u0107u put, ili \u0107u ga napraviti.&#8220; e-mail: strnadova@fertilityport.comtel.: +420 722 945 323Dita Iskusni sam koordinator. \u017divela sam pet godina u Berlinu, gde sam odli\u010dno nau\u010dila nema\u010dki jezik i sad sa zadovoljstvom brinem za [&hellip;]<\/p>\n","protected":false},"author":1,"featured_media":0,"parent":0,"menu_order":0,"comment_status":"closed","ping_status":"closed","template":"","meta":{"_acf_changed":false,"_et_pb_use_builder":"on","_et_pb_old_content":"","_et_gb_content_width":"","footnotes":""},"class_list":["post-7142","page","type-page","status-publish","hentry"],"acf":[],"yoast_head":"<!-- This site is optimized with the Yoast SEO plugin v27.2 - https:\/\/yoast.com\/product\/yoast-seo-wordpress\/ -->\n<title>Na\u0161i koordinatori | FertilityPort Prague<\/title>\n<meta name=\"description\" content=\"Na\u0161 sjajni tim koordinatorki \u0107e se pobrinuti za vas. Odgovori\u0107e na Va\u0161a pitanja i nedoumice.\" \/>\n<meta name=\"robots\" content=\"index, follow, max-snippet:-1, max-image-preview:large, max-video-preview:-1\" \/>\n<link rel=\"canonical\" href=\"https:\/\/fertilityport.com\/sr\/koordinatori\/\" \/>\n<meta property=\"og:locale\" content=\"sr_RS\" \/>\n<meta property=\"og:type\" content=\"article\" \/>\n<meta property=\"og:title\" content=\"Na\u0161i koordinatori | FertilityPort Prague\" \/>\n<meta property=\"og:description\" content=\"Na\u0161 sjajni tim koordinatorki \u0107e se pobrinuti za vas. Odgovori\u0107e na Va\u0161a pitanja i nedoumice.\" \/>\n<meta property=\"og:url\" content=\"https:\/\/fertilityport.com\/sr\/koordinatori\/\" \/>\n<meta property=\"og:site_name\" content=\"FertilityPort Prague\" \/>\n<meta property=\"article:modified_time\" content=\"2024-06-04T11:12:10+00:00\" \/>\n<meta property=\"og:image\" content=\"https:\/\/fertilityport.com\/wp-content\/uploads\/2023\/02\/IMG_122914.jpg\" \/>\n<meta name=\"twitter:card\" content=\"summary_large_image\" \/>\n<meta name=\"twitter:label1\" content=\"\u041f\u0440\u043e\u0446\u0435\u045a\u0435\u043d\u043e \u0432\u0440\u0435\u043c\u0435 \u0447\u0438\u0442\u0430\u045a\u0430\" \/>\n\t<meta name=\"twitter:data1\" content=\"6 \u043c\u0438\u043d\u0443\u0442\u0430\" \/>\n<script type=\"application\/ld+json\" class=\"yoast-schema-graph\">{\"@context\":\"https:\/\/schema.org\",\"@graph\":[{\"@type\":\"WebPage\",\"@id\":\"https:\/\/fertilityport.com\/sr\/koordinatori\/\",\"url\":\"https:\/\/fertilityport.com\/sr\/koordinatori\/\",\"name\":\"Na\u0161i koordinatori | FertilityPort Prague\",\"isPartOf\":{\"@id\":\"https:\/\/fertilityport.com\/#website\"},\"primaryImageOfPage\":{\"@id\":\"https:\/\/fertilityport.com\/sr\/koordinatori\/#primaryimage\"},\"image\":{\"@id\":\"https:\/\/fertilityport.com\/sr\/koordinatori\/#primaryimage\"},\"thumbnailUrl\":\"https:\/\/fertilityport.com\/wp-content\/uploads\/2023\/02\/IMG_122914.jpg\",\"datePublished\":\"2023-03-09T10:08:44+00:00\",\"dateModified\":\"2024-06-04T11:12:10+00:00\",\"description\":\"Na\u0161 sjajni tim koordinatorki \u0107e se pobrinuti za vas. Odgovori\u0107e na Va\u0161a pitanja i nedoumice.\",\"breadcrumb\":{\"@id\":\"https:\/\/fertilityport.com\/sr\/koordinatori\/#breadcrumb\"},\"inLanguage\":\"sr-RS\",\"potentialAction\":[{\"@type\":\"ReadAction\",\"target\":[\"https:\/\/fertilityport.com\/sr\/koordinatori\/\"]}]},{\"@type\":\"ImageObject\",\"inLanguage\":\"sr-RS\",\"@id\":\"https:\/\/fertilityport.com\/sr\/koordinatori\/#primaryimage\",\"url\":\"https:\/\/fertilityport.com\/wp-content\/uploads\/2023\/02\/IMG_122914.jpg\",\"contentUrl\":\"https:\/\/fertilityport.com\/wp-content\/uploads\/2023\/02\/IMG_122914.jpg\"},{\"@type\":\"BreadcrumbList\",\"@id\":\"https:\/\/fertilityport.com\/sr\/koordinatori\/#breadcrumb\",\"itemListElement\":[{\"@type\":\"ListItem\",\"position\":1,\"name\":\"Home\",\"item\":\"https:\/\/fertilityport.com\/sr\/\"},{\"@type\":\"ListItem\",\"position\":2,\"name\":\"Koordinatori\"}]},{\"@type\":\"WebSite\",\"@id\":\"https:\/\/fertilityport.com\/#website\",\"url\":\"https:\/\/fertilityport.com\/\",\"name\":\"FertilityPort Prague\",\"description\":\"\",\"potentialAction\":[{\"@type\":\"SearchAction\",\"target\":{\"@type\":\"EntryPoint\",\"urlTemplate\":\"https:\/\/fertilityport.com\/?s={search_term_string}\"},\"query-input\":{\"@type\":\"PropertyValueSpecification\",\"valueRequired\":true,\"valueName\":\"search_term_string\"}}],\"inLanguage\":\"sr-RS\"}]}<\/script>\n<!-- \/ Yoast SEO plugin. -->","yoast_head_json":{"title":"Na\u0161i koordinatori | FertilityPort Prague","description":"Na\u0161 sjajni tim koordinatorki \u0107e se pobrinuti za vas. Odgovori\u0107e na Va\u0161a pitanja i nedoumice.","robots":{"index":"index","follow":"follow","max-snippet":"max-snippet:-1","max-image-preview":"max-image-preview:large","max-video-preview":"max-video-preview:-1"},"canonical":"https:\/\/fertilityport.com\/sr\/koordinatori\/","og_locale":"sr_RS","og_type":"article","og_title":"Na\u0161i koordinatori | FertilityPort Prague","og_description":"Na\u0161 sjajni tim koordinatorki \u0107e se pobrinuti za vas. Odgovori\u0107e na Va\u0161a pitanja i nedoumice.","og_url":"https:\/\/fertilityport.com\/sr\/koordinatori\/","og_site_name":"FertilityPort Prague","article_modified_time":"2024-06-04T11:12:10+00:00","og_image":[{"url":"https:\/\/fertilityport.com\/wp-content\/uploads\/2023\/02\/IMG_122914.jpg","type":"","width":"","height":""}],"twitter_card":"summary_large_image","twitter_misc":{"\u041f\u0440\u043e\u0446\u0435\u045a\u0435\u043d\u043e \u0432\u0440\u0435\u043c\u0435 \u0447\u0438\u0442\u0430\u045a\u0430":"6 \u043c\u0438\u043d\u0443\u0442\u0430"},"schema":{"@context":"https:\/\/schema.org","@graph":[{"@type":"WebPage","@id":"https:\/\/fertilityport.com\/sr\/koordinatori\/","url":"https:\/\/fertilityport.com\/sr\/koordinatori\/","name":"Na\u0161i koordinatori | FertilityPort Prague","isPartOf":{"@id":"https:\/\/fertilityport.com\/#website"},"primaryImageOfPage":{"@id":"https:\/\/fertilityport.com\/sr\/koordinatori\/#primaryimage"},"image":{"@id":"https:\/\/fertilityport.com\/sr\/koordinatori\/#primaryimage"},"thumbnailUrl":"https:\/\/fertilityport.com\/wp-content\/uploads\/2023\/02\/IMG_122914.jpg","datePublished":"2023-03-09T10:08:44+00:00","dateModified":"2024-06-04T11:12:10+00:00","description":"Na\u0161 sjajni tim koordinatorki \u0107e se pobrinuti za vas. Odgovori\u0107e na Va\u0161a pitanja i nedoumice.","breadcrumb":{"@id":"https:\/\/fertilityport.com\/sr\/koordinatori\/#breadcrumb"},"inLanguage":"sr-RS","potentialAction":[{"@type":"ReadAction","target":["https:\/\/fertilityport.com\/sr\/koordinatori\/"]}]},{"@type":"ImageObject","inLanguage":"sr-RS","@id":"https:\/\/fertilityport.com\/sr\/koordinatori\/#primaryimage","url":"https:\/\/fertilityport.com\/wp-content\/uploads\/2023\/02\/IMG_122914.jpg","contentUrl":"https:\/\/fertilityport.com\/wp-content\/uploads\/2023\/02\/IMG_122914.jpg"},{"@type":"BreadcrumbList","@id":"https:\/\/fertilityport.com\/sr\/koordinatori\/#breadcrumb","itemListElement":[{"@type":"ListItem","position":1,"name":"Home","item":"https:\/\/fertilityport.com\/sr\/"},{"@type":"ListItem","position":2,"name":"Koordinatori"}]},{"@type":"WebSite","@id":"https:\/\/fertilityport.com\/#website","url":"https:\/\/fertilityport.com\/","name":"FertilityPort Prague","description":"","potentialAction":[{"@type":"SearchAction","target":{"@type":"EntryPoint","urlTemplate":"https:\/\/fertilityport.com\/?s={search_term_string}"},"query-input":{"@type":"PropertyValueSpecification","valueRequired":true,"valueName":"search_term_string"}}],"inLanguage":"sr-RS"}]}},"_links":{"self":[{"href":"https:\/\/fertilityport.com\/sr\/wp-json\/wp\/v2\/pages\/7142","targetHints":{"allow":["GET"]}}],"collection":[{"href":"https:\/\/fertilityport.com\/sr\/wp-json\/wp\/v2\/pages"}],"about":[{"href":"https:\/\/fertilityport.com\/sr\/wp-json\/wp\/v2\/types\/page"}],"author":[{"embeddable":true,"href":"https:\/\/fertilityport.com\/sr\/wp-json\/wp\/v2\/users\/1"}],"replies":[{"embeddable":true,"href":"https:\/\/fertilityport.com\/sr\/wp-json\/wp\/v2\/comments?post=7142"}],"version-history":[{"count":24,"href":"https:\/\/fertilityport.com\/sr\/wp-json\/wp\/v2\/pages\/7142\/revisions"}],"predecessor-version":[{"id":7717,"href":"https:\/\/fertilityport.com\/sr\/wp-json\/wp\/v2\/pages\/7142\/revisions\/7717"}],"wp:attachment":[{"href":"https:\/\/fertilityport.com\/sr\/wp-json\/wp\/v2\/media?parent=7142"}],"curies":[{"name":"wp","href":"https:\/\/api.w.org\/{rel}","templated":true}]}}