{"id":7145,"date":"2023-03-09T11:21:12","date_gmt":"2023-03-09T10:21:12","guid":{"rendered":"https:\/\/fertilityport.com\/kontakt\/"},"modified":"2023-04-03T16:10:07","modified_gmt":"2023-04-03T14:10:07","slug":"kontakt","status":"publish","type":"page","link":"https:\/\/fertilityport.com\/sr\/kontakt\/","title":{"rendered":"Kontakt"},"content":{"rendered":"<p>[et_pb_section fb_built=&#8220;1&#8243; module_class=&#8220;welcome&#8211;page welcome&#8211;page&#8211;contact&#8220; _builder_version=&#8220;4.4.1&#8243; background_image=&#8220;https:\/\/fertilityport.com\/wp-content\/uploads\/2020\/03\/kontakt_head_bg.jpg&#8220; global_colors_info=&#8220;{}&#8220;][et_pb_row column_structure=&#8220;2_3,1_3&#8243; _builder_version=&#8220;4.4.0&#8243; global_colors_info=&#8220;{}&#8220;][et_pb_column type=&#8220;2_3&#8243; _builder_version=&#8220;4.4.0&#8243; global_colors_info=&#8220;{}&#8220;][et_pb_text module_class=&#8220;c_blurb&#8220; _builder_version=&#8220;4.4.0&#8243; global_colors_info=&#8220;{}&#8220;]<\/p>\n<h1>Kontakt<\/h1>\n<p>Kontaktirajte nas, tu smo za vas<\/p>\n<p>[\/et_pb_text][\/et_pb_column][et_pb_column type=&#8220;1_3&#8243; _builder_version=&#8220;4.4.0&#8243; global_colors_info=&#8220;{}&#8220;][\/et_pb_column][\/et_pb_row][\/et_pb_section][et_pb_section fb_built=&#8220;1&#8243; _builder_version=&#8220;4.4.0&#8243; background_color=&#8220;#d4a4a9&#8243; global_colors_info=&#8220;{}&#8220;][et_pb_row column_structure=&#8220;1_3,1_3,1_3&#8243; _builder_version=&#8220;4.4.0&#8243; global_colors_info=&#8220;{}&#8220;][et_pb_column type=&#8220;1_3&#8243; _builder_version=&#8220;4.4.0&#8243; global_colors_info=&#8220;{}&#8220;][et_pb_text module_class=&#8220;c_blurb c_blurb&#8211;contact&#8220; _builder_version=&#8220;4.4.0&#8243; global_colors_info=&#8220;{}&#8220;]<\/p>\n<h2>Kontaktirajte nas<\/h2>\n<p>[\/et_pb_text][et_pb_text _builder_version=&#8220;4.14.4&#8243; _module_preset=&#8220;default&#8220; hover_enabled=&#8220;0&#8243; sticky_enabled=&#8220;0&#8243;]<\/p>\n<div class='fluentform ff-default fluentform_wrapper_3 ffs_default_wrap'><form data-form_id=\"3\" id=\"fluentform_3\" class=\"frm-fluent-form fluent_form_3 ff-el-form-top ff_form_instance_3_1 ff-form-loading form_bg ffs_default\" data-form_instance=\"ff_form_instance_3_1\" method=\"POST\" ><fieldset  style=\"border: none!important;margin: 0!important;padding: 0!important;background-color: transparent!important;box-shadow: none!important;outline: none!important; min-inline-size: 100%;\">\n                    <legend class=\"ff_screen_reader_title\" style=\"display: block; margin: 0!important;padding: 0!important;height: 0!important;text-indent: -999999px;width: 0!important;overflow:hidden;\">Contact - EN<\/legend><input type='hidden' name='__fluent_form_embded_post_id' value='7145' \/><input type=\"hidden\" id=\"_fluentform_3_fluentformnonce\" name=\"_fluentform_3_fluentformnonce\" value=\"db7c166f64\" \/><input type=\"hidden\" name=\"_wp_http_referer\" value=\"\/sr\/wp-json\/wp\/v2\/pages\/7145\" \/><div class='ff-el-group'><div class=\"ff-el-input--label ff-el-is-required asterisk-right\"><label for='ff_3_input_text' id='label_ff_3_input_text' aria-label=\"Name\">Name<\/label><\/div><div class='ff-el-input--content'><input type=\"text\" name=\"input_text\" class=\"ff-el-form-control\" placeholder=\"Enter name\" data-name=\"input_text\" id=\"ff_3_input_text\"  aria-invalid=\"false\" aria-required=true><\/div><\/div><div class='ff-el-group'><div class=\"ff-el-input--label ff-el-is-required asterisk-right\"><label for='ff_3_email' id='label_ff_3_email' aria-label=\"Email\">Email<\/label><\/div><div class='ff-el-input--content'><input type=\"email\" name=\"email\" id=\"ff_3_email\" class=\"ff-el-form-control\" placeholder=\"Enter your email address\" data-name=\"email\"  aria-invalid=\"false\" aria-required=true><\/div><\/div><div class='ff-el-group'><div class=\"ff-el-input--label ff-el-is-required asterisk-right\"><label for='ff_3_phone' id='label_ff_3_phone' aria-label=\"Telephone\">Telephone<\/label><\/div><div class='ff-el-input--content'><input name=\"phone\" class=\"ff-el-form-control ff-el-phone ff_el_with_extended_validation\" type=\"tel\" data-name=\"phone\" id=\"ff_3_phone\" inputmode=\"tel\"  aria-invalid='false' aria-required=true><\/div><\/div><div class='ff-el-group'><div class=\"ff-el-input--label ff-el-is-required asterisk-right\"><label for='ff_3_description' id='label_ff_3_description' aria-label=\"Message\">Message<\/label><\/div><div class='ff-el-input--content'><textarea aria-required=\"true\" aria-labelledby=\"label_ff_3_description\" name=\"description\" id=\"ff_3_description\" class=\"ff-el-form-control\" placeholder=\"Enter your message\" rows=\"3\" cols=\"2\" data-name=\"description\" ><\/textarea><\/div><\/div><div class='ff-el-group    ff-el-input--content'><div class='ff-el-form-check ff-el-tc'><label aria-label='I agree with the operating conditions' class='ff-el-form-check-label ff_tc_label' for=terms-n-condition_44a0c2f9b2ff2a3e16311174b8351028><span class='ff_tc_checkbox'><input type=\"checkbox\" name=\"terms-n-condition\" class=\"ff-el-form-check-input\" data-name=\"terms-n-condition\" id=\"terms-n-condition_44a0c2f9b2ff2a3e16311174b8351028\"  value='on' aria-invalid='false' aria-required=true><\/span> <div class='ff_t_c'><p>I agree with the operating conditions<\/p><\/div><\/label><\/div><\/div><div class='ff-el-group ff-text-left ff_submit_btn_wrapper'><button type=\"submit\" class=\"ff-btn ff-btn-submit ff-btn-md btn btn--secondary ff_btn_no_style\"  aria-label=\"Send\">Send<\/button><\/div><\/fieldset><\/form><div id='fluentform_3_errors' class='ff-errors-in-stack ff_form_instance_3_1 ff-form-loading_errors ff_form_instance_3_1_errors'><\/div><\/div>            <script type=\"text\/javascript\">\n                window.fluent_form_ff_form_instance_3_1 = {\"id\":\"3\",\"settings\":{\"layout\":{\"labelPlacement\":\"top\",\"helpMessagePlacement\":\"with_label\",\"errorMessagePlacement\":\"inline\",\"asteriskPlacement\":\"asterisk-right\"},\"restrictions\":{\"denyEmptySubmission\":{\"enabled\":false}}},\"form_instance\":\"ff_form_instance_3_1\",\"form_id_selector\":\"fluentform_3\",\"rules\":{\"input_text\":{\"required\":{\"value\":true,\"message\":\"This field is required\"}},\"email\":{\"required\":{\"value\":true,\"message\":\"This field is required\"},\"email\":{\"value\":true,\"message\":\"This field must contain a valid email\"}},\"phone\":{\"required\":{\"value\":true,\"message\":\"This field is required\"},\"valid_phone_number\":{\"value\":true,\"message\":\"Phone number is not valid\"}},\"description\":{\"required\":{\"value\":true,\"message\":\"This field is required\"}},\"terms-n-condition\":{\"required\":{\"value\":true,\"message\":\"This field is required\"}}},\"debounce_time\":300};\n                            <\/script>\n            \n<p>[\/et_pb_text][\/et_pb_column][et_pb_column type=&#8220;1_3&#8243; _builder_version=&#8220;4.4.0&#8243; global_colors_info=&#8220;{}&#8220;][et_pb_text module_class=&#8220;c_blurb c_blurb&#8211;contact&#8220; _builder_version=&#8220;4.4.0&#8243; global_colors_info=&#8220;{}&#8220;]<\/p>\n<h2>Kontakt informacije<\/h2>\n<p>[\/et_pb_text][et_pb_text module_class=&#8220;contact_info&#8220; _builder_version=&#8220;4.14.4&#8243; text_text_color=&#8220;#ffffff&#8220; global_colors_info=&#8220;{}&#8220;]<\/p>\n<p><strong>FertilityPort Prague s.r.o.<\/strong><br \/>Smr\u010dkova\u00a02485\/4<br \/>180 00 Praha 8<\/p>\n<p>zgrada: DOCK 2<\/p>\n<p>I\u010cO: 02872145<br \/>Broj ra\u010duna:\u00a0<b>1387954478\/2700<\/b><\/p>\n<p>Broj predmeta: C 224731 za\u0161ti\u0107en Op\u0161tinskim sudom u Pragu<\/p>\n<p><strong>Recepcija:<\/strong><br \/>Telefon:\u00a0<a href=\"tel:00420274771298\">+420 274 771 298<\/a><br \/>GSM:\u00a0<a href=\"tel:00420725513270\">+420 725 513 270<\/a><br \/>E-mail:\u00a0<a href=\"mailto:info@fertilityport.com\">info@fertilityport.com<\/a><br \/>Web:\u00a0<a href=\"https:\/\/fertilityport.com\/sr\/\">www.fertilityport.com<\/a><\/p>\n<p><strong>Radno vreme:<\/strong><br \/>Ponedeljak \u2013 Petak\u00a08:00- 16:30<br \/>Subote i nedelje po dogovoru<\/p>\n<p><strong>Kako do nas:<\/strong><br \/>Gradskim prevozom \u2013 stanica metroa B \u2013 Palmovka<br \/>zgrada DOCK 2- pored restorana Kolkovna Dock<\/p>\n<p>[\/et_pb_text][\/et_pb_column][et_pb_column type=&#8220;1_3&#8243; _builder_version=&#8220;4.4.0&#8243; global_colors_info=&#8220;{}&#8220;][et_pb_text module_class=&#8220;c_blurb c_blurb&#8211;contact&#8220; _builder_version=&#8220;4.4.0&#8243; global_colors_info=&#8220;{}&#8220;]<\/p>\n<h2>Mapa<\/h2>\n<p>[\/et_pb_text][et_pb_code _builder_version=&#8220;4.4.0&#8243; global_colors_info=&#8220;{}&#8220;]<iframe loading=\"lazy\" src=\"https:\/\/www.google.com\/maps\/embed?pb=!1m14!1m8!1m3!1d10236.10323315044!2d14.4686653!3d50.1045239!3m2!1i1024!2i768!4f13.1!3m3!1m2!1s0x0%3A0xbdc453b40e0ad8e1!2sFertilityPort%20Prague!5e0!3m2!1scs!2scz!4v1583954201119!5m2!1scs!2scz\" width=\"100%\" height=\"450\" frameborder=\"0\" style=\"border:0;\" allowfullscreen=\"\" aria-hidden=\"false\" tabindex=\"0\"><\/iframe>[\/et_pb_code][\/et_pb_column][\/et_pb_row][\/et_pb_section]<\/p>\n","protected":false},"excerpt":{"rendered":"<p>Kontakt Kontaktirajte nas, tu smo za vasKontaktirajte nas<div class='fluentform ff-default fluentform_wrapper_3 ffs_default_wrap'><form data-form_id=\"3\" id=\"fluentform_3\" class=\"frm-fluent-form fluent_form_3 ff-el-form-top ff_form_instance_3_2 ff-form-loading form_bg ffs_default\" data-form_instance=\"ff_form_instance_3_2\" method=\"POST\" ><fieldset  style=\"border: none!important;margin: 0!important;padding: 0!important;background-color: transparent!important;box-shadow: none!important;outline: none!important; min-inline-size: 100%;\">\n                    <legend class=\"ff_screen_reader_title\" style=\"display: block; margin: 0!important;padding: 0!important;height: 0!important;text-indent: -999999px;width: 0!important;overflow:hidden;\">Contact - EN<\/legend><input type='hidden' name='__fluent_form_embded_post_id' value='7145' \/><input type=\"hidden\" id=\"_fluentform_3_fluentformnonce\" name=\"_fluentform_3_fluentformnonce\" value=\"db7c166f64\" \/><input type=\"hidden\" name=\"_wp_http_referer\" value=\"\/sr\/wp-json\/wp\/v2\/pages\/7145\" \/><div class='ff-el-group'><div class=\"ff-el-input--label ff-el-is-required asterisk-right\"><label for='ff_3_2_input_text' id='label_ff_3_2_input_text' aria-label=\"Name\">Name<\/label><\/div><div class='ff-el-input--content'><input type=\"text\" name=\"input_text\" class=\"ff-el-form-control\" placeholder=\"Enter name\" data-name=\"input_text\" id=\"ff_3_2_input_text\"  aria-invalid=\"false\" aria-required=true><\/div><\/div><div class='ff-el-group'><div class=\"ff-el-input--label ff-el-is-required asterisk-right\"><label for='ff_3_2_email' id='label_ff_3_2_email' aria-label=\"Email\">Email<\/label><\/div><div class='ff-el-input--content'><input type=\"email\" name=\"email\" id=\"ff_3_2_email\" class=\"ff-el-form-control\" placeholder=\"Enter your email address\" data-name=\"email\"  aria-invalid=\"false\" aria-required=true><\/div><\/div><div class='ff-el-group'><div class=\"ff-el-input--label ff-el-is-required asterisk-right\"><label for='ff_3_2_phone' id='label_ff_3_2_phone' aria-label=\"Telephone\">Telephone<\/label><\/div><div class='ff-el-input--content'><input name=\"phone\" class=\"ff-el-form-control ff-el-phone ff_el_with_extended_validation\" type=\"tel\" data-name=\"phone\" id=\"ff_3_2_phone\" inputmode=\"tel\"  aria-invalid='false' aria-required=true><\/div><\/div><div class='ff-el-group'><div class=\"ff-el-input--label ff-el-is-required asterisk-right\"><label for='ff_3_2_description' id='label_ff_3_2_description' aria-label=\"Message\">Message<\/label><\/div><div class='ff-el-input--content'><textarea aria-required=\"true\" aria-labelledby=\"label_ff_3_2_description\" name=\"description\" id=\"ff_3_2_description\" class=\"ff-el-form-control\" placeholder=\"Enter your message\" rows=\"3\" cols=\"2\" data-name=\"description\" ><\/textarea><\/div><\/div><div class='ff-el-group    ff-el-input--content'><div class='ff-el-form-check ff-el-tc'><label aria-label='I agree with the operating conditions' class='ff-el-form-check-label ff_tc_label' for=terms-n-condition_48b30381bf5bf2534976ff16baa99276><span class='ff_tc_checkbox'><input type=\"checkbox\" name=\"terms-n-condition\" class=\"ff-el-form-check-input\" data-name=\"terms-n-condition\" id=\"terms-n-condition_48b30381bf5bf2534976ff16baa99276\"  value='on' aria-invalid='false' aria-required=true><\/span> <div class='ff_t_c'><p>I agree with the operating conditions<\/p><\/div><\/label><\/div><\/div><div class='ff-el-group ff-text-left ff_submit_btn_wrapper'><button type=\"submit\" class=\"ff-btn ff-btn-submit ff-btn-md btn btn--secondary ff_btn_no_style\"  aria-label=\"Send\">Send<\/button><\/div><\/fieldset><\/form><div id='fluentform_3_errors' class='ff-errors-in-stack ff_form_instance_3_2 ff-form-loading_errors ff_form_instance_3_2_errors'><\/div><\/div>            <script type=\"text\/javascript\">\n                window.fluent_form_ff_form_instance_3_2 = {\"id\":\"3\",\"settings\":{\"layout\":{\"labelPlacement\":\"top\",\"helpMessagePlacement\":\"with_label\",\"errorMessagePlacement\":\"inline\",\"asteriskPlacement\":\"asterisk-right\"},\"restrictions\":{\"denyEmptySubmission\":{\"enabled\":false}}},\"form_instance\":\"ff_form_instance_3_2\",\"form_id_selector\":\"fluentform_3\",\"rules\":{\"input_text\":{\"required\":{\"value\":true,\"message\":\"This field is required\"}},\"email\":{\"required\":{\"value\":true,\"message\":\"This field is required\"},\"email\":{\"value\":true,\"message\":\"This field must contain a valid email\"}},\"phone\":{\"required\":{\"value\":true,\"message\":\"This field is required\"},\"valid_phone_number\":{\"value\":true,\"message\":\"Phone number is not valid\"}},\"description\":{\"required\":{\"value\":true,\"message\":\"This field is required\"}},\"terms-n-condition\":{\"required\":{\"value\":true,\"message\":\"This field is required\"}}},\"debounce_time\":300};\n                            <\/script>\n            Kontakt informacijeFertilityPort Prague s.r.o.Smr\u010dkova\u00a02485\/4180 00 Praha 8 zgrada: DOCK 2 I\u010cO: 02872145Broj ra\u010duna:\u00a01387954478\/2700 Broj predmeta: C 224731 za\u0161ti\u0107en Op\u0161tinskim sudom u Pragu Recepcija:Telefon:\u00a0+420 274 771 298GSM:\u00a0+420 725 513 270E-mail:\u00a0info@fertilityport.comWeb:\u00a0www.fertilityport.com Radno vreme:Ponedeljak \u2013 Petak\u00a08:00- 16:30Subote i nedelje po dogovoru Kako do nas:Gradskim prevozom \u2013 stanica metroa B \u2013 [&hellip;]<\/p>\n","protected":false},"author":1,"featured_media":0,"parent":0,"menu_order":0,"comment_status":"closed","ping_status":"closed","template":"","meta":{"_acf_changed":false,"_et_pb_use_builder":"on","_et_pb_old_content":"","_et_gb_content_width":"","footnotes":""},"class_list":["post-7145","page","type-page","status-publish","hentry"],"acf":[],"yoast_head":"<!-- This site is optimized with the Yoast SEO plugin v27.2 - https:\/\/yoast.com\/product\/yoast-seo-wordpress\/ -->\n<title>Kontakt informacije | FertilityPort Prague<\/title>\n<meta name=\"description\" content=\"Kontaktirajte nas, na raspolaganju smo vam za bilo koja pitanja. Mo\u017eete popuniti kontakt obrazac ili nas kontaktirati na broju ili e-mailu.\" \/>\n<meta name=\"robots\" content=\"index, follow, max-snippet:-1, max-image-preview:large, max-video-preview:-1\" \/>\n<link rel=\"canonical\" href=\"https:\/\/fertilityport.com\/sr\/kontakt\/\" \/>\n<meta property=\"og:locale\" content=\"sr_RS\" \/>\n<meta property=\"og:type\" content=\"article\" \/>\n<meta property=\"og:title\" content=\"Kontakt informacije | FertilityPort Prague\" \/>\n<meta property=\"og:description\" content=\"Kontaktirajte nas, na raspolaganju smo vam za bilo koja pitanja. Mo\u017eete popuniti kontakt obrazac ili nas kontaktirati na broju ili e-mailu.\" \/>\n<meta property=\"og:url\" content=\"https:\/\/fertilityport.com\/sr\/kontakt\/\" \/>\n<meta property=\"og:site_name\" content=\"FertilityPort Prague\" \/>\n<meta property=\"article:modified_time\" content=\"2023-04-03T14:10:07+00:00\" \/>\n<meta name=\"twitter:card\" content=\"summary_large_image\" \/>\n<meta name=\"twitter:label1\" content=\"\u041f\u0440\u043e\u0446\u0435\u045a\u0435\u043d\u043e \u0432\u0440\u0435\u043c\u0435 \u0447\u0438\u0442\u0430\u045a\u0430\" \/>\n\t<meta name=\"twitter:data1\" content=\"2 \u043c\u0438\u043d\u0443\u0442\u0430\" \/>\n<script type=\"application\/ld+json\" class=\"yoast-schema-graph\">{\"@context\":\"https:\/\/schema.org\",\"@graph\":[{\"@type\":\"WebPage\",\"@id\":\"https:\/\/fertilityport.com\/sr\/kontakt\/\",\"url\":\"https:\/\/fertilityport.com\/sr\/kontakt\/\",\"name\":\"Kontakt informacije | FertilityPort Prague\",\"isPartOf\":{\"@id\":\"https:\/\/fertilityport.com\/#website\"},\"datePublished\":\"2023-03-09T10:21:12+00:00\",\"dateModified\":\"2023-04-03T14:10:07+00:00\",\"description\":\"Kontaktirajte nas, na raspolaganju smo vam za bilo koja pitanja. Mo\u017eete popuniti kontakt obrazac ili nas kontaktirati na broju ili e-mailu.\",\"breadcrumb\":{\"@id\":\"https:\/\/fertilityport.com\/sr\/kontakt\/#breadcrumb\"},\"inLanguage\":\"sr-RS\",\"potentialAction\":[{\"@type\":\"ReadAction\",\"target\":[\"https:\/\/fertilityport.com\/sr\/kontakt\/\"]}]},{\"@type\":\"BreadcrumbList\",\"@id\":\"https:\/\/fertilityport.com\/sr\/kontakt\/#breadcrumb\",\"itemListElement\":[{\"@type\":\"ListItem\",\"position\":1,\"name\":\"Home\",\"item\":\"https:\/\/fertilityport.com\/sr\/\"},{\"@type\":\"ListItem\",\"position\":2,\"name\":\"Kontakt\"}]},{\"@type\":\"WebSite\",\"@id\":\"https:\/\/fertilityport.com\/#website\",\"url\":\"https:\/\/fertilityport.com\/\",\"name\":\"FertilityPort Prague\",\"description\":\"\",\"potentialAction\":[{\"@type\":\"SearchAction\",\"target\":{\"@type\":\"EntryPoint\",\"urlTemplate\":\"https:\/\/fertilityport.com\/?s={search_term_string}\"},\"query-input\":{\"@type\":\"PropertyValueSpecification\",\"valueRequired\":true,\"valueName\":\"search_term_string\"}}],\"inLanguage\":\"sr-RS\"}]}<\/script>\n<!-- \/ Yoast SEO plugin. -->","yoast_head_json":{"title":"Kontakt informacije | FertilityPort Prague","description":"Kontaktirajte nas, na raspolaganju smo vam za bilo koja pitanja. Mo\u017eete popuniti kontakt obrazac ili nas kontaktirati na broju ili e-mailu.","robots":{"index":"index","follow":"follow","max-snippet":"max-snippet:-1","max-image-preview":"max-image-preview:large","max-video-preview":"max-video-preview:-1"},"canonical":"https:\/\/fertilityport.com\/sr\/kontakt\/","og_locale":"sr_RS","og_type":"article","og_title":"Kontakt informacije | FertilityPort Prague","og_description":"Kontaktirajte nas, na raspolaganju smo vam za bilo koja pitanja. Mo\u017eete popuniti kontakt obrazac ili nas kontaktirati na broju ili e-mailu.","og_url":"https:\/\/fertilityport.com\/sr\/kontakt\/","og_site_name":"FertilityPort Prague","article_modified_time":"2023-04-03T14:10:07+00:00","twitter_card":"summary_large_image","twitter_misc":{"\u041f\u0440\u043e\u0446\u0435\u045a\u0435\u043d\u043e \u0432\u0440\u0435\u043c\u0435 \u0447\u0438\u0442\u0430\u045a\u0430":"2 \u043c\u0438\u043d\u0443\u0442\u0430"},"schema":{"@context":"https:\/\/schema.org","@graph":[{"@type":"WebPage","@id":"https:\/\/fertilityport.com\/sr\/kontakt\/","url":"https:\/\/fertilityport.com\/sr\/kontakt\/","name":"Kontakt informacije | FertilityPort Prague","isPartOf":{"@id":"https:\/\/fertilityport.com\/#website"},"datePublished":"2023-03-09T10:21:12+00:00","dateModified":"2023-04-03T14:10:07+00:00","description":"Kontaktirajte nas, na raspolaganju smo vam za bilo koja pitanja. Mo\u017eete popuniti kontakt obrazac ili nas kontaktirati na broju ili e-mailu.","breadcrumb":{"@id":"https:\/\/fertilityport.com\/sr\/kontakt\/#breadcrumb"},"inLanguage":"sr-RS","potentialAction":[{"@type":"ReadAction","target":["https:\/\/fertilityport.com\/sr\/kontakt\/"]}]},{"@type":"BreadcrumbList","@id":"https:\/\/fertilityport.com\/sr\/kontakt\/#breadcrumb","itemListElement":[{"@type":"ListItem","position":1,"name":"Home","item":"https:\/\/fertilityport.com\/sr\/"},{"@type":"ListItem","position":2,"name":"Kontakt"}]},{"@type":"WebSite","@id":"https:\/\/fertilityport.com\/#website","url":"https:\/\/fertilityport.com\/","name":"FertilityPort Prague","description":"","potentialAction":[{"@type":"SearchAction","target":{"@type":"EntryPoint","urlTemplate":"https:\/\/fertilityport.com\/?s={search_term_string}"},"query-input":{"@type":"PropertyValueSpecification","valueRequired":true,"valueName":"search_term_string"}}],"inLanguage":"sr-RS"}]}},"_links":{"self":[{"href":"https:\/\/fertilityport.com\/sr\/wp-json\/wp\/v2\/pages\/7145","targetHints":{"allow":["GET"]}}],"collection":[{"href":"https:\/\/fertilityport.com\/sr\/wp-json\/wp\/v2\/pages"}],"about":[{"href":"https:\/\/fertilityport.com\/sr\/wp-json\/wp\/v2\/types\/page"}],"author":[{"embeddable":true,"href":"https:\/\/fertilityport.com\/sr\/wp-json\/wp\/v2\/users\/1"}],"replies":[{"embeddable":true,"href":"https:\/\/fertilityport.com\/sr\/wp-json\/wp\/v2\/comments?post=7145"}],"version-history":[{"count":6,"href":"https:\/\/fertilityport.com\/sr\/wp-json\/wp\/v2\/pages\/7145\/revisions"}],"predecessor-version":[{"id":7383,"href":"https:\/\/fertilityport.com\/sr\/wp-json\/wp\/v2\/pages\/7145\/revisions\/7383"}],"wp:attachment":[{"href":"https:\/\/fertilityport.com\/sr\/wp-json\/wp\/v2\/media?parent=7145"}],"curies":[{"name":"wp","href":"https:\/\/api.w.org\/{rel}","templated":true}]}}