{"id":7273,"date":"2023-03-15T10:54:20","date_gmt":"2023-03-15T09:54:20","guid":{"rendered":"https:\/\/fertilityport.com\/nasi-lekari\/"},"modified":"2023-03-15T11:27:52","modified_gmt":"2023-03-15T10:27:52","slug":"nasi-lekari","status":"publish","type":"page","link":"https:\/\/fertilityport.com\/sr\/nasi-lekari\/","title":{"rendered":"Na\u0161i lekari"},"content":{"rendered":"<p>[et_pb_section fb_built=&#8220;1&#8243; _builder_version=&#8220;4.4.0&#8243; background_color=&#8220;#e2e2e2&#8243; global_colors_info=&#8220;{}&#8220;][et_pb_row _builder_version=&#8220;4.4.0&#8243; global_colors_info=&#8220;{}&#8220;][et_pb_column type=&#8220;4_4&#8243; _builder_version=&#8220;4.4.0&#8243; global_colors_info=&#8220;{}&#8220;][et_pb_text module_class=&#8220;c_blurb&#8220; _builder_version=&#8220;4.4.0&#8243; global_colors_info=&#8220;{}&#8220;]<\/p>\n<h1>Na\u0161i lekari<\/h1>\n<p>[\/et_pb_text][\/et_pb_column][\/et_pb_row][\/et_pb_section][et_pb_section fb_built=&#8220;1&#8243; module_class=&#8220;aboutus&#8220; _builder_version=&#8220;4.4.0&#8243; global_colors_info=&#8220;{}&#8220; custom_padding=&#8220;||3px|||&#8220;][et_pb_row column_structure=&#8220;1_4,3_4&#8243; _builder_version=&#8220;4.4.0&#8243; global_colors_info=&#8220;{}&#8220;][et_pb_column type=&#8220;1_4&#8243; _builder_version=&#8220;4.4.0&#8243; global_colors_info=&#8220;{}&#8220;][et_pb_image src=&#8220;https:\/\/fertilityport.com\/wp-content\/uploads\/2021\/09\/DSC08273-scaled-e1632993657791.jpg&#8220; alt=&#8220;MUDr. Lubo\u0161 Vl\u010dek&#8220; title_text=&#8220;MUDr. Lubo\u0161 Vl\u010dek&#8220; module_class=&#8220;about_img&#8220; _builder_version=&#8220;4.9.10&#8243; global_colors_info=&#8220;{}&#8220;][\/et_pb_image][\/et_pb_column][et_pb_column type=&#8220;3_4&#8243; _builder_version=&#8220;4.4.0&#8243; global_colors_info=&#8220;{}&#8220;][et_pb_text module_class=&#8220;c_blurb&#8220; _builder_version=&#8220;4.9.10&#8243; global_colors_info=&#8220;{}&#8220;]<\/p>\n<h2>MUDr. Lubo\u0161 Vl\u010dek<\/h2>\n<h3>Obrazovanje i specijalizacija:<\/h3>\n<ul>\n<li><strong>2002<\/strong> Gimnazija Pacov<\/li>\n<li><strong>2006<\/strong> Erazmov boravak na Univerzitetu u Rostoku<\/li>\n<li><strong>2008 <\/strong>Karlov univerzitet u Pragu, 1. medicinski fakultet \u2013 op\u0161ta medicina<\/li>\n<li><strong>2014<\/strong> Specijalizacija iz oblasti ginekologije-aku\u0161erstva<\/li>\n<li><strong>2019 <\/strong>Specijalizovana kompetencija u oblasti reproduktivne medicine\u00a0<\/li>\n<li>Licenca \u010cLK za obavljanje poslova primarnog i glavnog lekara za oblast Ginekologija i aku\u0161erstvo i za oblast Reproduktivna medicina<\/li>\n<\/ul>\n<h3>Profesionalno iskustvo:<\/h3>\n<ul>\n<li><strong>2008-2011 <\/strong>Ginekolo\u0161ko-aku\u0161ersko odeljenje Regionalne bolnice Pardubice a.s.<\/li>\n<li><strong>2011-2012 <\/strong>Heinrich-Braun-Klinikum, Zvickau<\/li>\n<li><strong>2013-2014<\/strong> Institut za brigu o majci i detetu, Prag<\/li>\n<li><strong>2014-2020<\/strong> Odeljenje za ginekologiju i aku\u0161erstvo, bolnica Nimburk<\/li>\n<li><strong>2015-2021<\/strong> Gynem s.r.o., Prag, glavni lekar<\/li>\n<li><strong>od 2021<\/strong> FertilityPort Prague<\/li>\n<\/ul>\n<h3>\u010clanstvo u profesionalnim dru\u0161tvima:<\/h3>\n<ul>\n<li>\u010ce\u0161ko medicinsko udru\u017eenje<\/li>\n<li>Udru\u017eenje bolni\u010dkih ginekologa\u00a0<\/li>\n<li>Udru\u017eenje privatnih ginekologa<\/li>\n<li>\u010ce\u0161ko medicinsko dru\u0161tvo Jana Evangelista Purkyn\u011b<\/li>\n<li>\u010ce\u0161ko ginekolo\u0161ko i aku\u0161ersko dru\u0161tvo &#8211; odeljenje za asistiranu reprodukciju<\/li>\n<li>Evropsko dru\u0161tvo za ljudsku reprodukciju i embriologiju<\/li>\n<\/ul>\n<p>[\/et_pb_text][\/et_pb_column][\/et_pb_row][et_pb_row column_structure=&#8220;1_4,3_4&#8243; _builder_version=&#8220;4.4.0&#8243; global_colors_info=&#8220;{}&#8220;][et_pb_column type=&#8220;1_4&#8243; _builder_version=&#8220;4.4.0&#8243; global_colors_info=&#8220;{}&#8220;][et_pb_image src=&#8220;https:\/\/fertilityport.com\/wp-content\/uploads\/2021\/11\/petra-polaskova.png&#8220; title_text=&#8220;petra-polaskova&#8220; _builder_version=&#8220;4.9.10&#8243; global_colors_info=&#8220;{}&#8220;][\/et_pb_image][\/et_pb_column][et_pb_column type=&#8220;3_4&#8243; _builder_version=&#8220;4.4.0&#8243; global_colors_info=&#8220;{}&#8220;][et_pb_text module_class=&#8220;c_blurb&#8220; _builder_version=&#8220;4.9.10&#8243; global_colors_info=&#8220;{}&#8220;]<\/p>\n<h2>MUDr. Petra Pol\u00e1\u0161kov\u00e1<\/h2>\n<h3>Obrazovanje i specijalizacija:<\/h3>\n<ul>\n<li><strong>2009 <\/strong>Karlov univerzitet u Pragu, 1. medicinski fakultet<\/li>\n<li><strong>2014<\/strong> Ginekolo\u0161ko-aku\u0161erski sertifikat<\/li>\n<li><strong>2014<\/strong> Do\u017eivotno u\u010denje za doktore \u010cLK Diploma<\/li>\n<\/ul>\n<h3>Profesionalno iskustvo:<\/h3>\n<ul>\n<li><strong>2009 \u2013 2021 <\/strong>Katedra za ginekologiju i aku\u0161erstvo, Prvi medicinski fakultet, Karlov univerzitet i Op\u0161ta bolnica u Pragu, mesto zamenika doktora<\/li>\n<li><strong>2014 \u2013 2018<\/strong> Europe IVF International Ltd., pozicija zamenika doktora<\/li>\n<li><strong>2019 \u2013 2021<\/strong> NL &#8211; Klinika Gest IVF doo, pozicija zamenika doktora<\/li>\n<li><strong>from 2021 <\/strong>FertilityPort Prague<\/li>\n<\/ul>\n<h3>\u010clanstvo u profesionalnim dru\u0161tvima:<\/h3>\n<ul>\n<li>\u010cLK \u010cR<\/li>\n<li>\u010cLS JEP &#8211; \u010ce\u0161ko ginekolo\u0161ko i aku\u0161ersko dru\u0161tvo, odsek za asistiranu reprodukciju<\/li>\n<\/ul>\n<p>[\/et_pb_text][\/et_pb_column][\/et_pb_row][et_pb_row column_structure=&#8220;1_4,3_4&#8243; _builder_version=&#8220;4.4.0&#8243; global_colors_info=&#8220;{}&#8220;][et_pb_column type=&#8220;1_4&#8243; _builder_version=&#8220;4.4.0&#8243; global_colors_info=&#8220;{}&#8220;][et_pb_image src=&#8220;https:\/\/fertilityport.com\/wp-content\/uploads\/2022\/04\/3.png&#8220; title_text=&#8220;3&#8243; _builder_version=&#8220;4.14.4&#8243; global_colors_info=&#8220;{}&#8220;][\/et_pb_image][\/et_pb_column][et_pb_column type=&#8220;3_4&#8243; _builder_version=&#8220;4.4.0&#8243; global_colors_info=&#8220;{}&#8220;][et_pb_text module_class=&#8220;c_blurb&#8220; _builder_version=&#8220;4.4.0&#8243; global_colors_info=&#8220;{}&#8220;]<\/p>\n<h2>MUDr. Kate\u0159ina Kyselov\u00e1<\/h2>\n<h3>Obrazovanje i specijalizacija:<\/h3>\n<ul>\n<li><strong>1995<\/strong> diplomirala na Medicinskom i Stomatolo\u0161kom fakultetu Univerziteta Palacki u Olomoucu<\/li>\n<li><strong>1998<\/strong> Atestacija prvog nivoa ginekolo\u0161ko-aku\u0161erske specijalnosti<\/li>\n<li><strong>2001<\/strong> Specijalizacija medicinske genetike<\/li>\n<\/ul>\n<h3>Postdiplomsko obrazovanje, kursevi i obuke:<\/h3>\n<ul>\n<li><strong>2003<\/strong> Kurs fetalne ehokardiografije u Motolu u Pragu<\/li>\n<li><strong>2009 <\/strong>Teorijski kurs \u201eUltrazvu\u010dni pregled u 11. \u2013 14. nedelji&#8220; The Fetal Medicine Foundation (London), Dept. of Med. Genet. i Fetal Med. u Olomoucu (prof. K. Nicolaides, prof. J. \u0160antavy)<\/li>\n<\/ul>\n<h3>Licence i sertifikati:<\/h3>\n<ul>\n<li><strong>2001<\/strong> Licenca za intervenciju samostalne prakse iz ginekolo\u0161ke i aku\u0161erske specijalnosti<\/li>\n<li><strong>2001<\/strong> Licenca za intervenciju nezavisne prakse u specijalizaciji medicinske genetike<\/li>\n<li><strong>2007<\/strong> Specijalizacija lekara medicinske genetike<\/li>\n<li><strong>2009<\/strong> Specijalizacija lekara ginekologije i aku\u0161erstva<\/li>\n<li><strong>2011<\/strong> Licenca za poziciju glavnog i vi\u0161eg lekara u specijalizaciji medicinske genetike<\/li>\n<li><strong>2003<\/strong> Sertifikacija za skrining fetalne ehokardiografije<\/li>\n<li><strong>2009<\/strong> Sertifikacija za ultrazvu\u010dni skrining u 11-14 nedelja trudnoc\u0301e u Fetal Medical Foundation (London), procena nuhalne translucencije (NT)<\/li>\n<\/ul>\n<h3>Praksa:<\/h3>\n<ul>\n<li><strong>1995\u20131998<\/strong> Lekar ginekolo\u0161ko-aku\u0161erskog odeljenja u bolnici Frydek-Mistek<\/li>\n<li><strong>1997\u20132008<\/strong> Lekar ambulante medicinske genetike u Domu zdravlja Poliklinika Mistek s.r.o.<\/li>\n<li><strong>1998\u20132000<\/strong> Lekar u Centru za asistiranu reprodukciju Frydek-Mistek, dr Konstantin \u010caplygin<\/li>\n<li><strong>1998\u20131999<\/strong> Lekar privatne medicinske ustanove GIN-PREN s.r.o.<\/li>\n<li><strong>1999\u20132005<\/strong> Punomoc\u0301nik glavnog lekara u privatnoj medicinskoj ustanovi GIN-PREN s.r.o.<\/li>\n<li><strong>From\u00a02005<\/strong> Lekar privatne zdravstvene ustanove GIN-PREN s.r.o.<\/li>\n<li><strong>2007\u20132014<\/strong> Lekar ambulante medicinske genetike u bolnici Novy Ji\u010din, a.s.<\/li>\n<li><strong>2008\u20132014<\/strong> Stru\u010dni sudija za specijalizaciju medicinske genetike Chemila s.r.o.<\/li>\n<li><strong>From\u00a02009<\/strong> Stru\u010dni sudija za specijalizaciju medicinske genetike GIN-PREN s.r.o.<\/li>\n<li><strong>2011\u20132014<\/strong> Stru\u010dni sudija za medicinsku genetiku specijalizacije Laboratorije Agel, a.s.<\/li>\n<li><strong>From 2014<\/strong> Glavni lekar u Centru za medicinsku genetiku Frydek-Mistek, SPADIA LAB, a.s.<\/li>\n<li><strong>From\u00a02018<\/strong> Eksterni lekar u Centru za potpomognutu reprodukciju FertilityPort Prague<\/li>\n<\/ul>\n<h3>\u010clanstvo u stru\u010dnim kompanijama:<\/h3>\n<ul>\n<li>\u010ce\u0161ka medicinska kompanija JEP<\/li>\n<li>Kompanija medicinske genetike<\/li>\n<li>ASHG (Ameri\u010dko dru\u0161tvo za ljudsku genetiku)<\/li>\n<li>\u010ce\u0161ka ginekolo\u0161ka i aku\u0161erska kompanija<\/li>\n<li>Odsek za fetalnu medicinu \u010cGPS<\/li>\n<li>Odsek za ultrazvu\u010dnu dijagnostiku \u010cGPS<\/li>\n<\/ul>\n<p>[\/et_pb_text][\/et_pb_column][\/et_pb_row][\/et_pb_section]<\/p>\n","protected":false},"excerpt":{"rendered":"<p>Na\u0161i lekariMUDr. Lubo\u0161 Vl\u010dek Obrazovanje i specijalizacija: 2002 Gimnazija Pacov 2006 Erazmov boravak na Univerzitetu u Rostoku 2008 Karlov univerzitet u Pragu, 1. medicinski fakultet \u2013 op\u0161ta medicina 2014 Specijalizacija iz oblasti ginekologije-aku\u0161erstva 2019 Specijalizovana kompetencija u oblasti reproduktivne medicine\u00a0 Licenca \u010cLK za obavljanje poslova primarnog i glavnog lekara za oblast Ginekologija i aku\u0161erstvo i [&hellip;]<\/p>\n","protected":false},"author":1,"featured_media":0,"parent":0,"menu_order":0,"comment_status":"closed","ping_status":"closed","template":"","meta":{"_acf_changed":false,"_et_pb_use_builder":"on","_et_pb_old_content":"","_et_gb_content_width":"","footnotes":""},"class_list":["post-7273","page","type-page","status-publish","hentry"],"acf":[],"yoast_head":"<!-- This site is optimized with the Yoast SEO plugin v27.3 - https:\/\/yoast.com\/product\/yoast-seo-wordpress\/ -->\n<title>Na\u0161i lekari | FertilityPort Prague<\/title>\n<meta name=\"description\" content=\"Na\u0161i lekari u\u010destvuju na mnogim ginekolo\u0161kim kongresima u \u010ce\u0161koj i u inostranstvu i aktivni su u rasvetljavanju neplodnosti.\" \/>\n<meta name=\"robots\" content=\"index, follow, max-snippet:-1, max-image-preview:large, max-video-preview:-1\" \/>\n<link rel=\"canonical\" href=\"https:\/\/fertilityport.com\/sr\/nasi-lekari\/\" \/>\n<meta property=\"og:locale\" content=\"sr_RS\" \/>\n<meta property=\"og:type\" content=\"article\" \/>\n<meta property=\"og:title\" content=\"Na\u0161i lekari | FertilityPort Prague\" \/>\n<meta property=\"og:description\" content=\"Na\u0161i lekari u\u010destvuju na mnogim ginekolo\u0161kim kongresima u \u010ce\u0161koj i u inostranstvu i aktivni su u rasvetljavanju neplodnosti.\" \/>\n<meta property=\"og:url\" content=\"https:\/\/fertilityport.com\/sr\/nasi-lekari\/\" \/>\n<meta property=\"og:site_name\" content=\"FertilityPort Prague\" \/>\n<meta property=\"article:modified_time\" content=\"2023-03-15T10:27:52+00:00\" \/>\n<meta name=\"twitter:card\" content=\"summary_large_image\" \/>\n<meta name=\"twitter:label1\" content=\"\u041f\u0440\u043e\u0446\u0435\u045a\u0435\u043d\u043e \u0432\u0440\u0435\u043c\u0435 \u0447\u0438\u0442\u0430\u045a\u0430\" \/>\n\t<meta name=\"twitter:data1\" content=\"4 \u043c\u0438\u043d\u0443\u0442\u0430\" \/>\n<script type=\"application\/ld+json\" class=\"yoast-schema-graph\">{\"@context\":\"https:\\\/\\\/schema.org\",\"@graph\":[{\"@type\":\"WebPage\",\"@id\":\"https:\\\/\\\/fertilityport.com\\\/sr\\\/nasi-lekari\\\/\",\"url\":\"https:\\\/\\\/fertilityport.com\\\/sr\\\/nasi-lekari\\\/\",\"name\":\"Na\u0161i lekari | FertilityPort Prague\",\"isPartOf\":{\"@id\":\"https:\\\/\\\/fertilityport.com\\\/#website\"},\"datePublished\":\"2023-03-15T09:54:20+00:00\",\"dateModified\":\"2023-03-15T10:27:52+00:00\",\"description\":\"Na\u0161i lekari u\u010destvuju na mnogim ginekolo\u0161kim kongresima u \u010ce\u0161koj i u inostranstvu i aktivni su u rasvetljavanju neplodnosti.\",\"breadcrumb\":{\"@id\":\"https:\\\/\\\/fertilityport.com\\\/sr\\\/nasi-lekari\\\/#breadcrumb\"},\"inLanguage\":\"sr-RS\",\"potentialAction\":[{\"@type\":\"ReadAction\",\"target\":[\"https:\\\/\\\/fertilityport.com\\\/sr\\\/nasi-lekari\\\/\"]}]},{\"@type\":\"BreadcrumbList\",\"@id\":\"https:\\\/\\\/fertilityport.com\\\/sr\\\/nasi-lekari\\\/#breadcrumb\",\"itemListElement\":[{\"@type\":\"ListItem\",\"position\":1,\"name\":\"Home\",\"item\":\"https:\\\/\\\/fertilityport.com\\\/sr\\\/\"},{\"@type\":\"ListItem\",\"position\":2,\"name\":\"Na\u0161i lekari\"}]},{\"@type\":\"WebSite\",\"@id\":\"https:\\\/\\\/fertilityport.com\\\/#website\",\"url\":\"https:\\\/\\\/fertilityport.com\\\/\",\"name\":\"FertilityPort Prague\",\"description\":\"\",\"potentialAction\":[{\"@type\":\"SearchAction\",\"target\":{\"@type\":\"EntryPoint\",\"urlTemplate\":\"https:\\\/\\\/fertilityport.com\\\/?s={search_term_string}\"},\"query-input\":{\"@type\":\"PropertyValueSpecification\",\"valueRequired\":true,\"valueName\":\"search_term_string\"}}],\"inLanguage\":\"sr-RS\"}]}<\/script>\n<!-- \/ Yoast SEO plugin. -->","yoast_head_json":{"title":"Na\u0161i lekari | FertilityPort Prague","description":"Na\u0161i lekari u\u010destvuju na mnogim ginekolo\u0161kim kongresima u \u010ce\u0161koj i u inostranstvu i aktivni su u rasvetljavanju neplodnosti.","robots":{"index":"index","follow":"follow","max-snippet":"max-snippet:-1","max-image-preview":"max-image-preview:large","max-video-preview":"max-video-preview:-1"},"canonical":"https:\/\/fertilityport.com\/sr\/nasi-lekari\/","og_locale":"sr_RS","og_type":"article","og_title":"Na\u0161i lekari | FertilityPort Prague","og_description":"Na\u0161i lekari u\u010destvuju na mnogim ginekolo\u0161kim kongresima u \u010ce\u0161koj i u inostranstvu i aktivni su u rasvetljavanju neplodnosti.","og_url":"https:\/\/fertilityport.com\/sr\/nasi-lekari\/","og_site_name":"FertilityPort Prague","article_modified_time":"2023-03-15T10:27:52+00:00","twitter_card":"summary_large_image","twitter_misc":{"\u041f\u0440\u043e\u0446\u0435\u045a\u0435\u043d\u043e \u0432\u0440\u0435\u043c\u0435 \u0447\u0438\u0442\u0430\u045a\u0430":"4 \u043c\u0438\u043d\u0443\u0442\u0430"},"schema":{"@context":"https:\/\/schema.org","@graph":[{"@type":"WebPage","@id":"https:\/\/fertilityport.com\/sr\/nasi-lekari\/","url":"https:\/\/fertilityport.com\/sr\/nasi-lekari\/","name":"Na\u0161i lekari | FertilityPort Prague","isPartOf":{"@id":"https:\/\/fertilityport.com\/#website"},"datePublished":"2023-03-15T09:54:20+00:00","dateModified":"2023-03-15T10:27:52+00:00","description":"Na\u0161i lekari u\u010destvuju na mnogim ginekolo\u0161kim kongresima u \u010ce\u0161koj i u inostranstvu i aktivni su u rasvetljavanju neplodnosti.","breadcrumb":{"@id":"https:\/\/fertilityport.com\/sr\/nasi-lekari\/#breadcrumb"},"inLanguage":"sr-RS","potentialAction":[{"@type":"ReadAction","target":["https:\/\/fertilityport.com\/sr\/nasi-lekari\/"]}]},{"@type":"BreadcrumbList","@id":"https:\/\/fertilityport.com\/sr\/nasi-lekari\/#breadcrumb","itemListElement":[{"@type":"ListItem","position":1,"name":"Home","item":"https:\/\/fertilityport.com\/sr\/"},{"@type":"ListItem","position":2,"name":"Na\u0161i lekari"}]},{"@type":"WebSite","@id":"https:\/\/fertilityport.com\/#website","url":"https:\/\/fertilityport.com\/","name":"FertilityPort Prague","description":"","potentialAction":[{"@type":"SearchAction","target":{"@type":"EntryPoint","urlTemplate":"https:\/\/fertilityport.com\/?s={search_term_string}"},"query-input":{"@type":"PropertyValueSpecification","valueRequired":true,"valueName":"search_term_string"}}],"inLanguage":"sr-RS"}]}},"_links":{"self":[{"href":"https:\/\/fertilityport.com\/sr\/wp-json\/wp\/v2\/pages\/7273","targetHints":{"allow":["GET"]}}],"collection":[{"href":"https:\/\/fertilityport.com\/sr\/wp-json\/wp\/v2\/pages"}],"about":[{"href":"https:\/\/fertilityport.com\/sr\/wp-json\/wp\/v2\/types\/page"}],"author":[{"embeddable":true,"href":"https:\/\/fertilityport.com\/sr\/wp-json\/wp\/v2\/users\/1"}],"replies":[{"embeddable":true,"href":"https:\/\/fertilityport.com\/sr\/wp-json\/wp\/v2\/comments?post=7273"}],"version-history":[{"count":20,"href":"https:\/\/fertilityport.com\/sr\/wp-json\/wp\/v2\/pages\/7273\/revisions"}],"predecessor-version":[{"id":7296,"href":"https:\/\/fertilityport.com\/sr\/wp-json\/wp\/v2\/pages\/7273\/revisions\/7296"}],"wp:attachment":[{"href":"https:\/\/fertilityport.com\/sr\/wp-json\/wp\/v2\/media?parent=7273"}],"curies":[{"name":"wp","href":"https:\/\/api.w.org\/{rel}","templated":true}]}}