{"id":7297,"date":"2023-03-15T14:05:53","date_gmt":"2023-03-15T13:05:53","guid":{"rendered":"https:\/\/fertilityport.com\/o-nama\/"},"modified":"2023-04-04T10:24:41","modified_gmt":"2023-04-04T08:24:41","slug":"o-nama","status":"publish","type":"page","link":"https:\/\/fertilityport.com\/sr\/o-nama\/","title":{"rendered":"O nama"},"content":{"rendered":"<p>[et_pb_section fb_built=&#8220;1&#8243; module_class=&#8220;welcome&#8211;page&#8220; _builder_version=&#8220;4.4.1&#8243; background_image=&#8220;https:\/\/fertilityport.com\/wp-content\/uploads\/2020\/03\/aboutus_head.jpg&#8220;][et_pb_row column_structure=&#8220;2_3,1_3&#8243; _builder_version=&#8220;4.4.0&#8243;][et_pb_column type=&#8220;2_3&#8243; _builder_version=&#8220;4.4.0&#8243;][et_pb_text module_class=&#8220;c_blurb&#8220; _builder_version=&#8220;4.4.0&#8243;]<\/p>\n<h1>O nama<\/h1>\n<p>Kliniku FertilityPort Prague je osnovalo nekoliko vrhunskih stru\u010dnjaka iz oblasti asistirane reprodukcije, koji su se udru\u017eili da formiraju jedan sjajan tim stru\u010dnjaka.<\/p>\n<p>[\/et_pb_text][\/et_pb_column][et_pb_column type=&#8220;1_3&#8243; _builder_version=&#8220;4.4.0&#8243;][\/et_pb_column][\/et_pb_row][\/et_pb_section][et_pb_section fb_built=&#8220;1&#8243; _builder_version=&#8220;4.4.0&#8243;][et_pb_row column_structure=&#8220;2_5,3_5&#8243; _builder_version=&#8220;4.4.0&#8243;][et_pb_column type=&#8220;2_5&#8243; _builder_version=&#8220;4.4.0&#8243;][et_pb_image src=&#8220;https:\/\/fertilityport.com\/wp-content\/uploads\/2021\/09\/DSC08474-scaled.jpg&#8220; _builder_version=&#8220;4.9.10&#8243; hover_enabled=&#8220;0&#8243; title_text=&#8220;DSC08474&#8243; sticky_enabled=&#8220;0&#8243;][\/et_pb_image][\/et_pb_column][et_pb_column type=&#8220;3_5&#8243; _builder_version=&#8220;4.4.0&#8243;][et_pb_text _builder_version=&#8220;4.4.0&#8243;]<\/p>\n<p>Uz maksimalni trud svih \u010dlanova na\u0161eg tima, fokusiramo se na individualno re\u0161enje va\u0161eg problema na osetljiv i prijateljski na\u010din, kako bismo sveli na minimum stres koji \u010desto mo\u017ee pratiti tretman. Osnovna ideja osnivanja centra bila je stvaranje prijatnog radnog mesta porodi\u010dnog karaktera, gde c\u0301e se svakom paru pristupiti sa pa\u017enjom, strpljenjem, empatijom i maksimalnim razumevanjem. \u017delja nam je da pomo\u0107u svih dostupnih metoda i iskustva celog tima zadobijemo va\u0161e poverenje i ostvarimo ispunjenje va\u0161eg sna. Zadovoljstvo na\u0161ih klijenata je na\u0161a nagrada i dokaz da to \u0161to radimo zaista ima smisla.<\/p>\n<p>[\/et_pb_text][et_pb_code module_class=&#8220;btn-group&#8220; _builder_version=&#8220;4.4.0&#8243;]<pee><a class=\"btn btn--primary\" href=\"https:\/\/fertilityport.com\/sr\/nasi-lekari\/\">Na\u0161i lekari<\/a>\u00a0<a class=\"btn btn--primary\" href=\"https:\/\/fertilityport.com\/embryologists\/\">Embriolozi<\/a> <a class=\"btn btn--primary\" href=\"https:\/\/fertilityport.com\/nurses\/\">Sestre<\/a> <a class=\"btn btn--primary\" href=\"https:\/\/fertilityport.com\/sr\/koordinatori\/\">Koordinatori<\/a><\/pee>[\/et_pb_code][\/et_pb_column][\/et_pb_row][\/et_pb_section][et_pb_section fb_built=&#8220;1&#8243; _builder_version=&#8220;4.4.0&#8243; background_color=&#8220;#d4a4a9&#8243;][et_pb_row column_structure=&#8220;3_5,2_5&#8243; _builder_version=&#8220;4.4.0&#8243;][et_pb_column type=&#8220;3_5&#8243; _builder_version=&#8220;4.4.0&#8243;][et_pb_text _builder_version=&#8220;4.4.0&#8243; background_layout=&#8220;dark&#8220;]<\/p>\n<ul>\n<li>Izbor najsavremenije opreme u centru i izbor metoda na osnovu dugogodi\u0161njeg iskustva na\u0161ih lekara i kvalifikovanog osoblja u centrima za vantelesnu oplodnju u \u010ce\u0161koj Republici i inostranstvu<\/li>\n<li>Individualan i empati\u010dan pristup, izbor nege i le\u010denja u cilju pozitivnog ishoda<\/li>\n<li>Nekoliko stru\u010dnjaka rade zajedno u jednom dobro organizovanom timu<\/li>\n<li>Bez listi \u010dekanja i u slu\u010daju tretmana donirane jajne c\u0301elije ili sperme<\/li>\n<li>Pedantno odr\u017eavana baza donora koja se pove\u0107ava<\/li>\n<li>Visoka stopa uspeha<\/li>\n<li>Iskustvo sa komplikovanim slu\u010dajevima<\/li>\n<li>Moderna klinika sa prijatnom i domac\u0301om atmosferom<\/li>\n<li>U samom centru Praga u mirnom okru\u017eenju i blizini reke, sa parkingom i kafic\u0301em u zgradi klinike<\/li>\n<\/ul>\n<p>[\/et_pb_text][\/et_pb_column][et_pb_column type=&#8220;2_5&#8243; _builder_version=&#8220;4.4.0&#8243;]<\/p>\n<p>[et_pb_video src=&#8220;https:\/\/www.youtube.com\/watch?v=hWRXpPmo4mE&#8220; _builder_version=&#8220;4.4.1&#8243;][\/et_pb_video]<\/p>\n<p>[\/et_pb_column][\/et_pb_row][\/et_pb_section]<\/p>\n","protected":false},"excerpt":{"rendered":"<p>O nama Kliniku FertilityPort Prague je osnovalo nekoliko vrhunskih stru\u010dnjaka iz oblasti asistirane reprodukcije, koji su se udru\u017eili da formiraju jedan sjajan tim stru\u010dnjaka.Uz maksimalni trud svih \u010dlanova na\u0161eg tima, fokusiramo se na individualno re\u0161enje va\u0161eg problema na osetljiv i prijateljski na\u010din, kako bismo sveli na minimum stres koji \u010desto mo\u017ee pratiti tretman. Osnovna ideja [&hellip;]<\/p>\n","protected":false},"author":1,"featured_media":0,"parent":0,"menu_order":0,"comment_status":"closed","ping_status":"closed","template":"","meta":{"_acf_changed":false,"_et_pb_use_builder":"on","_et_pb_old_content":"","_et_gb_content_width":"","footnotes":""},"class_list":["post-7297","page","type-page","status-publish","hentry"],"acf":[],"yoast_head":"<!-- This site is optimized with the Yoast SEO plugin v27.4 - https:\/\/yoast.com\/product\/yoast-seo-wordpress\/ -->\n<title>O na\u0161em timu | FertilityPort Prague<\/title>\n<meta name=\"description\" content=\"Klinika FertilityPort Prague je osnovalo nekoliko vrhunskih stru\u010dnjaka iz oblasti asistirane reprodukcije.\" \/>\n<meta name=\"robots\" content=\"index, follow, max-snippet:-1, max-image-preview:large, max-video-preview:-1\" \/>\n<link rel=\"canonical\" href=\"https:\/\/fertilityport.com\/sr\/o-nama\/\" \/>\n<meta property=\"og:locale\" content=\"sr_RS\" \/>\n<meta property=\"og:type\" content=\"article\" \/>\n<meta property=\"og:title\" content=\"O na\u0161em timu | FertilityPort Prague\" \/>\n<meta property=\"og:description\" content=\"Klinika FertilityPort Prague je osnovalo nekoliko vrhunskih stru\u010dnjaka iz oblasti asistirane reprodukcije.\" \/>\n<meta property=\"og:url\" content=\"https:\/\/fertilityport.com\/sr\/o-nama\/\" \/>\n<meta property=\"og:site_name\" content=\"FertilityPort Prague\" \/>\n<meta property=\"article:modified_time\" content=\"2023-04-04T08:24:41+00:00\" \/>\n<meta name=\"twitter:card\" content=\"summary_large_image\" \/>\n<meta name=\"twitter:label1\" content=\"\u041f\u0440\u043e\u0446\u0435\u045a\u0435\u043d\u043e \u0432\u0440\u0435\u043c\u0435 \u0447\u0438\u0442\u0430\u045a\u0430\" \/>\n\t<meta name=\"twitter:data1\" content=\"2 \u043c\u0438\u043d\u0443\u0442\u0430\" \/>\n<script type=\"application\/ld+json\" class=\"yoast-schema-graph\">{\"@context\":\"https:\\\/\\\/schema.org\",\"@graph\":[{\"@type\":\"WebPage\",\"@id\":\"https:\\\/\\\/fertilityport.com\\\/sr\\\/o-nama\\\/\",\"url\":\"https:\\\/\\\/fertilityport.com\\\/sr\\\/o-nama\\\/\",\"name\":\"O na\u0161em timu | FertilityPort Prague\",\"isPartOf\":{\"@id\":\"https:\\\/\\\/fertilityport.com\\\/#website\"},\"datePublished\":\"2023-03-15T13:05:53+00:00\",\"dateModified\":\"2023-04-04T08:24:41+00:00\",\"description\":\"Klinika FertilityPort Prague je osnovalo nekoliko vrhunskih stru\u010dnjaka iz oblasti asistirane reprodukcije.\",\"breadcrumb\":{\"@id\":\"https:\\\/\\\/fertilityport.com\\\/sr\\\/o-nama\\\/#breadcrumb\"},\"inLanguage\":\"sr-RS\",\"potentialAction\":[{\"@type\":\"ReadAction\",\"target\":[\"https:\\\/\\\/fertilityport.com\\\/sr\\\/o-nama\\\/\"]}]},{\"@type\":\"BreadcrumbList\",\"@id\":\"https:\\\/\\\/fertilityport.com\\\/sr\\\/o-nama\\\/#breadcrumb\",\"itemListElement\":[{\"@type\":\"ListItem\",\"position\":1,\"name\":\"Home\",\"item\":\"https:\\\/\\\/fertilityport.com\\\/sr\\\/\"},{\"@type\":\"ListItem\",\"position\":2,\"name\":\"O nama\"}]},{\"@type\":\"WebSite\",\"@id\":\"https:\\\/\\\/fertilityport.com\\\/#website\",\"url\":\"https:\\\/\\\/fertilityport.com\\\/\",\"name\":\"FertilityPort Prague\",\"description\":\"\",\"potentialAction\":[{\"@type\":\"SearchAction\",\"target\":{\"@type\":\"EntryPoint\",\"urlTemplate\":\"https:\\\/\\\/fertilityport.com\\\/?s={search_term_string}\"},\"query-input\":{\"@type\":\"PropertyValueSpecification\",\"valueRequired\":true,\"valueName\":\"search_term_string\"}}],\"inLanguage\":\"sr-RS\"}]}<\/script>\n<!-- \/ Yoast SEO plugin. -->","yoast_head_json":{"title":"O na\u0161em timu | FertilityPort Prague","description":"Klinika FertilityPort Prague je osnovalo nekoliko vrhunskih stru\u010dnjaka iz oblasti asistirane reprodukcije.","robots":{"index":"index","follow":"follow","max-snippet":"max-snippet:-1","max-image-preview":"max-image-preview:large","max-video-preview":"max-video-preview:-1"},"canonical":"https:\/\/fertilityport.com\/sr\/o-nama\/","og_locale":"sr_RS","og_type":"article","og_title":"O na\u0161em timu | FertilityPort Prague","og_description":"Klinika FertilityPort Prague je osnovalo nekoliko vrhunskih stru\u010dnjaka iz oblasti asistirane reprodukcije.","og_url":"https:\/\/fertilityport.com\/sr\/o-nama\/","og_site_name":"FertilityPort Prague","article_modified_time":"2023-04-04T08:24:41+00:00","twitter_card":"summary_large_image","twitter_misc":{"\u041f\u0440\u043e\u0446\u0435\u045a\u0435\u043d\u043e \u0432\u0440\u0435\u043c\u0435 \u0447\u0438\u0442\u0430\u045a\u0430":"2 \u043c\u0438\u043d\u0443\u0442\u0430"},"schema":{"@context":"https:\/\/schema.org","@graph":[{"@type":"WebPage","@id":"https:\/\/fertilityport.com\/sr\/o-nama\/","url":"https:\/\/fertilityport.com\/sr\/o-nama\/","name":"O na\u0161em timu | FertilityPort Prague","isPartOf":{"@id":"https:\/\/fertilityport.com\/#website"},"datePublished":"2023-03-15T13:05:53+00:00","dateModified":"2023-04-04T08:24:41+00:00","description":"Klinika FertilityPort Prague je osnovalo nekoliko vrhunskih stru\u010dnjaka iz oblasti asistirane reprodukcije.","breadcrumb":{"@id":"https:\/\/fertilityport.com\/sr\/o-nama\/#breadcrumb"},"inLanguage":"sr-RS","potentialAction":[{"@type":"ReadAction","target":["https:\/\/fertilityport.com\/sr\/o-nama\/"]}]},{"@type":"BreadcrumbList","@id":"https:\/\/fertilityport.com\/sr\/o-nama\/#breadcrumb","itemListElement":[{"@type":"ListItem","position":1,"name":"Home","item":"https:\/\/fertilityport.com\/sr\/"},{"@type":"ListItem","position":2,"name":"O nama"}]},{"@type":"WebSite","@id":"https:\/\/fertilityport.com\/#website","url":"https:\/\/fertilityport.com\/","name":"FertilityPort Prague","description":"","potentialAction":[{"@type":"SearchAction","target":{"@type":"EntryPoint","urlTemplate":"https:\/\/fertilityport.com\/?s={search_term_string}"},"query-input":{"@type":"PropertyValueSpecification","valueRequired":true,"valueName":"search_term_string"}}],"inLanguage":"sr-RS"}]}},"_links":{"self":[{"href":"https:\/\/fertilityport.com\/sr\/wp-json\/wp\/v2\/pages\/7297","targetHints":{"allow":["GET"]}}],"collection":[{"href":"https:\/\/fertilityport.com\/sr\/wp-json\/wp\/v2\/pages"}],"about":[{"href":"https:\/\/fertilityport.com\/sr\/wp-json\/wp\/v2\/types\/page"}],"author":[{"embeddable":true,"href":"https:\/\/fertilityport.com\/sr\/wp-json\/wp\/v2\/users\/1"}],"replies":[{"embeddable":true,"href":"https:\/\/fertilityport.com\/sr\/wp-json\/wp\/v2\/comments?post=7297"}],"version-history":[{"count":18,"href":"https:\/\/fertilityport.com\/sr\/wp-json\/wp\/v2\/pages\/7297\/revisions"}],"predecessor-version":[{"id":7413,"href":"https:\/\/fertilityport.com\/sr\/wp-json\/wp\/v2\/pages\/7297\/revisions\/7413"}],"wp:attachment":[{"href":"https:\/\/fertilityport.com\/sr\/wp-json\/wp\/v2\/media?parent=7297"}],"curies":[{"name":"wp","href":"https:\/\/api.w.org\/{rel}","templated":true}]}}