{"id":7446,"date":"2023-04-05T15:42:02","date_gmt":"2023-04-05T13:42:02","guid":{"rendered":"https:\/\/fertilityport.com\/embriolozi\/"},"modified":"2023-04-05T15:44:56","modified_gmt":"2023-04-05T13:44:56","slug":"embriolozi","status":"publish","type":"page","link":"https:\/\/fertilityport.com\/sr\/embriolozi\/","title":{"rendered":"Embriolozi"},"content":{"rendered":"<p>[et_pb_section fb_built=&#8220;1&#8243; _builder_version=&#8220;4.16&#8243; background_color=&#8220;#e2e2e2&#8243; global_colors_info=&#8220;{}&#8220;][et_pb_row _builder_version=&#8220;4.16&#8243; global_colors_info=&#8220;{}&#8220;][et_pb_column type=&#8220;4_4&#8243; _builder_version=&#8220;4.16&#8243; global_colors_info=&#8220;{}&#8220;][et_pb_text module_class=&#8220;c_blurb&#8220; _builder_version=&#8220;4.16&#8243; global_colors_info=&#8220;{}&#8220;]<\/p>\n<h1>Embriolozi<\/h1>\n<p>[\/et_pb_text][\/et_pb_column][\/et_pb_row][\/et_pb_section][et_pb_section fb_built=&#8220;1&#8243; module_class=&#8220;aboutus&#8220; _builder_version=&#8220;4.16&#8243; global_colors_info=&#8220;{}&#8220;][et_pb_row column_structure=&#8220;1_4,3_4&#8243; _builder_version=&#8220;4.16&#8243; global_colors_info=&#8220;{}&#8220;][et_pb_column type=&#8220;1_4&#8243; _builder_version=&#8220;4.16&#8243; global_colors_info=&#8220;{}&#8220;][et_pb_code _builder_version=&#8220;4.20.2&#8243; _module_preset=&#8220;default&#8220; locked=&#8220;off&#8220; global_colors_info=&#8220;{}&#8220;]<pee><img decoding=\"async\" src=\"https:\/\/fertilityport.com\/wp-content\/uploads\/2023\/03\/IMG_1772111.jpg\" \/><\/pee>[\/et_pb_code][\/et_pb_column][et_pb_column type=&#8220;3_4&#8243; _builder_version=&#8220;4.16&#8243; global_colors_info=&#8220;{}&#8220;][et_pb_text module_class=&#8220;c_blurb&#8220; _builder_version=&#8220;4.16&#8243; global_colors_info=&#8220;{}&#8220;]<\/p>\n<h2>Pavel Koubek, Ph.D., klini\u010dki embriolog<\/h2>\n<h3 class=\"h3\">Obrazovanje i specijalizacija:<\/h3>\n<p>Institut za hemijsku tehnologiju, Prag. Oblast studija: Biomedicina. Karlov univerzitet, Prag. Doktorske studije Razvojne biologije. Atestacija klini\u010dkog embriologa.<\/p>\n<h3>Profesionalno iskustvo:<\/h3>\n<ul>\n<li>2002-2009 Istra\u017eiva\u010dki radnik \u010ce\u0161ke akademije nauka, Odsek za biologiju i biohemiju oplodnje.<\/li>\n<li>2006-2007 Istra\u017eiva\u010d\/embriolog, Univerzitetska bolnica Motol, Centar za reproduktivnu medicinu i reproduktivnu genetiku.<\/li>\n<li>2007-2011 Embriolog, PRONATAL Nord.<\/li>\n<li>2011 Embriolog, PRONATAL Sanatorium.<\/li>\n<li>2011-2015 Glavni embriolog IVF laboratorije, PRONATAL Spa<\/li>\n<li>2015 \u2013 2021 Glavni embriolog IVF laboratorije, ProCrea Swiss IVF Centar (ranije Gest)<\/li>\n<\/ul>\n<h3>Jezici:<\/h3>\n<p>Engleski, nema\u010dki<\/p>\n<p>[\/et_pb_text][\/et_pb_column][\/et_pb_row][et_pb_row _builder_version=&#8220;4.16&#8243; global_colors_info=&#8220;{}&#8220;][et_pb_column type=&#8220;4_4&#8243; _builder_version=&#8220;4.16&#8243; global_colors_info=&#8220;{}&#8220;]<\/p>\n<p>[et_pb_divider color=&#8220;#e2e2e2&#8243; _builder_version=&#8220;4.16&#8243; global_colors_info=&#8220;{}&#8220;][\/et_pb_divider]<\/p>\n<p>[\/et_pb_column][\/et_pb_row][et_pb_row column_structure=&#8220;1_4,3_4&#8243; _builder_version=&#8220;4.16&#8243; global_colors_info=&#8220;{}&#8220;][et_pb_column type=&#8220;1_4&#8243; _builder_version=&#8220;4.16&#8243; global_colors_info=&#8220;{}&#8220;][et_pb_image src=&#8220;https:\/\/fertilityport.com\/wp-content\/uploads\/2020\/03\/mgr-eva-simkova.jpg&#8220; _builder_version=&#8220;4.16&#8243; global_colors_info=&#8220;{}&#8220;][\/et_pb_image][\/et_pb_column][et_pb_column type=&#8220;3_4&#8243; _builder_version=&#8220;4.16&#8243; global_colors_info=&#8220;{}&#8220;][et_pb_text module_class=&#8220;c_blurb&#8220; _builder_version=&#8220;4.16&#8243; global_colors_info=&#8220;{}&#8220;]<\/p>\n<h2>Mgr. Eva \u0160imkov\u00e1<\/h2>\n<h3 class=\"h3\">Obrazovanje i specijalizacija:<\/h3>\n<p>Karlov univerzitet u Pragu, Prirodno-matemati\u010dki fakultet, u\u017ea specijalizacija: Hidrobiologija<\/p>\n<h3>Profesionalno iskustvo:<\/h3>\n<ul>\n<li>2011 \u2013 2013 Embriolog, Pronatal Sanatorium<\/li>\n<li>2013 \u2013 2015 Embriologist, Iscare IVF\u00a0<\/li>\n<li>2015 \u2013 2016 Menad\u017eer laboratorijskih operacija vantelesne oplodnje u Iscare IVF<\/li>\n<\/ul>\n<h3>Jezici:<\/h3>\n<p>Engleski, nema\u010dki<\/p>\n<p>[\/et_pb_text][\/et_pb_column][\/et_pb_row][et_pb_row _builder_version=&#8220;4.16&#8243; global_colors_info=&#8220;{}&#8220;][et_pb_column type=&#8220;4_4&#8243; _builder_version=&#8220;4.16&#8243; global_colors_info=&#8220;{}&#8220;]<\/p>\n<p>[et_pb_divider color=&#8220;#e2e2e2&#8243; _builder_version=&#8220;4.16&#8243; global_colors_info=&#8220;{}&#8220;][\/et_pb_divider]<\/p>\n<p>[\/et_pb_column][\/et_pb_row][et_pb_row column_structure=&#8220;1_4,3_4&#8243; _builder_version=&#8220;4.16&#8243; global_colors_info=&#8220;{}&#8220;][et_pb_column type=&#8220;1_4&#8243; _builder_version=&#8220;4.16&#8243; global_colors_info=&#8220;{}&#8220;][et_pb_image src=&#8220;https:\/\/fertilityport.com\/wp-content\/uploads\/2020\/03\/ing-hana-batkova.jpg&#8220; _builder_version=&#8220;4.16&#8243; global_colors_info=&#8220;{}&#8220;][\/et_pb_image][\/et_pb_column][et_pb_column type=&#8220;3_4&#8243; _builder_version=&#8220;4.16&#8243; global_colors_info=&#8220;{}&#8220;][et_pb_text module_class=&#8220;c_blurb&#8220; _builder_version=&#8220;4.16&#8243; global_colors_info=&#8220;{}&#8220;]<\/p>\n<h2>Ing. Hana Ba\u0165kov\u00e1<\/h2>\n<h3 class=\"h3\">Obrazovanje i specijalizacija:<\/h3>\n<p>\u010ce\u0161ki univerzitet prirodnih nauka u Pragu, smer: Reproduktivna biotehnologija<\/p>\n<h3>Profesionalno iskustvo:<\/h3>\n<ul>\n<li>Androlog u Europe IVF International<\/li>\n<\/ul>\n<h3>Jezici:<\/h3>\n<p>Engleski<\/p>\n<p>[\/et_pb_text][\/et_pb_column][\/et_pb_row][et_pb_row _builder_version=&#8220;4.16&#8243; global_colors_info=&#8220;{}&#8220;][et_pb_column type=&#8220;4_4&#8243; _builder_version=&#8220;4.16&#8243; global_colors_info=&#8220;{}&#8220;]<\/p>\n<p>[et_pb_divider color=&#8220;#e2e2e2&#8243; _builder_version=&#8220;4.16&#8243; global_colors_info=&#8220;{}&#8220;][\/et_pb_divider]<\/p>\n<p>[\/et_pb_column][\/et_pb_row][et_pb_row column_structure=&#8220;1_4,3_4&#8243; _builder_version=&#8220;4.16&#8243; global_colors_info=&#8220;{}&#8220;][et_pb_column type=&#8220;1_4&#8243; _builder_version=&#8220;4.16&#8243; global_colors_info=&#8220;{}&#8220;][et_pb_code _builder_version=&#8220;4.20.2&#8243; _module_preset=&#8220;default&#8220; locked=&#8220;off&#8220; global_colors_info=&#8220;{}&#8220;]<pee><img decoding=\"async\" src=\"https:\/\/fertilityport.com\/wp-content\/uploads\/2023\/03\/IMG_176911-scaled.jpg\" \/><\/pee>[\/et_pb_code][\/et_pb_column][et_pb_column type=&#8220;3_4&#8243; _builder_version=&#8220;4.16&#8243; global_colors_info=&#8220;{}&#8220;][et_pb_text module_class=&#8220;c_blurb&#8220; _builder_version=&#8220;4.16&#8243; global_colors_info=&#8220;{}&#8220;]<\/p>\n<h2>Mgr. Martina Janebov\u00e1<\/h2>\n<h3 class=\"h3\">Obrazovanje i specijalizacija:<\/h3>\n<p>Karlov univerzitet u Pragu, Fakultet nauke, antropologije i ljudske genetike<\/p>\n<h3>Profesionalno iskustvo:<\/h3>\n<ul>\n<li>2020 &#8211; FertilityPort Prague s.r.o.<\/li>\n<\/ul>\n<h3>Jezici:<\/h3>\n<p>Engleski, nema\u010dki<\/p>\n<p>[\/et_pb_text][\/et_pb_column][\/et_pb_row][et_pb_row _builder_version=&#8220;4.16&#8243; global_colors_info=&#8220;{}&#8220;][et_pb_column type=&#8220;4_4&#8243; _builder_version=&#8220;4.16&#8243; global_colors_info=&#8220;{}&#8220;]<\/p>\n<p>[et_pb_divider color=&#8220;#e2e2e2&#8243; _builder_version=&#8220;4.16&#8243; global_colors_info=&#8220;{}&#8220;][\/et_pb_divider]<\/p>\n<p>[\/et_pb_column][\/et_pb_row][et_pb_row column_structure=&#8220;1_4,3_4&#8243; _builder_version=&#8220;4.16&#8243; global_colors_info=&#8220;{}&#8220;][et_pb_column type=&#8220;1_4&#8243; _builder_version=&#8220;4.16&#8243; global_colors_info=&#8220;{}&#8220;][et_pb_code _builder_version=&#8220;4.20.2&#8243; _module_preset=&#8220;default&#8220; locked=&#8220;off&#8220; global_colors_info=&#8220;{}&#8220;]<pee><img decoding=\"async\" src=\"https:\/\/fertilityport.com\/wp-content\/uploads\/2023\/03\/IMG_144711-scaled.jpg\" \/><\/pee>[\/et_pb_code][\/et_pb_column][et_pb_column type=&#8220;3_4&#8243; _builder_version=&#8220;4.16&#8243; global_colors_info=&#8220;{}&#8220;][et_pb_text module_class=&#8220;c_blurb&#8220; _builder_version=&#8220;4.16&#8243; global_colors_info=&#8220;{}&#8220;]<\/p>\n<h2>Mgr. Veronika Sedm\u00edkov\u00e1<\/h2>\n<h3 class=\"h3\">Obrazovanje i specijalizacija:<\/h3>\n<p>Karlov univerzitet u Pragu, Prirodno-matemati\u010dki fakultet, Odsek za biologiju c\u0301elija<\/p>\n<h3>Profesionalno iskustvo:<\/h3>\n<ul>\n<li>2020 &#8211; Stru\u010dno osoblje, Institut za fiziologiju i genetiku \u017eivotinja CAS, Laboratorija za biohemiju i molekularnu biologiju zametnih c\u0301elija<\/li>\n<li>2022 &#8211; FertilityPort Prague s.r.o.<\/li>\n<\/ul>\n<h3>Jezici:<\/h3>\n<p>Engleski, nema\u010dki<\/p>\n<p>[\/et_pb_text][\/et_pb_column][\/et_pb_row][\/et_pb_section]<\/p>\n","protected":false},"excerpt":{"rendered":"<p>EmbrioloziPavel Koubek, Ph.D., klini\u010dki embriolog Obrazovanje i specijalizacija: Institut za hemijsku tehnologiju, Prag. Oblast studija: Biomedicina. Karlov univerzitet, Prag. Doktorske studije Razvojne biologije. Atestacija klini\u010dkog embriologa. Profesionalno iskustvo: 2002-2009 Istra\u017eiva\u010dki radnik \u010ce\u0161ke akademije nauka, Odsek za biologiju i biohemiju oplodnje. 2006-2007 Istra\u017eiva\u010d\/embriolog, Univerzitetska bolnica Motol, Centar za reproduktivnu medicinu i reproduktivnu genetiku. 2007-2011 Embriolog, PRONATAL [&hellip;]<\/p>\n","protected":false},"author":1,"featured_media":0,"parent":0,"menu_order":0,"comment_status":"closed","ping_status":"closed","template":"","meta":{"_acf_changed":false,"_et_pb_use_builder":"on","_et_pb_old_content":"","_et_gb_content_width":"","footnotes":""},"class_list":["post-7446","page","type-page","status-publish","hentry"],"acf":[],"yoast_head":"<!-- This site is optimized with the Yoast SEO plugin v27.3 - https:\/\/yoast.com\/product\/yoast-seo-wordpress\/ -->\n<title>Embriolo\u0161ka laboratorija | FertilityPort Prague<\/title>\n<meta name=\"description\" content=\"Na osnovu vi\u0161egodi\u0161njeg iskustva na\u0161ih lekara i embriologa, na\u0161 centar koristi najsavremeniju opremu i metode.\" \/>\n<meta name=\"robots\" content=\"index, follow, max-snippet:-1, max-image-preview:large, max-video-preview:-1\" \/>\n<link rel=\"canonical\" href=\"https:\/\/fertilityport.com\/sr\/embriolozi\/\" \/>\n<meta property=\"og:locale\" content=\"sr_RS\" \/>\n<meta property=\"og:type\" content=\"article\" \/>\n<meta property=\"og:title\" content=\"Embriolo\u0161ka laboratorija | FertilityPort Prague\" \/>\n<meta property=\"og:description\" content=\"Na osnovu vi\u0161egodi\u0161njeg iskustva na\u0161ih lekara i embriologa, na\u0161 centar koristi najsavremeniju opremu i metode.\" \/>\n<meta property=\"og:url\" content=\"https:\/\/fertilityport.com\/sr\/embriolozi\/\" \/>\n<meta property=\"og:site_name\" content=\"FertilityPort Prague\" \/>\n<meta property=\"article:modified_time\" content=\"2023-04-05T13:44:56+00:00\" \/>\n<meta property=\"og:image\" content=\"https:\/\/fertilityport.com\/wp-content\/uploads\/2023\/03\/IMG_1772111.jpg\" \/>\n<meta name=\"twitter:card\" content=\"summary_large_image\" \/>\n<meta name=\"twitter:label1\" content=\"\u041f\u0440\u043e\u0446\u0435\u045a\u0435\u043d\u043e \u0432\u0440\u0435\u043c\u0435 \u0447\u0438\u0442\u0430\u045a\u0430\" \/>\n\t<meta name=\"twitter:data1\" content=\"4 \u043c\u0438\u043d\u0443\u0442\u0430\" \/>\n<script type=\"application\/ld+json\" class=\"yoast-schema-graph\">{\"@context\":\"https:\\\/\\\/schema.org\",\"@graph\":[{\"@type\":\"WebPage\",\"@id\":\"https:\\\/\\\/fertilityport.com\\\/sr\\\/embriolozi\\\/\",\"url\":\"https:\\\/\\\/fertilityport.com\\\/sr\\\/embriolozi\\\/\",\"name\":\"Embriolo\u0161ka laboratorija | FertilityPort Prague\",\"isPartOf\":{\"@id\":\"https:\\\/\\\/fertilityport.com\\\/#website\"},\"primaryImageOfPage\":{\"@id\":\"https:\\\/\\\/fertilityport.com\\\/sr\\\/embriolozi\\\/#primaryimage\"},\"image\":{\"@id\":\"https:\\\/\\\/fertilityport.com\\\/sr\\\/embriolozi\\\/#primaryimage\"},\"thumbnailUrl\":\"https:\\\/\\\/fertilityport.com\\\/wp-content\\\/uploads\\\/2023\\\/03\\\/IMG_1772111.jpg\",\"datePublished\":\"2023-04-05T13:42:02+00:00\",\"dateModified\":\"2023-04-05T13:44:56+00:00\",\"description\":\"Na osnovu vi\u0161egodi\u0161njeg iskustva na\u0161ih lekara i embriologa, na\u0161 centar koristi najsavremeniju opremu i metode.\",\"breadcrumb\":{\"@id\":\"https:\\\/\\\/fertilityport.com\\\/sr\\\/embriolozi\\\/#breadcrumb\"},\"inLanguage\":\"sr-RS\",\"potentialAction\":[{\"@type\":\"ReadAction\",\"target\":[\"https:\\\/\\\/fertilityport.com\\\/sr\\\/embriolozi\\\/\"]}]},{\"@type\":\"ImageObject\",\"inLanguage\":\"sr-RS\",\"@id\":\"https:\\\/\\\/fertilityport.com\\\/sr\\\/embriolozi\\\/#primaryimage\",\"url\":\"https:\\\/\\\/fertilityport.com\\\/wp-content\\\/uploads\\\/2023\\\/03\\\/IMG_1772111.jpg\",\"contentUrl\":\"https:\\\/\\\/fertilityport.com\\\/wp-content\\\/uploads\\\/2023\\\/03\\\/IMG_1772111.jpg\"},{\"@type\":\"BreadcrumbList\",\"@id\":\"https:\\\/\\\/fertilityport.com\\\/sr\\\/embriolozi\\\/#breadcrumb\",\"itemListElement\":[{\"@type\":\"ListItem\",\"position\":1,\"name\":\"Home\",\"item\":\"https:\\\/\\\/fertilityport.com\\\/sr\\\/\"},{\"@type\":\"ListItem\",\"position\":2,\"name\":\"Embriolozi\"}]},{\"@type\":\"WebSite\",\"@id\":\"https:\\\/\\\/fertilityport.com\\\/#website\",\"url\":\"https:\\\/\\\/fertilityport.com\\\/\",\"name\":\"FertilityPort Prague\",\"description\":\"\",\"potentialAction\":[{\"@type\":\"SearchAction\",\"target\":{\"@type\":\"EntryPoint\",\"urlTemplate\":\"https:\\\/\\\/fertilityport.com\\\/?s={search_term_string}\"},\"query-input\":{\"@type\":\"PropertyValueSpecification\",\"valueRequired\":true,\"valueName\":\"search_term_string\"}}],\"inLanguage\":\"sr-RS\"}]}<\/script>\n<!-- \/ Yoast SEO plugin. -->","yoast_head_json":{"title":"Embriolo\u0161ka laboratorija | FertilityPort Prague","description":"Na osnovu vi\u0161egodi\u0161njeg iskustva na\u0161ih lekara i embriologa, na\u0161 centar koristi najsavremeniju opremu i metode.","robots":{"index":"index","follow":"follow","max-snippet":"max-snippet:-1","max-image-preview":"max-image-preview:large","max-video-preview":"max-video-preview:-1"},"canonical":"https:\/\/fertilityport.com\/sr\/embriolozi\/","og_locale":"sr_RS","og_type":"article","og_title":"Embriolo\u0161ka laboratorija | FertilityPort Prague","og_description":"Na osnovu vi\u0161egodi\u0161njeg iskustva na\u0161ih lekara i embriologa, na\u0161 centar koristi najsavremeniju opremu i metode.","og_url":"https:\/\/fertilityport.com\/sr\/embriolozi\/","og_site_name":"FertilityPort Prague","article_modified_time":"2023-04-05T13:44:56+00:00","og_image":[{"url":"https:\/\/fertilityport.com\/wp-content\/uploads\/2023\/03\/IMG_1772111.jpg","type":"","width":"","height":""}],"twitter_card":"summary_large_image","twitter_misc":{"\u041f\u0440\u043e\u0446\u0435\u045a\u0435\u043d\u043e \u0432\u0440\u0435\u043c\u0435 \u0447\u0438\u0442\u0430\u045a\u0430":"4 \u043c\u0438\u043d\u0443\u0442\u0430"},"schema":{"@context":"https:\/\/schema.org","@graph":[{"@type":"WebPage","@id":"https:\/\/fertilityport.com\/sr\/embriolozi\/","url":"https:\/\/fertilityport.com\/sr\/embriolozi\/","name":"Embriolo\u0161ka laboratorija | FertilityPort Prague","isPartOf":{"@id":"https:\/\/fertilityport.com\/#website"},"primaryImageOfPage":{"@id":"https:\/\/fertilityport.com\/sr\/embriolozi\/#primaryimage"},"image":{"@id":"https:\/\/fertilityport.com\/sr\/embriolozi\/#primaryimage"},"thumbnailUrl":"https:\/\/fertilityport.com\/wp-content\/uploads\/2023\/03\/IMG_1772111.jpg","datePublished":"2023-04-05T13:42:02+00:00","dateModified":"2023-04-05T13:44:56+00:00","description":"Na osnovu vi\u0161egodi\u0161njeg iskustva na\u0161ih lekara i embriologa, na\u0161 centar koristi najsavremeniju opremu i metode.","breadcrumb":{"@id":"https:\/\/fertilityport.com\/sr\/embriolozi\/#breadcrumb"},"inLanguage":"sr-RS","potentialAction":[{"@type":"ReadAction","target":["https:\/\/fertilityport.com\/sr\/embriolozi\/"]}]},{"@type":"ImageObject","inLanguage":"sr-RS","@id":"https:\/\/fertilityport.com\/sr\/embriolozi\/#primaryimage","url":"https:\/\/fertilityport.com\/wp-content\/uploads\/2023\/03\/IMG_1772111.jpg","contentUrl":"https:\/\/fertilityport.com\/wp-content\/uploads\/2023\/03\/IMG_1772111.jpg"},{"@type":"BreadcrumbList","@id":"https:\/\/fertilityport.com\/sr\/embriolozi\/#breadcrumb","itemListElement":[{"@type":"ListItem","position":1,"name":"Home","item":"https:\/\/fertilityport.com\/sr\/"},{"@type":"ListItem","position":2,"name":"Embriolozi"}]},{"@type":"WebSite","@id":"https:\/\/fertilityport.com\/#website","url":"https:\/\/fertilityport.com\/","name":"FertilityPort Prague","description":"","potentialAction":[{"@type":"SearchAction","target":{"@type":"EntryPoint","urlTemplate":"https:\/\/fertilityport.com\/?s={search_term_string}"},"query-input":{"@type":"PropertyValueSpecification","valueRequired":true,"valueName":"search_term_string"}}],"inLanguage":"sr-RS"}]}},"_links":{"self":[{"href":"https:\/\/fertilityport.com\/sr\/wp-json\/wp\/v2\/pages\/7446","targetHints":{"allow":["GET"]}}],"collection":[{"href":"https:\/\/fertilityport.com\/sr\/wp-json\/wp\/v2\/pages"}],"about":[{"href":"https:\/\/fertilityport.com\/sr\/wp-json\/wp\/v2\/types\/page"}],"author":[{"embeddable":true,"href":"https:\/\/fertilityport.com\/sr\/wp-json\/wp\/v2\/users\/1"}],"replies":[{"embeddable":true,"href":"https:\/\/fertilityport.com\/sr\/wp-json\/wp\/v2\/comments?post=7446"}],"version-history":[{"count":8,"href":"https:\/\/fertilityport.com\/sr\/wp-json\/wp\/v2\/pages\/7446\/revisions"}],"predecessor-version":[{"id":7455,"href":"https:\/\/fertilityport.com\/sr\/wp-json\/wp\/v2\/pages\/7446\/revisions\/7455"}],"wp:attachment":[{"href":"https:\/\/fertilityport.com\/sr\/wp-json\/wp\/v2\/media?parent=7446"}],"curies":[{"name":"wp","href":"https:\/\/api.w.org\/{rel}","templated":true}]}}