{"id":4394,"date":"2021-06-21T15:34:22","date_gmt":"2021-06-21T13:34:22","guid":{"rendered":"https:\/\/fertilityport.com\/?page_id=4394"},"modified":"2021-12-07T17:24:55","modified_gmt":"2021-12-07T16:24:55","slug":"khuyen-mai-dac-biet","status":"publish","type":"page","link":"https:\/\/fertilityport.com\/vi\/khuyen-mai-dac-biet\/","title":{"rendered":"Khuy\u1ebfn m\u1ea1i \u0111\u1eb7c bi\u1ec7t"},"content":{"rendered":"<p>[et_pb_section fb_built=&#8221;1&#8243; module_class=&#8221;welcome&#8211;page welcome&#8211;page&#8211;contact&#8221; _builder_version=&#8221;4.6.1&#8243; background_image=&#8221;https:\/\/fertilityport.com\/wp-content\/uploads\/2020\/10\/proc_bg.jpg&#8221; background_position=&#8221;center_right&#8221;][et_pb_row column_structure=&#8221;2_3,1_3&#8243; _builder_version=&#8221;4.4.0&#8243;][et_pb_column type=&#8221;2_3&#8243; _builder_version=&#8221;4.4.0&#8243;][et_pb_text module_class=&#8221;c_blurb&#8221; _builder_version=&#8221;4.6.1&#8243;]<\/p>\n<h1>Khuy\u1ebfn m\u1ea1i \u0111\u1eb7c bi\u1ec7t<\/h1>\n<ul>\n<li>IVF m\u00e0 kh\u00f4ng c\u00f3 c\u00f4ng ty b\u1ea3o hi\u1ec3m kh\u00f4ng ph\u1ea3i l\u00e0 m\u1ed9t v\u1ea5n \u0111\u1ec1. Gia\u0309i quy\u00ea\u0341t l\u00e0 gi\u00e1 t\u1ed1t c\u1ee7a ch\u00fang t\u00f4i cho c\u00e1c li\u1ec7u ph\u00e1p.<\/li>\n<li>B\u1ea1n kh\u00f4ng c\u00f2n \u0111\u01b0\u1ee3c h\u01b0\u1edfng quy\u1ec1n l\u1ee3i c\u00f4ng ty b\u1ea3o hi\u1ec3m n\u1eefa? \u0110\u1eebng m\u1ea5t hy v\u1ecdng, gi\u00e1 c\u1ee7a ch\u00fang t\u00f4i r\u1ea5t t\u1ed1t v\u00e0 \u01b0\u1edbc m\u01a1 c\u1ee7a b\u1ea1n c\u00f3 m\u1ed9t em b\u00e9 ngay khi c\u1ea3 tu\u1ed5i cao v\u1eabn l\u00e0 th\u1ef1c t\u1ebf.<\/li>\n<li>Hi\u1ec7n nay MI\u1ec4N PH\u00cd: T\u01b0 v\u1ea5n v\u1edbi b\u00e1c s\u0129, embryoglue (keo d\u00ednh ph\u00f4i), chip Microfluidic (ph\u01b0\u01a1ng ph\u00e1p ph\u00f2ng th\u00ed nghi\u1ec7m ch\u1ecdn l\u1ecdc tinh tr\u00f9ng)<\/li>\n<\/ul>\n<p>[\/et_pb_text][\/et_pb_column][et_pb_column type=&#8221;1_3&#8243; _builder_version=&#8221;4.4.0&#8243;][\/et_pb_column][\/et_pb_row][\/et_pb_section][et_pb_section fb_built=&#8221;1&#8243; _builder_version=&#8221;4.4.0&#8243; background_image=&#8221;https:\/\/fertilityport.com\/wp-content\/uploads\/2020\/03\/socket.jpg&#8221;][et_pb_row _builder_version=&#8221;4.4.0&#8243;][et_pb_column type=&#8221;4_4&#8243; _builder_version=&#8221;4.4.0&#8243;][et_pb_team_member name=&#8221;Ng\u01b0\u1eddi li\u00ean h\u1ec7&#8221; _builder_version=&#8221;4.9.10&#8243; _module_preset=&#8221;default&#8221; header_font=&#8221;|700|||||||&#8221; body_text_align=&#8221;center&#8221; hover_enabled=&#8221;0&#8243; header_level=&#8221;h3&#8243; body_font_size=&#8221;18px&#8221; sticky_enabled=&#8221;0&#8243;]<\/p>\n<h3><strong>Huyen Trang<\/strong><\/h3>\n<p>+420 <span>725 343 030<br \/><\/span><strong><a href=\"mailto:trang@fertilityport.com\">trang@fertilityport.com<\/a><\/strong><\/p>\n<p>[\/et_pb_team_member][\/et_pb_column][\/et_pb_row][\/et_pb_section][et_pb_section fb_built=&#8221;1&#8243; _builder_version=&#8221;4.4.0&#8243;][et_pb_row column_structure=&#8221;3_5,2_5&#8243; _builder_version=&#8221;4.6.1&#8243; _module_preset=&#8221;default&#8221;][et_pb_column type=&#8221;3_5&#8243; _builder_version=&#8221;4.6.1&#8243; _module_preset=&#8221;default&#8221;][et_pb_text _builder_version=&#8221;4.9.4&#8243; _module_preset=&#8221;default&#8221;]<\/p>\n<p>B\u1ea1n \u0111\u00e3 tr\u00ean 39 tu\u1ed5i n\u00ean kh\u00f4ng c\u00f2n \u0111\u01b0\u1ee3c c\u00f4ng ty b\u1ea3o hi\u1ec3m tr\u1ea3 cho h\u1ed7 tr\u1ee3 sinh s\u1ea3n? Ho\u1eb7c b\u1ea1n ch\u01b0a \u0111\u1ebfn tu\u1ed5i gi\u1edbi h\u1ea1n, nh\u01b0ng b\u1ea1n \u0111\u00e3 du\u0340ng h\u1ebft t\u1ea5t c\u1ea3 s\u1ed1 l\u01b0\u1ee3ng li\u1ec7u ph\u00e1p m\u00e0 c\u00f4ng ty b\u1ea3o hi\u1ec3m chi tr\u1ea3?<\/p>\n<p>Con \u0111\u01b0\u1eddng \u0111\u1ebfn v\u1edbi em b\u00e9 mong mu\u1ed1n c\u1ee7a b\u1ea1n kh\u00f4ng k\u1ebft th\u00fac! C\u00e1c b\u00e1c s\u0129 c\u1ee7a ch\u00fang t\u00f4i c\u00f3 nhi\u1ec1u kinh nghi\u1ec7m trong vi\u1ec7c \u0111i\u1ec1u tr\u1ecb cho b\u1ec7nh nh\u00e2n cao tu\u1ed5i, v\u00ec v\u1eady b\u1ea1n c\u00f3 c\u01a1 h\u1ed9i th\u00e0nh c\u00f4ng.<\/p>\n<p>\u0110i\u1ec1u tr\u1ecb v\u00f4 sinh cho nh\u1eefng &#8220;ng\u01b0\u1eddi t\u1ef1 tr\u1ea3 ti\u1ec1n&#8221; kh\u00f4ng c\u00f3 h\u1ea1n ch\u1ebf v\u00e0 h\u01a1n n\u1eefa, gi\u00e1 c\u1ea3 r\u00e2t thu\u1eadn l\u1ee3i. Th\u01b0\u1eddng xuy\u00ean gi\u00e1 k\u1ebft qu\u1ea3 cho ng\u01b0\u1eddi t\u1ef1 tr\u1ea3 ti\u1ec1n th\u1ea5p h\u01a1n so v\u1edbi vi\u1ec7c tham gia c\u1ee7a c\u00f4ng ty b\u1ea3o hi\u1ec3m. T\u1ea1i sao nh\u01b0 v\u1eady? C\u00e1c c\u00f4ng ty b\u1ea3o hi\u1ec3m ch\u1ec9 tr\u1ea3 m\u1ee9c gi\u00e1 c\u01a1 b\u1ea3n c\u1ee7a li\u1ec7u ph\u00e1p. T\u1ea5t c\u1ea3 c\u00e1c ph\u01b0\u01a1ng ph\u00e1p ph\u00f2ng th\u00ed nghi\u1ec7m c\u1ea7n thi\u1ebft kh\u00e1c \u0111\u1ec1u ph\u1ea3i t\u00ednh ri\u00eang v\u1edfi m\u1ed7i trung t\u00e2m!<\/p>\n<p>S\u1ed1 ti\u1ec1n cu\u1ed1i c\u00f9ng sau \u0111\u00f3 c\u00f3 th\u1ec3 cao h\u01a1n b\u1ea1n \u0111\u01b0\u1ee3c mong \u0111\u1ee3i. Ch\u00fang t\u00f4i cung c\u1ea5p c\u00e1c g\u00f3i li\u1ec7u ph\u00e1p (<a href=\"https:\/\/fertilityport.com\/wp-content\/uploads\/2021\/06\/VN__FERTILITYPORT-zkraceny_CENI\u0301K-CZ-2020-.pdf\" target=\"_blank\" rel=\"noopener\"><span style=\"color: #a55d68;\"><strong>b\u1ea3ng gi\u00e1<\/strong><\/span><\/a>), trong \u0111\u00f3 \u0111\u00e3 c\u00f3 c\u00e1c ph\u01b0\u01a1ng ph\u00e1p ph\u00f2ng th\u00ed nghi\u1ec7m \u0111\u01b0\u1ee3c bao g\u1ed3m trong gi\u00e1.<\/p>\n<p>B\u1ea1n h\u00e3y ch\u1ecdn trung t\u00e2m h\u1ed7 tr\u1ee3 sinh s\u1ea3n theo s\u1ef1 gi\u1edbi thi\u1ec7u, d\u1ecbch v\u1ee5 v\u00e0 chuy\u00ean nghi\u1ec7p c\u1ee7a b\u00e1c s\u0129 ch\u1ee9 kh\u00f4ng ph\u1ea3i theo s\u1ed1 l\u01b0\u1ee3ng m\u00e0 c\u00e1c c\u00f4ng ty b\u1ea3o hi\u1ec3m \u0111\u00e3 k\u00fd h\u1ee3p \u0111\u1ed3ng. Ch\u00fang t\u00f4i cung c\u1ea5p cho b\u1ea1n ch\u1ea5t l\u01b0\u1ee3ng, kinh nghi\u1ec7m, th\u00e0nh c\u00f4ng cao, \u0111\u00e2y l\u00e0 nh\u1eefng nguy\u00ean t\u1eafc ch\u00fang t\u00f4i gi\u1eef t\u1ea1i FertilityPort Prague.<\/p>\n<p>Gi\u00e1 c\u1ee7a ch\u00fang t\u00f4i l\u00e0 m\u1ed9t gi\u00e1 t\u1ed1t nh\u1ea5t \u1edf Praha. H\u00e3y xem b\u1ea3ng gi\u00e1 c\u1ee7a ch\u00fang t\u00f4i ho\u1eb7c xem b\u1ea3ng so s\u00e1nh minh h\u1ecda, n\u01a1i m\u00e0 b\u1ea1n s\u1ebd t\u00ecm th\u1ea5y nh\u1eefng l\u1ee3i \u00edch c\u1ee7a ng\u01b0\u1eddi t\u1ef1 thanh to\u00e1n trong FertilityPort Prague.<\/p>\n<p>Ch\u00fang t\u00f4i s\u1ebd s\u1eb5n s\u00e0ng b\u00e0n lu\u1eadn v\u1ec1 c\u00e1c l\u1ef1a ch\u1ecdn \u0111i\u1ec1u tr\u1ecb v\u1edbi b\u1ea1n \u0111\u1ec3 li\u1ec7u ph\u00e1p c\u1ee7a b\u1ea1n s\u1ebd th\u00e0nh c\u00f4ng.<\/p>\n<p>[\/et_pb_text][\/et_pb_column][et_pb_column type=&#8221;2_5&#8243; _builder_version=&#8221;4.6.1&#8243; _module_preset=&#8221;default&#8221;][et_pb_text _builder_version=&#8221;4.9.4&#8243; _module_preset=&#8221;default&#8221;]<\/p>\n<p><strong>H\u00e3y nghe c\u00e2u chuy\u1ec7n b\u1ec7nh nh\u00e2n c\u1ee7a ch\u00fang t\u00f4i, con \u0111\u01b0\u1eddng c\u1ee7a c\u00f4 \u1ea5y \u0111\u1ec3 c\u00f3 em b\u00e9<\/strong><\/p>\n<p>[\/et_pb_text][et_pb_video src=&#8221;https:\/\/youtu.be\/Nu0qJ-nPijA&#8221; _builder_version=&#8221;4.9.4&#8243; _module_preset=&#8221;default&#8221;][\/et_pb_video][\/et_pb_column][\/et_pb_row][et_pb_row _builder_version=&#8221;4.6.1&#8243; _module_preset=&#8221;default&#8221;][et_pb_column type=&#8221;4_4&#8243; _builder_version=&#8221;4.6.1&#8243; _module_preset=&#8221;default&#8221;][et_pb_text _builder_version=&#8221;4.6.1&#8243; _module_preset=&#8221;default&#8221; text_text_color=&#8221;#b7929e&#8221; text_orientation=&#8221;center&#8221;]<\/p>\n<p><strong>T\u01b0 v\u1ea5n MI\u1ec4N PH\u00cd v\u1edbi b\u00e1c s\u0129 c\u1ee7a ch\u00fang t\u00f4i, MI\u1ec4N PH\u00cd keo d\u00ednh ph\u00f4i v\u00e0 chip Microfluidic MI\u1ec4N PH\u00cd cho t\u1ea5t c\u1ea3 c\u00e1c lo\u1ea1i li\u1ec7u ph\u00e1p.<\/strong><\/p>\n<p><strong><em>Ch\u00fang t\u00f4i s\u1ebd gi\u00fap b\u1ea1n tr\u1edf th\u00e0nh m\u1ed9t gia \u0111\u00ecnh\u2026<\/em><\/strong><\/p>\n<p>[\/et_pb_text][\/et_pb_column][\/et_pb_row][et_pb_row _builder_version=&#8221;4.6.1&#8243; _module_preset=&#8221;default&#8221;][et_pb_column type=&#8221;4_4&#8243; _builder_version=&#8221;4.6.1&#8243; _module_preset=&#8221;default&#8221;][et_pb_text module_class=&#8221;table&#8211;overflow&#8221; _builder_version=&#8221;4.9.4&#8243; _module_preset=&#8221;default&#8221;]<\/p>\n<table class=\"table table--compare table--icons\">\n<thead>\n<tr>\n<td>\n<h3>FERTILITYPORT PRAGUE<\/h3>\n<p>(IVF kh\u00f4ng c\u00f3 c\u00f4ng ty b\u1ea3o hi\u1ec3m)<\/p>\n<\/td>\n<td>\n<h3>Vi\u1ec7n h\u1ed7 tr\u1ee3 sinh s\u1ea3n kh\u00e1c<\/h3>\n<p>(IVF \u0111\u01b0\u1ee3c tr\u1ea3 g\u1ed3m c\u00f4ng ty b\u1ea3o hi\u1ec3m)<\/p>\n<\/td>\n<\/tr>\n<\/thead>\n<tbody>\n<tr>\n<td><span><img decoding=\"async\" src=\"https:\/\/fertilityport.com\/wp-content\/uploads\/2020\/11\/fertility-check.png\" alt=\"Ico\" \/><\/span>Kh\u00f4ng gi\u1edbi h\u1ea1n s\u1ed1 l\u01b0\u1ee3ng li\u1ec7u ph\u00e1p *<\/td>\n<td><span><img decoding=\"async\" src=\"https:\/\/fertilityport.com\/wp-content\/uploads\/2020\/11\/close.png\" alt=\"Ico\" \/><\/span>4 li\u1ec7u ph\u00e1p, v\u1edbi \u0111i\u1ec1u ki\u1ec7n l\u00e0 hai li\u1ec7u ph\u00e1p \u0111\u1ea7u ti\u00ean ph\u1ea3i l\u00e0 chuy\u1ec3n ph\u00f4i thai t\u01b0\u01a1i<\/td>\n<\/tr>\n<tr>\n<td><span><img decoding=\"async\" src=\"https:\/\/fertilityport.com\/wp-content\/uploads\/2020\/11\/fertility-check.png\" alt=\"Ico\" \/><\/span>Trung t\u00e2m v\u1edbi kh\u00f4ng kh\u00ed gia \u0111\u00ecnh, ch\u0103m s\u00f3c ch\u1ea5t l\u01b0\u1ee3ng<\/td>\n<td><span><img decoding=\"async\" src=\"https:\/\/fertilityport.com\/wp-content\/uploads\/2020\/11\/close.png\" alt=\"Ico\" \/><\/span>C\u00e1c trung t\u00e2m l\u1edbn h\u01a1n v\u1edbi nhi\u1ec1u b\u1ec7nh nh\u00e2n h\u01a1n<\/td>\n<\/tr>\n<tr>\n<td><span><img decoding=\"async\" src=\"https:\/\/fertilityport.com\/wp-content\/uploads\/2020\/11\/fertility-check.png\" alt=\"Ico\" \/><\/span>Kh\u00f4ng m\u1ea5t th\u1eddi gian ch\u1edd \u0111\u1ee3i khi \u0111\u1eb7t v\u00e0 b\u1eaft \u0111\u1ea7u v\u1edbi li\u1ec7u ph\u00e1p<\/td>\n<td><span><img decoding=\"async\" src=\"https:\/\/fertilityport.com\/wp-content\/uploads\/2020\/11\/close.png\" alt=\"Ico\" \/><\/span>Th\u1eddi gian ch\u1edd \u0111\u1ee3i l\u00e2u h\u01a1n cho m\u1ed9t s\u1ed1 lo\u1ea1i li\u1ec7u ph\u00e1p<\/td>\n<\/tr>\n<tr>\n<td><span><img decoding=\"async\" src=\"https:\/\/fertilityport.com\/wp-content\/uploads\/2020\/11\/fertility-check.png\" alt=\"Ico\" \/><\/span>S\u1ed1 l\u01b0\u1ee3ng chuy\u1ec3n ph\u00f4i thai kh\u00f4ng \u1ea3nh h\u01b0\u1edfng \u0111\u1ebfn s\u1ed1 l\u01b0\u1ee3ng th\u1eed nghi\u1ec7m c\u00f2n l\u1ea1i<\/td>\n<td><span><img decoding=\"async\" src=\"https:\/\/fertilityport.com\/wp-content\/uploads\/2020\/11\/close.png\" alt=\"Ico\" \/><\/span>S\u1ed1 l\u01b0\u1ee3ng ph\u00f4i thai \u0111\u01b0\u1ee3c \u1ea3nh h\u01b0\u1edfng \u0111\u1ebfn v\u1edbi s\u1ed1 l\u01b0\u1ee3ng th\u1eed nghi\u1ec7m c\u00f2n l\u1ea1i<\/td>\n<\/tr>\n<tr>\n<td><span><img decoding=\"async\" src=\"https:\/\/fertilityport.com\/wp-content\/uploads\/2020\/11\/fertility-check.png\" alt=\"Ico\" \/><\/span>Kh\u1ea3 n\u0103ng \u0111i\u1ec1u tr\u1ecb l\u00ean \u0111\u1ebfn n\u0103m 48+<\/td>\n<td><span><img decoding=\"async\" src=\"https:\/\/fertilityport.com\/wp-content\/uploads\/2020\/11\/close.png\" alt=\"Ico\" \/><\/span>Kh\u1ea3 n\u0103ng \u0111i\u1ec1u tr\u1ecb l\u00ean \u0111\u1ebfn n\u0103m 38+<\/td>\n<\/tr>\n<tr>\n<td><span><img decoding=\"async\" src=\"https:\/\/fertilityport.com\/wp-content\/uploads\/2020\/11\/fertility-check.png\" alt=\"Ico\" \/><\/span>T\u1ea5t c\u1ea3 c\u00e1c ph\u01b0\u01a1ng ph\u00e1p b\u1ed5 sung ph\u00f2ng th\u00ed nghi\u1ec7m \u0111\u00e3 bao g\u1ed3m trong g\u00f3i gi\u00e1<\/td>\n<td><span><img decoding=\"async\" src=\"https:\/\/fertilityport.com\/wp-content\/uploads\/2020\/11\/close.png\" alt=\"Ico\" \/><\/span>C\u00e1c ph\u01b0\u01a1ng ph\u00e1p b\u1ed5 sung trong ph\u00f2ng th\u00ed nghi\u1ec7m kh\u00f4ng \u0111\u01b0\u1ee3c c\u00f4ng ty b\u1ea3o hi\u1ec3m chi tr\u1ea3, b\u1ec7nh nh\u00e2n th\u01b0\u1eddng ph\u1ea3i tr\u1ea3 s\u1ed1 ti\u1ec1n cao h\u01a1n cho c\u00e1c ph\u01b0\u01a1ng ph\u00e1p kh\u00e1c so v\u1edbi t\u1ed5ng gi\u00e1 li\u1ec7u ph\u00e1p \u1edf FertilityPort Prague<\/td>\n<\/tr>\n<\/tbody>\n<\/table>\n<p>*theo lu\u1eadt h\u1ee3p l\u1ec7 ch\u1ec9 gi\u1edbi h\u1ea1n theo tu\u1ed5i (t\u1ed1i \u0111a 48+)<\/p>\n<p>[\/et_pb_text][\/et_pb_column][\/et_pb_row][et_pb_row _builder_version=&#8221;4.9.4&#8243; _module_preset=&#8221;default&#8221; custom_padding=&#8221;15px|||||&#8221;][et_pb_column type=&#8221;4_4&#8243; _builder_version=&#8221;4.9.4&#8243; _module_preset=&#8221;default&#8221;][et_pb_button button_url=&#8221;https:\/\/fertilityport.com\/wp-content\/uploads\/2021\/06\/VN__FERTILITYPORT-zkraceny_CENI%CC%81K-CZ-2020-.pdf&#8221; url_new_window=&#8221;on&#8221; button_text=&#8221;B\u1ea3ng gi\u00e1&#8221; button_alignment=&#8221;center&#8221; _builder_version=&#8221;4.9.4&#8243; _module_preset=&#8221;default&#8221; custom_button=&#8221;on&#8221; button_text_size=&#8221;19px&#8221; button_bg_color=&#8221;#a55d68&#8243; button_border_color=&#8221;RGBA(0,0,0,0)&#8221; button_border_radius=&#8221;12px&#8221; background_layout=&#8221;dark&#8221;][\/et_pb_button][\/et_pb_column][\/et_pb_row][\/et_pb_section][et_pb_section fb_built=&#8221;1&#8243; _builder_version=&#8221;4.4.0&#8243; background_color=&#8221;#d4a4a9&#8243;][et_pb_row column_structure=&#8221;1_4,1_2,1_4&#8243; _builder_version=&#8221;4.4.0&#8243;][et_pb_column type=&#8221;1_4&#8243; _builder_version=&#8221;4.4.0&#8243;][\/et_pb_column][et_pb_column type=&#8221;1_2&#8243; _builder_version=&#8221;4.4.0&#8243;][et_pb_text _builder_version=&#8221;4.9.4&#8243;]<\/p>\n<p>[contact-form-7 id=&#8221;3980&#8243; title=&#8221;VNM &#8211; Speci\u00e1ln\u00ed nab\u00eddka&#8221;]<\/p>\n<p>[\/et_pb_text][\/et_pb_column][et_pb_column type=&#8221;1_4&#8243; _builder_version=&#8221;4.4.0&#8243;][\/et_pb_column][\/et_pb_row][\/et_pb_section]<\/p>\n","protected":false},"excerpt":{"rendered":"<p>Khuy\u1ebfn m\u1ea1i \u0111\u1eb7c bi\u1ec7t IVF m\u00e0 kh\u00f4ng c\u00f3 c\u00f4ng ty b\u1ea3o hi\u1ec3m kh\u00f4ng ph\u1ea3i l\u00e0 m\u1ed9t v\u1ea5n \u0111\u1ec1. Gia\u0309i quy\u00ea\u0341t l\u00e0 gi\u00e1 t\u1ed1t c\u1ee7a ch\u00fang t\u00f4i cho c\u00e1c li\u1ec7u ph\u00e1p. B\u1ea1n kh\u00f4ng c\u00f2n \u0111\u01b0\u1ee3c h\u01b0\u1edfng quy\u1ec1n l\u1ee3i c\u00f4ng ty b\u1ea3o hi\u1ec3m n\u1eefa? \u0110\u1eebng m\u1ea5t hy v\u1ecdng, gi\u00e1 c\u1ee7a ch\u00fang t\u00f4i r\u1ea5t t\u1ed1t v\u00e0 \u01b0\u1edbc m\u01a1 [&hellip;]<\/p>\n","protected":false},"author":2,"featured_media":0,"parent":0,"menu_order":0,"comment_status":"closed","ping_status":"closed","template":"","meta":{"_acf_changed":false,"_et_pb_use_builder":"on","_et_pb_old_content":"","_et_gb_content_width":"","footnotes":""},"class_list":["post-4394","page","type-page","status-publish","hentry"],"acf":[],"yoast_head":"<!-- This site is optimized with the Yoast SEO plugin v27.2 - https:\/\/yoast.com\/product\/yoast-seo-wordpress\/ -->\n<title>Khuy\u1ebfn m\u1ea1i \u0111\u1eb7c bi\u1ec7t| FertilityPort Prague<\/title>\n<meta name=\"description\" content=\"B\u1ea1n kh\u00f4ng c\u00f2n \u0111\u01b0\u1ee3c c\u00f4ng ty b\u1ea3o hi\u1ec3m tham gia tr\u1ea3 cho? \u0110\u1eebng m\u1ea5t hy v\u1ecdng, gi\u00e1 c\u1ee7a ch\u00fang t\u00f4i r\u1ea5t t\u1ed1t v\u00e0 \u01b0\u1edbc m\u01a1 c\u1ee7a b\u1ea1n v\u1ec1 m\u1ed9t em b\u00e9 ngay c\u1ea3 khi tu\u1ed5i cao v\u1eabn th\u00e0nh th\u1ef1c t\u1ebf.\" \/>\n<meta name=\"robots\" content=\"index, follow, max-snippet:-1, max-image-preview:large, max-video-preview:-1\" \/>\n<link rel=\"canonical\" href=\"https:\/\/fertilityport.com\/vi\/khuyen-mai-dac-biet\/\" \/>\n<meta property=\"og:locale\" content=\"vi_VN\" \/>\n<meta property=\"og:type\" content=\"article\" \/>\n<meta property=\"og:title\" content=\"Khuy\u1ebfn m\u1ea1i \u0111\u1eb7c bi\u1ec7t| FertilityPort Prague\" \/>\n<meta property=\"og:description\" content=\"B\u1ea1n kh\u00f4ng c\u00f2n \u0111\u01b0\u1ee3c c\u00f4ng ty b\u1ea3o hi\u1ec3m tham gia tr\u1ea3 cho? \u0110\u1eebng m\u1ea5t hy v\u1ecdng, gi\u00e1 c\u1ee7a ch\u00fang t\u00f4i r\u1ea5t t\u1ed1t v\u00e0 \u01b0\u1edbc m\u01a1 c\u1ee7a b\u1ea1n v\u1ec1 m\u1ed9t em b\u00e9 ngay c\u1ea3 khi tu\u1ed5i cao v\u1eabn th\u00e0nh th\u1ef1c t\u1ebf.\" \/>\n<meta property=\"og:url\" content=\"https:\/\/fertilityport.com\/vi\/khuyen-mai-dac-biet\/\" \/>\n<meta property=\"og:site_name\" content=\"FertilityPort Prague\" \/>\n<meta property=\"article:modified_time\" content=\"2021-12-07T16:24:55+00:00\" \/>\n<meta property=\"og:image\" content=\"https:\/\/fertilityport.com\/wp-content\/uploads\/2020\/11\/fertility-check.png\" \/>\n<meta name=\"twitter:card\" content=\"summary_large_image\" \/>\n<meta name=\"twitter:label1\" content=\"Est. reading time\" \/>\n\t<meta name=\"twitter:data1\" content=\"8 minutes\" \/>\n<script type=\"application\/ld+json\" class=\"yoast-schema-graph\">{\"@context\":\"https:\/\/schema.org\",\"@graph\":[{\"@type\":\"WebPage\",\"@id\":\"https:\/\/fertilityport.com\/vi\/khuyen-mai-dac-biet\/\",\"url\":\"https:\/\/fertilityport.com\/vi\/khuyen-mai-dac-biet\/\",\"name\":\"Khuy\u1ebfn m\u1ea1i \u0111\u1eb7c bi\u1ec7t| FertilityPort Prague\",\"isPartOf\":{\"@id\":\"https:\/\/fertilityport.com\/#website\"},\"primaryImageOfPage\":{\"@id\":\"https:\/\/fertilityport.com\/vi\/khuyen-mai-dac-biet\/#primaryimage\"},\"image\":{\"@id\":\"https:\/\/fertilityport.com\/vi\/khuyen-mai-dac-biet\/#primaryimage\"},\"thumbnailUrl\":\"https:\/\/fertilityport.com\/wp-content\/uploads\/2020\/11\/fertility-check.png\",\"datePublished\":\"2021-06-21T13:34:22+00:00\",\"dateModified\":\"2021-12-07T16:24:55+00:00\",\"description\":\"B\u1ea1n kh\u00f4ng c\u00f2n \u0111\u01b0\u1ee3c c\u00f4ng ty b\u1ea3o hi\u1ec3m tham gia tr\u1ea3 cho? \u0110\u1eebng m\u1ea5t hy v\u1ecdng, gi\u00e1 c\u1ee7a ch\u00fang t\u00f4i r\u1ea5t t\u1ed1t v\u00e0 \u01b0\u1edbc m\u01a1 c\u1ee7a b\u1ea1n v\u1ec1 m\u1ed9t em b\u00e9 ngay c\u1ea3 khi tu\u1ed5i cao v\u1eabn th\u00e0nh th\u1ef1c t\u1ebf.\",\"breadcrumb\":{\"@id\":\"https:\/\/fertilityport.com\/vi\/khuyen-mai-dac-biet\/#breadcrumb\"},\"inLanguage\":\"vi-VN\",\"potentialAction\":[{\"@type\":\"ReadAction\",\"target\":[\"https:\/\/fertilityport.com\/vi\/khuyen-mai-dac-biet\/\"]}]},{\"@type\":\"ImageObject\",\"inLanguage\":\"vi-VN\",\"@id\":\"https:\/\/fertilityport.com\/vi\/khuyen-mai-dac-biet\/#primaryimage\",\"url\":\"https:\/\/fertilityport.com\/wp-content\/uploads\/2020\/11\/fertility-check.png\",\"contentUrl\":\"https:\/\/fertilityport.com\/wp-content\/uploads\/2020\/11\/fertility-check.png\"},{\"@type\":\"BreadcrumbList\",\"@id\":\"https:\/\/fertilityport.com\/vi\/khuyen-mai-dac-biet\/#breadcrumb\",\"itemListElement\":[{\"@type\":\"ListItem\",\"position\":1,\"name\":\"Home\",\"item\":\"https:\/\/fertilityport.com\/vi\/\"},{\"@type\":\"ListItem\",\"position\":2,\"name\":\"Khuy\u1ebfn m\u1ea1i \u0111\u1eb7c bi\u1ec7t\"}]},{\"@type\":\"WebSite\",\"@id\":\"https:\/\/fertilityport.com\/#website\",\"url\":\"https:\/\/fertilityport.com\/\",\"name\":\"FertilityPort Prague\",\"description\":\"\",\"potentialAction\":[{\"@type\":\"SearchAction\",\"target\":{\"@type\":\"EntryPoint\",\"urlTemplate\":\"https:\/\/fertilityport.com\/?s={search_term_string}\"},\"query-input\":{\"@type\":\"PropertyValueSpecification\",\"valueRequired\":true,\"valueName\":\"search_term_string\"}}],\"inLanguage\":\"vi-VN\"}]}<\/script>\n<!-- \/ Yoast SEO plugin. -->","yoast_head_json":{"title":"Khuy\u1ebfn m\u1ea1i \u0111\u1eb7c bi\u1ec7t| FertilityPort Prague","description":"B\u1ea1n kh\u00f4ng c\u00f2n \u0111\u01b0\u1ee3c c\u00f4ng ty b\u1ea3o hi\u1ec3m tham gia tr\u1ea3 cho? \u0110\u1eebng m\u1ea5t hy v\u1ecdng, gi\u00e1 c\u1ee7a ch\u00fang t\u00f4i r\u1ea5t t\u1ed1t v\u00e0 \u01b0\u1edbc m\u01a1 c\u1ee7a b\u1ea1n v\u1ec1 m\u1ed9t em b\u00e9 ngay c\u1ea3 khi tu\u1ed5i cao v\u1eabn th\u00e0nh th\u1ef1c t\u1ebf.","robots":{"index":"index","follow":"follow","max-snippet":"max-snippet:-1","max-image-preview":"max-image-preview:large","max-video-preview":"max-video-preview:-1"},"canonical":"https:\/\/fertilityport.com\/vi\/khuyen-mai-dac-biet\/","og_locale":"vi_VN","og_type":"article","og_title":"Khuy\u1ebfn m\u1ea1i \u0111\u1eb7c bi\u1ec7t| FertilityPort Prague","og_description":"B\u1ea1n kh\u00f4ng c\u00f2n \u0111\u01b0\u1ee3c c\u00f4ng ty b\u1ea3o hi\u1ec3m tham gia tr\u1ea3 cho? \u0110\u1eebng m\u1ea5t hy v\u1ecdng, gi\u00e1 c\u1ee7a ch\u00fang t\u00f4i r\u1ea5t t\u1ed1t v\u00e0 \u01b0\u1edbc m\u01a1 c\u1ee7a b\u1ea1n v\u1ec1 m\u1ed9t em b\u00e9 ngay c\u1ea3 khi tu\u1ed5i cao v\u1eabn th\u00e0nh th\u1ef1c t\u1ebf.","og_url":"https:\/\/fertilityport.com\/vi\/khuyen-mai-dac-biet\/","og_site_name":"FertilityPort Prague","article_modified_time":"2021-12-07T16:24:55+00:00","og_image":[{"url":"https:\/\/fertilityport.com\/wp-content\/uploads\/2020\/11\/fertility-check.png","type":"","width":"","height":""}],"twitter_card":"summary_large_image","twitter_misc":{"Est. reading time":"8 minutes"},"schema":{"@context":"https:\/\/schema.org","@graph":[{"@type":"WebPage","@id":"https:\/\/fertilityport.com\/vi\/khuyen-mai-dac-biet\/","url":"https:\/\/fertilityport.com\/vi\/khuyen-mai-dac-biet\/","name":"Khuy\u1ebfn m\u1ea1i \u0111\u1eb7c bi\u1ec7t| FertilityPort Prague","isPartOf":{"@id":"https:\/\/fertilityport.com\/#website"},"primaryImageOfPage":{"@id":"https:\/\/fertilityport.com\/vi\/khuyen-mai-dac-biet\/#primaryimage"},"image":{"@id":"https:\/\/fertilityport.com\/vi\/khuyen-mai-dac-biet\/#primaryimage"},"thumbnailUrl":"https:\/\/fertilityport.com\/wp-content\/uploads\/2020\/11\/fertility-check.png","datePublished":"2021-06-21T13:34:22+00:00","dateModified":"2021-12-07T16:24:55+00:00","description":"B\u1ea1n kh\u00f4ng c\u00f2n \u0111\u01b0\u1ee3c c\u00f4ng ty b\u1ea3o hi\u1ec3m tham gia tr\u1ea3 cho? \u0110\u1eebng m\u1ea5t hy v\u1ecdng, gi\u00e1 c\u1ee7a ch\u00fang t\u00f4i r\u1ea5t t\u1ed1t v\u00e0 \u01b0\u1edbc m\u01a1 c\u1ee7a b\u1ea1n v\u1ec1 m\u1ed9t em b\u00e9 ngay c\u1ea3 khi tu\u1ed5i cao v\u1eabn th\u00e0nh th\u1ef1c t\u1ebf.","breadcrumb":{"@id":"https:\/\/fertilityport.com\/vi\/khuyen-mai-dac-biet\/#breadcrumb"},"inLanguage":"vi-VN","potentialAction":[{"@type":"ReadAction","target":["https:\/\/fertilityport.com\/vi\/khuyen-mai-dac-biet\/"]}]},{"@type":"ImageObject","inLanguage":"vi-VN","@id":"https:\/\/fertilityport.com\/vi\/khuyen-mai-dac-biet\/#primaryimage","url":"https:\/\/fertilityport.com\/wp-content\/uploads\/2020\/11\/fertility-check.png","contentUrl":"https:\/\/fertilityport.com\/wp-content\/uploads\/2020\/11\/fertility-check.png"},{"@type":"BreadcrumbList","@id":"https:\/\/fertilityport.com\/vi\/khuyen-mai-dac-biet\/#breadcrumb","itemListElement":[{"@type":"ListItem","position":1,"name":"Home","item":"https:\/\/fertilityport.com\/vi\/"},{"@type":"ListItem","position":2,"name":"Khuy\u1ebfn m\u1ea1i \u0111\u1eb7c bi\u1ec7t"}]},{"@type":"WebSite","@id":"https:\/\/fertilityport.com\/#website","url":"https:\/\/fertilityport.com\/","name":"FertilityPort Prague","description":"","potentialAction":[{"@type":"SearchAction","target":{"@type":"EntryPoint","urlTemplate":"https:\/\/fertilityport.com\/?s={search_term_string}"},"query-input":{"@type":"PropertyValueSpecification","valueRequired":true,"valueName":"search_term_string"}}],"inLanguage":"vi-VN"}]}},"_links":{"self":[{"href":"https:\/\/fertilityport.com\/vi\/wp-json\/wp\/v2\/pages\/4394","targetHints":{"allow":["GET"]}}],"collection":[{"href":"https:\/\/fertilityport.com\/vi\/wp-json\/wp\/v2\/pages"}],"about":[{"href":"https:\/\/fertilityport.com\/vi\/wp-json\/wp\/v2\/types\/page"}],"author":[{"embeddable":true,"href":"https:\/\/fertilityport.com\/vi\/wp-json\/wp\/v2\/users\/2"}],"replies":[{"embeddable":true,"href":"https:\/\/fertilityport.com\/vi\/wp-json\/wp\/v2\/comments?post=4394"}],"version-history":[{"count":12,"href":"https:\/\/fertilityport.com\/vi\/wp-json\/wp\/v2\/pages\/4394\/revisions"}],"predecessor-version":[{"id":5018,"href":"https:\/\/fertilityport.com\/vi\/wp-json\/wp\/v2\/pages\/4394\/revisions\/5018"}],"wp:attachment":[{"href":"https:\/\/fertilityport.com\/vi\/wp-json\/wp\/v2\/media?parent=4394"}],"curies":[{"name":"wp","href":"https:\/\/api.w.org\/{rel}","templated":true}]}}