{"id":4704,"date":"2021-09-06T15:39:21","date_gmt":"2021-09-06T13:39:21","guid":{"rendered":"https:\/\/fertilityport.com\/?page_id=4704"},"modified":"2021-12-07T17:25:43","modified_gmt":"2021-12-07T16:25:43","slug":"kham-va-dieu-tri-vo-sinh","status":"publish","type":"page","link":"https:\/\/fertilityport.com\/vi\/kham-va-dieu-tri-vo-sinh\/","title":{"rendered":"Kh\u00e1m v\u00e0 \u0111i\u1ec1u tr\u1ecb v\u00f4 sinh"},"content":{"rendered":"<p>[et_pb_section fb_built=&#8221;1&#8243; module_class=&#8221;welcome&#8211;page&#8221; _builder_version=&#8221;4.4.1&#8243; background_image=&#8221;https:\/\/fertilityport.com\/wp-content\/uploads\/2020\/03\/lecba_neplodnosti_head.jpg&#8221;][et_pb_row column_structure=&#8221;2_3,1_3&#8243; _builder_version=&#8221;4.4.0&#8243;][et_pb_column type=&#8221;2_3&#8243; _builder_version=&#8221;4.4.0&#8243;][et_pb_text module_class=&#8221;c_blurb&#8221; _builder_version=&#8221;4.9.10&#8243;]<\/p>\n<h1>Kh\u00e1m v\u00e0 \u0111i\u1ec1u tr\u1ecb v\u00f4 sinh<\/h1>\n<p>Nh\u1eefng ki\u1ec3m tra g\u00ec s\u1ebd ch\u1edd \u0111\u1ee3i b\u1ea1n trong khi \u0111\u1ea7u ti\u00ean \u0111\u1ebfn \u0111\u00e2y? T\u00ecm hi\u1ec3u th\u00eam v\u1ec1 c\u00e1c ph\u01b0\u01a1ng ph\u00e1p ri\u00eang[\/et_pb_text][\/et_pb_column][et_pb_column type=&#8221;1_3&#8243; _builder_version=&#8221;4.4.0&#8243;][\/et_pb_column][\/et_pb_row][\/et_pb_section][et_pb_section fb_built=&#8221;1&#8243; _builder_version=&#8221;4.4.0&#8243; background_image=&#8221;https:\/\/fertilityport.com\/wp-content\/uploads\/2020\/03\/socket.jpg&#8221;][et_pb_row _builder_version=&#8221;4.4.0&#8243;][et_pb_column type=&#8221;4_4&#8243; _builder_version=&#8221;4.4.0&#8243;][et_pb_team_member name=&#8221;Ng\u01b0\u1eddi li\u00ean h\u1ec7&#8221; _builder_version=&#8221;4.9.10&#8243; _module_preset=&#8221;default&#8221; header_level=&#8221;h3&#8243; header_font=&#8221;|700|||||||&#8221; body_text_align=&#8221;center&#8221; body_font_size=&#8221;18px&#8221;]<\/p>\n<h3><strong>Huyen Trang<\/strong><\/h3>\n<p>+420 <span>725 343 030<br \/><\/span><strong><a href=\"mailto:trang@fertilityport.com\">trang@fertilityport.com<\/a><\/strong><\/p>\n<p>[\/et_pb_team_member][\/et_pb_column][\/et_pb_row][\/et_pb_section][et_pb_section fb_built=&#8221;1&#8243; _builder_version=&#8221;4.4.0&#8243;][et_pb_row column_structure=&#8221;1_2,1_2&#8243; _builder_version=&#8221;4.4.0&#8243;][et_pb_column type=&#8221;1_2&#8243; _builder_version=&#8221;4.4.0&#8243;][et_pb_text module_class=&#8221;c_blurb&#8221; _builder_version=&#8221;4.9.10&#8243;]<\/p>\n<h2>Ng\u01b0\u1eddi \u0111\u00e0n b\u00e0<\/h2>\n<p><strong>Kh\u00e1m ho\u00e0n th\u00e0nh ph\u1ee5 khoa <\/strong>\u2013\u00a0bao g\u1ed3m si\u00eau \u00e2m, s\u1ebd t\u1eadp trung v\u00e0o bu\u1ed3ng tr\u1ee9ng (nang tr\u1ee9ng) li\u00ean quan \u0111\u1ebfn tu\u1ed5i c\u1ee7a b\u1ec7nh nh\u00e2n, t\u00ecnh tr\u1ea1ng c\u1ee7a t\u1eed cung v\u00e0 c\u00e1c \u0111i\u1ec1u ki\u1ec7n t\u1ed5ng th\u1ec3 \u0111\u1ec3 mang thai th\u00e0nh c\u00f4ng.<\/p>\n<p><strong>Ki\u1ec3m tra trong ph\u00f2ng th\u00ed nghi\u1ec7m<\/strong> gi\u00fap x\u00e1c \u0111\u1ecbnh s\u1ed1 l\u01b0\u1ee3ng tr\u1ee9ng hi\u1ec7n t\u1ea1i c\u1ee7a b\u1ea1n v\u00e0 t\u00ecnh tr\u1ea1ng t\u1ed5ng th\u1ec3 c\u1ee7a c\u01a1 th\u1ec3 \u0111\u1ed1i v\u1edbi thai v\u00e0 em b\u00e9.<\/p>\n<p>[\/et_pb_text][\/et_pb_column][et_pb_column type=&#8221;1_2&#8243; _builder_version=&#8221;4.4.0&#8243;][et_pb_text module_class=&#8221;c_blurb&#8221; _builder_version=&#8221;4.9.10&#8243;]<\/p>\n<h2>Ng\u01b0\u1eddi \u0111\u00e0n \u00f4ng<\/h2>\n<p><strong>X\u00e9t ngi\u1ec7m tinh tr\u00f9ng<\/strong> \u2013 x\u00e1c \u0111\u1ecbnh ch\u1ea5t l\u01b0\u1ee3ng hi\u1ec7n t\u1ea1i c\u1ee7a xu\u1ea5t tinh v\u00e0 do \u0111\u00f3 t\u00ecm hi\u1ec3u xem c\u01a1 h\u1ed9i th\u1ee5 thai th\u00e0nh c\u00f4ng c\u1ee7a b\u1ea1n l\u00e0 t\u1ed1i \u01b0u hay gi\u1ea3m.[\/et_pb_text][\/et_pb_column][\/et_pb_row][\/et_pb_section][et_pb_section fb_built=&#8221;1&#8243; _builder_version=&#8221;4.4.0&#8243; background_color=&#8221;#f7f7f7&#8243;][et_pb_row _builder_version=&#8221;4.4.0&#8243;][et_pb_column type=&#8221;4_4&#8243; _builder_version=&#8221;4.4.0&#8243;][et_pb_text module_class=&#8221;c_blurb&#8221; _builder_version=&#8221;4.9.10&#8243;]<\/p>\n<h2>IUI &#8211; B\u01a1m tinh tr\u00f9ng v\u00e0o bu\u1ed3ng t\u1eed cung<\/h2>\n<p>M\u1ed9t trong nh\u1eefng ph\u01b0\u01a1ng ph\u00e1p l\u00e2u \u0111\u1eddi nh\u1ea5t trong l\u1ecbch s\u1eed bao g\u1ed3m si\u00eau \u00e2m ki\u1ec3m tra nang tr\u1ee9ng (\u0111o c\u1ee1 c\u1ee7a nang tr\u1ee9ng) v\u00e0 sau \u0111\u00f3 l\u1eadp k\u1ebf ho\u1ea1ch &#8211; th\u1ee5 tinh ri\u00eang. Tr\u01b0\u1edbc khi b\u1eaft \u0111\u1ea7u l\u00e0m b\u1ea1n s\u1ebd t\u1ef1 ti\u00eam thu\u1ed1c c\u00f3 nhi\u1ec7m v\u1ee5 canh th\u1eddi gian cho tr\u1ee9ng tr\u01b0\u1edfng th\u00e0nh v\u00e0 r\u1ee5ng kh\u1ecfi nang tr\u1ee9ng (r\u1ee5ng tr\u1ee9ng). Sau \u0111\u00f3, tr\u1ee9ng s\u1ebd di chuy\u1ec3n qua \u1ed1ng d\u1eabn tr\u1ee9ng, n\u01a1i n\u00f3 g\u1eb7p tinh tr\u00f9ng, \u0111\u01b0\u1ee3c ch\u00fang t\u00f4i \u00e1p d\u1ee5ng v\u00e0o t\u1eed cung sau khi chu\u1ea9n b\u1ecb xong trong ph\u00f2ng th\u00ed nghi\u1ec7m. K\u1ebft qu\u1ea3 l\u00e0, tinh tr\u00f9ng c\u00f3 m\u1ed9t con \u0111\u01b0\u1eddng ng\u1eafn h\u01a1n \u0111\u1ebfn tr\u1ee9ng.<\/p>\n<p>\u0110i\u1ec1u ki\u1ec7n \u0111\u1ec3 l\u1eadp k\u1ebf ho\u1ea1ch ph\u01b0\u01a1ng ph\u00e1p n\u00e0y l\u00e0 s\u1ef1 ph\u00e1t tri\u1ec3n c\u1ee7a nang tr\u1ee9ng \u0111\u00e3 \u0111\u01b0\u1ee3c x\u00e1c nh\u1eadn (chu k\u1ef3 r\u1ee5ng tr\u1ee9ng) v\u00e0 bi\u1ec3u \u0111\u1ed3 x\u00e9t ngi\u1ec7m tinh tr\u00f9ng b\u00ecnh th\u01b0\u1eddng.[\/et_pb_text][et_pb_code _builder_version=&#8221;4.9.10&#8243;]<a class=\"btn btn--primary\" href=\"https:\/\/fertilityport.com\/infertility-treatment\/how-it-works\/\">\u0110\u1ecdc th\u00eam<\/a>[\/et_pb_code][\/et_pb_column][\/et_pb_row][et_pb_row _builder_version=&#8221;4.4.0&#8243;][et_pb_column type=&#8221;4_4&#8243; _builder_version=&#8221;4.4.0&#8243;][et_pb_text module_class=&#8221;c_blurb&#8221; _builder_version=&#8221;4.9.10&#8243;]<\/p>\n<h2>IVF\/ICSI th\u1ee5 tinh trong \u1ed1ng nghi\u1ec7m &#8211; tr\u1ee9ng v\u00e0 tinh tr\u00f9ng ri\u00eang c\u1ee7a c\u1eb7p v\u1ee3 ch\u1ed3ng<\/h2>\n<p>M\u1ed9t ph\u01b0\u01a1ng ph\u00e1p m\u00e0 ng\u01b0\u1eddi ph\u1ee5 n\u1eef th\u01b0\u1eddng xuy\u00ean ti\u00eam k\u00edch th\u00edch t\u1ed1 \u0111\u1ec3 \u0111\u1ea3m b\u1ea3o tr\u1ee9ng tr\u01b0\u1edfng th\u00e0nh v\u00e0 s\u1ed1 l\u01b0\u1ee3ng tr\u1ee9ng l\u1edbn h\u01a1n trong m\u1ed9t chu k\u1ef3 kinh nguy\u1ec7t. Ng\u01b0\u1eddi ph\u1ee5 n\u1eef \u0111i kh\u00e1m si\u00eau \u00e2m, ki\u1ec3m tra s\u1ef1 ph\u00e1t tri\u1ec3n c\u1ee7a c\u00e1c nang tr\u1ee9ng v\u00e0 sau l\u1ea7n si\u00eau \u00e2m cu\u1ed1i c\u00f9ng, s\u1ebd l\u00e0m k\u1ebf ho\u1ea1ch l\u1ea5y tr\u1ee9ng, th\u01b0\u1eddng \u0111\u01b0\u1ee3c g\u00e2y m\u00ea to\u00e0n th\u00e2n (\u0111\u1ec3 cho b\u1ea1n tho\u1ea3i m\u00e1i v\u00e0 an to\u00e0n).<\/p>\n<p>To\u00e0n b\u1ed9 b\u1ea1n l\u00e0m trong m\u1ed9t chu k\u1ef3 kinh nguy\u1ec7t &#8211; b\u1ea1n t\u1ef1 ti\u00eam thu\u1ed1c h\u00e0ng ng\u00e0y trong kho\u1ea3ng 8-12 ng\u00e0y, vi\u1ec7c chuy\u1ec3n ph\u00f4i \u0111\u01b0\u1ee3c l\u00ean k\u1ebf ho\u1ea1ch 3-5 ng\u00e0y sau khi l\u1ea5y tr\u1ee9ng.<\/p>\n<p>Th\u1ee5 tinh c\u1ee7a tr\u1ee9ng \u0111\u01b0\u1ee3c th\u1ef1c hi\u1ec7n b\u1eb1ng IVF ho\u1eb7c ICSI. V\u1edbi ph\u01b0\u01a1ng ph\u00e1p IVF th\u00ec tr\u1ee9ng v\u00e0 tinh tr\u00f9ng \u0111\u01b0\u1ee3c \u0111\u1ec3 chung trong m\u1ed9t chi\u1ebfc b\u00e1t v\u00e0 s\u1ebd \u0111\u01b0\u1ee3c ch\u1edd \u0111\u1ee3i v\u00e0o ng\u00e0y h\u00f4m sau. S\u1eed d\u1ee5ng ph\u01b0\u01a1ng ph\u00e1p ICSI, m\u1ed9t tr\u1ee9ng tr\u01b0\u1edfng th\u00e0nh \u0111\u00e3 \u0111\u01b0\u1ee3c l\u00e0m s\u1ea1ch v\u00e0 ki\u1ec3m tra. Th\u1ee5 tinh \u0111\u01b0\u1ee3c l\u00e0m d\u01b0\u1edbi k\u00ednh hi\u1ec3n vi v\u1edbi m\u1ed9t tinh tr\u00f9ng ch\u1ea5t l\u01b0\u1ee3ng cao \u0111\u01b0\u1ee3c ch\u1ecdn l\u1ecdc v\u00e0 \u0111\u01b0a tr\u1ef1c ti\u1ebfp v\u00e0o tr\u1ee9ng. Ph\u01b0\u01a1ng ph\u00e1p n\u00e0y th\u00e0nh c\u00f4ng h\u01a1n IVF.[\/et_pb_text][et_pb_code _builder_version=&#8221;4.9.10&#8243;]<a class=\"btn btn--primary\" href=\"https:\/\/fertilityport.com\/infertility-treatment\/how-it-works\/#tab2\">\u0110\u1ecdc th\u00eam<\/a>[\/et_pb_code][\/et_pb_column][\/et_pb_row][et_pb_row _builder_version=&#8221;4.4.0&#8243;][et_pb_column type=&#8221;4_4&#8243; _builder_version=&#8221;4.4.0&#8243;][et_pb_text module_class=&#8221;c_blurb&#8221; _builder_version=&#8221;4.9.10&#8243;]<\/p>\n<h2>IVF\/ICSI tr\u1ee9ng hi\u1ebfn t\u1eb7ng v\u00e0 tinh tr\u00f9ng c\u1ee7a ch\u00ednh c\u1eb7p v\u1ee3 ch\u1ed3ng<\/h2>\n<p>N\u1ebfu m\u1ed9t ph\u1ee5 n\u1eef c\u00f3 \u00edt s\u1ed1 l\u01b0\u1ee3ng tr\u1ee9ng ho\u1eb7c ch\u1ea5t l\u01b0\u1ee3ng tr\u1ee9ng r\u1ea5t gi\u1ea3m, th\u00ec c\u1ea7n ph\u1ea3i l\u1ea5y tr\u1ee9ng t\u1eeb ng\u01b0\u1eddi ph\u1ee5 n\u1eef tr\u1ebb kh\u1ecfe m\u1ea1nh v\u00e0 c\u00f3 kh\u1ea3 n\u0103ng sinh s\u1ea3n t\u1ed1i \u01b0u. To\u00e0n b\u1ed9 ph\u01b0\u01a1ng ph\u00e1p bao g\u1ed3m ch\u1ec9nh chu k\u1ef3 kinh nguy\u1ec7t c\u1ee7a b\u1ea1n v\u1edbi chu k\u1ef3 c\u1ee7a ng\u01b0\u1eddi hi\u1ebfn t\u1eb7ng. Ng\u01b0\u1eddi hi\u1ebfn t\u1eb7ng k\u00edch th\u00edch, sau m\u1ed9t th\u1eddi gian ch\u00fang t\u00f4i l\u1ea5y tr\u1ee9ng c\u1ee7a c\u00f4 \u1ea5y. B\u1ea1n s\u1ebd chu\u1ea9n b\u1ecb \u0111\u1ec3 chuy\u1ec3n ph\u00f4i v\u00e0o ng\u01b0\u1eddi c\u1ee7a m\u00ecnh, \u0111\u01b0\u1ee3c t\u1ea1o ra t\u1eeb tr\u1ee9ng c\u1ee7a ng\u01b0\u1eddi hi\u1ebfn t\u1eb7ng v\u00e0 tinh tr\u00f9ng c\u1ee7a ch\u1ed3ng b\u1ea1n.<\/p>\n<p>Qu\u00e1 tr\u00ecnh th\u1ee5 tinh c\u1ee7a tr\u1ee9ng \u0111\u01b0\u1ee3c th\u1ef1c hi\u1ec7n b\u1eb1ng ph\u01b0\u01a1ng ph\u00e1p ICSI. \u0110\u01b0\u1ee3c s\u1eed d\u1ee5ng tr\u1ee9ng c\u1ee7a ng\u01b0\u1eddi hi\u1ebfn t\u1eb7ng.[\/et_pb_text][et_pb_code _builder_version=&#8221;4.9.10&#8243;]<a class=\"btn btn--primary\" href=\"https:\/\/fertilityport.com\/infertility-treatment\/how-it-works\/#tab3\">\u0110\u1ecdc th\u00eam<\/a>[\/et_pb_code][\/et_pb_column][\/et_pb_row][et_pb_row _builder_version=&#8221;4.4.0&#8243;][et_pb_column type=&#8221;4_4&#8243; _builder_version=&#8221;4.4.0&#8243;][et_pb_text module_class=&#8221;c_blurb&#8221; _builder_version=&#8221;4.9.10&#8243;]<\/p>\n<h2>IVF\/ICSI hi\u1ebfn tr\u1ee9ng v\u00e0 hi\u1ebfn t\u1eb7ng tinh tr\u00f9ng<\/h2>\n<p>N\u1ebfu m\u00e0 c\u1eb7p v\u1ee3 ch\u1ed3ng kh\u00f4ng c\u00f3 \u0111\u1ee7 ch\u1ea5t l\u01b0\u1ee3ng t\u1ebf b\u00e0o m\u1ea7m t\u1ed1i \u01b0u th\u00ec c\u1ea7n l\u1ea5y tr\u1ee9ng v\u00e0 tinh tr\u00f9ng t\u1eeb ng\u01b0\u1eddi hi\u1ebfn t\u1eb7ng. Ng\u01b0\u1eddi hi\u1ebfn t\u1eb7ng s\u1ebd \u0111\u01b0\u1ee3c k\u00edch th\u00edch, sau m\u1ed9t th\u1eddi gian ch\u00fang t\u00f4i l\u1ea5y tr\u1ee9ng c\u1ee7a c\u00f4 \u1ea5y. B\u1ea1n s\u1ebd chu\u1ea9n b\u1ecb \u0111\u1ec3 chuy\u1ec3n ph\u00f4i, ngu\u1ed3n g\u1ed1c t\u1eeb tr\u1ee9ng v\u00e0 tinh tr\u00f9ng c\u1ee7a ng\u01b0\u1eddi hi\u1ebfn t\u1eb7ng, c\u1ee7a m\u1ed9t ng\u01b0\u1eddi thanh ni\u00ean kh\u1ecfe m\u1ea1nh v\u1edbi ch\u1ea5t l\u01b0\u1ee3ng tinh tr\u00f9ng tuy\u1ec7t v\u1eddi. Tr\u1ee9ng lu\u00f4n t\u01b0\u01a1i v\u00e0 ph\u1ea7n l\u1edbn l\u00e0 ch\u00fang t\u00f4i d\u00f9ng tinh tr\u00f9ng \u0111\u00f4ng l\u1ea1nh.<\/p>\n<p>Qu\u00e1 tr\u00ecnh th\u1ee5 tinh c\u1ee7a tr\u1ee9ng \u0111\u01b0\u1ee3c th\u1ef1c hi\u1ec7n b\u1eb1ng ph\u01b0\u01a1ng ph\u00e1p ICSI. \u0110\u01b0\u1ee3c s\u1eed d\u1ee5ng tinh tr\u00f9ng v\u00e0 tr\u1ee9ng t\u1eeb ng\u01b0\u1eddi hi\u1ebfn t\u1eb7ng.[\/et_pb_text][et_pb_code _builder_version=&#8221;4.9.10&#8243;]<a class=\"btn btn--primary\" href=\"https:\/\/fertilityport.com\/infertility-treatment\/how-it-works\/#tab4\">\u0110\u1ecdc th\u00eam<\/a>[\/et_pb_code][\/et_pb_column][\/et_pb_row][et_pb_row _builder_version=&#8221;4.4.0&#8243;][et_pb_column type=&#8221;4_4&#8243; _builder_version=&#8221;4.4.0&#8243;][et_pb_text module_class=&#8221;c_blurb&#8221; _builder_version=&#8221;4.9.10&#8243;]<\/p>\n<h2>Ph\u00f4i \u0111\u00f4ng l\u1ea1nh t\u1eb7ng<\/h2>\n<p>N\u1ebfu m\u00e0 c\u1eb7p v\u1ee3 ch\u1ed3ng \u0111\u1ec1u kh\u00f4ng c\u00f3 \u0111\u1ee7 ch\u1ea5t l\u01b0\u1ee3ng t\u1ebf b\u00e0o m\u1ea7m t\u1ed1i \u01b0u, b\u1ea1n c\u00f3 th\u1ec3 l\u1eadp k\u1ebf ho\u1ea1ch \u0111\u01b0a ph\u00f4i v\u00e0o sau khi chu\u1ea9n b\u1ecb t\u1eed cung c\u1ee7a b\u1ea1n. Ph\u00f4i \u0111\u01b0\u1ee3c \u0111\u00f4ng l\u1ea1nh v\u00e0 vi\u1ec7c chuy\u1ec3n s\u1ebd l\u00e0m sau khi ph\u00f4i tan \u0111\u00f4ng l\u1ea1nh. \u01afu \u0111i\u1ec3m c\u1ee7a ph\u01b0\u01a1ng ph\u00e1p n\u00e0y l\u00e0 chu\u1ea9n b\u1ecb to\u00e0n b\u1ed9 qu\u00e1 tr\u00ecnh d\u1ec5 d\u00e0ng h\u01a1n v\u00e0 kh\u00f4ng m\u1ea5t th\u1eddi gian ch\u1edd \u0111\u1ee3i.[\/et_pb_text][\/et_pb_column][\/et_pb_row][\/et_pb_section]<\/p>\n","protected":false},"excerpt":{"rendered":"<p>Kh\u00e1m v\u00e0 \u0111i\u1ec1u tr\u1ecb v\u00f4 sinh Nh\u1eefng ki\u1ec3m tra g\u00ec s\u1ebd ch\u1edd \u0111\u1ee3i b\u1ea1n trong khi \u0111\u1ea7u ti\u00ean \u0111\u1ebfn \u0111\u00e2y? T\u00ecm hi\u1ec3u th\u00eam v\u1ec1 c\u00e1c ph\u01b0\u01a1ng ph\u00e1p ri\u00eangHuyen Trang +420 725 343 030trang@fertilityport.comNg\u01b0\u1eddi \u0111\u00e0n b\u00e0 Kh\u00e1m ho\u00e0n th\u00e0nh ph\u1ee5 khoa \u2013\u00a0bao g\u1ed3m si\u00eau \u00e2m, s\u1ebd t\u1eadp trung v\u00e0o bu\u1ed3ng tr\u1ee9ng (nang tr\u1ee9ng) li\u00ean quan \u0111\u1ebfn [&hellip;]<\/p>\n","protected":false},"author":9,"featured_media":0,"parent":0,"menu_order":0,"comment_status":"closed","ping_status":"closed","template":"","meta":{"_acf_changed":false,"_et_pb_use_builder":"on","_et_pb_old_content":"","_et_gb_content_width":"","footnotes":""},"class_list":["post-4704","page","type-page","status-publish","hentry"],"acf":[],"yoast_head":"<!-- This site is optimized with the Yoast SEO plugin v27.4 - https:\/\/yoast.com\/product\/yoast-seo-wordpress\/ -->\n<title>Kh\u00e1m v\u00e0 \u0111i\u1ec1u tr\u1ecb v\u00f4 sinh - FertilityPort Prague<\/title>\n<meta name=\"description\" content=\"Nh\u1eefng ki\u1ec3m tra g\u00ec s\u1ebd ch\u1edd \u0111\u1ee3i b\u1ea1n trong khi \u0111\u1ea7u ti\u00ean \u0111\u1ebfn \u0111\u00e2y? T\u00ecm hi\u1ec3u th\u00eam v\u1ec1 c\u00e1c ph\u01b0\u01a1ng ph\u00e1p ri\u00eang.\" \/>\n<meta name=\"robots\" content=\"index, follow, max-snippet:-1, max-image-preview:large, max-video-preview:-1\" \/>\n<link rel=\"canonical\" href=\"https:\/\/fertilityport.com\/vi\/kham-va-dieu-tri-vo-sinh\/\" \/>\n<meta property=\"og:locale\" content=\"vi_VN\" \/>\n<meta property=\"og:type\" content=\"article\" \/>\n<meta property=\"og:title\" content=\"Kh\u00e1m v\u00e0 \u0111i\u1ec1u tr\u1ecb v\u00f4 sinh - FertilityPort Prague\" \/>\n<meta property=\"og:description\" content=\"Nh\u1eefng ki\u1ec3m tra g\u00ec s\u1ebd ch\u1edd \u0111\u1ee3i b\u1ea1n trong khi \u0111\u1ea7u ti\u00ean \u0111\u1ebfn \u0111\u00e2y? T\u00ecm hi\u1ec3u th\u00eam v\u1ec1 c\u00e1c ph\u01b0\u01a1ng ph\u00e1p ri\u00eang.\" \/>\n<meta property=\"og:url\" content=\"https:\/\/fertilityport.com\/vi\/kham-va-dieu-tri-vo-sinh\/\" \/>\n<meta property=\"og:site_name\" content=\"FertilityPort Prague\" \/>\n<meta property=\"article:modified_time\" content=\"2021-12-07T16:25:43+00:00\" \/>\n<meta name=\"twitter:card\" content=\"summary_large_image\" \/>\n<meta name=\"twitter:label1\" content=\"Est. reading time\" \/>\n\t<meta name=\"twitter:data1\" content=\"4 minutes\" \/>\n<script type=\"application\/ld+json\" class=\"yoast-schema-graph\">{\"@context\":\"https:\\\/\\\/schema.org\",\"@graph\":[{\"@type\":\"WebPage\",\"@id\":\"https:\\\/\\\/fertilityport.com\\\/vi\\\/kham-va-dieu-tri-vo-sinh\\\/\",\"url\":\"https:\\\/\\\/fertilityport.com\\\/vi\\\/kham-va-dieu-tri-vo-sinh\\\/\",\"name\":\"Kh\u00e1m v\u00e0 \u0111i\u1ec1u tr\u1ecb v\u00f4 sinh - FertilityPort Prague\",\"isPartOf\":{\"@id\":\"https:\\\/\\\/fertilityport.com\\\/#website\"},\"datePublished\":\"2021-09-06T13:39:21+00:00\",\"dateModified\":\"2021-12-07T16:25:43+00:00\",\"description\":\"Nh\u1eefng ki\u1ec3m tra g\u00ec s\u1ebd ch\u1edd \u0111\u1ee3i b\u1ea1n trong khi \u0111\u1ea7u ti\u00ean \u0111\u1ebfn \u0111\u00e2y? T\u00ecm hi\u1ec3u th\u00eam v\u1ec1 c\u00e1c ph\u01b0\u01a1ng ph\u00e1p ri\u00eang.\",\"breadcrumb\":{\"@id\":\"https:\\\/\\\/fertilityport.com\\\/vi\\\/kham-va-dieu-tri-vo-sinh\\\/#breadcrumb\"},\"inLanguage\":\"vi-VN\",\"potentialAction\":[{\"@type\":\"ReadAction\",\"target\":[\"https:\\\/\\\/fertilityport.com\\\/vi\\\/kham-va-dieu-tri-vo-sinh\\\/\"]}]},{\"@type\":\"BreadcrumbList\",\"@id\":\"https:\\\/\\\/fertilityport.com\\\/vi\\\/kham-va-dieu-tri-vo-sinh\\\/#breadcrumb\",\"itemListElement\":[{\"@type\":\"ListItem\",\"position\":1,\"name\":\"Home\",\"item\":\"https:\\\/\\\/fertilityport.com\\\/vi\\\/\"},{\"@type\":\"ListItem\",\"position\":2,\"name\":\"Kh\u00e1m v\u00e0 \u0111i\u1ec1u tr\u1ecb v\u00f4 sinh\"}]},{\"@type\":\"WebSite\",\"@id\":\"https:\\\/\\\/fertilityport.com\\\/#website\",\"url\":\"https:\\\/\\\/fertilityport.com\\\/\",\"name\":\"FertilityPort Prague\",\"description\":\"\",\"potentialAction\":[{\"@type\":\"SearchAction\",\"target\":{\"@type\":\"EntryPoint\",\"urlTemplate\":\"https:\\\/\\\/fertilityport.com\\\/?s={search_term_string}\"},\"query-input\":{\"@type\":\"PropertyValueSpecification\",\"valueRequired\":true,\"valueName\":\"search_term_string\"}}],\"inLanguage\":\"vi-VN\"}]}<\/script>\n<!-- \/ Yoast SEO plugin. -->","yoast_head_json":{"title":"Kh\u00e1m v\u00e0 \u0111i\u1ec1u tr\u1ecb v\u00f4 sinh - FertilityPort Prague","description":"Nh\u1eefng ki\u1ec3m tra g\u00ec s\u1ebd ch\u1edd \u0111\u1ee3i b\u1ea1n trong khi \u0111\u1ea7u ti\u00ean \u0111\u1ebfn \u0111\u00e2y? T\u00ecm hi\u1ec3u th\u00eam v\u1ec1 c\u00e1c ph\u01b0\u01a1ng ph\u00e1p ri\u00eang.","robots":{"index":"index","follow":"follow","max-snippet":"max-snippet:-1","max-image-preview":"max-image-preview:large","max-video-preview":"max-video-preview:-1"},"canonical":"https:\/\/fertilityport.com\/vi\/kham-va-dieu-tri-vo-sinh\/","og_locale":"vi_VN","og_type":"article","og_title":"Kh\u00e1m v\u00e0 \u0111i\u1ec1u tr\u1ecb v\u00f4 sinh - FertilityPort Prague","og_description":"Nh\u1eefng ki\u1ec3m tra g\u00ec s\u1ebd ch\u1edd \u0111\u1ee3i b\u1ea1n trong khi \u0111\u1ea7u ti\u00ean \u0111\u1ebfn \u0111\u00e2y? T\u00ecm hi\u1ec3u th\u00eam v\u1ec1 c\u00e1c ph\u01b0\u01a1ng ph\u00e1p ri\u00eang.","og_url":"https:\/\/fertilityport.com\/vi\/kham-va-dieu-tri-vo-sinh\/","og_site_name":"FertilityPort Prague","article_modified_time":"2021-12-07T16:25:43+00:00","twitter_card":"summary_large_image","twitter_misc":{"Est. reading time":"4 minutes"},"schema":{"@context":"https:\/\/schema.org","@graph":[{"@type":"WebPage","@id":"https:\/\/fertilityport.com\/vi\/kham-va-dieu-tri-vo-sinh\/","url":"https:\/\/fertilityport.com\/vi\/kham-va-dieu-tri-vo-sinh\/","name":"Kh\u00e1m v\u00e0 \u0111i\u1ec1u tr\u1ecb v\u00f4 sinh - FertilityPort Prague","isPartOf":{"@id":"https:\/\/fertilityport.com\/#website"},"datePublished":"2021-09-06T13:39:21+00:00","dateModified":"2021-12-07T16:25:43+00:00","description":"Nh\u1eefng ki\u1ec3m tra g\u00ec s\u1ebd ch\u1edd \u0111\u1ee3i b\u1ea1n trong khi \u0111\u1ea7u ti\u00ean \u0111\u1ebfn \u0111\u00e2y? T\u00ecm hi\u1ec3u th\u00eam v\u1ec1 c\u00e1c ph\u01b0\u01a1ng ph\u00e1p ri\u00eang.","breadcrumb":{"@id":"https:\/\/fertilityport.com\/vi\/kham-va-dieu-tri-vo-sinh\/#breadcrumb"},"inLanguage":"vi-VN","potentialAction":[{"@type":"ReadAction","target":["https:\/\/fertilityport.com\/vi\/kham-va-dieu-tri-vo-sinh\/"]}]},{"@type":"BreadcrumbList","@id":"https:\/\/fertilityport.com\/vi\/kham-va-dieu-tri-vo-sinh\/#breadcrumb","itemListElement":[{"@type":"ListItem","position":1,"name":"Home","item":"https:\/\/fertilityport.com\/vi\/"},{"@type":"ListItem","position":2,"name":"Kh\u00e1m v\u00e0 \u0111i\u1ec1u tr\u1ecb v\u00f4 sinh"}]},{"@type":"WebSite","@id":"https:\/\/fertilityport.com\/#website","url":"https:\/\/fertilityport.com\/","name":"FertilityPort Prague","description":"","potentialAction":[{"@type":"SearchAction","target":{"@type":"EntryPoint","urlTemplate":"https:\/\/fertilityport.com\/?s={search_term_string}"},"query-input":{"@type":"PropertyValueSpecification","valueRequired":true,"valueName":"search_term_string"}}],"inLanguage":"vi-VN"}]}},"_links":{"self":[{"href":"https:\/\/fertilityport.com\/vi\/wp-json\/wp\/v2\/pages\/4704","targetHints":{"allow":["GET"]}}],"collection":[{"href":"https:\/\/fertilityport.com\/vi\/wp-json\/wp\/v2\/pages"}],"about":[{"href":"https:\/\/fertilityport.com\/vi\/wp-json\/wp\/v2\/types\/page"}],"author":[{"embeddable":true,"href":"https:\/\/fertilityport.com\/vi\/wp-json\/wp\/v2\/users\/9"}],"replies":[{"embeddable":true,"href":"https:\/\/fertilityport.com\/vi\/wp-json\/wp\/v2\/comments?post=4704"}],"version-history":[{"count":6,"href":"https:\/\/fertilityport.com\/vi\/wp-json\/wp\/v2\/pages\/4704\/revisions"}],"predecessor-version":[{"id":5020,"href":"https:\/\/fertilityport.com\/vi\/wp-json\/wp\/v2\/pages\/4704\/revisions\/5020"}],"wp:attachment":[{"href":"https:\/\/fertilityport.com\/vi\/wp-json\/wp\/v2\/media?parent=4704"}],"curies":[{"name":"wp","href":"https:\/\/api.w.org\/{rel}","templated":true}]}}